{"id":8611,"date":"2026-01-29T14:51:32","date_gmt":"2026-01-29T14:51:32","guid":{"rendered":"https:\/\/turkishtrade.co\/product\/men-2600qlomn00048\/"},"modified":"2026-04-09T20:20:10","modified_gmt":"2026-04-09T20:20:10","slug":"mens-navy-suede-loafers-2","status":"publish","type":"product","link":"https:\/\/turkishtrade.co\/tr\/shop\/mens-navy-suede-loafers-2\/","title":{"rendered":"Erkek Lacivert S\u00fcet Loafer Exclusive | Erkek Lacivert S\u00fcet Deri G\u00fcnl\u00fck Giyim"},"content":{"rendered":"<p><strong>Erkek Lacivert S\u00fcet Loafer<\/strong>. \u00d6zel kalite ve tasar\u0131m.<\/p>\n<p>Enfes \u00fcr\u00fcnlerimizle benzersiz konfora ve zamans\u0131z stile ad\u0131m at\u0131n <strong>Erkek Lacivert S\u00fcet Loafer<\/strong>. Hem \u015f\u0131kl\u0131\u011fa hem de rahatl\u0131\u011fa de\u011fer veren modern erkekler i\u00e7in tasarlanan bu mokasen ayakkab\u0131lar, \u00fcst\u00fcn i\u015f\u00e7ili\u011fin ve birinci s\u0131n\u0131f malzemelerin bir kan\u0131t\u0131d\u0131r. \u0130ster rahat bir hafta sonu gezintisi ister \u015f\u0131k ve rahat bir ofis ortam\u0131 i\u00e7in giyiniyor olun, bu \u00e7ok y\u00f6nl\u00fc ayakkab\u0131lar g\u00f6r\u00fcn\u00fcm\u00fcn\u00fcz\u00fc zahmetsizce y\u00fckseltecek.<\/p>\n<h3>Rakipsiz Kalite ve Malzemeler<\/h3>\n<p>Lacivert s\u00fcet mokasenlerimizin her bir \u00e7ifti, zengin bir doku ve l\u00fcks bir his sunan hakiki dana s\u00fcet deriden titizlikle \u00fcretilmi\u015ftir. Derin lacivert tonu, geleneksel siyah veya kahverengiye sofistike bir alternatif sunarak bu ayakkab\u0131lar\u0131 her gard\u0131rop i\u00e7in \u00e7ok y\u00f6nl\u00fc bir eklenti haline getirir. Zarif d\u0131\u015f y\u00fczeyinin \u00f6tesinde, i\u00e7 k\u0131s\u0131mda yumu\u015fak ve esnek ke\u00e7i derisi astar bulunur. Bu birinci s\u0131n\u0131f astar, ola\u011fan\u00fcst\u00fc nefes alabilirlik ve konfor sa\u011flar, ki\u015fiselle\u015ftirilmi\u015f bir uyum i\u00e7in aya\u011f\u0131n\u0131za uyum sa\u011flar ve t\u00fcm g\u00fcn kullan\u0131m i\u00e7in s\u00fcrt\u00fcnmeyi azalt\u0131r. Dana s\u00fcet ve ke\u00e7i derisinin birle\u015fimi bu ayakkab\u0131y\u0131 <strong>Erkek Lacivert S\u00fcet Loafer<\/strong> ger\u00e7ekten birinci s\u0131n\u0131f bir se\u00e7im.<\/p>\n<h3>Konfor ve Dayan\u0131kl\u0131l\u0131k i\u00e7in Tasarland\u0131<\/h3>\n<p>Tasar\u0131m felsefemizde konfor her \u015feyden \u00f6nemlidir. Bunlar <strong>Erkek Lacivert S\u00fcet Loafer<\/strong> hafif ancak son derece dayan\u0131kl\u0131 EVA tabana sahiptir. EVA (Etilen-vinil asetat) \u015fok emici \u00f6zellikleriyle \u00fcnl\u00fcd\u00fcr ve her ad\u0131mda m\u00fckemmel yast\u0131klama sa\u011flar. Bu yenilik\u00e7i taban sadece konfora katk\u0131da bulunmakla kalmaz, ayn\u0131 zamanda uzun \u00f6m\u00fcrl\u00fcl\u00fck sa\u011flayarak mokasenlerinizin keyfini gelecek sezonlar boyunca \u00e7\u0131karman\u0131za olanak tan\u0131r. Sa\u011flam yap\u0131s\u0131, \u00f6zenli tasar\u0131m\u0131yla birle\u015ferek bu loafer'lar\u0131 uzun s\u00fcreli kullan\u0131m i\u00e7in ideal hale getirir ve ayaklar\u0131n\u0131z\u0131n g\u00fcn boyunca rahat ve destekli kalmas\u0131n\u0131 sa\u011flar.<\/p>\n<h3>Her Durum i\u00e7in \u00c7ok Y\u00f6nl\u00fc Stil<\/h3>\n<p>S\u0131rt k\u0131sm\u0131nda ince bir \u00f6rg\u00fc detay\u0131 ile zenginle\u015ftirilen rahat loafer silueti, klasik cazibe ve \u00e7a\u011fda\u015f yetene\u011fin bir kar\u0131\u015f\u0131m\u0131n\u0131 sunar. Bunlar <strong>Erkek Lacivert S\u00fcet Loafer<\/strong> inan\u0131lmaz derecede \u00e7ok y\u00f6nl\u00fcd\u00fcr, chino ve kot pantolonlardan \u00f6zel pantolonlara ve hatta baz\u0131 g\u00fcndelik tak\u0131mlara kadar her \u015feyle sorunsuz bir \u015fekilde e\u015fle\u015fir. G\u00fcnd\u00fczden geceye ge\u00e7i\u015f i\u00e7in m\u00fckemmel bir se\u00e7imdir ve her zaman \u015f\u0131k ve bir arada g\u00f6r\u00fcnmenizi sa\u011flar. AB 40 ila 44 aras\u0131nda kapsaml\u0131 bir beden aral\u0131\u011f\u0131nda mevcut olup, her beyefendi i\u00e7in m\u00fckemmel bir uyum sa\u011fl\u0131yoruz.<\/p>\n<h3>Toptan Sat\u0131\u015f F\u0131rsat\u0131<\/h3>\n<p>M\u00fc\u015fterilerine y\u00fcksek kaliteli ve \u015f\u0131k ayakkab\u0131lar sunmak isteyen perakendeciler ve i\u015fletmeler i\u00e7in bu Erkek Lacivert S\u00fcet Loafer'lar toptan sat\u0131n al\u0131nabilir. Yaln\u0131zca 8 \u00e7iftlik minimum sipari\u015f miktar\u0131yla, bu en \u00e7ok satan mokasen ayakkab\u0131lar\u0131 kolayca stoklayabilir ve m\u00fc\u015fterilerinizin birinci s\u0131n\u0131f g\u00fcnl\u00fck ayakkab\u0131 talebini kar\u015f\u0131layabilirsiniz. Ola\u011fan\u00fcst\u00fc i\u015f\u00e7ili\u011fimize yat\u0131r\u0131m yap\u0131n ve m\u00fc\u015fterilerinize hem stil hem de kal\u0131c\u0131 konfor vaat eden ayakkab\u0131lar sa\u011flay\u0131n.<\/p>","protected":false},"excerpt":{"rendered":"<ul>\n<li>Sofistike bir g\u00f6r\u00fcn\u00fcm i\u00e7in l\u00fcks dana s\u00fcet deri saya ile ustal\u0131kla \u00fcretilmi\u015ftir.<\/li>\n<li>G\u00fcn boyu konfor sa\u011flayan yumu\u015fak ve nefes alabilen ke\u00e7i derisi astara sahiptir.<\/li>\n<li>Hafif ve dayan\u0131kl\u0131 EVA taban m\u00fckemmel yast\u0131klama ve destek sa\u011flar.<\/li>\n<li>\u00c7ok y\u00f6nl\u00fc gard\u0131rop e\u015fle\u015ftirmeleri i\u00e7in m\u00fckemmel olan \u015f\u0131k, rahat mokasen tasar\u0131m.<\/li>\n<li>Kapsaml\u0131 bir beden aral\u0131\u011f\u0131nda mevcuttur: AB 40, 41, 42, 43, 44.<\/li>\n<li>Minimum 8 \u00e7ift sipari\u015f ile toptan sat\u0131\u015f mevcuttur.<\/li>\n<\/ul>","protected":false},"featured_media":6753,"template":"","meta":{"_acf_changed":false,"_uag_custom_page_level_css":"","site-sidebar-layout":"default","site-content-layout":"","ast-site-content-layout":"default","site-content-style":"default","site-sidebar-style":"default","ast-global-header-display":"","ast-banner-title-visibility":"","ast-main-header-display":"","ast-hfb-above-header-display":"","ast-hfb-below-header-display":"","ast-hfb-mobile-header-display":"","site-post-title":"","ast-breadcrumbs-content":"","ast-featured-img":"","footer-sml-layout":"","ast-disable-related-posts":"","theme-transparent-header-meta":"default","adv-header-id-meta":"","stick-header-meta":"","header-above-stick-meta":"","header-main-stick-meta":"","header-below-stick-meta":"","astra-migrate-meta-layouts":"set","ast-page-background-enabled":"default","ast-page-background-meta":{"desktop":{"background-color":"var(--ast-global-color-4)","background-image":"","background-repeat":"repeat","background-position":"center center","background-size":"auto","background-attachment":"scroll","background-type":"","background-media":"","overlay-type":"","overlay-color":"","overlay-opacity":"","overlay-gradient":""},"tablet":{"background-color":"","background-image":"","background-repeat":"repeat","background-position":"center center","background-size":"auto","background-attachment":"scroll","background-type":"","background-media":"","overlay-type":"","overlay-color":"","overlay-opacity":"","overlay-gradient":""},"mobile":{"background-color":"","background-image":"","background-repeat":"repeat","background-position":"center center","background-size":"auto","background-attachment":"scroll","background-type":"","background-media":"","overlay-type":"","overlay-color":"","overlay-opacity":"","overlay-gradient":""}},"ast-content-background-meta":{"desktop":{"background-color":"var(--ast-global-color-5)","background-image":"","background-repeat":"repeat","background-position":"center center","background-size":"auto","background-attachment":"scroll","background-type":"","background-media":"","overlay-type":"","overlay-color":"","overlay-opacity":"","overlay-gradient":""},"tablet":{"background-color":"var(--ast-global-color-5)","background-image":"","background-repeat":"repeat","background-position":"center center","background-size":"auto","background-attachment":"scroll","background-type":"","background-media":"","overlay-type":"","overlay-color":"","overlay-opacity":"","overlay-gradient":""},"mobile":{"background-color":"var(--ast-global-color-5)","background-image":"","background-repeat":"repeat","background-position":"center center","background-size":"auto","background-attachment":"scroll","background-type":"","background-media":"","overlay-type":"","overlay-color":"","overlay-opacity":"","overlay-gradient":""}}},"product_brand":[],"product_cat":[48,49,430,1200],"product_tag":[1439,202,241,220,438,189,186,479,184,149],"class_list":{"0":"post-8611","1":"product","2":"type-product","3":"status-publish","4":"has-post-thumbnail","6":"product_cat-casual","7":"product_cat-loafer","8":"product_cat-men","9":"product_cat-mens-shoes-2","10":"product_tag-braided-detail","11":"product_tag-calf-leather","12":"product_tag-casual-footwear","13":"product_tag-comfortable-loafers","14":"product_tag-eva-sole","15":"product_tag-goat-leather-lining","16":"product_tag-mens-loafers","17":"product_tag-navy-shoes","18":"product_tag-slip-on-shoes","19":"product_tag-suede-loafers","20":"desktop-align-center","21":"tablet-align-center","22":"mobile-align-center","24":"first","25":"instock","26":"shipping-taxable","27":"purchasable","28":"product-type-variable","29":"has-default-attributes"},"acf":[],"uagb_featured_image_src":{"full":["https:\/\/turkishtrade.co\/wp-content\/uploads\/2026\/01\/2600QLOMN00048-DARK-BLUE.png",453,250,false],"thumbnail":["https:\/\/turkishtrade.co\/wp-content\/uploads\/2026\/01\/2600QLOMN00048-DARK-BLUE-150x150.png",150,150,true],"medium":["https:\/\/turkishtrade.co\/wp-content\/uploads\/2026\/01\/2600QLOMN00048-DARK-BLUE-300x166.png",300,166,true],"medium_large":["https:\/\/turkishtrade.co\/wp-content\/uploads\/2026\/01\/2600QLOMN00048-DARK-BLUE.png",453,250,false],"large":["https:\/\/turkishtrade.co\/wp-content\/uploads\/2026\/01\/2600QLOMN00048-DARK-BLUE.png",453,250,false],"1536x1536":["https:\/\/turkishtrade.co\/wp-content\/uploads\/2026\/01\/2600QLOMN00048-DARK-BLUE.png",453,250,false],"2048x2048":["https:\/\/turkishtrade.co\/wp-content\/uploads\/2026\/01\/2600QLOMN00048-DARK-BLUE.png",453,250,false],"trp-custom-language-flag":["https:\/\/turkishtrade.co\/wp-content\/uploads\/2026\/01\/2600QLOMN00048-DARK-BLUE-18x10.png",18,10,true],"woocommerce_thumbnail":["https:\/\/turkishtrade.co\/wp-content\/uploads\/2026\/01\/2600QLOMN00048-DARK-BLUE-400x250.png",400,250,true],"woocommerce_single":["https:\/\/turkishtrade.co\/wp-content\/uploads\/2026\/01\/2600QLOMN00048-DARK-BLUE.png",453,250,false],"woocommerce_gallery_thumbnail":["https:\/\/turkishtrade.co\/wp-content\/uploads\/2026\/01\/2600QLOMN00048-DARK-BLUE-100x100.png",100,100,true]},"uagb_author_info":{"display_name":"python python","author_link":"https:\/\/turkishtrade.co\/tr\/author\/"},"uagb_comment_info":0,"uagb_excerpt":"Expertly crafted with luxurious calf suede leather upper for a sophisticated look. Features a soft and breathable goat leather lining, ensuring all-day comfort. Lightweight and durable EVA sole provides excellent cushioning and support. Stylish casual loafer design perfect for versatile wardrobe pairings. Available in a comprehensive size range: EU 40, 41, 42, 43, 44. Wholesale&hellip;","_links":{"self":[{"href":"https:\/\/turkishtrade.co\/tr\/wp-json\/wp\/v2\/product\/8611","targetHints":{"allow":["GET"]}}],"collection":[{"href":"https:\/\/turkishtrade.co\/tr\/wp-json\/wp\/v2\/product"}],"about":[{"href":"https:\/\/turkishtrade.co\/tr\/wp-json\/wp\/v2\/types\/product"}],"wp:featuredmedia":[{"embeddable":true,"href":"https:\/\/turkishtrade.co\/tr\/wp-json\/wp\/v2\/media\/6753"}],"wp:attachment":[{"href":"https:\/\/turkishtrade.co\/tr\/wp-json\/wp\/v2\/media?parent=8611"}],"wp:term":[{"taxonomy":"product_brand","embeddable":true,"href":"https:\/\/turkishtrade.co\/tr\/wp-json\/wp\/v2\/product_brand?post=8611"},{"taxonomy":"product_cat","embeddable":true,"href":"https:\/\/turkishtrade.co\/tr\/wp-json\/wp\/v2\/product_cat?post=8611"},{"taxonomy":"product_tag","embeddable":true,"href":"https:\/\/turkishtrade.co\/tr\/wp-json\/wp\/v2\/product_tag?post=8611"}],"curies":[{"name":"wp","href":"https:\/\/api.w.org\/{rel}","templated":true}]}}