{"id":8595,"date":"2026-01-29T14:51:20","date_gmt":"2026-01-29T14:51:20","guid":{"rendered":"https:\/\/turkishtrade.co\/?post_type=product&#038;p=8595"},"modified":"2026-04-09T20:20:13","modified_gmt":"2026-04-09T20:20:13","slug":"mens-blue-calf-loafers","status":"publish","type":"product","link":"https:\/\/turkishtrade.co\/tr\/shop\/mens-blue-calf-loafers\/","title":{"rendered":"Erkek Mavi Dana Loafer Authentic | Erkek Mavi Dana Deri Casual"},"content":{"rendered":"<h3>Premium Erkek Mavi Dana Loafer ile Stilinizi Y\u00fckseltin<\/h3>\n<p>Enfes tasar\u0131m\u0131m\u0131zla benzersiz bir stil ve konfora ad\u0131m at\u0131n <strong>erkek mavi dana mokasen<\/strong>. Hem \u015f\u0131kl\u0131\u011fa hem de rahatl\u0131\u011fa \u00f6nem veren modern erkekler i\u00e7in \u00fcretilen bu mokasen ayakkab\u0131lar, \u00fcst\u00fcn ayakkab\u0131 i\u015f\u00e7ili\u011finin bir kan\u0131t\u0131d\u0131r. Zengin, koyu mavi tonu, zarif tasar\u0131m\u0131yla birle\u015fti\u011finde, her gard\u0131rop i\u00e7in \u00e7ok y\u00f6nl\u00fc bir eklenti haline gelir ve ak\u0131ll\u0131 g\u00fcndelik ofis k\u0131yafetlerinden rahat hafta sonu gezmelerine zahmetsizce ge\u00e7i\u015f yapar. Bizim <strong>erkek mavi dana mokasen<\/strong> sadece ayakkab\u0131 de\u011fildir; l\u00fcks ve dayan\u0131kl\u0131l\u0131kta bir deneyimdir.<\/p>\n<h3>E\u015fsiz Konfor ve Kaliteli Malzemeler<\/h3>\n<p>Birinci s\u0131n\u0131f malzemelerin yaratt\u0131\u011f\u0131 fark\u0131 deneyimleyin. Bu sofistike mokasen ayakkab\u0131lar\u0131n \u00fcst k\u0131sm\u0131 hakiki malzemeden \u00fcretilmi\u015ftir. <strong>dana derisi<\/strong>, P\u00fcr\u00fczs\u00fcz dokusu, ola\u011fan\u00fcst\u00fc dayan\u0131kl\u0131l\u0131\u011f\u0131 ve g\u00fczel bir \u015fekilde eskime kabiliyeti ile \u00fcnl\u00fcd\u00fcr. Bu y\u00fcksek kaliteli deri l\u00fcks bir his verir ve ayakkab\u0131lar\u0131n\u0131z\u0131n zamana kar\u015f\u0131 dayan\u0131kl\u0131 olmas\u0131n\u0131, d\u00fczenli giyimde bile bozulmam\u0131\u015f g\u00f6r\u00fcn\u00fcm\u00fcn\u00fc korumas\u0131n\u0131 sa\u011flar. \u0130\u00e7 k\u0131s\u0131mda, ayaklar\u0131n\u0131z g\u00f6rkemli bir yumu\u015fakl\u0131kla sar\u0131l\u0131r <strong>ke\u00e7i derisi astar<\/strong>. Bu do\u011fal malzeme, nefes alabilirli\u011fi ve nemi emme \u00f6zellikleriyle \u00fcnl\u00fcd\u00fcr, ayaklar\u0131n\u0131z\u0131 g\u00fcn boyunca rahat ve kuru tutar, rahats\u0131zl\u0131\u011f\u0131 \u00f6nler ve ferah bir his sa\u011flar.<\/p>\n<p>Ayak alt\u0131nda, hafif ancak sa\u011flam <strong>EVA taban<\/strong> ola\u011fan\u00fcst\u00fc yast\u0131klama ve destek sunar. Optimum esneklik ve \u015fok emilimi i\u00e7in tasarlanan EVA taban, inan\u0131lmaz rahat bir y\u00fcr\u00fcy\u00fc\u015f deneyimine katk\u0131da bulunarak yorgunlu\u011fu azalt\u0131r ve daha uzun s\u00fcre ayakta kalman\u0131z\u0131 sa\u011flar. Taban\u0131n desenli kavrama \u00f6zelli\u011fi de g\u00fcvenilir bir tutu\u015f sa\u011flayarak bu <strong>erkek mavi dana mokasen<\/strong> \u00e7e\u015fitli kentsel ortamlar i\u00e7in pratik bir se\u00e7imdir.<\/p>\n<h3>Sofistike Tasar\u0131m ve \u00c7ok Y\u00f6nl\u00fcl\u00fck<\/h3>\n<p>Bu g\u00fcndelik mokasen ayakkab\u0131lar\u0131n tasar\u0131m\u0131, abart\u0131s\u0131z \u015f\u0131kl\u0131kta bir ustal\u0131k s\u0131n\u0131f\u0131d\u0131r. Klasik mokasen siluetine sahip bu ayakkab\u0131lar, vampir etraf\u0131ndaki karma\u015f\u0131k diki\u015fler ve \u015f\u0131k bir metal u\u00e7 vurgusuyla sofistike bir g\u00f6r\u00fcn\u00fcm sergiliyor. Titiz i\u015f\u00e7ilik, hassas diki\u015flerden dana derisinin kusursuz y\u00fczeyine kadar her ayr\u0131nt\u0131da kendini g\u00f6sterir. 40'tan 44'e (AB) kadar kapsaml\u0131 bir beden yelpazesinde mevcut olan bu ayakkab\u0131lar, \u00e7ok \u00e7e\u015fitli se\u00e7kin beyefendiler i\u00e7in m\u00fckemmel bir uyum sa\u011flar.<\/p>\n<p>\u0130ster i\u015f ama\u00e7l\u0131 g\u00fcndelik bir toplant\u0131 i\u00e7in giyiniyor olun, ister rahat bir brunch'\u0131n tad\u0131n\u0131 \u00e7\u0131kar\u0131n ya da yar\u0131 resmi bir etkinli\u011fe kat\u0131l\u0131n, bu <strong>erkek mavi dana mokasen<\/strong> ayakkab\u0131 tercihiniz olacak. \u0130ster \u015f\u0131k bir g\u00f6r\u00fcn\u00fcm i\u00e7in \u00f6zel dikim chino pantolon ve net bir g\u00f6mlekle, ister daha rahat ama zarif bir kombin i\u00e7in denim kot pantolon ve polo ile e\u015fle\u015ftirin. Zamans\u0131z \u00e7ekicilikleri, gelecek sezonlar boyunca koleksiyonunuzun vazge\u00e7ilmezi olmalar\u0131n\u0131 sa\u011flar. Hem kusursuz stil hem de kal\u0131c\u0131 konfor sunan bir \u00e7ift ayakkab\u0131ya yat\u0131r\u0131m yap\u0131n.<\/p>\n<h3>Toptan Sat\u0131\u015f F\u0131rsatlar\u0131<\/h3>\n<p>\u00dcst\u00fcn kaliteli ayakkab\u0131lar sunmak isteyen perakendeciler ve i\u015fletmeler i\u00e7in bu ola\u011fan\u00fcst\u00fc <strong>erkek mavi dana mokasen<\/strong> toptan sat\u0131n al\u0131nabilir. Sadece 8 \u00e7iftlik minimum sipari\u015f miktar\u0131yla, envanterinizi m\u00fc\u015fterilerinizin sevece\u011fi y\u00fcksek talep g\u00f6ren, kaliteli \u00fcr\u00fcnlerle kolayca stoklayabilirsiniz. Toptan sat\u0131\u015f fiyatlar\u0131m\u0131z ve ortakl\u0131k f\u0131rsatlar\u0131m\u0131z hakk\u0131nda daha fazla bilgi edinmek i\u00e7in bug\u00fcn bizimle ileti\u015fime ge\u00e7in ve hakiki dana derisi mokasenlerin l\u00fcks\u00fcn\u00fc m\u00fc\u015fterilerinize sunun.<\/p>","protected":false},"excerpt":{"rendered":"<ul>\n<li>Dayan\u0131kl\u0131l\u0131k ve Stil i\u00e7in Premium Dana Derisi Saya<\/li>\n<li>Nefes Alabilir Konfor i\u00e7in L\u00fcks Ke\u00e7i Derisi Astar<\/li>\n<li>T\u00fcm G\u00fcn Destek i\u00e7in Hafif ve Yast\u0131kl\u0131 EVA Taban<\/li>\n<li>Zarif Metal Bit Detayl\u0131 Sofistike G\u00fcnl\u00fck Loafer Tasar\u0131m\u0131<\/li>\n<li>40-44 (AB) Erkek Bedenlerinde Mevcuttur<\/li>\n<li>Toptan Sat\u0131\u015f Mevcuttur: Minimum Sipari\u015f Miktar\u0131 8 \u00c7ift<\/li>\n<\/ul>","protected":false},"featured_media":6752,"template":"","meta":{"_acf_changed":false,"_uag_custom_page_level_css":"","site-sidebar-layout":"default","site-content-layout":"","ast-site-content-layout":"default","site-content-style":"default","site-sidebar-style":"default","ast-global-header-display":"","ast-banner-title-visibility":"","ast-main-header-display":"","ast-hfb-above-header-display":"","ast-hfb-below-header-display":"","ast-hfb-mobile-header-display":"","site-post-title":"","ast-breadcrumbs-content":"","ast-featured-img":"","footer-sml-layout":"","ast-disable-related-posts":"","theme-transparent-header-meta":"","adv-header-id-meta":"","stick-header-meta":"","header-above-stick-meta":"","header-main-stick-meta":"","header-below-stick-meta":"","astra-migrate-meta-layouts":"default","ast-page-background-enabled":"default","ast-page-background-meta":{"desktop":{"background-color":"var(--ast-global-color-4)","background-image":"","background-repeat":"repeat","background-position":"center center","background-size":"auto","background-attachment":"scroll","background-type":"","background-media":"","overlay-type":"","overlay-color":"","overlay-opacity":"","overlay-gradient":""},"tablet":{"background-color":"","background-image":"","background-repeat":"repeat","background-position":"center center","background-size":"auto","background-attachment":"scroll","background-type":"","background-media":"","overlay-type":"","overlay-color":"","overlay-opacity":"","overlay-gradient":""},"mobile":{"background-color":"","background-image":"","background-repeat":"repeat","background-position":"center center","background-size":"auto","background-attachment":"scroll","background-type":"","background-media":"","overlay-type":"","overlay-color":"","overlay-opacity":"","overlay-gradient":""}},"ast-content-background-meta":{"desktop":{"background-color":"var(--ast-global-color-5)","background-image":"","background-repeat":"repeat","background-position":"center center","background-size":"auto","background-attachment":"scroll","background-type":"","background-media":"","overlay-type":"","overlay-color":"","overlay-opacity":"","overlay-gradient":""},"tablet":{"background-color":"var(--ast-global-color-5)","background-image":"","background-repeat":"repeat","background-position":"center center","background-size":"auto","background-attachment":"scroll","background-type":"","background-media":"","overlay-type":"","overlay-color":"","overlay-opacity":"","overlay-gradient":""},"mobile":{"background-color":"var(--ast-global-color-5)","background-image":"","background-repeat":"repeat","background-position":"center center","background-size":"auto","background-attachment":"scroll","background-type":"","background-media":"","overlay-type":"","overlay-color":"","overlay-opacity":"","overlay-gradient":""}}},"product_brand":[],"product_cat":[48,49,430,1200],"product_tag":[635,185,512,287,189,186,184,380,281],"class_list":{"0":"post-8595","1":"product","2":"type-product","3":"status-publish","4":"has-post-thumbnail","6":"product_cat-casual","7":"product_cat-loafer","8":"product_cat-men","9":"product_cat-mens-shoes-2","10":"product_tag-blue-loafers","11":"product_tag-calf-leather-shoes","12":"product_tag-casual-loafers","13":"product_tag-eva-sole-shoes","14":"product_tag-goat-leather-lining","15":"product_tag-mens-loafers","16":"product_tag-slip-on-shoes","17":"product_tag-smart-casual-footwear","18":"product_tag-wholesale-shoes","19":"desktop-align-center","20":"tablet-align-center","21":"mobile-align-center","23":"first","24":"instock","25":"shipping-taxable","26":"purchasable","27":"product-type-variable","28":"has-default-attributes"},"acf":[],"uagb_featured_image_src":{"full":["https:\/\/turkishtrade.co\/wp-content\/uploads\/2026\/01\/2600QLOMN00047-DARK-BLUE.png",453,250,false],"thumbnail":["https:\/\/turkishtrade.co\/wp-content\/uploads\/2026\/01\/2600QLOMN00047-DARK-BLUE-150x150.png",150,150,true],"medium":["https:\/\/turkishtrade.co\/wp-content\/uploads\/2026\/01\/2600QLOMN00047-DARK-BLUE-300x166.png",300,166,true],"medium_large":["https:\/\/turkishtrade.co\/wp-content\/uploads\/2026\/01\/2600QLOMN00047-DARK-BLUE.png",453,250,false],"large":["https:\/\/turkishtrade.co\/wp-content\/uploads\/2026\/01\/2600QLOMN00047-DARK-BLUE.png",453,250,false],"1536x1536":["https:\/\/turkishtrade.co\/wp-content\/uploads\/2026\/01\/2600QLOMN00047-DARK-BLUE.png",453,250,false],"2048x2048":["https:\/\/turkishtrade.co\/wp-content\/uploads\/2026\/01\/2600QLOMN00047-DARK-BLUE.png",453,250,false],"trp-custom-language-flag":["https:\/\/turkishtrade.co\/wp-content\/uploads\/2026\/01\/2600QLOMN00047-DARK-BLUE-18x10.png",18,10,true],"woocommerce_thumbnail":["https:\/\/turkishtrade.co\/wp-content\/uploads\/2026\/01\/2600QLOMN00047-DARK-BLUE-400x250.png",400,250,true],"woocommerce_single":["https:\/\/turkishtrade.co\/wp-content\/uploads\/2026\/01\/2600QLOMN00047-DARK-BLUE.png",453,250,false],"woocommerce_gallery_thumbnail":["https:\/\/turkishtrade.co\/wp-content\/uploads\/2026\/01\/2600QLOMN00047-DARK-BLUE-100x100.png",100,100,true]},"uagb_author_info":{"display_name":"python python","author_link":"https:\/\/turkishtrade.co\/tr\/author\/"},"uagb_comment_info":0,"uagb_excerpt":"Premium Calf Leather Upper for Durability &amp; Style Luxurious Goat Leather Lining for Breathable Comfort Lightweight &amp; Cushioned EVA Sole for All-Day Support Sophisticated Casual Loafer Design with Elegant Metal Bit Detail Available in Men's Sizes 40-44 (EU) Wholesale Available: Minimum Order Quantity 8 Pairs","_links":{"self":[{"href":"https:\/\/turkishtrade.co\/tr\/wp-json\/wp\/v2\/product\/8595","targetHints":{"allow":["GET"]}}],"collection":[{"href":"https:\/\/turkishtrade.co\/tr\/wp-json\/wp\/v2\/product"}],"about":[{"href":"https:\/\/turkishtrade.co\/tr\/wp-json\/wp\/v2\/types\/product"}],"wp:featuredmedia":[{"embeddable":true,"href":"https:\/\/turkishtrade.co\/tr\/wp-json\/wp\/v2\/media\/6752"}],"wp:attachment":[{"href":"https:\/\/turkishtrade.co\/tr\/wp-json\/wp\/v2\/media?parent=8595"}],"wp:term":[{"taxonomy":"product_brand","embeddable":true,"href":"https:\/\/turkishtrade.co\/tr\/wp-json\/wp\/v2\/product_brand?post=8595"},{"taxonomy":"product_cat","embeddable":true,"href":"https:\/\/turkishtrade.co\/tr\/wp-json\/wp\/v2\/product_cat?post=8595"},{"taxonomy":"product_tag","embeddable":true,"href":"https:\/\/turkishtrade.co\/tr\/wp-json\/wp\/v2\/product_tag?post=8595"}],"curies":[{"name":"wp","href":"https:\/\/api.w.org\/{rel}","templated":true}]}}