{"id":8594,"date":"2026-01-29T14:51:20","date_gmt":"2026-01-29T14:51:20","guid":{"rendered":"https:\/\/turkishtrade.co\/?post_type=product&#038;p=8594"},"modified":"2026-04-09T20:20:20","modified_gmt":"2026-04-09T20:20:20","slug":"mens-brown-calf-loafers","status":"publish","type":"product","link":"https:\/\/turkishtrade.co\/tr\/shop\/mens-brown-calf-loafers\/","title":{"rendered":"Erkek Kahverengi Dana Loafer Proven | Erkek Kahverengi Dana Deri Casual"},"content":{"rendered":"<p><strong>Erkek Kahverengi Buza\u011f\u0131 Loafer<\/strong>. Kan\u0131tlanm\u0131\u015f kalite ve tasar\u0131m.<\/p>\n<p>Enfes tasar\u0131m\u0131m\u0131zla benzersiz konfora ve sofistike stile ad\u0131m at\u0131n <strong>Erkek Kahverengi Buza\u011f\u0131 Loafer<\/strong>. Hem \u015f\u0131kl\u0131\u011fa hem de rahatl\u0131\u011fa \u00f6nem veren modern erkekler i\u00e7in tasarlanan bu loafer ayakkab\u0131lar, zamans\u0131z tasar\u0131m\u0131 \u00e7a\u011fda\u015f malzemelerle kusursuz bir \u015fekilde harmanl\u0131yor. \u0130ster g\u00fcndelik bir i\u015f toplant\u0131s\u0131na gidiyor olun, ister bir hafta sonu ka\u00e7ama\u011f\u0131n\u0131n tad\u0131n\u0131 \u00e7\u0131kar\u0131n ya da sadece rahat ama zarif bir g\u00fcnl\u00fck ayakkab\u0131 ar\u0131yor olun, bu <strong>Erkek Kahverengi Buza\u011f\u0131 Loafer<\/strong> ideal se\u00e7iminizdir. Zengin kahverengi tonu \u00e7ok y\u00f6nl\u00fcl\u00fck sunar; chino pantolonlar, kot pantolonlar ve hatta g\u00fcnl\u00fck \u00f6zel pantolonlarla kolayca e\u015fle\u015ferek ayakkab\u0131 koleksiyonunuza vazge\u00e7ilmez bir katk\u0131 sa\u011flar.<\/p>\n<p>Detaylara titizlikle \u00f6zen g\u00f6sterilerek \u00fcretilen bu birinci s\u0131n\u0131f mokasen ayakkab\u0131lar\u0131n her bir \u00e7ifti dayan\u0131kl\u0131 ve esnek dana derisi sayaya sahiptir. Bu malzeme se\u00e7imi sadece l\u00fcks bir his vermekle kalmaz, ayn\u0131 zamanda uzun \u00f6m\u00fcrl\u00fcl\u00fck sa\u011flayarak ayakkab\u0131lar\u0131n zarif bir \u015fekilde ya\u015flanmas\u0131na ve zaman i\u00e7inde benzersiz bir patine geli\u015ftirmesine olanak tan\u0131r. \u0130\u00e7 k\u0131s\u0131mda, ayaklar\u0131n\u0131z nefes alabilirli\u011fi ve nemi emme \u00f6zellikleriyle tan\u0131nan ve uzun s\u00fcreli kullan\u0131mlarda bile ola\u011fan\u00fcst\u00fc konforu garanti eden son derece yumu\u015fak ke\u00e7i derisi astarla kucakla\u015facak. Bu ola\u011fan\u00fcst\u00fc ayakkab\u0131n\u0131n temeli <strong>Erkek Kahverengi Buza\u011f\u0131 Loafer<\/strong> hafif EVA taban\u0131d\u0131r. Bu yenilik\u00e7i taban malzemesi \u00fcst\u00fcn yast\u0131klama, esneklik ve \u015fok emilimi sunarak her ad\u0131m\u0131 bir zevk haline getirir. Beyaz EVA taban \u00fczerindeki ince mavi \u015ferit detaylar, bu mokasen ayakkab\u0131lar\u0131 s\u0131radan g\u00fcnl\u00fck ayakkab\u0131lardan ay\u0131rarak \u00e7a\u011fda\u015f bir hava katar.<\/p>\n<h3>E\u015fsiz Konfor ve Tarz\u0131 Deneyimleyin<\/h3>\n<p>Bizim <strong>Erkek Kahverengi Buza\u011f\u0131 Loafer<\/strong> ayakkab\u0131dan daha fazlas\u0131d\u0131r; rahatl\u0131\u011f\u0131n\u0131za ve ki\u015fisel tarz\u0131n\u0131za yap\u0131lan bir yat\u0131r\u0131md\u0131r. Klasik penny loafer silueti, rafine dana derisi ile birle\u015ferek abart\u0131s\u0131z bir sofistike hava yayar. Rahat bir brunch'tan ak\u015fam gezintisine kadar \u00e7e\u015fitli durumlar i\u00e7in m\u00fckemmel \u015fekilde uygundur. \u00d6zenli yap\u0131s\u0131, ki\u015fiselle\u015ftirilmi\u015f destek i\u00e7in aya\u011f\u0131n\u0131za uyum sa\u011flayarak rahat ama konforlu bir uyum sa\u011flar. 40'tan 44'e kadar \u00e7e\u015fitli Avrupa bedenlerinde mevcuttur, m\u00fckemmel uyumunuzu bulmak kolayd\u0131r.<\/p>\n<h3>Kal\u0131c\u0131 Kalite i\u00e7in Birinci S\u0131n\u0131f Malzemeler<\/h3>\n<p>Yaln\u0131zca en iyi malzemeleri kullanmaktan gurur duyuyoruz. Dana derisi, kalitesi hakk\u0131nda \u00e7ok \u015fey anlatan p\u00fcr\u00fczs\u00fcz ve zengin bir doku sunarken, ke\u00e7i derisi astar ayakkab\u0131n\u0131n i\u00e7 ortam\u0131n\u0131 iyile\u015ftirerek rahats\u0131zl\u0131\u011f\u0131 \u00f6nler. Esnekli\u011fi ve hafifli\u011fi ile bilinen EVA taban, bu mokasen ayakkab\u0131lar\u0131 ayaklar\u0131 \u00fczerinde \u00e7ok zaman ge\u00e7irenler i\u00e7in m\u00fckemmel bir se\u00e7enek haline getiriyor. Perakendeciler ve i\u015fletmeler i\u00e7in bu y\u00fcksek kaliteli <strong>Erkek Kahverengi Buza\u011f\u0131 Loafer<\/strong> minimum 8 \u00e7ift sipari\u015fle toptan sat\u0131n al\u0131nabilir ve m\u00fc\u015fterilerinize birinci s\u0131n\u0131f ayakkab\u0131lar sunmak i\u00e7in m\u00fckemmel bir f\u0131rsat sa\u011flar. Konfor, dayan\u0131kl\u0131l\u0131k ve zamans\u0131z stil vaat eden bir \u00e7ift ile gard\u0131robunuzu y\u00fckseltin.<\/p>","protected":false},"excerpt":{"rendered":"<ul>\n<li>L\u00fcks bir g\u00f6r\u00fcn\u00fcm i\u00e7in y\u00fcksek kaliteli dana derisinden \u00fcretilmi\u015ftir.<\/li>\n<li>G\u00fcn boyu konfor i\u00e7in yumu\u015fak ve nefes alabilen ke\u00e7i derisi astar.<\/li>\n<li>\u015e\u0131k mavi \u015feritli hafif ve esnek EVA taban.<\/li>\n<li>Klasik rahat loafer tasar\u0131m\u0131, \u00e7ok y\u00f6nl\u00fc stil i\u00e7in m\u00fckemmeldir.<\/li>\n<li>40, 41, 42, 43, 44 Avrupa bedenlerinde mevcuttur.<\/li>\n<li>Toptan sat\u0131\u015f talepleri kabul edilir: Minimum sipari\u015f miktar\u0131 8 \u00e7ift.<\/li>\n<\/ul>","protected":false},"featured_media":6750,"template":"","meta":{"_acf_changed":false,"_uag_custom_page_level_css":"","site-sidebar-layout":"default","site-content-layout":"","ast-site-content-layout":"default","site-content-style":"default","site-sidebar-style":"default","ast-global-header-display":"","ast-banner-title-visibility":"","ast-main-header-display":"","ast-hfb-above-header-display":"","ast-hfb-below-header-display":"","ast-hfb-mobile-header-display":"","site-post-title":"","ast-breadcrumbs-content":"","ast-featured-img":"","footer-sml-layout":"","ast-disable-related-posts":"","theme-transparent-header-meta":"","adv-header-id-meta":"","stick-header-meta":"","header-above-stick-meta":"","header-main-stick-meta":"","header-below-stick-meta":"","astra-migrate-meta-layouts":"default","ast-page-background-enabled":"default","ast-page-background-meta":{"desktop":{"background-color":"var(--ast-global-color-4)","background-image":"","background-repeat":"repeat","background-position":"center center","background-size":"auto","background-attachment":"scroll","background-type":"","background-media":"","overlay-type":"","overlay-color":"","overlay-opacity":"","overlay-gradient":""},"tablet":{"background-color":"","background-image":"","background-repeat":"repeat","background-position":"center center","background-size":"auto","background-attachment":"scroll","background-type":"","background-media":"","overlay-type":"","overlay-color":"","overlay-opacity":"","overlay-gradient":""},"mobile":{"background-color":"","background-image":"","background-repeat":"repeat","background-position":"center center","background-size":"auto","background-attachment":"scroll","background-type":"","background-media":"","overlay-type":"","overlay-color":"","overlay-opacity":"","overlay-gradient":""}},"ast-content-background-meta":{"desktop":{"background-color":"var(--ast-global-color-5)","background-image":"","background-repeat":"repeat","background-position":"center center","background-size":"auto","background-attachment":"scroll","background-type":"","background-media":"","overlay-type":"","overlay-color":"","overlay-opacity":"","overlay-gradient":""},"tablet":{"background-color":"var(--ast-global-color-5)","background-image":"","background-repeat":"repeat","background-position":"center center","background-size":"auto","background-attachment":"scroll","background-type":"","background-media":"","overlay-type":"","overlay-color":"","overlay-opacity":"","overlay-gradient":""},"mobile":{"background-color":"var(--ast-global-color-5)","background-image":"","background-repeat":"repeat","background-position":"center center","background-size":"auto","background-attachment":"scroll","background-type":"","background-media":"","overlay-type":"","overlay-color":"","overlay-opacity":"","overlay-gradient":""}}},"product_brand":[],"product_cat":[48,49,430,1200],"product_tag":[147,185,220,438,189,286,279,1438,380],"class_list":{"0":"post-8594","1":"product","2":"type-product","3":"status-publish","4":"has-post-thumbnail","6":"product_cat-casual","7":"product_cat-loafer","8":"product_cat-men","9":"product_cat-mens-shoes-2","10":"product_tag-brown-loafers","11":"product_tag-calf-leather-shoes","12":"product_tag-comfortable-loafers","13":"product_tag-eva-sole","14":"product_tag-goat-leather-lining","15":"product_tag-mens-leather-shoes","16":"product_tag-penny-loafers","17":"product_tag-premium-quality-loafers","18":"product_tag-smart-casual-footwear","19":"desktop-align-center","20":"tablet-align-center","21":"mobile-align-center","23":"first","24":"instock","25":"shipping-taxable","26":"purchasable","27":"product-type-variable","28":"has-default-attributes"},"acf":[],"uagb_featured_image_src":{"full":["https:\/\/turkishtrade.co\/wp-content\/uploads\/2026\/01\/2600QLOMN00046-BROWN.png",453,250,false],"thumbnail":["https:\/\/turkishtrade.co\/wp-content\/uploads\/2026\/01\/2600QLOMN00046-BROWN-150x150.png",150,150,true],"medium":["https:\/\/turkishtrade.co\/wp-content\/uploads\/2026\/01\/2600QLOMN00046-BROWN-300x166.png",300,166,true],"medium_large":["https:\/\/turkishtrade.co\/wp-content\/uploads\/2026\/01\/2600QLOMN00046-BROWN.png",453,250,false],"large":["https:\/\/turkishtrade.co\/wp-content\/uploads\/2026\/01\/2600QLOMN00046-BROWN.png",453,250,false],"1536x1536":["https:\/\/turkishtrade.co\/wp-content\/uploads\/2026\/01\/2600QLOMN00046-BROWN.png",453,250,false],"2048x2048":["https:\/\/turkishtrade.co\/wp-content\/uploads\/2026\/01\/2600QLOMN00046-BROWN.png",453,250,false],"trp-custom-language-flag":["https:\/\/turkishtrade.co\/wp-content\/uploads\/2026\/01\/2600QLOMN00046-BROWN-18x10.png",18,10,true],"woocommerce_thumbnail":["https:\/\/turkishtrade.co\/wp-content\/uploads\/2026\/01\/2600QLOMN00046-BROWN-400x250.png",400,250,true],"woocommerce_single":["https:\/\/turkishtrade.co\/wp-content\/uploads\/2026\/01\/2600QLOMN00046-BROWN.png",453,250,false],"woocommerce_gallery_thumbnail":["https:\/\/turkishtrade.co\/wp-content\/uploads\/2026\/01\/2600QLOMN00046-BROWN-100x100.png",100,100,true]},"uagb_author_info":{"display_name":"python python","author_link":"https:\/\/turkishtrade.co\/tr\/author\/"},"uagb_comment_info":0,"uagb_excerpt":"Crafted from high-quality calf leather for a luxurious finish. Soft and breathable goat leather lining for all-day comfort. Lightweight and flexible EVA sole with a stylish blue stripe. Classic casual loafer design, perfect for versatile styling. Available in European sizes 40, 41, 42, 43, 44. Wholesale inquiries welcome: Minimum order quantity of 8 pairs.","_links":{"self":[{"href":"https:\/\/turkishtrade.co\/tr\/wp-json\/wp\/v2\/product\/8594","targetHints":{"allow":["GET"]}}],"collection":[{"href":"https:\/\/turkishtrade.co\/tr\/wp-json\/wp\/v2\/product"}],"about":[{"href":"https:\/\/turkishtrade.co\/tr\/wp-json\/wp\/v2\/types\/product"}],"wp:featuredmedia":[{"embeddable":true,"href":"https:\/\/turkishtrade.co\/tr\/wp-json\/wp\/v2\/media\/6750"}],"wp:attachment":[{"href":"https:\/\/turkishtrade.co\/tr\/wp-json\/wp\/v2\/media?parent=8594"}],"wp:term":[{"taxonomy":"product_brand","embeddable":true,"href":"https:\/\/turkishtrade.co\/tr\/wp-json\/wp\/v2\/product_brand?post=8594"},{"taxonomy":"product_cat","embeddable":true,"href":"https:\/\/turkishtrade.co\/tr\/wp-json\/wp\/v2\/product_cat?post=8594"},{"taxonomy":"product_tag","embeddable":true,"href":"https:\/\/turkishtrade.co\/tr\/wp-json\/wp\/v2\/product_tag?post=8594"}],"curies":[{"name":"wp","href":"https:\/\/api.w.org\/{rel}","templated":true}]}}