{"id":8593,"date":"2026-01-29T14:51:20","date_gmt":"2026-01-29T14:51:20","guid":{"rendered":"https:\/\/turkishtrade.co\/?post_type=product&#038;p=8593"},"modified":"2026-04-09T20:20:23","modified_gmt":"2026-04-09T20:20:23","slug":"mens-yellow-calf-leather-loafers","status":"publish","type":"product","link":"https:\/\/turkishtrade.co\/tr\/shop\/mens-yellow-calf-leather-loafers\/","title":{"rendered":"Erkek Sar\u0131 Dana Derisi Loafer Ultimate | Erkek Premium Sar\u0131 Dana Derisi"},"content":{"rendered":"<p><strong>Erkek Sar\u0131 Dana Derisi Loafer<\/strong>. \u00dcst\u00fcn kalite ve tasar\u0131m.<\/p>\n<p>Enfes tasar\u0131m\u0131m\u0131zla benzersiz bir stil ve konfora ad\u0131m at\u0131n <strong>Erkek Sar\u0131 Dana Derisi Loafer<\/strong>. Se\u00e7kin beyefendiler i\u00e7in \u00fcretilen bu mokasen ayakkab\u0131lar, geleneksel tasar\u0131m\u0131 \u00e7a\u011fda\u015f \u00e7ekicilikle m\u00fckemmel bir \u015fekilde harmanlayarak her sofistike gard\u0131robun vazge\u00e7ilmez bir par\u00e7as\u0131 haline geliyor. Canl\u0131 sar\u0131 tonu an\u0131nda g\u00f6ze \u00e7arpar ve sizi kalabal\u0131ktan ay\u0131ran cesur ama zarif bir ifade sunar. Bunlar sadece ayakkab\u0131 de\u011fil; zahmetsiz \u015f\u0131kl\u0131\u011f\u0131n ve \u00fcst\u00fcn kalitenin bir ifadesidir ve birinci s\u0131n\u0131f\u0131n ne oldu\u011funu ger\u00e7ekten tan\u0131mlar. <strong>Erkek Sar\u0131 Dana Derisi Loafer<\/strong> olmal\u0131.<\/p>\n<h3>Sar\u0131 Dana Derisi Loafer'lar\u0131m\u0131zda \u00dcst\u00fcn Malzeme ve EVA Konforu<\/h3>\n<p>Kaliteye olan ba\u011fl\u0131l\u0131\u011f\u0131m\u0131z malzemelerle ba\u015flar. Bu ola\u011fan\u00fcst\u00fc g\u00fcndelik mokasenlerin her bir \u00e7ifti, inan\u0131lmaz yumu\u015fakl\u0131\u011f\u0131, dayan\u0131kl\u0131l\u0131\u011f\u0131 ve l\u00fcks hissi ile bilinen en iyi birinci s\u0131n\u0131f dana derisinden titizlikle \u00fcretilmi\u015ftir. Bu malzeme se\u00e7imi, ayakkab\u0131lar\u0131n\u0131z\u0131n <strong>Erkek Sar\u0131 Dana Derisi Loafer<\/strong> sadece \u00e7arp\u0131c\u0131 g\u00f6r\u00fcnmekle kalmayacak, ayn\u0131 zamanda zaman\u0131n testine dayanacak ve hikayenizi anlatan benzersiz bir patine geli\u015ftirecektir. Bu \u00e7arp\u0131c\u0131 sar\u0131 dana derisi mokasen ayakkab\u0131larda kullan\u0131lan dana derisinin en y\u00fcksek standartta oldu\u011funu garanti ediyoruz.<\/p>\n<p>D\u0131\u015f g\u00f6r\u00fcn\u00fcm\u00fcn \u00f6tesinde, konfor her \u015feyden \u00f6nemlidir. \u0130\u00e7 k\u0131sm\u0131 esnek, nefes alabilen ke\u00e7i derisi ile astarlanm\u0131\u015ft\u0131r ve ayaklar\u0131n\u0131z i\u00e7in inan\u0131lmaz yumu\u015fak ve nazik bir kucaklama sa\u011flar. Bu birinci s\u0131n\u0131f ke\u00e7i astar nemi uzakla\u015ft\u0131r\u0131r ve optimum hava sirk\u00fclasyonu sa\u011flayarak uzun s\u00fcreli kullan\u0131mlarda bile ayaklar\u0131n\u0131z\u0131 g\u00fcn boyunca ferah ve rahat tutar. Bunu tamamlayan hafif EVA taban, \u00fcst\u00fcn yast\u0131klama ve esneklik sunarak y\u00fcr\u00fcy\u00fc\u015f deneyiminizi geli\u015ftirir. Ger\u00e7ek i\u015f\u00e7ilik ve \u00fcst\u00fcn malzemelerin yaratt\u0131\u011f\u0131 fark\u0131 bizim ayakkab\u0131m\u0131zla ya\u015fay\u0131n <strong>Erkek Sar\u0131 Dana Derisi Loafer<\/strong>, Aya\u011f\u0131n\u0131z\u0131 en iyi \u015fekilde rahat ettirmek ve g\u00fcn boyu konfor sa\u011flamak i\u00e7in tasarlanm\u0131\u015ft\u0131r.<\/p>\n<h3>Sar\u0131 Loafer'lar\u0131n\u0131z i\u00e7in Farkl\u0131 Tasar\u0131m ve \u00c7ok Y\u00f6nl\u00fc Stil<\/h3>\n<p>Klasik loafer sil\u00fceti, \u00f6zenli tasar\u0131m detaylar\u0131yla y\u00fckseliyor. Vampir boyunca uzanan titiz el diki\u015fi detaylara g\u00f6sterilen \u00f6zeni sergilerken, sofistike metalik madalyon vurgusu benzersiz bir zarafet katar. Sa\u011flam ancak esnek EVA taban, m\u00fckemmel \u00e7eki\u015f g\u00fcc\u00fc ve destek sunarak bu <strong>Erkek Sar\u0131 Dana Derisi Loafer<\/strong> \u00e7e\u015fitli durumlar i\u00e7in ideal. \u0130ster \u015fehir sokaklar\u0131nda geziniyor, ister g\u00fcndelik bir i\u015f toplant\u0131s\u0131na kat\u0131l\u0131yor ya da keyifli bir hafta sonunun tad\u0131n\u0131 \u00e7\u0131kar\u0131yor olun, bu sar\u0131 dana derisi mokasen ayakkab\u0131lar ya\u015fam tarz\u0131n\u0131za kusursuz bir \u015fekilde uyum sa\u011flar.<\/p>\n<p>Bu \u00e7ok y\u00f6nl\u00fc g\u00fcnl\u00fck mokasen ayakkab\u0131lar \u00e7e\u015fitli k\u0131yafetlerle zahmetsizce e\u015fle\u015fir. \u015e\u0131k ve rahat bir kombin i\u00e7in \u00f6zel dikim chino pantolon ve blazer ceket ile giydirin ya da rahat ama g\u00f6steri\u015fli bir tatil g\u00f6r\u00fcn\u00fcm\u00fc i\u00e7in keten pantolon veya \u015fort ile e\u015fle\u015ftirin. Ay\u0131rt edici renk, ayakkab\u0131n\u0131z\u0131n unutulmaz bir izlenim b\u0131rakmas\u0131n\u0131 sa\u011flayarak stil kimlik bilgilerinizi sa\u011flamla\u015ft\u0131r\u0131r. Bi\u00e7im ve i\u015flevi bir arada sunan ayakkab\u0131lardan ho\u015flananlar i\u00e7in bu ayakkab\u0131lar idealdir. <strong>Erkek Sar\u0131 Dana Derisi Loafer<\/strong>, birinci s\u0131n\u0131f sar\u0131 mokasen ayakkab\u0131 arayan moday\u0131 takip eden her bireyi m\u00fckemmel \u015fekilde tamamlayan \u00e7arp\u0131c\u0131 sar\u0131 renk tonuyla benzersiz bir stil ve konfor sunuyor.<\/p>\n<h3>Erkek Sar\u0131 Dana Derisi Loaferlar i\u00e7in Perakende \u0130\u015f Ortaklar\u0131na Toptan Sat\u0131\u015f F\u0131rsatlar\u0131<\/h3>\n<p>Bu y\u00fcksek kaliteli \u00fcr\u00fcnleri sunmaktan gurur duyuyoruz <strong>Erkek Sar\u0131 Dana Derisi Loafer<\/strong> toptan al\u0131m i\u00e7in. M\u00fc\u015fterilerine birinci s\u0131n\u0131f, \u015f\u0131k ve rahat ayakkab\u0131lar sunmak isteyen perakendeciler ve i\u015fletmeler, bu sar\u0131 dana derisi mokasenleri envanterlerine m\u00fckemmel bir katk\u0131 olarak g\u00f6receklerdir. Minimum 8 \u00e7ift sipari\u015f miktar\u0131yla, bu pop\u00fcler stili stoklamak ve ola\u011fan\u00fcst\u00fc erkek ayakkab\u0131lar\u0131na olan talebi kar\u015f\u0131lamak kolayd\u0131r. M\u00fc\u015fterilerinize bu ola\u011fan\u00fcst\u00fc ayakkab\u0131lar\u0131n l\u00fcks\u00fcn\u00fc ve benzersiz tasar\u0131m\u0131n\u0131 deneyimleme \u015fans\u0131 verin. <strong>Erkek Sar\u0131 Dana Derisi Loafer<\/strong>, se\u00e7ici zevkleri i\u00e7in m\u00fckemmeldir.<\/p>\n<p>EU 40'tan 44'e kadar kapsaml\u0131 bir beden yelpazesinde mevcuttur. <strong>Erkek Sar\u0131 Dana Derisi Loafer<\/strong> m\u00fckemmel bir uyum ve kal\u0131c\u0131 bir stil vaat ediyor. Bu zarif sar\u0131 dana derisi mokasen ayakkab\u0131larla bug\u00fcn kaliteye, konfora ve kusursuz bir yetene\u011fe yat\u0131r\u0131m yap\u0131n.<\/p>","protected":false},"excerpt":{"rendered":"<ul>\n<li>Dayan\u0131kl\u0131l\u0131k ve L\u00fcks Hissi i\u00e7in Premium Dana Derisi Saya<\/li>\n<li>T\u00fcm G\u00fcn Konfor i\u00e7in Yumu\u015fak ve Nefes Alabilir Ke\u00e7i Derisi Astar<\/li>\n<li>\u00dcst\u00fcn Yast\u0131klama ve Esneklik i\u00e7in Hafif EVA Taban<\/li>\n<li>Klasik Loafer Tasar\u0131m\u0131 ve Metalik Madalyon Detay\u0131yla Canl\u0131 Sar\u0131 Renk Tonu<\/li>\n<li>G\u00fcnl\u00fck ve \u015e\u0131k-G\u00fcndelik Davetler i\u00e7in M\u00fckemmel<\/li>\n<li>40-44 AB Bedenlerinde Mevcuttur<\/li>\n<li>Toptan Sat\u0131\u015f Olanaklar\u0131 Mevcuttur (Minimum Sipari\u015f: 8 \u00c7ift)<\/li>\n<\/ul>","protected":false},"featured_media":6749,"template":"","meta":{"_acf_changed":false,"_uag_custom_page_level_css":"","site-sidebar-layout":"default","site-content-layout":"","ast-site-content-layout":"default","site-content-style":"default","site-sidebar-style":"default","ast-global-header-display":"","ast-banner-title-visibility":"","ast-main-header-display":"","ast-hfb-above-header-display":"","ast-hfb-below-header-display":"","ast-hfb-mobile-header-display":"","site-post-title":"","ast-breadcrumbs-content":"","ast-featured-img":"","footer-sml-layout":"","ast-disable-related-posts":"","theme-transparent-header-meta":"","adv-header-id-meta":"","stick-header-meta":"","header-above-stick-meta":"","header-main-stick-meta":"","header-below-stick-meta":"","astra-migrate-meta-layouts":"default","ast-page-background-enabled":"default","ast-page-background-meta":{"desktop":{"background-color":"var(--ast-global-color-4)","background-image":"","background-repeat":"repeat","background-position":"center center","background-size":"auto","background-attachment":"scroll","background-type":"","background-media":"","overlay-type":"","overlay-color":"","overlay-opacity":"","overlay-gradient":""},"tablet":{"background-color":"","background-image":"","background-repeat":"repeat","background-position":"center center","background-size":"auto","background-attachment":"scroll","background-type":"","background-media":"","overlay-type":"","overlay-color":"","overlay-opacity":"","overlay-gradient":""},"mobile":{"background-color":"","background-image":"","background-repeat":"repeat","background-position":"center center","background-size":"auto","background-attachment":"scroll","background-type":"","background-media":"","overlay-type":"","overlay-color":"","overlay-opacity":"","overlay-gradient":""}},"ast-content-background-meta":{"desktop":{"background-color":"var(--ast-global-color-5)","background-image":"","background-repeat":"repeat","background-position":"center center","background-size":"auto","background-attachment":"scroll","background-type":"","background-media":"","overlay-type":"","overlay-color":"","overlay-opacity":"","overlay-gradient":""},"tablet":{"background-color":"var(--ast-global-color-5)","background-image":"","background-repeat":"repeat","background-position":"center center","background-size":"auto","background-attachment":"scroll","background-type":"","background-media":"","overlay-type":"","overlay-color":"","overlay-opacity":"","overlay-gradient":""},"mobile":{"background-color":"var(--ast-global-color-5)","background-image":"","background-repeat":"repeat","background-position":"center center","background-size":"auto","background-attachment":"scroll","background-type":"","background-media":"","overlay-type":"","overlay-color":"","overlay-opacity":"","overlay-gradient":""}}},"product_brand":[],"product_cat":[48,49,430,1200],"product_tag":[185,449,438,1249,762,186,1437,374,350,1436],"class_list":{"0":"post-8593","1":"product","2":"type-product","3":"status-publish","4":"has-post-thumbnail","6":"product_cat-casual","7":"product_cat-loafer","8":"product_cat-men","9":"product_cat-mens-shoes-2","10":"product_tag-calf-leather-shoes","11":"product_tag-casual-shoes","12":"product_tag-eva-sole","13":"product_tag-goat-lining","14":"product_tag-loafer-shoes","15":"product_tag-mens-loafers","16":"product_tag-mens-yellow-shoes","17":"product_tag-premium-loafers","18":"product_tag-stylish-mens-footwear","19":"product_tag-yellow-loafers","20":"desktop-align-center","21":"tablet-align-center","22":"mobile-align-center","24":"first","25":"instock","26":"shipping-taxable","27":"purchasable","28":"product-type-variable","29":"has-default-attributes"},"acf":[],"uagb_featured_image_src":{"full":["https:\/\/turkishtrade.co\/wp-content\/uploads\/2026\/01\/2600QLOMN00045-YELLOW.png",453,250,false],"thumbnail":["https:\/\/turkishtrade.co\/wp-content\/uploads\/2026\/01\/2600QLOMN00045-YELLOW-150x150.png",150,150,true],"medium":["https:\/\/turkishtrade.co\/wp-content\/uploads\/2026\/01\/2600QLOMN00045-YELLOW-300x166.png",300,166,true],"medium_large":["https:\/\/turkishtrade.co\/wp-content\/uploads\/2026\/01\/2600QLOMN00045-YELLOW.png",453,250,false],"large":["https:\/\/turkishtrade.co\/wp-content\/uploads\/2026\/01\/2600QLOMN00045-YELLOW.png",453,250,false],"1536x1536":["https:\/\/turkishtrade.co\/wp-content\/uploads\/2026\/01\/2600QLOMN00045-YELLOW.png",453,250,false],"2048x2048":["https:\/\/turkishtrade.co\/wp-content\/uploads\/2026\/01\/2600QLOMN00045-YELLOW.png",453,250,false],"trp-custom-language-flag":["https:\/\/turkishtrade.co\/wp-content\/uploads\/2026\/01\/2600QLOMN00045-YELLOW-18x10.png",18,10,true],"woocommerce_thumbnail":["https:\/\/turkishtrade.co\/wp-content\/uploads\/2026\/01\/2600QLOMN00045-YELLOW-400x250.png",400,250,true],"woocommerce_single":["https:\/\/turkishtrade.co\/wp-content\/uploads\/2026\/01\/2600QLOMN00045-YELLOW.png",453,250,false],"woocommerce_gallery_thumbnail":["https:\/\/turkishtrade.co\/wp-content\/uploads\/2026\/01\/2600QLOMN00045-YELLOW-100x100.png",100,100,true]},"uagb_author_info":{"display_name":"python python","author_link":"https:\/\/turkishtrade.co\/tr\/author\/"},"uagb_comment_info":0,"uagb_excerpt":"Premium Calf Leather Upper for Durability and Luxurious Feel Soft and Breathable Goat Leather Lining for All-Day Comfort Lightweight EVA Sole for Superior Cushioning and Flexibility Vibrant Yellow Hue with Classic Loafer Design &amp; Metallic Medallion Detail Perfect for Casual to Smart-Casual Occasions Available in EU Sizes 40-44 Wholesale Opportunities Available (Minimum Order: 8 Pairs)","_links":{"self":[{"href":"https:\/\/turkishtrade.co\/tr\/wp-json\/wp\/v2\/product\/8593","targetHints":{"allow":["GET"]}}],"collection":[{"href":"https:\/\/turkishtrade.co\/tr\/wp-json\/wp\/v2\/product"}],"about":[{"href":"https:\/\/turkishtrade.co\/tr\/wp-json\/wp\/v2\/types\/product"}],"wp:featuredmedia":[{"embeddable":true,"href":"https:\/\/turkishtrade.co\/tr\/wp-json\/wp\/v2\/media\/6749"}],"wp:attachment":[{"href":"https:\/\/turkishtrade.co\/tr\/wp-json\/wp\/v2\/media?parent=8593"}],"wp:term":[{"taxonomy":"product_brand","embeddable":true,"href":"https:\/\/turkishtrade.co\/tr\/wp-json\/wp\/v2\/product_brand?post=8593"},{"taxonomy":"product_cat","embeddable":true,"href":"https:\/\/turkishtrade.co\/tr\/wp-json\/wp\/v2\/product_cat?post=8593"},{"taxonomy":"product_tag","embeddable":true,"href":"https:\/\/turkishtrade.co\/tr\/wp-json\/wp\/v2\/product_tag?post=8593"}],"curies":[{"name":"wp","href":"https:\/\/api.w.org\/{rel}","templated":true}]}}