{"id":8592,"date":"2026-01-29T14:51:20","date_gmt":"2026-01-29T14:51:20","guid":{"rendered":"https:\/\/turkishtrade.co\/?post_type=product&#038;p=8592"},"modified":"2026-04-09T20:20:26","modified_gmt":"2026-04-09T20:20:26","slug":"mens-navy-calf-leather-loafers","status":"publish","type":"product","link":"https:\/\/turkishtrade.co\/tr\/shop\/mens-navy-calf-leather-loafers\/","title":{"rendered":"Erkek Lacivert Dana Derisi Loafer Incredible | Erkek Lacivert Dana Derisi Casual"},"content":{"rendered":"<p><strong>Erkek Lacivert Dana Derisi Loafer<\/strong>. \u0130nan\u0131lmaz kalite ve tasar\u0131m.<\/p>\n<p>Enfes tasar\u0131m\u0131m\u0131zla benzersiz konfora ve sofistike stile ad\u0131m at\u0131n <strong>Erkek Lacivert Dana Derisi Loafer<\/strong>. Hem \u015f\u0131kl\u0131\u011fa hem de pratikli\u011fe de\u011fer veren modern erkekler i\u00e7in tasarlanan bu mokasen ayakkab\u0131lar, \u00fcst\u00fcn i\u015f\u00e7ili\u011fin bir kan\u0131t\u0131d\u0131r. Her bir \u00e7ift, en iyi hakiki dana derisinden titizlikle \u00fcretilmi\u015ftir ve uzun s\u00fcreli dayan\u0131kl\u0131l\u0131k sa\u011flarken zaman i\u00e7inde aya\u011f\u0131n\u0131za uyum sa\u011flayan p\u00fcr\u00fczs\u00fcz, esnek bir d\u0131\u015f y\u00fczey sunar. Zengin lacivert tonu, g\u00fcndelik ya da yar\u0131 resmi t\u00fcm tak\u0131mlar i\u00e7in \u00e7ok y\u00f6nl\u00fc bir temel olu\u015fturarak bu mokasenleri ayakkab\u0131 koleksiyonunuzun olmazsa olmaz\u0131 haline getirir.<\/p>\n<h3>Rakipsiz Konfor ve Birinci S\u0131n\u0131f Malzemeler<\/h3>\n<p>Loafer'lar\u0131m\u0131z\u0131 di\u011ferlerinden ay\u0131ran \u015fey, birinci s\u0131n\u0131f malzemelerin \u00f6zenle bir araya getirilmi\u015f olmas\u0131d\u0131r. \u0130\u00e7 k\u0131s\u0131mda bulunan yumu\u015fak, nefes alabilen ke\u00e7i derisi astar, uzun s\u00fcreli kullan\u0131mlarda bile ayaklar\u0131n\u0131z i\u00e7in son derece rahat bir ortam sa\u011flar. Her ad\u0131mda rahats\u0131zl\u0131\u011fa veda edin ve pel\u00fc\u015f, l\u00fcks bir hisse merhaba deyin. Hafif EVA taban, \u00fcst\u00fcn \u015fok emilimi ve esneklik sunarak bu g\u00fcndelik mokasen ayakkab\u0131lar\u0131n m\u00fckemmel bir destek ve hareket \u00f6zg\u00fcrl\u00fc\u011f\u00fc dengesi sa\u011flamas\u0131n\u0131 sa\u011flar. \u0130ster \u015fehir sokaklar\u0131nda geziniyor ister rahat bir hafta sonu gezintisinin tad\u0131n\u0131 \u00e7\u0131kar\u0131yor olun, bu mokasen ayakkab\u0131lar\u0131n konforu sizi ayakta tutacakt\u0131r.<\/p>\n<p>Ay\u0131rt edici tasar\u0131m, vampir \u00fczerinde karma\u015f\u0131k delikli detaylara ve yanlar boyunca ince dokulu bir desene sahiptir ve zarif bir zarafet dokunu\u015fu ekler. \u00dcst k\u0131sm\u0131 s\u00fcsleyen \u015f\u0131k g\u00fcm\u00fc\u015f tonlu metal toka, genel sofistike esteti\u011fi geli\u015ftiren bir odak noktas\u0131 sa\u011flar. Bunlar sadece ayakkab\u0131 de\u011fil; se\u00e7kin bir zevkin ve kaliteye olan ba\u011fl\u0131l\u0131\u011f\u0131n ifadesidir. Sa\u011flam yap\u0131s\u0131, bu ayakkab\u0131lar\u0131n <strong>Erkek Lacivert Dana Derisi Loafer<\/strong> gelecek sezonlar boyunca gard\u0131robunuzda temel bir par\u00e7a olarak kalacakt\u0131r.<\/p>\n<h3>Her Durum i\u00e7in \u00c7ok Y\u00f6nl\u00fcl\u00fck<\/h3>\n<p>Lacivert dana derisi mokasen ayakkab\u0131lar\u0131m\u0131z son derece \u00e7ok y\u00f6nl\u00fcd\u00fcr, \u015f\u0131k ve rahat bir ofis g\u00f6r\u00fcn\u00fcm\u00fcnden rahat bir ak\u015fam gezmesine sorunsuzca ge\u00e7i\u015f yapar. G\u00f6steri\u015fli bir g\u00f6r\u00fcn\u00fcm i\u00e7in chino pantolonlar, \u00f6zel dikim \u015fortlar veya elbise pantolonlarla ya da daha rahat ama \u015f\u0131k bir hava i\u00e7in kot pantolonlarla e\u015fle\u015ftirin. 40'tan 44'e kadar kapsaml\u0131 bir beden yelpazesinde mevcut olup, geni\u015f bir m\u00fc\u015fteri yelpazesi i\u00e7in m\u00fckemmel bir uyum sa\u011fl\u0131yoruz. Birinci s\u0131n\u0131f malzemelerin ve uzman tasar\u0131m\u0131n g\u00fcnl\u00fck konforunuzda ve tarz\u0131n\u0131zda yaratt\u0131\u011f\u0131 fark\u0131 deneyimleyin.<\/p>\n<p>Zamans\u0131z \u00e7ekicili\u011fi modern konforla birle\u015ftiren ayakkab\u0131lara yat\u0131r\u0131m yap\u0131n. Bunlar <strong>Erkek Lacivert Dana Derisi Loafer<\/strong> ayakkab\u0131dan daha fazlas\u0131d\u0131r; kaliteye yap\u0131lan bir yat\u0131r\u0131md\u0131r ve iyi se\u00e7ilmi\u015f her gard\u0131rop i\u00e7in vazge\u00e7ilmez bir unsurdur. M\u00fc\u015fterilerine ola\u011fan\u00fcst\u00fc kalite sunmak isteyen perakendeciler i\u00e7in, minimum 8 \u00e7ift sipari\u015f miktar\u0131yla cazip toptan sat\u0131\u015f se\u00e7enekleri sunuyoruz. Bu aranan g\u00fcndelik mokasen ayakkab\u0131larla envanterinizi y\u00fckseltin.<\/p>","protected":false},"excerpt":{"rendered":"<ul>\n<li>\u00dcst\u00fcn dayan\u0131kl\u0131l\u0131k ve sofistike stil i\u00e7in hakiki dana derisinden el yap\u0131m\u0131 olarak \u00fcretilmi\u015ftir.<\/li>\n<li>L\u00fcks ke\u00e7i derisi astar ola\u011fan\u00fcst\u00fc konfor ve nefes alabilirlik sa\u011flar.<\/li>\n<li>Hafif ve esnek EVA taban g\u00fcn boyu yast\u0131klama ve destek sa\u011flar.<\/li>\n<li>Karma\u015f\u0131k delikli detaylara ve \u015f\u0131k bir metal tokaya sahip zengin lacivert bir kaplamaya sahiptir.<\/li>\n<li>40-44 aras\u0131 geni\u015f bir beden yelpazesinde mevcuttur.<\/li>\n<li>Minimum 8 \u00e7ift sipari\u015f ile toptan sat\u0131\u015f f\u0131rsatlar\u0131 mevcuttur.<\/li>\n<\/ul>","protected":false},"featured_media":6748,"template":"","meta":{"_acf_changed":false,"_uag_custom_page_level_css":"","site-sidebar-layout":"default","site-content-layout":"","ast-site-content-layout":"default","site-content-style":"default","site-sidebar-style":"default","ast-global-header-display":"","ast-banner-title-visibility":"","ast-main-header-display":"","ast-hfb-above-header-display":"","ast-hfb-below-header-display":"","ast-hfb-mobile-header-display":"","site-post-title":"","ast-breadcrumbs-content":"","ast-featured-img":"","footer-sml-layout":"","ast-disable-related-posts":"","theme-transparent-header-meta":"","adv-header-id-meta":"","stick-header-meta":"","header-above-stick-meta":"","header-main-stick-meta":"","header-below-stick-meta":"","astra-migrate-meta-layouts":"default","ast-page-background-enabled":"default","ast-page-background-meta":{"desktop":{"background-color":"var(--ast-global-color-4)","background-image":"","background-repeat":"repeat","background-position":"center center","background-size":"auto","background-attachment":"scroll","background-type":"","background-media":"","overlay-type":"","overlay-color":"","overlay-opacity":"","overlay-gradient":""},"tablet":{"background-color":"","background-image":"","background-repeat":"repeat","background-position":"center center","background-size":"auto","background-attachment":"scroll","background-type":"","background-media":"","overlay-type":"","overlay-color":"","overlay-opacity":"","overlay-gradient":""},"mobile":{"background-color":"","background-image":"","background-repeat":"repeat","background-position":"center center","background-size":"auto","background-attachment":"scroll","background-type":"","background-media":"","overlay-type":"","overlay-color":"","overlay-opacity":"","overlay-gradient":""}},"ast-content-background-meta":{"desktop":{"background-color":"var(--ast-global-color-5)","background-image":"","background-repeat":"repeat","background-position":"center center","background-size":"auto","background-attachment":"scroll","background-type":"","background-media":"","overlay-type":"","overlay-color":"","overlay-opacity":"","overlay-gradient":""},"tablet":{"background-color":"var(--ast-global-color-5)","background-image":"","background-repeat":"repeat","background-position":"center center","background-size":"auto","background-attachment":"scroll","background-type":"","background-media":"","overlay-type":"","overlay-color":"","overlay-opacity":"","overlay-gradient":""},"mobile":{"background-color":"var(--ast-global-color-5)","background-image":"","background-repeat":"repeat","background-position":"center center","background-size":"auto","background-attachment":"scroll","background-type":"","background-media":"","overlay-type":"","overlay-color":"","overlay-opacity":"","overlay-gradient":""}}},"product_brand":[],"product_cat":[48,49,430,1200],"product_tag":[185,512,438,189,351,198,186,557,184,210],"class_list":{"0":"post-8592","1":"product","2":"type-product","3":"status-publish","4":"has-post-thumbnail","6":"product_cat-casual","7":"product_cat-loafer","8":"product_cat-men","9":"product_cat-mens-shoes-2","10":"product_tag-calf-leather-shoes","11":"product_tag-casual-loafers","12":"product_tag-eva-sole","13":"product_tag-goat-leather-lining","14":"product_tag-leather-footwear","15":"product_tag-mens-fashion","16":"product_tag-mens-loafers","17":"product_tag-navy-loafers","18":"product_tag-slip-on-shoes","19":"product_tag-smart-casual","20":"desktop-align-center","21":"tablet-align-center","22":"mobile-align-center","24":"first","25":"instock","26":"shipping-taxable","27":"purchasable","28":"product-type-variable","29":"has-default-attributes"},"acf":[],"uagb_featured_image_src":{"full":["https:\/\/turkishtrade.co\/wp-content\/uploads\/2026\/01\/2600QLOMN00044-BLACK.png",453,250,false],"thumbnail":["https:\/\/turkishtrade.co\/wp-content\/uploads\/2026\/01\/2600QLOMN00044-BLACK-150x150.png",150,150,true],"medium":["https:\/\/turkishtrade.co\/wp-content\/uploads\/2026\/01\/2600QLOMN00044-BLACK-300x166.png",300,166,true],"medium_large":["https:\/\/turkishtrade.co\/wp-content\/uploads\/2026\/01\/2600QLOMN00044-BLACK.png",453,250,false],"large":["https:\/\/turkishtrade.co\/wp-content\/uploads\/2026\/01\/2600QLOMN00044-BLACK.png",453,250,false],"1536x1536":["https:\/\/turkishtrade.co\/wp-content\/uploads\/2026\/01\/2600QLOMN00044-BLACK.png",453,250,false],"2048x2048":["https:\/\/turkishtrade.co\/wp-content\/uploads\/2026\/01\/2600QLOMN00044-BLACK.png",453,250,false],"trp-custom-language-flag":["https:\/\/turkishtrade.co\/wp-content\/uploads\/2026\/01\/2600QLOMN00044-BLACK-18x10.png",18,10,true],"woocommerce_thumbnail":["https:\/\/turkishtrade.co\/wp-content\/uploads\/2026\/01\/2600QLOMN00044-BLACK-400x250.png",400,250,true],"woocommerce_single":["https:\/\/turkishtrade.co\/wp-content\/uploads\/2026\/01\/2600QLOMN00044-BLACK.png",453,250,false],"woocommerce_gallery_thumbnail":["https:\/\/turkishtrade.co\/wp-content\/uploads\/2026\/01\/2600QLOMN00044-BLACK-100x100.png",100,100,true]},"uagb_author_info":{"display_name":"python python","author_link":"https:\/\/turkishtrade.co\/tr\/author\/"},"uagb_comment_info":0,"uagb_excerpt":"Handcrafted from genuine calf leather for superior durability and sophisticated style. Luxurious goat leather lining ensures exceptional comfort and breathability. Lightweight and flexible EVA sole provides all-day cushioning and support. Features a rich navy blue finish with intricate perforated details and a stylish metal buckle. Available in a comprehensive range of sizes from 40-44. Wholesale&hellip;","_links":{"self":[{"href":"https:\/\/turkishtrade.co\/tr\/wp-json\/wp\/v2\/product\/8592","targetHints":{"allow":["GET"]}}],"collection":[{"href":"https:\/\/turkishtrade.co\/tr\/wp-json\/wp\/v2\/product"}],"about":[{"href":"https:\/\/turkishtrade.co\/tr\/wp-json\/wp\/v2\/types\/product"}],"wp:featuredmedia":[{"embeddable":true,"href":"https:\/\/turkishtrade.co\/tr\/wp-json\/wp\/v2\/media\/6748"}],"wp:attachment":[{"href":"https:\/\/turkishtrade.co\/tr\/wp-json\/wp\/v2\/media?parent=8592"}],"wp:term":[{"taxonomy":"product_brand","embeddable":true,"href":"https:\/\/turkishtrade.co\/tr\/wp-json\/wp\/v2\/product_brand?post=8592"},{"taxonomy":"product_cat","embeddable":true,"href":"https:\/\/turkishtrade.co\/tr\/wp-json\/wp\/v2\/product_cat?post=8592"},{"taxonomy":"product_tag","embeddable":true,"href":"https:\/\/turkishtrade.co\/tr\/wp-json\/wp\/v2\/product_tag?post=8592"}],"curies":[{"name":"wp","href":"https:\/\/api.w.org\/{rel}","templated":true}]}}