{"id":8591,"date":"2026-01-29T14:51:20","date_gmt":"2026-01-29T14:51:20","guid":{"rendered":"https:\/\/turkishtrade.co\/?post_type=product&#038;p=8591"},"modified":"2026-04-09T20:20:29","modified_gmt":"2026-04-09T20:20:29","slug":"mens-calf-leather-loafers-20","status":"publish","type":"product","link":"https:\/\/turkishtrade.co\/tr\/shop\/mens-calf-leather-loafers-20\/","title":{"rendered":"Erkek Dana Derisi Loafer Authentic | Erkek Premium Lacivert Dana Derisi"},"content":{"rendered":"<p><strong>Erkek Dana Derisi Loafer<\/strong>. Otantik kalite ve tasar\u0131m.<\/p>\n<p>\u00dcst\u00fcn kaliteli \u00fcr\u00fcnlerimizle sofistike konfora ve zamans\u0131z stile ad\u0131m at\u0131n <strong>Erkek Dana Derisi Loafer<\/strong>. Se\u00e7kin beyefendiler i\u00e7in tasarlanan bu zarif g\u00fcnl\u00fck mokasen ayakkab\u0131lar, klasik \u015f\u0131kl\u0131\u011f\u0131 modern pratiklikle m\u00fckemmel bir \u015fekilde harmanl\u0131yor. En iyi hakiki dana derisinden \u00fcretilen her bir \u00e7ift, yaln\u0131zca ola\u011fan\u00fcst\u00fc dayan\u0131kl\u0131l\u0131k de\u011fil, ayn\u0131 zamanda ya\u015fland\u0131k\u00e7a daha da zenginle\u015fecek l\u00fcks bir his vaat ediyor. Bu s\u0131ra d\u0131\u015f\u0131 ayakkab\u0131larla benzersiz kalite ve tasar\u0131m\u0131 deneyimleyin <strong>Erkek Dana Derisi Loafer<\/strong>.<\/p>\n<h3>E\u015fsiz \u0130\u015f\u00e7ilik ve Birinci S\u0131n\u0131f Malzemeler<\/h3>\n<p>Bu mokasen ayakkab\u0131lar\u0131n kalbinde \u00fcst\u00fcn malzemelere ba\u011fl\u0131l\u0131k yatar. Ayakkab\u0131n\u0131n d\u0131\u015f y\u00fczeyi, sa\u011flaml\u0131\u011f\u0131, yumu\u015fakl\u0131\u011f\u0131 ve g\u00fczel do\u011fal dokusuyla tan\u0131nan esnek, tam tah\u0131ll\u0131 dana derisinden \u00fcretilmi\u015ftir. Bu sayede ayakkab\u0131n\u0131z g\u00fcnl\u00fck a\u015f\u0131nmaya kar\u015f\u0131 dayan\u0131kl\u0131 olurken parlak g\u00f6r\u00fcn\u00fcm\u00fcn\u00fc de korur. \u0130\u00e7 k\u0131s\u0131mda, ayaklar\u0131n\u0131z nefes alabilirli\u011fi ve nem emme \u00f6zellikleriyle bilinen, g\u00fcn boyunca ola\u011fan\u00fcst\u00fc konfor ve ferahl\u0131k sa\u011flayan l\u00fcks ve yumu\u015fak ke\u00e7i derisi astarla sar\u0131l\u0131r. Temel, gereksiz hacim eklemeden m\u00fckemmel yast\u0131klama, esneklik ve g\u00fcvenilir kavrama sa\u011flamak \u00fczere tasarlanm\u0131\u015f hafif ancak sa\u011flam bir EVA taband\u0131r. Bu unsurlar bir araya gelerek <strong>Erkek Dana Derisi Loafer<\/strong> hem bi\u00e7im hem de i\u015flev sunar.<\/p>\n<h3>Her Durum i\u00e7in \u00c7abas\u0131z Stil<\/h3>\n<p>Bunlar\u0131n tasar\u0131m\u0131 <strong>Erkek Dana Derisi Loafer<\/strong> abart\u0131s\u0131z bir sofistike g\u00f6r\u00fcn\u00fcm sergiler. Klasik p\u00fcsk\u00fcl detay\u0131 ve titiz el diki\u015fli mokasen yap\u0131s\u0131yla geleneksel loafer esteti\u011finin \u00f6z\u00fcn\u00fc yakalar. Zengin lacivert tonu, geleneksel siyah veya kahverengiye \u00e7ok y\u00f6nl\u00fc ve \u015f\u0131k bir alternatif sunarak, bu ayakkab\u0131lar\u0131 \u00e7ok \u00e7e\u015fitli k\u0131yafetlerle e\u015fle\u015ftirmeyi inan\u0131lmaz derecede kolayla\u015ft\u0131r\u0131r. \u015e\u0131k ve rahat ofis k\u0131yafetlerinden hafta sonu rahat giyime kadar, bu mokasen ayakkab\u0131lar her kombine zarif bir \u015f\u0131kl\u0131k katmak i\u00e7in ideal bir se\u00e7imdir. Modern erkek i\u00e7in ger\u00e7ekten m\u00fckemmel bir g\u00fcndelik loafer.<\/p>\n<h3>T\u00fcm G\u00fcn S\u00fcren Konfor<\/h3>\n<p>Tasar\u0131m felsefemizde konfor her \u015feyden \u00f6nemlidir. Esnek dana derisi, yumu\u015fak ke\u00e7i derisi astar ve esnek EVA taban\u0131n birle\u015fimi, sabahtan ak\u015fama kadar inan\u0131lmaz rahat bir kullan\u0131m deneyimi sa\u011flar. Bunlar <strong>Erkek Dana Derisi Loafer<\/strong> ayaklar\u0131n\u0131z\u0131n hatlar\u0131na uyum sa\u011flayarak destekleyici yast\u0131klama sa\u011flar ve yorgunlu\u011fu azalt\u0131r. 40'tan 44'e kadar kapsaml\u0131 bir AB beden yelpazesinde mevcut olup, m\u00fckemmel ve rahat bir uyum sa\u011flayarak g\u00fcn\u00fcn\u00fcz sizi nereye g\u00f6t\u00fcr\u00fcrse g\u00f6t\u00fcrs\u00fcn kolayl\u0131kla ve g\u00fcvenle hareket etmenizi sa\u011flar.<\/p>\n<h3>\u00d6zel Toptan Sat\u0131\u015f F\u0131rsatlar\u0131<\/h3>\n<p>Envanterlerini y\u00fcksek kaliteli, talep g\u00f6ren ayakkab\u0131larla zenginle\u015ftirmek isteyen i\u015fletmeler i\u00e7in bu premium <strong>Erkek Dana Derisi Loafer<\/strong> toptan sat\u0131n al\u0131nabilir. Minimum 8 \u00e7iftlik bir sipari\u015f miktar\u0131 talep ediyoruz, bu da perakendecilerin \u00f6nemli bir koleksiyonu stoklamas\u0131n\u0131 kolayla\u015ft\u0131r\u0131yor. M\u00fc\u015fterilerinize uzman T\u00fcrk i\u015f\u00e7ili\u011fini, \u00fcst\u00fcn malzemeleri ve kal\u0131c\u0131 stili \u00f6rnekleyen bir \u00fcr\u00fcn sunun - gard\u0131roplar\u0131 i\u00e7in garantili bir favori.<\/p>\n<p>Bir \u00e7ift ola\u011fan\u00fcst\u00fc \u00fcr\u00fcn\u00fcm\u00fcze yat\u0131r\u0131m yap\u0131n <strong>Erkek Dana Derisi Loafer<\/strong> ve l\u00fcks, konfor ve sofistike g\u00fcnl\u00fck ayakkab\u0131 standartlar\u0131n\u0131z\u0131 yeniden tan\u0131mlay\u0131n. Etkilemek ve uzun \u00f6m\u00fcrl\u00fc olmak i\u00e7in \u00fcretilen bir \u00fcr\u00fcnle ki\u015fisel tarz\u0131n\u0131z\u0131 y\u00fckseltin veya perakende teklifinizi geli\u015ftirin.<\/p>","protected":false},"excerpt":{"rendered":"<ul>\n<li>Kal\u0131c\u0131 kalite i\u00e7in hakiki, esnek dana derisinden \u00fcretilmi\u015ftir<\/li>\n<li>L\u00fcks ve yumu\u015fak ke\u00e7i derisi astar \u00fcst\u00fcn konfor ve nefes alabilirlik sa\u011flar<\/li>\n<li>Hafif ve esnek EVA taban g\u00fcn boyu yast\u0131klama sa\u011flar<\/li>\n<li>Klasik p\u00fcsk\u00fcl detay\u0131 ve \u00f6zenli mokasen diki\u015fi<\/li>\n<li>Sofistike lacivert tonu, \u00e7ok y\u00f6nl\u00fc stil i\u00e7in m\u00fckemmel<\/li>\n<li>M\u00fckemmel uyum i\u00e7in 40-44 AB bedenleri mevcuttur<\/li>\n<li>Minimum 8 \u00e7ift miktar\u0131ndaki toptan sipari\u015fler i\u00e7in idealdir<\/li>\n<\/ul>","protected":false},"featured_media":6747,"template":"","meta":{"_acf_changed":false,"_uag_custom_page_level_css":"","site-sidebar-layout":"default","site-content-layout":"","ast-site-content-layout":"default","site-content-style":"default","site-sidebar-style":"default","ast-global-header-display":"","ast-banner-title-visibility":"","ast-main-header-display":"","ast-hfb-above-header-display":"","ast-hfb-below-header-display":"","ast-hfb-mobile-header-display":"","site-post-title":"","ast-breadcrumbs-content":"","ast-featured-img":"","footer-sml-layout":"","ast-disable-related-posts":"","theme-transparent-header-meta":"","adv-header-id-meta":"","stick-header-meta":"","header-above-stick-meta":"","header-main-stick-meta":"","header-below-stick-meta":"","astra-migrate-meta-layouts":"default","ast-page-background-enabled":"default","ast-page-background-meta":{"desktop":{"background-color":"var(--ast-global-color-4)","background-image":"","background-repeat":"repeat","background-position":"center center","background-size":"auto","background-attachment":"scroll","background-type":"","background-media":"","overlay-type":"","overlay-color":"","overlay-opacity":"","overlay-gradient":""},"tablet":{"background-color":"","background-image":"","background-repeat":"repeat","background-position":"center center","background-size":"auto","background-attachment":"scroll","background-type":"","background-media":"","overlay-type":"","overlay-color":"","overlay-opacity":"","overlay-gradient":""},"mobile":{"background-color":"","background-image":"","background-repeat":"repeat","background-position":"center center","background-size":"auto","background-attachment":"scroll","background-type":"","background-media":"","overlay-type":"","overlay-color":"","overlay-opacity":"","overlay-gradient":""}},"ast-content-background-meta":{"desktop":{"background-color":"var(--ast-global-color-5)","background-image":"","background-repeat":"repeat","background-position":"center center","background-size":"auto","background-attachment":"scroll","background-type":"","background-media":"","overlay-type":"","overlay-color":"","overlay-opacity":"","overlay-gradient":""},"tablet":{"background-color":"var(--ast-global-color-5)","background-image":"","background-repeat":"repeat","background-position":"center center","background-size":"auto","background-attachment":"scroll","background-type":"","background-media":"","overlay-type":"","overlay-color":"","overlay-opacity":"","overlay-gradient":""},"mobile":{"background-color":"var(--ast-global-color-5)","background-image":"","background-repeat":"repeat","background-position":"center center","background-size":"auto","background-attachment":"scroll","background-type":"","background-media":"","overlay-type":"","overlay-color":"","overlay-opacity":"","overlay-gradient":""}}},"product_brand":[],"product_cat":[48,49,430,1200],"product_tag":[185,449,287,189,967,186,372,557,525,349],"class_list":{"0":"post-8591","1":"product","2":"type-product","3":"status-publish","4":"has-post-thumbnail","6":"product_cat-casual","7":"product_cat-loafer","8":"product_cat-men","9":"product_cat-mens-shoes-2","10":"product_tag-calf-leather-shoes","11":"product_tag-casual-shoes","12":"product_tag-eva-sole-shoes","13":"product_tag-goat-leather-lining","14":"product_tag-leather-casual-shoes","15":"product_tag-mens-loafers","16":"product_tag-mens-slip-on-shoes","17":"product_tag-navy-loafers","18":"product_tag-premium-leather-footwear","19":"product_tag-tassel-loafers","20":"desktop-align-center","21":"tablet-align-center","22":"mobile-align-center","24":"first","25":"instock","26":"shipping-taxable","27":"purchasable","28":"product-type-variable","29":"has-default-attributes"},"acf":[],"uagb_featured_image_src":{"full":["https:\/\/turkishtrade.co\/wp-content\/uploads\/2026\/01\/2600QLOMN00043-GREY.png",453,250,false],"thumbnail":["https:\/\/turkishtrade.co\/wp-content\/uploads\/2026\/01\/2600QLOMN00043-GREY-150x150.png",150,150,true],"medium":["https:\/\/turkishtrade.co\/wp-content\/uploads\/2026\/01\/2600QLOMN00043-GREY-300x166.png",300,166,true],"medium_large":["https:\/\/turkishtrade.co\/wp-content\/uploads\/2026\/01\/2600QLOMN00043-GREY.png",453,250,false],"large":["https:\/\/turkishtrade.co\/wp-content\/uploads\/2026\/01\/2600QLOMN00043-GREY.png",453,250,false],"1536x1536":["https:\/\/turkishtrade.co\/wp-content\/uploads\/2026\/01\/2600QLOMN00043-GREY.png",453,250,false],"2048x2048":["https:\/\/turkishtrade.co\/wp-content\/uploads\/2026\/01\/2600QLOMN00043-GREY.png",453,250,false],"trp-custom-language-flag":["https:\/\/turkishtrade.co\/wp-content\/uploads\/2026\/01\/2600QLOMN00043-GREY-18x10.png",18,10,true],"woocommerce_thumbnail":["https:\/\/turkishtrade.co\/wp-content\/uploads\/2026\/01\/2600QLOMN00043-GREY-400x250.png",400,250,true],"woocommerce_single":["https:\/\/turkishtrade.co\/wp-content\/uploads\/2026\/01\/2600QLOMN00043-GREY.png",453,250,false],"woocommerce_gallery_thumbnail":["https:\/\/turkishtrade.co\/wp-content\/uploads\/2026\/01\/2600QLOMN00043-GREY-100x100.png",100,100,true]},"uagb_author_info":{"display_name":"python python","author_link":"https:\/\/turkishtrade.co\/tr\/author\/"},"uagb_comment_info":0,"uagb_excerpt":"Crafted from genuine, supple calf leather for lasting quality Luxuriously soft goat leather lining ensures superior comfort and breathability Lightweight and flexible EVA sole provides all-day cushioning Features a classic tassel detail and meticulous moccasin stitching Sophisticated navy hue, perfect for versatile styling Available in EU sizes 40-44 for a perfect fit Ideal for wholesale&hellip;","_links":{"self":[{"href":"https:\/\/turkishtrade.co\/tr\/wp-json\/wp\/v2\/product\/8591","targetHints":{"allow":["GET"]}}],"collection":[{"href":"https:\/\/turkishtrade.co\/tr\/wp-json\/wp\/v2\/product"}],"about":[{"href":"https:\/\/turkishtrade.co\/tr\/wp-json\/wp\/v2\/types\/product"}],"wp:featuredmedia":[{"embeddable":true,"href":"https:\/\/turkishtrade.co\/tr\/wp-json\/wp\/v2\/media\/6747"}],"wp:attachment":[{"href":"https:\/\/turkishtrade.co\/tr\/wp-json\/wp\/v2\/media?parent=8591"}],"wp:term":[{"taxonomy":"product_brand","embeddable":true,"href":"https:\/\/turkishtrade.co\/tr\/wp-json\/wp\/v2\/product_brand?post=8591"},{"taxonomy":"product_cat","embeddable":true,"href":"https:\/\/turkishtrade.co\/tr\/wp-json\/wp\/v2\/product_cat?post=8591"},{"taxonomy":"product_tag","embeddable":true,"href":"https:\/\/turkishtrade.co\/tr\/wp-json\/wp\/v2\/product_tag?post=8591"}],"curies":[{"name":"wp","href":"https:\/\/api.w.org\/{rel}","templated":true}]}}