{"id":8590,"date":"2026-01-29T14:51:20","date_gmt":"2026-01-29T14:51:20","guid":{"rendered":"https:\/\/turkishtrade.co\/?post_type=product&#038;p=8590"},"modified":"2026-04-09T20:20:32","modified_gmt":"2026-04-09T20:20:32","slug":"mens-calf-leather-loafers-21","status":"publish","type":"product","link":"https:\/\/turkishtrade.co\/tr\/shop\/mens-calf-leather-loafers-21\/","title":{"rendered":"Erkek Dana Derisi Loaferlar Rakipsiz | Erkek Premium Dana Derisi Casual"},"content":{"rendered":"<p><strong>Erkek Dana Derisi Loafer<\/strong>. Rakipsiz kalite ve tasar\u0131m.<\/p>\n<p>Enfes tasar\u0131m\u0131m\u0131zla benzersiz konfora ve sofistike stile ad\u0131m at\u0131n <strong>Erkek Dana Derisi Loafer<\/strong>. Modern beyefendiler i\u00e7in tasarlanan bu birinci s\u0131n\u0131f mokasen ayakkab\u0131lar, geleneksel i\u015f\u00e7ili\u011fi \u00e7a\u011fda\u015f zarafetle birle\u015ftiriyor. Her bir \u00e7ift y\u00fcksek kaliteli, hakiki dana derisinden titizlikle \u00fcretilmi\u015ftir, p\u00fcr\u00fczs\u00fcz bir y\u00fczey ve zaman i\u00e7inde g\u00fczel bir \u015fekilde ya\u015flanmay\u0131 vaat eden ola\u011fan\u00fcst\u00fc bir dayan\u0131kl\u0131l\u0131k sunar. Zengin, s\u0131cak kahverengi tonu, bu mokasenleri inan\u0131lmaz derecede \u00e7ok y\u00f6nl\u00fc hale getirir; chino pantolonlardan \u015fortlara ve \u015f\u0131k pantolonlara kadar \u00e7ok \u00e7e\u015fitli k\u0131yafetleri tamamlamak i\u00e7in m\u00fckemmeldir.<\/p>\n<h3>E\u015fsiz Konfor ve Kalite<\/h3>\n<p>L\u00fcks\u00fc i\u00e7ten d\u0131\u015fa ya\u015fay\u0131n. Bizim <strong>Erkek Dana Derisi Loafer<\/strong> aya\u011f\u0131n\u0131za uyum sa\u011flayan, nefes alabilen ve rahat bir uyum sa\u011flayan, son derece yumu\u015fak ke\u00e7i derisi astara sahiptir. Bu do\u011fal astar nemi uzakla\u015ft\u0131rarak ayaklar\u0131n\u0131z\u0131n g\u00fcn boyunca ferah kalmas\u0131n\u0131 sa\u011flar. Yenilik\u00e7i tasar\u0131m, ola\u011fan\u00fcst\u00fc yast\u0131klama ve esnekli\u011fi ile tan\u0131nan hafif EVA taban i\u00e7erir. \u0130ster \u015fehir sokaklar\u0131nda geziniyor ister rahat bir hafta sonunun tad\u0131n\u0131 \u00e7\u0131kar\u0131yor olun, EVA taban \u00fcst\u00fcn \u015fok emilimi ve g\u00fcvenilir kavrama sa\u011flayarak her ad\u0131m\u0131 bir zevk haline getirir.<\/p>\n<p>\u00d6zenle d\u00fc\u015f\u00fcn\u00fclm\u00fc\u015f detaylar bu mokasen ayakkab\u0131y\u0131 di\u011ferlerinden ay\u0131r\u0131yor. Zamans\u0131z mok burunlu yap\u0131, ince el diki\u015fi detaylarla tamamlanarak zanaat kalitesine olan ba\u011fl\u0131l\u0131\u011f\u0131 sergiler. Zarif metal toka vurgusu, sade bir sofistike dokunu\u015f katarak bu g\u00fcndelik mokasen ayakkab\u0131y\u0131 bir ifade par\u00e7as\u0131na d\u00f6n\u00fc\u015ft\u00fcr\u00fcr. Sade l\u00fcks\u00fc ve kal\u0131c\u0131 kaliteyi takdir edenler i\u00e7in m\u00fckemmel olan bu <strong>Erkek Dana Derisi Loafer<\/strong> her se\u00e7kin gard\u0131rop i\u00e7in olmazsa olmaz bir eklentidir.<\/p>\n<h3>Her Durum i\u00e7in \u00c7ok Y\u00f6nl\u00fc Stil<\/h3>\n<p>Bu \u00e7ok y\u00f6nl\u00fc mokasen ayakkab\u0131lar, g\u00fcndelik gezilerden daha rafine sosyal etkinliklere sorunsuzca ge\u00e7i\u015f yapmak i\u00e7in tasarlanm\u0131\u015ft\u0131r. Yaz brunch'lar\u0131 i\u00e7in \u00f6zel dikim \u015fortlarla e\u015fle\u015ftirin, g\u00f6steri\u015fli bir g\u00fcndelik g\u00f6r\u00fcn\u00fcm i\u00e7in kot pantolonlarla giyin veya \u015f\u0131k ve rahat bir kombin i\u00e7in blazer ceket ve pantolonlarla s\u00fcsleyin. Klasik silueti zamans\u0131z bir se\u00e7im olarak kalmas\u0131n\u0131 sa\u011flarken, birinci s\u0131n\u0131f malzemeler uzun \u00f6m\u00fcrl\u00fc a\u015f\u0131nma ve konforu garanti eder. AB 40 ila 44 aras\u0131nda pratik bir beden aral\u0131\u011f\u0131nda mevcut oldu\u011fundan, m\u00fckemmel uyumunuzu bulmak \u00e7ok kolay.<\/p>\n<p>M\u00fc\u015fterilerine \u00fcst\u00fcn ayakkab\u0131lar sunmak isteyen i\u015fletmeler i\u00e7in bu mokasen ayakkab\u0131lar toptan sat\u0131n al\u0131nabilir. Minimum 8 \u00e7ift sipari\u015f miktar\u0131yla toplu sipari\u015fler i\u00e7in cazip ko\u015fullar sa\u011fl\u0131yoruz ve bu \u00e7ok arzu edilen erkek deri ayakkab\u0131lar\u0131n\u0131 stoklamay\u0131 kolayla\u015ft\u0131r\u0131yoruz. Ola\u011fan\u00fcst\u00fc dana derisi mokasen ayakkab\u0131lar\u0131m\u0131zla kaliteye, konfora ve kal\u0131c\u0131 stile yat\u0131r\u0131m yap\u0131n.<\/p>","protected":false},"excerpt":{"rendered":"<ul>\n<li>Sofistike bir g\u00f6r\u00fcn\u00fcm i\u00e7in birinci s\u0131n\u0131f hakiki dana derisinden \u00fcretilmi\u015ftir.<\/li>\n<li>L\u00fcks ve yumu\u015fak ke\u00e7i derisi astar g\u00fcn boyu konfor sa\u011flar.<\/li>\n<li>Hafif ve esnek EVA taban m\u00fckemmel yast\u0131klama ve tutu\u015f sa\u011flar.<\/li>\n<li>\u015e\u0131k metal toka vurgulu klasik moc-toe diki\u015f.<\/li>\n<li>\u00c7ok y\u00f6nl\u00fc erkek bedenlerinde (AB 40-44) mevcuttur.<\/li>\n<li>Hem g\u00fcndelik giyim hem de smart-casual durumlar i\u00e7in idealdir.<\/li>\n<li>Minimum 8 \u00e7ift sipari\u015f miktar\u0131 ile toptan sipari\u015fler kabul edilir.<\/li>\n<\/ul>","protected":false},"featured_media":6746,"template":"","meta":{"_acf_changed":false,"_uag_custom_page_level_css":"","site-sidebar-layout":"default","site-content-layout":"","ast-site-content-layout":"default","site-content-style":"default","site-sidebar-style":"default","ast-global-header-display":"","ast-banner-title-visibility":"","ast-main-header-display":"","ast-hfb-above-header-display":"","ast-hfb-below-header-display":"","ast-hfb-mobile-header-display":"","site-post-title":"","ast-breadcrumbs-content":"","ast-featured-img":"","footer-sml-layout":"","ast-disable-related-posts":"","theme-transparent-header-meta":"","adv-header-id-meta":"","stick-header-meta":"","header-above-stick-meta":"","header-main-stick-meta":"","header-below-stick-meta":"","astra-migrate-meta-layouts":"default","ast-page-background-enabled":"default","ast-page-background-meta":{"desktop":{"background-color":"var(--ast-global-color-4)","background-image":"","background-repeat":"repeat","background-position":"center center","background-size":"auto","background-attachment":"scroll","background-type":"","background-media":"","overlay-type":"","overlay-color":"","overlay-opacity":"","overlay-gradient":""},"tablet":{"background-color":"","background-image":"","background-repeat":"repeat","background-position":"center center","background-size":"auto","background-attachment":"scroll","background-type":"","background-media":"","overlay-type":"","overlay-color":"","overlay-opacity":"","overlay-gradient":""},"mobile":{"background-color":"","background-image":"","background-repeat":"repeat","background-position":"center center","background-size":"auto","background-attachment":"scroll","background-type":"","background-media":"","overlay-type":"","overlay-color":"","overlay-opacity":"","overlay-gradient":""}},"ast-content-background-meta":{"desktop":{"background-color":"var(--ast-global-color-5)","background-image":"","background-repeat":"repeat","background-position":"center center","background-size":"auto","background-attachment":"scroll","background-type":"","background-media":"","overlay-type":"","overlay-color":"","overlay-opacity":"","overlay-gradient":""},"tablet":{"background-color":"var(--ast-global-color-5)","background-image":"","background-repeat":"repeat","background-position":"center center","background-size":"auto","background-attachment":"scroll","background-type":"","background-media":"","overlay-type":"","overlay-color":"","overlay-opacity":"","overlay-gradient":""},"mobile":{"background-color":"var(--ast-global-color-5)","background-image":"","background-repeat":"repeat","background-position":"center center","background-size":"auto","background-attachment":"scroll","background-type":"","background-media":"","overlay-type":"","overlay-color":"","overlay-opacity":"","overlay-gradient":""}}},"product_brand":[],"product_cat":[48,49,430,1200],"product_tag":[147,185,512,220,215,186,1135,184,210],"class_list":{"0":"post-8590","1":"product","2":"type-product","3":"status-publish","4":"has-post-thumbnail","6":"product_cat-casual","7":"product_cat-loafer","8":"product_cat-men","9":"product_cat-mens-shoes-2","10":"product_tag-brown-loafers","11":"product_tag-calf-leather-shoes","12":"product_tag-casual-loafers","13":"product_tag-comfortable-loafers","14":"product_tag-leather-loafers","15":"product_tag-mens-loafers","16":"product_tag-moc-toe-loafers","17":"product_tag-slip-on-shoes","18":"product_tag-smart-casual","19":"desktop-align-center","20":"tablet-align-center","21":"mobile-align-center","23":"first","24":"instock","25":"shipping-taxable","26":"purchasable","27":"product-type-variable","28":"has-default-attributes"},"acf":[],"uagb_featured_image_src":{"full":["https:\/\/turkishtrade.co\/wp-content\/uploads\/2026\/01\/2600QLOMN00042-BROWN.png",453,250,false],"thumbnail":["https:\/\/turkishtrade.co\/wp-content\/uploads\/2026\/01\/2600QLOMN00042-BROWN-150x150.png",150,150,true],"medium":["https:\/\/turkishtrade.co\/wp-content\/uploads\/2026\/01\/2600QLOMN00042-BROWN-300x166.png",300,166,true],"medium_large":["https:\/\/turkishtrade.co\/wp-content\/uploads\/2026\/01\/2600QLOMN00042-BROWN.png",453,250,false],"large":["https:\/\/turkishtrade.co\/wp-content\/uploads\/2026\/01\/2600QLOMN00042-BROWN.png",453,250,false],"1536x1536":["https:\/\/turkishtrade.co\/wp-content\/uploads\/2026\/01\/2600QLOMN00042-BROWN.png",453,250,false],"2048x2048":["https:\/\/turkishtrade.co\/wp-content\/uploads\/2026\/01\/2600QLOMN00042-BROWN.png",453,250,false],"trp-custom-language-flag":["https:\/\/turkishtrade.co\/wp-content\/uploads\/2026\/01\/2600QLOMN00042-BROWN-18x10.png",18,10,true],"woocommerce_thumbnail":["https:\/\/turkishtrade.co\/wp-content\/uploads\/2026\/01\/2600QLOMN00042-BROWN-400x250.png",400,250,true],"woocommerce_single":["https:\/\/turkishtrade.co\/wp-content\/uploads\/2026\/01\/2600QLOMN00042-BROWN.png",453,250,false],"woocommerce_gallery_thumbnail":["https:\/\/turkishtrade.co\/wp-content\/uploads\/2026\/01\/2600QLOMN00042-BROWN-100x100.png",100,100,true]},"uagb_author_info":{"display_name":"python python","author_link":"https:\/\/turkishtrade.co\/tr\/author\/"},"uagb_comment_info":0,"uagb_excerpt":"Crafted from premium genuine calf leather for a sophisticated look. Luxuriously soft goat leather lining ensures all-day comfort. Lightweight and flexible EVA sole provides excellent cushioning and traction. Classic moc-toe stitching with a stylish metal buckle accent. Available in a versatile range of men's sizes (EU 40-44). Ideal for both casual wear and smart-casual occasions.&hellip;","_links":{"self":[{"href":"https:\/\/turkishtrade.co\/tr\/wp-json\/wp\/v2\/product\/8590","targetHints":{"allow":["GET"]}}],"collection":[{"href":"https:\/\/turkishtrade.co\/tr\/wp-json\/wp\/v2\/product"}],"about":[{"href":"https:\/\/turkishtrade.co\/tr\/wp-json\/wp\/v2\/types\/product"}],"wp:featuredmedia":[{"embeddable":true,"href":"https:\/\/turkishtrade.co\/tr\/wp-json\/wp\/v2\/media\/6746"}],"wp:attachment":[{"href":"https:\/\/turkishtrade.co\/tr\/wp-json\/wp\/v2\/media?parent=8590"}],"wp:term":[{"taxonomy":"product_brand","embeddable":true,"href":"https:\/\/turkishtrade.co\/tr\/wp-json\/wp\/v2\/product_brand?post=8590"},{"taxonomy":"product_cat","embeddable":true,"href":"https:\/\/turkishtrade.co\/tr\/wp-json\/wp\/v2\/product_cat?post=8590"},{"taxonomy":"product_tag","embeddable":true,"href":"https:\/\/turkishtrade.co\/tr\/wp-json\/wp\/v2\/product_tag?post=8590"}],"curies":[{"name":"wp","href":"https:\/\/api.w.org\/{rel}","templated":true}]}}