{"id":8589,"date":"2026-01-29T14:51:20","date_gmt":"2026-01-29T14:51:20","guid":{"rendered":"https:\/\/turkishtrade.co\/?post_type=product&#038;p=8589"},"modified":"2026-04-09T20:20:35","modified_gmt":"2026-04-09T20:20:35","slug":"mens-navy-leather-loafers-4","status":"publish","type":"product","link":"https:\/\/turkishtrade.co\/tr\/shop\/mens-navy-leather-loafers-4\/","title":{"rendered":"Erkek Lacivert Deri Loafer En \u00c7ok Satan | Erkek Lacivert Deri G\u00fcnl\u00fck Loafer"},"content":{"rendered":"<p><strong>Erkek Lacivert Deri Loafer<\/strong>. En \u00c7ok Satan kalite ve tasar\u0131m.<\/p>\n<p>\u00dcst\u00fcn kaliteli \u00fcr\u00fcnlerimizle benzersiz konfora ve sofistike stile ad\u0131m at\u0131n <b>Erkek Lacivert Deri Loafer<\/b>. Modern beyefendiler i\u00e7in ustal\u0131kla \u00fcretilen bu g\u00fcnl\u00fck mokasen ayakkab\u0131lar, zamans\u0131z tasar\u0131m\u0131 \u00e7a\u011fda\u015f \u00f6zelliklerle harmanlayarak her se\u00e7kin gard\u0131robun vazge\u00e7ilmez bir par\u00e7as\u0131 haline geliyor. \u0130ster yo\u011fun bir i\u015f g\u00fcn\u00fc ge\u00e7iriyor olun, ister rahat bir hafta sonu gezintisinin tad\u0131n\u0131 \u00e7\u0131kar\u0131n ya da \u015f\u0131k ve g\u00fcndelik bir etkinli\u011fe kat\u0131l\u0131n, bu mokasen ayakkab\u0131lar \u015f\u0131kl\u0131k, dayan\u0131kl\u0131l\u0131k ve g\u00fcn boyu konforun m\u00fckemmel birle\u015fimini sunar.<\/p>\n<h3>Rakipsiz Kalite ve \u0130\u015f\u00e7ilik<\/h3>\n<p>Bu istisnai \u00e7al\u0131\u015fmalar\u0131n merkezinde <b>Erkek Lacivert Deri Loafer<\/b> \u00fcst\u00fcn i\u015f\u00e7ilik ve kaliteli malzemelere olan ba\u011fl\u0131l\u0131ktan kaynaklan\u0131r. \u00dcst k\u0131s\u0131m, yumu\u015fak dokusu, l\u00fcks hissi ve etkileyici dayan\u0131kl\u0131l\u0131\u011f\u0131yla tan\u0131nan hakiki dana derisinden titizlikle \u00fcretilmi\u015ftir. Bu birinci s\u0131n\u0131f deri yaln\u0131zca zarif bir estetik sa\u011flamakla kalmaz, ayn\u0131 zamanda zaman i\u00e7inde aya\u011f\u0131n\u0131za uyum sa\u011flayarak ki\u015fiye \u00f6zel bir uyum sunar. Zarif d\u0131\u015f y\u00fczeyi tamamlayan tam ke\u00e7i derisi astar. Bu do\u011fal malzeme nefes alabilirli\u011fi, nem \u00e7ekme \u00f6zelli\u011fi ve inan\u0131lmaz yumu\u015fak dokunu\u015fuyla \u00fcnl\u00fcd\u00fcr ve uzun s\u00fcreli kullan\u0131mlarda bile ayaklar\u0131n\u0131z\u0131n rahat ve ferah kalmas\u0131n\u0131 sa\u011flar. Bunlar ger\u00e7ekten de arad\u0131\u011f\u0131n\u0131z rahat Erkek Lacivert Deri Loafer'lard\u0131r.<\/p>\n<h3>Hafif EVA Taban ile Geli\u015fmi\u015f Konfor<\/h3>\n<p>Yenilik\u00e7i EVA (Etilen-vinil asetat) taban ile bulutlar\u0131n \u00fczerinde y\u00fcr\u00fcme deneyimini ya\u015fay\u0131n. Geleneksel a\u011f\u0131r tabanlardan farkl\u0131 olarak, hafif EVA taban\u0131m\u0131z ola\u011fan\u00fcst\u00fc yast\u0131klama, esneklik ve \u015fok emilimi sa\u011flayarak ayak yorgunlu\u011funu b\u00fcy\u00fck \u00f6l\u00e7\u00fcde azalt\u0131r. Bu \u00f6zellik, mokasen ayakkab\u0131lar\u0131m\u0131z\u0131 uzun s\u00fcre ayakta durmak veya y\u00fcr\u00fcmek i\u00e7in ideal hale getirir ve her ad\u0131mda yayl\u0131, duyarl\u0131 bir his sunar. Sa\u011flam ancak esnek taban, m\u00fckemmel kavrama ve denge sa\u011flayarak bu ayakkab\u0131lar\u0131 <b>Erkek Lacivert Deri Loafer<\/b> sadece \u015f\u0131k de\u011fil, ayn\u0131 zamanda \u00e7e\u015fitli kentsel ortamlar i\u00e7in inan\u0131lmaz derecede pratiktir.<\/p>\n<h3>Zarif Tasar\u0131m ve \u00c7ok Y\u00f6nl\u00fcl\u00fck<\/h3>\n<p>Bu g\u00fcndelik mokasen ayakkab\u0131lar\u0131n tasar\u0131m\u0131, abart\u0131s\u0131z l\u00fcks hakk\u0131nda \u00e7ok \u015fey s\u00f6yl\u00fcyor. Klasik bir slip-on siluete sahip olan bu ayakkab\u0131lar, vampir etraf\u0131ndaki karma\u015f\u0131k mokasen diki\u015fler ve rafine bir karakter dokunu\u015fu katan ay\u0131rt edici g\u00fcm\u00fc\u015f tonlu metal s\u00fcslemelerle zenginle\u015ftirilmi\u015ftir. Derin lacivert tonu, geleneksel siyah veya kahverengiye sofistike bir alternatif sunarak \u00e7ok \u00e7e\u015fitli k\u0131yafetlerle zahmetsizce e\u015fle\u015fen \u00e7ok y\u00f6nl\u00fcl\u00fck sa\u011flar. \u00d6zel dikim chino pantolonlar ve \u015f\u0131k kot pantolonlardan yazl\u0131k pantolonlar ve \u015fortlara kadar, bu Erkek Lacivert Deri Loafer'lar hem g\u00fcndelik giyim hem de daha g\u00f6steri\u015fli durumlar i\u00e7in uygun hale getirerek toplulu\u011funuzu y\u00fckseltir. 40'tan 44'e kadar kapsaml\u0131 bir AB beden yelpazesinde mevcut oldu\u011fundan, m\u00fckemmel uyumunuzu bulmak \u00e7ok kolay.<\/p>\n<h3>Toptan Al\u0131mlar \u0130\u00e7in \u0130deal<\/h3>\n<p>Y\u00fcksek kaliteli ayakkab\u0131 arayan perakendeciler ve i\u015fletmeler i\u00e7in Erkek Lacivert Deri Loafer'lar\u0131m\u0131z toptan sat\u0131n al\u0131nabilir. Minimum sipari\u015f miktar\u0131n\u0131 8 \u00e7ift olarak tutuyoruz, b\u00f6ylece ortaklar\u0131m\u0131z\u0131n \u00e7ok y\u00f6nl\u00fc beden se\u00e7eneklerini stoklayabilmelerini ve m\u00fc\u015fterilerine birinci s\u0131n\u0131f, dayan\u0131kl\u0131 ve \u015f\u0131k se\u00e7enekler sunabilmelerini sa\u011fl\u0131yoruz. Zamans\u0131z \u00e7ekicili\u011fi modern konfor ve \u00fcst\u00fcn malzemelerle birle\u015ftiren, m\u00fc\u015fterilerinizi etkilemeyi garantileyen ayakkab\u0131lara yat\u0131r\u0131m yap\u0131n. M\u00fckemmelli\u011fe olan ba\u011fl\u0131l\u0131\u011f\u0131m\u0131z, erkek g\u00fcnl\u00fck ayakkab\u0131lar\u0131nda en iyisinden ba\u015fka bir \u015fey sunmad\u0131\u011f\u0131n\u0131z anlam\u0131na gelir.<\/p>","protected":false},"excerpt":{"rendered":"<ul>\n<li>Kal\u0131c\u0131 kalite ve l\u00fcks bir his i\u00e7in birinci s\u0131n\u0131f hakiki dana derisinden \u00fcretilmi\u015ftir.<\/li>\n<li>G\u00fcn boyu konfor i\u00e7in son derece yumu\u015fak ve nefes alabilen ke\u00e7i derisi astara sahiptir.<\/li>\n<li>\u00dcst\u00fcn yast\u0131klama i\u00e7in hafif, esnek ve \u015fok emici EVA taban ile donat\u0131lm\u0131\u015ft\u0131r.<\/li>\n<li>Kendine \u00f6zg\u00fc mokasen diki\u015fli ve sofistike g\u00fcm\u00fc\u015f tonlu s\u00fcslemeli \u015f\u0131k slip-on tasar\u0131m.<\/li>\n<li>40-44 AB bedenleri mevcuttur, modern erke\u011fin \u00e7ok y\u00f6nl\u00fc gard\u0131robu i\u00e7in tasarlanm\u0131\u015ft\u0131r.<\/li>\n<li>Hem g\u00fcndelik hem de \u015f\u0131k k\u0131yafetler i\u00e7in Erkek Lacivert Deri Loafer ayakkab\u0131 olarak idealdir.<\/li>\n<li>Toptan sipari\u015fler kabul edilir (minimum sipari\u015f miktar\u0131: 8 \u00e7ift).<\/li>\n<\/ul>","protected":false},"featured_media":6745,"template":"","meta":{"_acf_changed":false,"_uag_custom_page_level_css":"","site-sidebar-layout":"default","site-content-layout":"","ast-site-content-layout":"default","site-content-style":"default","site-sidebar-style":"default","ast-global-header-display":"","ast-banner-title-visibility":"","ast-main-header-display":"","ast-hfb-above-header-display":"","ast-hfb-below-header-display":"","ast-hfb-mobile-header-display":"","site-post-title":"","ast-breadcrumbs-content":"","ast-featured-img":"","footer-sml-layout":"","ast-disable-related-posts":"","theme-transparent-header-meta":"","adv-header-id-meta":"","stick-header-meta":"","header-above-stick-meta":"","header-main-stick-meta":"","header-below-stick-meta":"","astra-migrate-meta-layouts":"default","ast-page-background-enabled":"default","ast-page-background-meta":{"desktop":{"background-color":"var(--ast-global-color-4)","background-image":"","background-repeat":"repeat","background-position":"center center","background-size":"auto","background-attachment":"scroll","background-type":"","background-media":"","overlay-type":"","overlay-color":"","overlay-opacity":"","overlay-gradient":""},"tablet":{"background-color":"","background-image":"","background-repeat":"repeat","background-position":"center center","background-size":"auto","background-attachment":"scroll","background-type":"","background-media":"","overlay-type":"","overlay-color":"","overlay-opacity":"","overlay-gradient":""},"mobile":{"background-color":"","background-image":"","background-repeat":"repeat","background-position":"center center","background-size":"auto","background-attachment":"scroll","background-type":"","background-media":"","overlay-type":"","overlay-color":"","overlay-opacity":"","overlay-gradient":""}},"ast-content-background-meta":{"desktop":{"background-color":"var(--ast-global-color-5)","background-image":"","background-repeat":"repeat","background-position":"center center","background-size":"auto","background-attachment":"scroll","background-type":"","background-media":"","overlay-type":"","overlay-color":"","overlay-opacity":"","overlay-gradient":""},"tablet":{"background-color":"var(--ast-global-color-5)","background-image":"","background-repeat":"repeat","background-position":"center center","background-size":"auto","background-attachment":"scroll","background-type":"","background-media":"","overlay-type":"","overlay-color":"","overlay-opacity":"","overlay-gradient":""},"mobile":{"background-color":"var(--ast-global-color-5)","background-image":"","background-repeat":"repeat","background-position":"center center","background-size":"auto","background-attachment":"scroll","background-type":"","background-media":"","overlay-type":"","overlay-color":"","overlay-opacity":"","overlay-gradient":""}}},"product_brand":[],"product_cat":[48,49,430,1200],"product_tag":[185,512,287,1258,215,198,1366,1155,670,254],"class_list":{"0":"post-8589","1":"product","2":"type-product","3":"status-publish","4":"has-post-thumbnail","6":"product_cat-casual","7":"product_cat-loafer","8":"product_cat-men","9":"product_cat-mens-shoes-2","10":"product_tag-calf-leather-shoes","11":"product_tag-casual-loafers","12":"product_tag-eva-sole-shoes","13":"product_tag-goat-lined-shoes","14":"product_tag-leather-loafers","15":"product_tag-mens-fashion","16":"product_tag-mens-navy-leather-loafers","17":"product_tag-slip-on-loafers","18":"product_tag-stylish-loafers","19":"product_tag-wholesale-footwear","20":"desktop-align-center","21":"tablet-align-center","22":"mobile-align-center","24":"first","25":"instock","26":"shipping-taxable","27":"purchasable","28":"product-type-variable","29":"has-default-attributes"},"acf":[],"uagb_featured_image_src":{"full":["https:\/\/turkishtrade.co\/wp-content\/uploads\/2026\/01\/2600QLOMN00041-DARK-BLUE.png",453,250,false],"thumbnail":["https:\/\/turkishtrade.co\/wp-content\/uploads\/2026\/01\/2600QLOMN00041-DARK-BLUE-150x150.png",150,150,true],"medium":["https:\/\/turkishtrade.co\/wp-content\/uploads\/2026\/01\/2600QLOMN00041-DARK-BLUE-300x166.png",300,166,true],"medium_large":["https:\/\/turkishtrade.co\/wp-content\/uploads\/2026\/01\/2600QLOMN00041-DARK-BLUE.png",453,250,false],"large":["https:\/\/turkishtrade.co\/wp-content\/uploads\/2026\/01\/2600QLOMN00041-DARK-BLUE.png",453,250,false],"1536x1536":["https:\/\/turkishtrade.co\/wp-content\/uploads\/2026\/01\/2600QLOMN00041-DARK-BLUE.png",453,250,false],"2048x2048":["https:\/\/turkishtrade.co\/wp-content\/uploads\/2026\/01\/2600QLOMN00041-DARK-BLUE.png",453,250,false],"trp-custom-language-flag":["https:\/\/turkishtrade.co\/wp-content\/uploads\/2026\/01\/2600QLOMN00041-DARK-BLUE-18x10.png",18,10,true],"woocommerce_thumbnail":["https:\/\/turkishtrade.co\/wp-content\/uploads\/2026\/01\/2600QLOMN00041-DARK-BLUE-400x250.png",400,250,true],"woocommerce_single":["https:\/\/turkishtrade.co\/wp-content\/uploads\/2026\/01\/2600QLOMN00041-DARK-BLUE.png",453,250,false],"woocommerce_gallery_thumbnail":["https:\/\/turkishtrade.co\/wp-content\/uploads\/2026\/01\/2600QLOMN00041-DARK-BLUE-100x100.png",100,100,true]},"uagb_author_info":{"display_name":"python python","author_link":"https:\/\/turkishtrade.co\/tr\/author\/"},"uagb_comment_info":0,"uagb_excerpt":"Crafted from premium genuine calf leather for lasting quality and a luxurious feel. Features a sumptuously soft and breathable goat leather lining for all-day comfort. Equipped with a lightweight, flexible, and shock-absorbing EVA sole for superior cushioning. Stylish slip-on design with distinctive moccasin stitching and a sophisticated silver-tone embellishment. Available in EU sizes 40-44, designed&hellip;","_links":{"self":[{"href":"https:\/\/turkishtrade.co\/tr\/wp-json\/wp\/v2\/product\/8589","targetHints":{"allow":["GET"]}}],"collection":[{"href":"https:\/\/turkishtrade.co\/tr\/wp-json\/wp\/v2\/product"}],"about":[{"href":"https:\/\/turkishtrade.co\/tr\/wp-json\/wp\/v2\/types\/product"}],"wp:featuredmedia":[{"embeddable":true,"href":"https:\/\/turkishtrade.co\/tr\/wp-json\/wp\/v2\/media\/6745"}],"wp:attachment":[{"href":"https:\/\/turkishtrade.co\/tr\/wp-json\/wp\/v2\/media?parent=8589"}],"wp:term":[{"taxonomy":"product_brand","embeddable":true,"href":"https:\/\/turkishtrade.co\/tr\/wp-json\/wp\/v2\/product_brand?post=8589"},{"taxonomy":"product_cat","embeddable":true,"href":"https:\/\/turkishtrade.co\/tr\/wp-json\/wp\/v2\/product_cat?post=8589"},{"taxonomy":"product_tag","embeddable":true,"href":"https:\/\/turkishtrade.co\/tr\/wp-json\/wp\/v2\/product_tag?post=8589"}],"curies":[{"name":"wp","href":"https:\/\/api.w.org\/{rel}","templated":true}]}}