{"id":8588,"date":"2026-01-29T14:51:20","date_gmt":"2026-01-29T14:51:20","guid":{"rendered":"https:\/\/turkishtrade.co\/?post_type=product&#038;p=8588"},"modified":"2026-04-09T20:20:38","modified_gmt":"2026-04-09T20:20:38","slug":"mens-calf-leather-casual-loafers","status":"publish","type":"product","link":"https:\/\/turkishtrade.co\/tr\/shop\/mens-calf-leather-casual-loafers\/","title":{"rendered":"Erkek Dana Derisi G\u00fcnl\u00fck Loafer Incredible | Erkek Lacivert Dana Derisi G\u00fcnl\u00fck"},"content":{"rendered":"<p><strong>Erkek Dana Derisi G\u00fcnl\u00fck Loafer<\/strong>. \u0130nan\u0131lmaz kalite ve tasar\u0131m.<\/p>\n<p>\u00dcst\u00fcn kaliteli \u00fcr\u00fcnlerimizle benzersiz konfora ve sofistike stile ad\u0131m at\u0131n <strong>Erkek Dana Derisi G\u00fcnl\u00fck Loafer<\/strong>. Y\u00fcksek kaliteli lacivert dana derisinden ustal\u0131kla \u00fcretilen bu mokasen ayakkab\u0131lar, hem \u015f\u0131kl\u0131\u011fa hem de uzun \u00f6m\u00fcrl\u00fc kullan\u0131ma \u00f6nem veren modern erkekler i\u00e7in tasarland\u0131. Zengin, koyu mavi tonu \u00e7ok y\u00f6nl\u00fc stil se\u00e7enekleri sunarak bu <strong>Erkek Dana Derisi G\u00fcnl\u00fck Loafer<\/strong> G\u00fcnl\u00fck cuma g\u00fcnlerinden hafta sonu gezmelerine kadar her gard\u0131rop i\u00e7in m\u00fckemmel bir ektir.<\/p>\n<h3>Ola\u011fan\u00fcst\u00fc \u0130\u015f\u00e7ilik ve \u00dcst\u00fcn Malzemeler<\/h3>\n<p>Bu zarif mokasen ayakkab\u0131lar\u0131n her bir \u00e7ifti detaylara g\u00f6sterilen titiz \u00f6zeni sergiler. \u00dcst k\u0131s\u0131m, p\u00fcr\u00fczs\u00fcz dokusu, esnekli\u011fi ve g\u00fczel bir \u015fekilde eskime kabiliyeti ile bilinen hakiki dana derisinden yap\u0131lm\u0131\u015ft\u0131r. Bu mokasenleri ger\u00e7ek anlamda <strong>Erkek Dana Derisi G\u00fcnl\u00fck Loafer<\/strong> bir di\u011fer \u00f6zelli\u011fi de l\u00fcks ke\u00e7i derisi astar\u0131d\u0131r. Bu do\u011fal malzeme ola\u011fan\u00fcst\u00fc nefes alabilirlik sa\u011flar, ayaklar\u0131n\u0131z\u0131 serin ve kuru tutmak i\u00e7in nemi uzakla\u015ft\u0131r\u0131r ve \u00f6zel bir uyum i\u00e7in aya\u011f\u0131n\u0131z\u0131n \u015fekline uyum sa\u011flar. Yumu\u015fak astar cildinize nazik bir dokunu\u015f sa\u011flad\u0131\u011f\u0131 i\u00e7in her ad\u0131mda yeni bir konfor seviyesini deneyimleyin.<\/p>\n<h3>Konfor ve Dayan\u0131kl\u0131l\u0131k i\u00e7in Tasarland\u0131<\/h3>\n<p>Tasar\u0131m\u0131m\u0131zda konfor her \u015feyden \u00f6nemlidir. Bunlar <strong>Erkek Dana Derisi G\u00fcnl\u00fck Loafer<\/strong> hafif ancak son derece dayan\u0131kl\u0131 EVA tabana sahiptir. Bu geli\u015fmi\u015f taban malzemesi \u00fcst\u00fcn \u015fok emilimi sunarak ayaklar\u0131n\u0131z ve eklemleriniz \u00fczerindeki etkiyi azalt\u0131r ve uzun s\u00fcreli kullan\u0131m i\u00e7in idealdir. \u0130ster \u015fehir sokaklar\u0131nda geziniyor olun ister rahat bir y\u00fcr\u00fcy\u00fc\u015f\u00fcn tad\u0131n\u0131 \u00e7\u0131kar\u0131n, EVA taban m\u00fckemmel tutu\u015f ve esneklik sa\u011flayarak denge ve hareket kolayl\u0131\u011f\u0131 sunar. Zevkli diki\u015fler ve zarif metal toka detay\u0131yla tamamlanan klasik slip-on tasar\u0131m, asla modas\u0131 ge\u00e7meyen sade bir \u015f\u0131kl\u0131k katar.<\/p>\n<h3>Her Durum i\u00e7in \u00c7ok Y\u00f6nl\u00fcl\u00fck<\/h3>\n<p>Donanmam\u0131z <strong>Erkek Dana Derisi G\u00fcnl\u00fck Loafer<\/strong> \u00e7ok y\u00f6nl\u00fc ayakkab\u0131lar\u0131n \u00f6z\u00fcd\u00fcr. Kot pantolonlar veya chino pantolonlarla rahat bir g\u00fcndelik g\u00f6r\u00fcn\u00fcmden, \u00f6zel dikim pantolonlarla daha g\u00f6steri\u015fli bir smart-casual toplulu\u011funa zahmetsizce ge\u00e7i\u015f yaparlar. 40'tan 44'e kadar \u00e7e\u015fitli numaralarda mevcut oldu\u011fundan, m\u00fckemmel uyumunuzu bulmak \u00e7ok kolay. Sadece ola\u011fan\u00fcst\u00fc g\u00f6r\u00fcnmekle kalmay\u0131p ayn\u0131 zamanda kal\u0131c\u0131 konfor ve kalite sa\u011flayan bir \u00e7ift ayakkab\u0131ya yat\u0131r\u0131m yap\u0131n. Birinci s\u0131n\u0131f ayakkab\u0131lar sunmak isteyen i\u015fletmeler i\u00e7in bu <strong>Erkek Dana Derisi G\u00fcnl\u00fck Loafer<\/strong> minimum 8 \u00e7ift sipari\u015f miktar\u0131 ile toptan sat\u0131\u015f i\u00e7in mevcuttur ve toplu al\u0131mlar i\u00e7in m\u00fckemmel de\u011fer sa\u011flar.<\/p>\n<p>Bu zarif ve konforlu \u00fcr\u00fcnleri se\u00e7in <strong>Erkek Dana Derisi G\u00fcnl\u00fck Loafer<\/strong> ayakkab\u0131 koleksiyonunuzu geli\u015ftirmek i\u00e7in. Ayakkab\u0131dan daha fazlas\u0131d\u0131rlar; kalite, konfor ve zamans\u0131z stilin ifadesidirler.<\/p>","protected":false},"excerpt":{"rendered":"<ul>\n<li>Dayan\u0131kl\u0131l\u0131k ve Stil i\u00e7in Premium Lacivert Dana Derisi Saya<\/li>\n<li>L\u00fcks Ke\u00e7i Derisi Astar Nefes Alabilirlik ve Konfor Sa\u011flar<\/li>\n<li>G\u00fcn Boyu Kullan\u0131m i\u00e7in Hafif ve Esnek EVA Taban<\/li>\n<li>Zarif Metal Toka Detayl\u0131 Klasik G\u00fcnl\u00fck Loafer Tasar\u0131m\u0131<\/li>\n<li>Kapsaml\u0131 Beden Aral\u0131\u011f\u0131nda Mevcuttur: AB 40, 41, 42, 43, 44<\/li>\n<li>Smart Casual ve G\u00fcnl\u00fck Giyim i\u00e7in \u0130deal<\/li>\n<li>Toptan Sipari\u015fler Mevcuttur (Minimum 8 \u00c7ift)<\/li>\n<\/ul>","protected":false},"featured_media":6744,"template":"","meta":{"_acf_changed":false,"_uag_custom_page_level_css":"","site-sidebar-layout":"default","site-content-layout":"","ast-site-content-layout":"default","site-content-style":"default","site-sidebar-style":"default","ast-global-header-display":"","ast-banner-title-visibility":"","ast-main-header-display":"","ast-hfb-above-header-display":"","ast-hfb-below-header-display":"","ast-hfb-mobile-header-display":"","site-post-title":"","ast-breadcrumbs-content":"","ast-featured-img":"","footer-sml-layout":"","ast-disable-related-posts":"","theme-transparent-header-meta":"","adv-header-id-meta":"","stick-header-meta":"","header-above-stick-meta":"","header-main-stick-meta":"","header-below-stick-meta":"","astra-migrate-meta-layouts":"default","ast-page-background-enabled":"default","ast-page-background-meta":{"desktop":{"background-color":"var(--ast-global-color-4)","background-image":"","background-repeat":"repeat","background-position":"center center","background-size":"auto","background-attachment":"scroll","background-type":"","background-media":"","overlay-type":"","overlay-color":"","overlay-opacity":"","overlay-gradient":""},"tablet":{"background-color":"","background-image":"","background-repeat":"repeat","background-position":"center center","background-size":"auto","background-attachment":"scroll","background-type":"","background-media":"","overlay-type":"","overlay-color":"","overlay-opacity":"","overlay-gradient":""},"mobile":{"background-color":"","background-image":"","background-repeat":"repeat","background-position":"center center","background-size":"auto","background-attachment":"scroll","background-type":"","background-media":"","overlay-type":"","overlay-color":"","overlay-opacity":"","overlay-gradient":""}},"ast-content-background-meta":{"desktop":{"background-color":"var(--ast-global-color-5)","background-image":"","background-repeat":"repeat","background-position":"center center","background-size":"auto","background-attachment":"scroll","background-type":"","background-media":"","overlay-type":"","overlay-color":"","overlay-opacity":"","overlay-gradient":""},"tablet":{"background-color":"var(--ast-global-color-5)","background-image":"","background-repeat":"repeat","background-position":"center center","background-size":"auto","background-attachment":"scroll","background-type":"","background-media":"","overlay-type":"","overlay-color":"","overlay-opacity":"","overlay-gradient":""},"mobile":{"background-color":"var(--ast-global-color-5)","background-image":"","background-repeat":"repeat","background-position":"center center","background-size":"auto","background-attachment":"scroll","background-type":"","background-media":"","overlay-type":"","overlay-color":"","overlay-opacity":"","overlay-gradient":""}}},"product_brand":[],"product_cat":[48,49,430,1200],"product_tag":[200,185,449,220,1258,198,186,557,184,255],"class_list":{"0":"post-8588","1":"product","2":"type-product","3":"status-publish","4":"has-post-thumbnail","6":"product_cat-casual","7":"product_cat-loafer","8":"product_cat-men","9":"product_cat-mens-shoes-2","10":"product_tag-business-casual","11":"product_tag-calf-leather-shoes","12":"product_tag-casual-shoes","13":"product_tag-comfortable-loafers","14":"product_tag-goat-lined-shoes","15":"product_tag-mens-fashion","16":"product_tag-mens-loafers","17":"product_tag-navy-loafers","18":"product_tag-slip-on-shoes","19":"product_tag-turkish-leather-shoes","20":"desktop-align-center","21":"tablet-align-center","22":"mobile-align-center","24":"first","25":"instock","26":"shipping-taxable","27":"purchasable","28":"product-type-variable","29":"has-default-attributes"},"acf":[],"uagb_featured_image_src":{"full":["https:\/\/turkishtrade.co\/wp-content\/uploads\/2026\/01\/2600QLOMN00040-BLACK.png",453,250,false],"thumbnail":["https:\/\/turkishtrade.co\/wp-content\/uploads\/2026\/01\/2600QLOMN00040-BLACK-150x150.png",150,150,true],"medium":["https:\/\/turkishtrade.co\/wp-content\/uploads\/2026\/01\/2600QLOMN00040-BLACK-300x166.png",300,166,true],"medium_large":["https:\/\/turkishtrade.co\/wp-content\/uploads\/2026\/01\/2600QLOMN00040-BLACK.png",453,250,false],"large":["https:\/\/turkishtrade.co\/wp-content\/uploads\/2026\/01\/2600QLOMN00040-BLACK.png",453,250,false],"1536x1536":["https:\/\/turkishtrade.co\/wp-content\/uploads\/2026\/01\/2600QLOMN00040-BLACK.png",453,250,false],"2048x2048":["https:\/\/turkishtrade.co\/wp-content\/uploads\/2026\/01\/2600QLOMN00040-BLACK.png",453,250,false],"trp-custom-language-flag":["https:\/\/turkishtrade.co\/wp-content\/uploads\/2026\/01\/2600QLOMN00040-BLACK-18x10.png",18,10,true],"woocommerce_thumbnail":["https:\/\/turkishtrade.co\/wp-content\/uploads\/2026\/01\/2600QLOMN00040-BLACK-400x250.png",400,250,true],"woocommerce_single":["https:\/\/turkishtrade.co\/wp-content\/uploads\/2026\/01\/2600QLOMN00040-BLACK.png",453,250,false],"woocommerce_gallery_thumbnail":["https:\/\/turkishtrade.co\/wp-content\/uploads\/2026\/01\/2600QLOMN00040-BLACK-100x100.png",100,100,true]},"uagb_author_info":{"display_name":"python python","author_link":"https:\/\/turkishtrade.co\/tr\/author\/"},"uagb_comment_info":0,"uagb_excerpt":"Premium Navy Calf Leather Upper for Durability and Style Luxurious Goat Leather Lining Ensures Breathability and Comfort Lightweight and Flexible EVA Sole for All-Day Wear Classic Casual Loafer Design with Elegant Metal Buckle Detail Available in a Comprehensive Size Range: EU 40, 41, 42, 43, 44 Ideal for Smart Casual and Everyday Wear Wholesale Orders&hellip;","_links":{"self":[{"href":"https:\/\/turkishtrade.co\/tr\/wp-json\/wp\/v2\/product\/8588","targetHints":{"allow":["GET"]}}],"collection":[{"href":"https:\/\/turkishtrade.co\/tr\/wp-json\/wp\/v2\/product"}],"about":[{"href":"https:\/\/turkishtrade.co\/tr\/wp-json\/wp\/v2\/types\/product"}],"wp:featuredmedia":[{"embeddable":true,"href":"https:\/\/turkishtrade.co\/tr\/wp-json\/wp\/v2\/media\/6744"}],"wp:attachment":[{"href":"https:\/\/turkishtrade.co\/tr\/wp-json\/wp\/v2\/media?parent=8588"}],"wp:term":[{"taxonomy":"product_brand","embeddable":true,"href":"https:\/\/turkishtrade.co\/tr\/wp-json\/wp\/v2\/product_brand?post=8588"},{"taxonomy":"product_cat","embeddable":true,"href":"https:\/\/turkishtrade.co\/tr\/wp-json\/wp\/v2\/product_cat?post=8588"},{"taxonomy":"product_tag","embeddable":true,"href":"https:\/\/turkishtrade.co\/tr\/wp-json\/wp\/v2\/product_tag?post=8588"}],"curies":[{"name":"wp","href":"https:\/\/api.w.org\/{rel}","templated":true}]}}