{"id":8587,"date":"2026-01-29T14:51:20","date_gmt":"2026-01-29T14:51:20","guid":{"rendered":"https:\/\/turkishtrade.co\/?post_type=product&#038;p=8587"},"modified":"2026-04-09T20:20:41","modified_gmt":"2026-04-09T20:20:41","slug":"mens-calf-leather-loafers-19","status":"publish","type":"product","link":"https:\/\/turkishtrade.co\/tr\/shop\/mens-calf-leather-loafers-19\/","title":{"rendered":"Erkek Dana Derisi Loafer Ultimate | Erkek Premium Dana Derisi G\u00fcnl\u00fck Giyim"},"content":{"rendered":"<p><strong>Erkek Dana Derisi Loafer<\/strong>. \u00dcst\u00fcn kalite ve tasar\u0131m.<\/p>\n<p>\u00dcst\u00fcn kaliteli \u00fcr\u00fcnlerimizle stil, konfor ve dayan\u0131kl\u0131l\u0131\u011f\u0131n m\u00fckemmel kar\u0131\u015f\u0131m\u0131n\u0131 ke\u015ffedin <strong>Erkek Dana Derisi Loafer<\/strong>. Modern erkekler i\u00e7in tasarlanan bu s\u0131ra d\u0131\u015f\u0131 g\u00fcnl\u00fck loafer ayakkab\u0131lar, sofistike ama rahat bir g\u00f6r\u00fcn\u00fcm sunarak g\u00fcnl\u00fck k\u0131yafetlerinizi y\u00fckseltmek i\u00e7in tasarlanm\u0131\u015ft\u0131r. L\u00fcks \u00fcst k\u0131s\u0131m, esnek dokusu ve kal\u0131c\u0131 esnekli\u011fi ile bilinen y\u00fcksek kaliteli Eva dana derisinden titizlikle \u00fcretilmi\u015ftir. Bu sayede ayakkab\u0131n\u0131z\u0131n <strong>Erkek Dana Derisi Loafer<\/strong> sadece harika g\u00f6r\u00fcnmekle kalmaz, ayn\u0131 zamanda her giyi\u015fte aya\u011f\u0131n\u0131za m\u00fckemmel bir \u015fekilde uyum sa\u011flayarak zaman\u0131n testine de dayan\u0131r. Hakiki dana derisi ayakkab\u0131lar\u0131n benzersiz kalitesini deneyimleyin.<\/p>\n<h3>Ke\u00e7i Derisi Astar ile Benzersiz Konfor<\/h3>\n<p>Bunlar\u0131 ger\u00e7ekten belirleyen \u015fey <strong>Erkek Dana Derisi Loafer<\/strong> bir di\u011fer \u00f6zelli\u011fi de zarif i\u00e7 k\u0131s\u0131mlar\u0131d\u0131r. Her bir \u00e7ift, nefes alabilen ve son derece konforlu bir deneyim sa\u011flayan inan\u0131lmaz yumu\u015fak ke\u00e7i derisiyle astarlanm\u0131\u015ft\u0131r. Bu do\u011fal astar nemi uzakla\u015ft\u0131rarak ayaklar\u0131n\u0131z\u0131 g\u00fcn boyunca ferah tutar ve bu ayakkab\u0131lar\u0131 uzun s\u00fcreli kullan\u0131m i\u00e7in ideal g\u00fcnl\u00fck mokasen ayakkab\u0131lar haline getirir. Rahats\u0131zl\u0131\u011fa veda edin ve g\u00f6r\u00fcnd\u00fc\u011f\u00fc kadar iyi hissettiren bir ayakkab\u0131ya merhaba deyin. Ke\u00e7i derisi astardaki detaylara g\u00f6sterilen \u00f6zen, \u00fcst\u00fcn i\u015f\u00e7ilik ve kullan\u0131c\u0131 memnuniyetine olan ba\u011fl\u0131l\u0131\u011f\u0131m\u0131z\u0131 yans\u0131t\u0131r ve bu ayakkab\u0131lar\u0131 sahip olaca\u011f\u0131n\u0131z en rahat erkek loafer'lar\u0131 haline getirir.<\/p>\n<h3>\u015e\u0131k Tasar\u0131m ve \u00dcst\u00fcn Yap\u0131<\/h3>\n<p>Bizim <strong>Erkek Dana Derisi Loafer<\/strong> klasik bir zarafet katan zarif metal toka detay\u0131yla tamamlanan zamans\u0131z bir tasar\u0131ma sahiptir. Sa\u011flam ancak hafif EVA taban, m\u00fckemmel yast\u0131klama ve esneklik sa\u011flayarak \u00e7e\u015fitli y\u00fczeylerde rahat bir y\u00fcr\u00fcy\u00fc\u015f sa\u011flar. D\u0131\u015f tabanda g\u00f6r\u00fclebilen kaymaz deseni g\u00fcvenilir \u00e7eki\u015f g\u00fcc\u00fc sunarak bu kahverengi dana derisi loafer'lar\u0131 hem \u015fehir gezintileri hem de rahat hafta sonlar\u0131 i\u00e7in m\u00fckemmel hale getirir. Pratik 40, 41, 42, 43 ve 44 numara se\u00e7enekleriyle sunulan bu \u015f\u0131k erkek mokasen ayakkab\u0131, geni\u015f bir ayak yelpazesine hitap ederek birinci s\u0131n\u0131f dana derisi g\u00fcnl\u00fck ayakkab\u0131 arayan her beyefendi i\u00e7in m\u00fckemmel bir uyum sa\u011flar.<\/p>\n<h3>Her Durum i\u00e7in \u00c7ok Y\u00f6nl\u00fcl\u00fck<\/h3>\n<p>Bu \u00e7ok y\u00f6nl\u00fc <strong>Erkek Dana Derisi Loafer<\/strong> bir\u00e7ok durum i\u00e7in tercih edebilece\u011finiz ayakkab\u0131lard\u0131r. \u0130ster g\u00fcndelik bir i\u015f toplant\u0131s\u0131na gidiyor olun, ister hafta sonu brunch'\u0131n\u0131n tad\u0131n\u0131 \u00e7\u0131kar\u0131n ya da sadece rahat ama \u015f\u0131k g\u00fcnl\u00fck ayakkab\u0131lar ar\u0131yor olun, bu dana derisi g\u00fcnl\u00fck loafer'lar k\u0131yafetinizi zahmetsizce tamamlayacakt\u0131r. Kendine g\u00fcven veren g\u00f6steri\u015fli bir g\u00f6r\u00fcn\u00fcm i\u00e7in chino pantolonlar, \u00f6zel dikim \u015fortlar ve hatta \u015f\u0131k denimlerle e\u015fle\u015ftirin. Zengin kahverengi tonu, s\u0131cakl\u0131k ve sofistike bir hava katarak bu ayakkab\u0131lar\u0131 her se\u00e7ici beyefendinin gard\u0131robuna vazge\u00e7ilmez bir eklenti haline getirir. Rafine bir g\u00fcndelik \u015f\u0131kl\u0131k i\u00e7in bu y\u00fcksek kaliteli erkek dana derisi mokasenlere yat\u0131r\u0131m yap\u0131n.<\/p>\n<h3>Toptan Sat\u0131\u015f F\u0131rsatlar\u0131 Mevcut<\/h3>\n<p>Bu premium \u00fcr\u00fcnleri sunmaktan gurur duyuyoruz <strong>Erkek Dana Derisi Loafer<\/strong> toptan sat\u0131\u015f i\u00e7in. Minimum 8 \u00e7ift sipari\u015fle, i\u015fletmeler hem stil hem de konfor vaat eden y\u00fcksek kaliteli erkek ayakkab\u0131lar\u0131n\u0131 stoklayabilir. M\u00fc\u015fterilerinize pazarda \u00f6ne \u00e7\u0131kan ola\u011fan\u00fcst\u00fc bir \u00fcr\u00fcn sunmak i\u00e7in bu dayan\u0131kl\u0131 ve \u015f\u0131k dana derisi mokasenlere yat\u0131r\u0131m yap\u0131n. Toplu sat\u0131n alma ve perakende sat\u0131\u015f ba\u015far\u0131s\u0131 i\u00e7in ideal olan se\u00e7kin erkek g\u00fcnl\u00fck mokasen koleksiyonumuzla T\u00fcrk i\u015f\u00e7ili\u011finin ve \u00e7a\u011fda\u015f tasar\u0131m\u0131n m\u00fckemmel kar\u0131\u015f\u0131m\u0131n\u0131 deneyimleyin.<\/p>","protected":false},"excerpt":{"rendered":"<ul>\n<li>Sofistike bir g\u00f6r\u00fcn\u00fcm i\u00e7in birinci s\u0131n\u0131f Eva dana derisinden \u00fcretilmi\u015ftir<\/li>\n<li>L\u00fcks ke\u00e7i derisi astar ola\u011fan\u00fcst\u00fc nefes alabilirlik ve konfor sa\u011flar<\/li>\n<li>Zarif metal toka detay\u0131na sahip zamans\u0131z rahat loafer tasar\u0131m\u0131<\/li>\n<li>\u00dcst\u00fcn tutu\u015f ve yast\u0131klama i\u00e7in hafif ve esnek EVA taban<\/li>\n<li>\u00c7ok y\u00f6nl\u00fc bir beden aral\u0131\u011f\u0131nda mevcuttur: 40, 41, 42, 43, 44<\/li>\n<li>Minimum 8 \u00e7ift sipari\u015f i\u00e7in toptan sat\u0131\u015f f\u0131rsatlar\u0131 mevcuttur<\/li>\n<\/ul>","protected":false},"featured_media":6743,"template":"","meta":{"_acf_changed":false,"_uag_custom_page_level_css":"","site-sidebar-layout":"default","site-content-layout":"","ast-site-content-layout":"default","site-content-style":"default","site-sidebar-style":"default","ast-global-header-display":"","ast-banner-title-visibility":"","ast-main-header-display":"","ast-hfb-above-header-display":"","ast-hfb-below-header-display":"","ast-hfb-mobile-header-display":"","site-post-title":"","ast-breadcrumbs-content":"","ast-featured-img":"","footer-sml-layout":"","ast-disable-related-posts":"","theme-transparent-header-meta":"","adv-header-id-meta":"","stick-header-meta":"","header-above-stick-meta":"","header-main-stick-meta":"","header-below-stick-meta":"","astra-migrate-meta-layouts":"default","ast-page-background-enabled":"default","ast-page-background-meta":{"desktop":{"background-color":"var(--ast-global-color-4)","background-image":"","background-repeat":"repeat","background-position":"center center","background-size":"auto","background-attachment":"scroll","background-type":"","background-media":"","overlay-type":"","overlay-color":"","overlay-opacity":"","overlay-gradient":""},"tablet":{"background-color":"","background-image":"","background-repeat":"repeat","background-position":"center center","background-size":"auto","background-attachment":"scroll","background-type":"","background-media":"","overlay-type":"","overlay-color":"","overlay-opacity":"","overlay-gradient":""},"mobile":{"background-color":"","background-image":"","background-repeat":"repeat","background-position":"center center","background-size":"auto","background-attachment":"scroll","background-type":"","background-media":"","overlay-type":"","overlay-color":"","overlay-opacity":"","overlay-gradient":""}},"ast-content-background-meta":{"desktop":{"background-color":"var(--ast-global-color-5)","background-image":"","background-repeat":"repeat","background-position":"center center","background-size":"auto","background-attachment":"scroll","background-type":"","background-media":"","overlay-type":"","overlay-color":"","overlay-opacity":"","overlay-gradient":""},"tablet":{"background-color":"var(--ast-global-color-5)","background-image":"","background-repeat":"repeat","background-position":"center center","background-size":"auto","background-attachment":"scroll","background-type":"","background-media":"","overlay-type":"","overlay-color":"","overlay-opacity":"","overlay-gradient":""},"mobile":{"background-color":"var(--ast-global-color-5)","background-image":"","background-repeat":"repeat","background-position":"center center","background-size":"auto","background-attachment":"scroll","background-type":"","background-media":"","overlay-type":"","overlay-color":"","overlay-opacity":"","overlay-gradient":""}}},"product_brand":[],"product_cat":[48,49,430,1200],"product_tag":[147,185,512,438,189,351,198,186,546,456],"class_list":{"0":"post-8587","1":"product","2":"type-product","3":"status-publish","4":"has-post-thumbnail","6":"product_cat-casual","7":"product_cat-loafer","8":"product_cat-men","9":"product_cat-mens-shoes-2","10":"product_tag-brown-loafers","11":"product_tag-calf-leather-shoes","12":"product_tag-casual-loafers","13":"product_tag-eva-sole","14":"product_tag-goat-leather-lining","15":"product_tag-leather-footwear","16":"product_tag-mens-fashion","17":"product_tag-mens-loafers","18":"product_tag-stylish-mens-shoes","19":"product_tag-wholesale-loafers","20":"desktop-align-center","21":"tablet-align-center","22":"mobile-align-center","24":"first","25":"instock","26":"shipping-taxable","27":"purchasable","28":"product-type-variable","29":"has-default-attributes"},"acf":[],"uagb_featured_image_src":{"full":["https:\/\/turkishtrade.co\/wp-content\/uploads\/2026\/01\/2600QLOMN00039-BROWN.png",453,250,false],"thumbnail":["https:\/\/turkishtrade.co\/wp-content\/uploads\/2026\/01\/2600QLOMN00039-BROWN-150x150.png",150,150,true],"medium":["https:\/\/turkishtrade.co\/wp-content\/uploads\/2026\/01\/2600QLOMN00039-BROWN-300x166.png",300,166,true],"medium_large":["https:\/\/turkishtrade.co\/wp-content\/uploads\/2026\/01\/2600QLOMN00039-BROWN.png",453,250,false],"large":["https:\/\/turkishtrade.co\/wp-content\/uploads\/2026\/01\/2600QLOMN00039-BROWN.png",453,250,false],"1536x1536":["https:\/\/turkishtrade.co\/wp-content\/uploads\/2026\/01\/2600QLOMN00039-BROWN.png",453,250,false],"2048x2048":["https:\/\/turkishtrade.co\/wp-content\/uploads\/2026\/01\/2600QLOMN00039-BROWN.png",453,250,false],"trp-custom-language-flag":["https:\/\/turkishtrade.co\/wp-content\/uploads\/2026\/01\/2600QLOMN00039-BROWN-18x10.png",18,10,true],"woocommerce_thumbnail":["https:\/\/turkishtrade.co\/wp-content\/uploads\/2026\/01\/2600QLOMN00039-BROWN-400x250.png",400,250,true],"woocommerce_single":["https:\/\/turkishtrade.co\/wp-content\/uploads\/2026\/01\/2600QLOMN00039-BROWN.png",453,250,false],"woocommerce_gallery_thumbnail":["https:\/\/turkishtrade.co\/wp-content\/uploads\/2026\/01\/2600QLOMN00039-BROWN-100x100.png",100,100,true]},"uagb_author_info":{"display_name":"python python","author_link":"https:\/\/turkishtrade.co\/tr\/author\/"},"uagb_comment_info":0,"uagb_excerpt":"Crafted from premium Eva calf leather for a sophisticated look Luxurious goat leather lining provides exceptional breathability and comfort Timeless casual loafer design with elegant metal buckle detail Lightweight and flexible EVA sole for superior traction and cushioning Available in a versatile size range: 40, 41, 42, 43, 44 Wholesale opportunities available for minimum orders&hellip;","_links":{"self":[{"href":"https:\/\/turkishtrade.co\/tr\/wp-json\/wp\/v2\/product\/8587","targetHints":{"allow":["GET"]}}],"collection":[{"href":"https:\/\/turkishtrade.co\/tr\/wp-json\/wp\/v2\/product"}],"about":[{"href":"https:\/\/turkishtrade.co\/tr\/wp-json\/wp\/v2\/types\/product"}],"wp:featuredmedia":[{"embeddable":true,"href":"https:\/\/turkishtrade.co\/tr\/wp-json\/wp\/v2\/media\/6743"}],"wp:attachment":[{"href":"https:\/\/turkishtrade.co\/tr\/wp-json\/wp\/v2\/media?parent=8587"}],"wp:term":[{"taxonomy":"product_brand","embeddable":true,"href":"https:\/\/turkishtrade.co\/tr\/wp-json\/wp\/v2\/product_brand?post=8587"},{"taxonomy":"product_cat","embeddable":true,"href":"https:\/\/turkishtrade.co\/tr\/wp-json\/wp\/v2\/product_cat?post=8587"},{"taxonomy":"product_tag","embeddable":true,"href":"https:\/\/turkishtrade.co\/tr\/wp-json\/wp\/v2\/product_tag?post=8587"}],"curies":[{"name":"wp","href":"https:\/\/api.w.org\/{rel}","templated":true}]}}