{"id":8586,"date":"2026-01-29T14:51:19","date_gmt":"2026-01-29T14:51:19","guid":{"rendered":"https:\/\/turkishtrade.co\/?post_type=product&#038;p=8586"},"modified":"2026-04-09T20:20:43","modified_gmt":"2026-04-09T20:20:43","slug":"black-calf-leather-casual-loafers","status":"publish","type":"product","link":"https:\/\/turkishtrade.co\/tr\/shop\/black-calf-leather-casual-loafers\/","title":{"rendered":"Siyah Dana Derisi G\u00fcnl\u00fck Loafer Sensational | Erkek Siyah Dana Derisi G\u00fcnl\u00fck"},"content":{"rendered":"<p><strong>Siyah Dana Derisi G\u00fcnl\u00fck Loafer<\/strong>. Sansasyonel kalite ve tasar\u0131m.<\/p>\n<p>Enfes tasar\u0131m\u0131m\u0131zla benzersiz bir stil ve konfora ad\u0131m at\u0131n <strong>Siyah Dana Derisi G\u00fcnl\u00fck Loafer<\/strong>. Hem esteti\u011fe hem de i\u015flevselli\u011fe de\u011fer veren modern erkekler i\u00e7in tasarlanan bu mokasen ayakkab\u0131lar, sofistike gard\u0131roplar\u0131n vazge\u00e7ilmez bir par\u00e7as\u0131d\u0131r. P\u00fcr\u00fczs\u00fcz dokusu ve ola\u011fan\u00fcst\u00fc dayan\u0131kl\u0131l\u0131\u011f\u0131yla tan\u0131nan birinci s\u0131n\u0131f Eva dana derisinden (dana deri) \u00fcretilen bu ayakkab\u0131lar, zarif g\u00f6r\u00fcn\u00fcmlerini y\u0131llarca korumay\u0131 vaat ediyor. Koyu siyah renk tonu zamans\u0131z bir \u00e7ok y\u00f6nl\u00fcl\u00fck sunarak bu ayakkab\u0131lar\u0131 <strong>Siyah Dana Derisi G\u00fcnl\u00fck Loafer<\/strong> \u0130\u015f toplant\u0131lar\u0131ndan rahat hafta sonu gezilerine kadar say\u0131s\u0131z durum i\u00e7in uygundur.<\/p>\n<p>\u00c7arp\u0131c\u0131 d\u0131\u015f g\u00f6r\u00fcn\u00fc\u015flerinin \u00f6tesinde, ger\u00e7ek l\u00fcks i\u00e7lerinde yatar. Her bir \u00e7ift, son derece yumu\u015fak ke\u00e7i derisi (keci astar) ile titizlikle astarlanm\u0131\u015ft\u0131r. Bu do\u011fal astar, nefes alabilirli\u011fi ve nemi emme \u00f6zellikleriyle \u00fcnl\u00fcd\u00fcr ve uzun s\u00fcreli kullan\u0131mdan sonra bile ayaklar\u0131n\u0131z\u0131n rahat ve ferah kalmas\u0131n\u0131 sa\u011flar. Sa\u011flam dana derisi ve yumu\u015fak ke\u00e7i astar\u0131n\u0131n \u00f6zenli kombinasyonu, aya\u011f\u0131n\u0131za g\u00f6re \u015fekillenen ergonomik bir ortam yaratarak \u0131smarlama bir uyum ve \u00fcst\u00fcn yast\u0131klama sa\u011flar. S\u0131rt k\u0131sm\u0131ndaki ince ama zarif metal toka vurgusu, bu klasik ayakkab\u0131ya modern bir \u015f\u0131kl\u0131k katar. <strong>Siyah Dana Derisi G\u00fcnl\u00fck Loafer<\/strong>, Sade \u00e7ekiciliklerini g\u00f6lgelemeden g\u00f6rsel cazibelerini art\u0131r\u0131r. Bu \u00e7ok y\u00f6nl\u00fc <strong>Siyah Dana Derisi G\u00fcnl\u00fck Loafer<\/strong> g\u00fcnl\u00fck \u015f\u0131kl\u0131\u011f\u0131 yeniden tan\u0131mlay\u0131n.<\/p>\n<h3>E\u015fsiz \u0130\u015f\u00e7ilik ve \u00c7ok Y\u00f6nl\u00fc Stil<\/h3>\n<p>Kaliteye olan ba\u011fl\u0131l\u0131\u011f\u0131m\u0131z, bu birinci s\u0131n\u0131f mokasen ayakkab\u0131lar\u0131n her diki\u015finde ve detay\u0131nda kendini g\u00f6sterir. Sa\u011flam yap\u0131s\u0131 uzun \u00f6m\u00fcrl\u00fcl\u00fc\u011f\u00fc garanti ederken, esnek taban\u0131 m\u00fckemmel tutu\u015f ve destek sa\u011flayarak g\u00fcn boyunca zahmetsizce hareket etmenize olanak tan\u0131r. \u0130ster \u015fehir manzaralar\u0131nda geziniyor ister rahat bir y\u00fcr\u00fcy\u00fc\u015f\u00fcn tad\u0131n\u0131 \u00e7\u0131kar\u0131yor olun, bu mokasen ayakkab\u0131lar maksimum konfor ve denge i\u00e7in tasarlanm\u0131\u015ft\u0131r. Zengin siyah dana derisiyle zenginle\u015ftirilen klasik loafer silueti, \u00f6zel dikim pantolonlar ve \u015f\u0131k g\u00f6mleklerden \u015f\u0131k kot pantolonlar ve blazer ceketlere kadar \u00e7e\u015fitli k\u0131yafetlerle sorunsuz bir \u015fekilde e\u015fle\u015fir. Resmi ve g\u00fcndelik aras\u0131ndaki bo\u015flu\u011fu zahmetsizce dolduran bu ayakkab\u0131lar, vazge\u00e7ilmez bir ayakkab\u0131 tercihi haline geliyor. Hem profesyonel hem de g\u00fcnl\u00fck k\u0131yafetlerinizi m\u00fckemmel bir \u015fekilde tamamlayan bu <strong>Siyah Dana Derisi G\u00fcnl\u00fck Loafer<\/strong> kal\u0131c\u0131 stilin bir kan\u0131t\u0131d\u0131r.<\/p>\n<p>EU 40, 41, 42, 43 ve 44 gibi pratik bir beden aral\u0131\u011f\u0131nda mevcut oldu\u011fundan, m\u00fckemmel uyumunuzu bulmak kolayd\u0131r. Ayr\u0131ca y\u00fcksek kaliteli ayakkab\u0131 stoklamak isteyen i\u015fletmelere de hizmet veriyoruz. Bu \u015f\u0131k ve rahat ayakkab\u0131lar <strong>Siyah Dana Derisi G\u00fcnl\u00fck Loafer<\/strong> minimum 8 \u00e7ift sipari\u015fle toptan sat\u0131n al\u0131nabilir. Bu, perakendeciler i\u00e7in m\u00fc\u015fterilerine T\u00fcrk i\u015f\u00e7ili\u011fini k\u00fcresel tarzla birle\u015ftiren bir \u00fcr\u00fcn sunmak i\u00e7in m\u00fckemmel bir f\u0131rsat sunuyor. Bu son derece iyi yap\u0131lm\u0131\u015f ve estetik a\u00e7\u0131dan ho\u015f g\u00fcndelik mokasenlerle ayakkab\u0131 koleksiyonunuzu geli\u015ftirin veya perakende tekliflerinizi geni\u015fletin.<\/p>","protected":false},"excerpt":{"rendered":"<ul>\n<li>Ola\u011fan\u00fcst\u00fc dayan\u0131kl\u0131l\u0131k ve \u015f\u0131k bir stil i\u00e7in birinci s\u0131n\u0131f Eva Dana Derisinden (Dana Deri) \u00fcretilmi\u015ftir.<\/li>\n<li>\u00dcst\u00fcn nefes alabilirlik ve g\u00fcn boyu konfor i\u00e7in l\u00fcks ke\u00e7i derisi (Keci Astar) astara sahiptir.<\/li>\n<li>\u00c7ok y\u00f6nl\u00fc stil i\u00e7in m\u00fckemmel olan modern toka vurgulu klasik rahat mokasen tasar\u0131m.<\/li>\n<li>Kapsaml\u0131 bir beden aral\u0131\u011f\u0131nda mevcuttur: AB 40, 41, 42, 43, 44.<\/li>\n<li>Hem bireysel sat\u0131n alma hem de toptan sat\u0131\u015f i\u00e7in idealdir (Minimum Sipari\u015f: 8 \u00c7ift).<\/li>\n<\/ul>","protected":false},"featured_media":6742,"template":"","meta":{"_acf_changed":false,"_uag_custom_page_level_css":"","site-sidebar-layout":"default","site-content-layout":"","ast-site-content-layout":"default","site-content-style":"default","site-sidebar-style":"default","ast-global-header-display":"","ast-banner-title-visibility":"","ast-main-header-display":"","ast-hfb-above-header-display":"","ast-hfb-below-header-display":"","ast-hfb-mobile-header-display":"","site-post-title":"","ast-breadcrumbs-content":"","ast-featured-img":"","footer-sml-layout":"","ast-disable-related-posts":"","theme-transparent-header-meta":"","adv-header-id-meta":"","stick-header-meta":"","header-above-stick-meta":"","header-main-stick-meta":"","header-below-stick-meta":"","astra-migrate-meta-layouts":"default","ast-page-background-enabled":"default","ast-page-background-meta":{"desktop":{"background-color":"var(--ast-global-color-4)","background-image":"","background-repeat":"repeat","background-position":"center center","background-size":"auto","background-attachment":"scroll","background-type":"","background-media":"","overlay-type":"","overlay-color":"","overlay-opacity":"","overlay-gradient":""},"tablet":{"background-color":"","background-image":"","background-repeat":"repeat","background-position":"center center","background-size":"auto","background-attachment":"scroll","background-type":"","background-media":"","overlay-type":"","overlay-color":"","overlay-opacity":"","overlay-gradient":""},"mobile":{"background-color":"","background-image":"","background-repeat":"repeat","background-position":"center center","background-size":"auto","background-attachment":"scroll","background-type":"","background-media":"","overlay-type":"","overlay-color":"","overlay-opacity":"","overlay-gradient":""}},"ast-content-background-meta":{"desktop":{"background-color":"var(--ast-global-color-5)","background-image":"","background-repeat":"repeat","background-position":"center center","background-size":"auto","background-attachment":"scroll","background-type":"","background-media":"","overlay-type":"","overlay-color":"","overlay-opacity":"","overlay-gradient":""},"tablet":{"background-color":"var(--ast-global-color-5)","background-image":"","background-repeat":"repeat","background-position":"center center","background-size":"auto","background-attachment":"scroll","background-type":"","background-media":"","overlay-type":"","overlay-color":"","overlay-opacity":"","overlay-gradient":""},"mobile":{"background-color":"var(--ast-global-color-5)","background-image":"","background-repeat":"repeat","background-position":"center center","background-size":"auto","background-attachment":"scroll","background-type":"","background-media":"","overlay-type":"","overlay-color":"","overlay-opacity":"","overlay-gradient":""}}},"product_brand":[],"product_cat":[48,49,430,1200],"product_tag":[1435,457,272,189,215,632,670,456],"class_list":{"0":"post-8586","1":"product","2":"type-product","3":"status-publish","4":"has-post-thumbnail","6":"product_cat-casual","7":"product_cat-loafer","8":"product_cat-men","9":"product_cat-mens-shoes-2","10":"product_tag-black-calf-leather-loafers","11":"product_tag-classic-loafers","12":"product_tag-comfort-shoes","13":"product_tag-goat-leather-lining","14":"product_tag-leather-loafers","15":"product_tag-premium-leather-shoes","16":"product_tag-stylish-loafers","17":"product_tag-wholesale-loafers","18":"desktop-align-center","19":"tablet-align-center","20":"mobile-align-center","22":"first","23":"instock","24":"shipping-taxable","25":"purchasable","26":"product-type-variable","27":"has-default-attributes"},"acf":[],"uagb_featured_image_src":{"full":["https:\/\/turkishtrade.co\/wp-content\/uploads\/2026\/01\/2600QLOMN00038-BLACK.png",453,250,false],"thumbnail":["https:\/\/turkishtrade.co\/wp-content\/uploads\/2026\/01\/2600QLOMN00038-BLACK-150x150.png",150,150,true],"medium":["https:\/\/turkishtrade.co\/wp-content\/uploads\/2026\/01\/2600QLOMN00038-BLACK-300x166.png",300,166,true],"medium_large":["https:\/\/turkishtrade.co\/wp-content\/uploads\/2026\/01\/2600QLOMN00038-BLACK.png",453,250,false],"large":["https:\/\/turkishtrade.co\/wp-content\/uploads\/2026\/01\/2600QLOMN00038-BLACK.png",453,250,false],"1536x1536":["https:\/\/turkishtrade.co\/wp-content\/uploads\/2026\/01\/2600QLOMN00038-BLACK.png",453,250,false],"2048x2048":["https:\/\/turkishtrade.co\/wp-content\/uploads\/2026\/01\/2600QLOMN00038-BLACK.png",453,250,false],"trp-custom-language-flag":["https:\/\/turkishtrade.co\/wp-content\/uploads\/2026\/01\/2600QLOMN00038-BLACK-18x10.png",18,10,true],"woocommerce_thumbnail":["https:\/\/turkishtrade.co\/wp-content\/uploads\/2026\/01\/2600QLOMN00038-BLACK-400x250.png",400,250,true],"woocommerce_single":["https:\/\/turkishtrade.co\/wp-content\/uploads\/2026\/01\/2600QLOMN00038-BLACK.png",453,250,false],"woocommerce_gallery_thumbnail":["https:\/\/turkishtrade.co\/wp-content\/uploads\/2026\/01\/2600QLOMN00038-BLACK-100x100.png",100,100,true]},"uagb_author_info":{"display_name":"python python","author_link":"https:\/\/turkishtrade.co\/tr\/author\/"},"uagb_comment_info":0,"uagb_excerpt":"Crafted from premium Eva Calf Leather (Dana Deri) for exceptional durability and sleek style. Features a luxurious goat leather (Keci Astar) lining for superior breathability and all-day comfort. Classic casual loafer design with a modern buckle accent, perfect for versatile styling. Available in a comprehensive size range: EU 40, 41, 42, 43, 44. Ideal for&hellip;","_links":{"self":[{"href":"https:\/\/turkishtrade.co\/tr\/wp-json\/wp\/v2\/product\/8586","targetHints":{"allow":["GET"]}}],"collection":[{"href":"https:\/\/turkishtrade.co\/tr\/wp-json\/wp\/v2\/product"}],"about":[{"href":"https:\/\/turkishtrade.co\/tr\/wp-json\/wp\/v2\/types\/product"}],"wp:featuredmedia":[{"embeddable":true,"href":"https:\/\/turkishtrade.co\/tr\/wp-json\/wp\/v2\/media\/6742"}],"wp:attachment":[{"href":"https:\/\/turkishtrade.co\/tr\/wp-json\/wp\/v2\/media?parent=8586"}],"wp:term":[{"taxonomy":"product_brand","embeddable":true,"href":"https:\/\/turkishtrade.co\/tr\/wp-json\/wp\/v2\/product_brand?post=8586"},{"taxonomy":"product_cat","embeddable":true,"href":"https:\/\/turkishtrade.co\/tr\/wp-json\/wp\/v2\/product_cat?post=8586"},{"taxonomy":"product_tag","embeddable":true,"href":"https:\/\/turkishtrade.co\/tr\/wp-json\/wp\/v2\/product_tag?post=8586"}],"curies":[{"name":"wp","href":"https:\/\/api.w.org\/{rel}","templated":true}]}}