{"id":8584,"date":"2026-01-29T14:51:19","date_gmt":"2026-01-29T14:51:19","guid":{"rendered":"https:\/\/turkishtrade.co\/?post_type=product&#038;p=8584"},"modified":"2026-04-09T20:20:48","modified_gmt":"2026-04-09T20:20:48","slug":"mens-woven-calf-leather-loafers","status":"publish","type":"product","link":"https:\/\/turkishtrade.co\/tr\/shop\/mens-woven-calf-leather-loafers\/","title":{"rendered":"Ke\u00e7i Astarl\u0131 Erkek Dokuma Dana Derisi Loafer L\u00fcks |"},"content":{"rendered":"<p><strong>Erkek Dokuma Dana Derisi Loafer<\/strong>. L\u00fcks kalite ve tasar\u0131m.<\/p>\n<p>Enfes tasar\u0131m\u0131m\u0131zla benzersiz bir stil ve konfora ad\u0131m at\u0131n <strong>Erkek Dokuma Dana Derisi Loafer<\/strong>. Hem sofistike hem de rahatl\u0131\u011fa de\u011fer veren modern beyefendiler i\u00e7in tasarlanan bu mokasen ayakkab\u0131lar, \u00fcst\u00fcn i\u015f\u00e7ilik ve l\u00fcks malzemelerin bir kan\u0131t\u0131d\u0131r. G\u00fcnl\u00fck ya da ak\u0131ll\u0131 g\u00fcndelik k\u0131yafetlerinizi tamamlamak i\u00e7in m\u00fckemmel olan bu \u00e7ok y\u00f6nl\u00fc ayakkab\u0131lar, ayakkab\u0131 koleksiyonunuzun vazge\u00e7ilmez bir par\u00e7as\u0131d\u0131r ve \u00e7e\u015fitli k\u0131yafet ve durumlarla kusursuz bir uyum sa\u011flamay\u0131 vaat eder. Klasik loafer stiliyle birle\u015fen benzersiz dokuma dokusu, bu ayakkab\u0131lar\u0131n zahmetsizce \u00f6ne \u00e7\u0131kmas\u0131n\u0131 sa\u011flar.<\/p>\n<h3>E\u015fsiz \u0130\u015f\u00e7ilik ve Birinci S\u0131n\u0131f Malzemeler<\/h3>\n<p>Her bir \u00e7iftimiz <strong>Erkek Dokuma Dana Derisi Loafer<\/strong> yaln\u0131zca en iyi kaynaklar kullan\u0131larak titizlikle \u00fcretilmi\u015ftir. D\u0131\u015f y\u00fczey, inan\u0131lmaz dayan\u0131kl\u0131l\u0131\u011f\u0131, esnek hissi ve zarif y\u00fczeyiyle bilinen hakiki dana derisine sahiptir. Bu birinci s\u0131n\u0131f dana derisi, tasar\u0131ma derinlik ve karakter katan ay\u0131rt edici bir desen olu\u015fturmak i\u00e7in karma\u015f\u0131k bir \u015fekilde dokunmu\u015ftur. \u0130\u00e7 k\u0131s\u0131mda, ayaklar\u0131n\u0131z hakiki ke\u00e7i derisi astar\u0131n l\u00fcks kuca\u011f\u0131nda sar\u0131l\u0131r. Bu do\u011fal astar, ayaklar\u0131n\u0131z\u0131n g\u00fcn boyunca kuru ve rahat kalmas\u0131n\u0131 sa\u011flayan ola\u011fan\u00fcst\u00fc nefes alabilirlik ve nem emme \u00f6zellikleriyle \u00fcnl\u00fcd\u00fcr. Bu \u00fcst\u00fcn derileri tamamlayan sa\u011flam ancak hafif EVA taban, m\u00fckemmel \u015fok emilimi ve \u00fcst\u00fcn y\u00fcr\u00fcy\u00fc\u015f konforu i\u00e7in esneklik sa\u011flar. Bu \u00f6zenli malzeme kombinasyonu, bu ayakkab\u0131lar\u0131n <strong>Erkek Dokuma Dana Derisi Loafer<\/strong> sadece g\u00f6rsel olarak \u00e7ekici de\u011fil, ayn\u0131 zamanda giymesi de bir zevktir.<\/p>\n<h3>\u00c7ok \u015eey Anlatan Stil<\/h3>\n<p>Bu sadece bir ayakkab\u0131 de\u011fil; bir ifade. \u015e\u0131k beyaz deri detaylar ve zarif metal zincir s\u00fcslemesiyle vurgulanan zarif beyaz ve a\u00e7\u0131k bej dokuma saya, hem \u00e7a\u011fda\u015f hem de zamans\u0131z sofistike bir estetik sunar. \u0130ster rahat bir hafta sonu gezintisi, ister \u015f\u0131k bir i\u015f toplant\u0131s\u0131 ya da bir ak\u015fam etkinli\u011fi i\u00e7in giyiniyor olun, bu <strong>Erkek Dokuma Dana Derisi Loafer<\/strong> m\u00fckemmel bir son dokunu\u015f sa\u011flar. \u00c7ok y\u00f6nl\u00fc tasar\u0131m\u0131 sayesinde chino pantolonlar, \u00f6zel dikim \u015fortlar ve hatta hafif tak\u0131m elbiselerle e\u015fle\u015ftirilebilen bu ayakkab\u0131lar, farkl\u0131 gard\u0131roplar ve ortamlar i\u00e7in inan\u0131lmaz derecede uyarlanabilir. Taban\u0131n etraf\u0131ndaki ince mavi \u015ferit detay\u0131, s\u0131radan mokasen ayakkab\u0131lardan ay\u0131ran ay\u0131rt edici bir yetenek katar.<\/p>\n<h3>Konforunuz \u0130\u00e7in Tasarland\u0131<\/h3>\n<p>\u00c7arp\u0131c\u0131 g\u00f6r\u00fcn\u00fcmlerinin \u00f6tesinde, bu modellerin tasar\u0131m\u0131nda konfor \u00e7ok \u00f6nemlidir <strong>Erkek Dokuma Dana Derisi Loafer<\/strong>. Yumu\u015fak ke\u00e7i derisi astar aya\u011f\u0131n\u0131za uyum sa\u011flayarak zamanla \u00f6zel bir uyum sa\u011flarken, nefes alabilirli\u011fi a\u015f\u0131r\u0131 \u0131s\u0131nmay\u0131 \u00f6nler. Ergonomik tasar\u0131m\u0131 aya\u011f\u0131n\u0131z\u0131n do\u011fal \u015feklini destekler ve hafif EVA taban\u0131 ayak yorgunlu\u011funu azaltarak bu ayakkab\u0131lar\u0131 uzun s\u00fcreli kullan\u0131m i\u00e7in ideal hale getirir. Avrupa'da 40 ila 44 numara aras\u0131nda mevcut olan bu ayakkab\u0131, maksimum konfor ve kendinden emin ad\u0131mlar atman\u0131z\u0131 sa\u011flar. Tarz\u0131n\u0131zdan \u00f6d\u00fcn vermeden konforu kucaklay\u0131n.<\/p>\n<p>L\u00fcks, dayan\u0131kl\u0131l\u0131k ve \u00e7a\u011fda\u015f tasar\u0131m\u0131n m\u00fckemmel birle\u015fimini deneyimleyin. Bu ola\u011fan\u00fcst\u00fc ayakkab\u0131larla ayakkab\u0131 oyununuzu y\u00fckseltin <strong>Erkek Dokuma Dana Derisi Loafer<\/strong>. Ayakkab\u0131dan daha fazlas\u0131d\u0131rlar; uzun s\u00fcre dayanacak bir stil ve konfor yat\u0131r\u0131m\u0131d\u0131rlar. Toplu sipari\u015fler i\u00e7in, minimum 8 \u00e7ift sipari\u015f miktar\u0131 ile cazip toptan sat\u0131\u015f se\u00e7enekleri sunuyoruz. Bu zarif mokasenlerin toptan sat\u0131\u015f fiyatlar\u0131m\u0131z hakk\u0131nda daha fazla bilgi edinmek i\u00e7in bug\u00fcn bize ula\u015f\u0131n.<\/p>","protected":false},"excerpt":{"rendered":"<ul>\n<li>Farkl\u0131 bir stil i\u00e7in birinci s\u0131n\u0131f dokuma dana derisinden el yap\u0131m\u0131.<\/li>\n<li>L\u00fcks ke\u00e7i derisi astar ola\u011fan\u00fcst\u00fc konfor ve nefes alabilirlik sa\u011flar.<\/li>\n<li>T\u00fcm g\u00fcn kullan\u0131m i\u00e7in hafif, \u015fok emici EVA tabana sahiptir.<\/li>\n<li>Zarif metal s\u00fcslemeler sofistike bir dokunu\u015f katar.<\/li>\n<li>Kapsaml\u0131 bir beden aral\u0131\u011f\u0131nda mevcuttur: AB 40, 41, 42, 43, 44.<\/li>\n<li>Hem g\u00fcndelik hem de yar\u0131 resmi durumlar i\u00e7in idealdir.<\/li>\n<li>Minimum 8 \u00e7ift sipari\u015f ile toptan sat\u0131\u015f mevcuttur.<\/li>\n<\/ul>","protected":false},"featured_media":6740,"template":"","meta":{"_acf_changed":false,"_uag_custom_page_level_css":"","site-sidebar-layout":"default","site-content-layout":"","ast-site-content-layout":"default","site-content-style":"default","site-sidebar-style":"default","ast-global-header-display":"","ast-banner-title-visibility":"","ast-main-header-display":"","ast-hfb-above-header-display":"","ast-hfb-below-header-display":"","ast-hfb-mobile-header-display":"","site-post-title":"","ast-breadcrumbs-content":"","ast-featured-img":"","footer-sml-layout":"","ast-disable-related-posts":"","theme-transparent-header-meta":"","adv-header-id-meta":"","stick-header-meta":"","header-above-stick-meta":"","header-main-stick-meta":"","header-below-stick-meta":"","astra-migrate-meta-layouts":"default","ast-page-background-enabled":"default","ast-page-background-meta":{"desktop":{"background-color":"var(--ast-global-color-4)","background-image":"","background-repeat":"repeat","background-position":"center center","background-size":"auto","background-attachment":"scroll","background-type":"","background-media":"","overlay-type":"","overlay-color":"","overlay-opacity":"","overlay-gradient":""},"tablet":{"background-color":"","background-image":"","background-repeat":"repeat","background-position":"center center","background-size":"auto","background-attachment":"scroll","background-type":"","background-media":"","overlay-type":"","overlay-color":"","overlay-opacity":"","overlay-gradient":""},"mobile":{"background-color":"","background-image":"","background-repeat":"repeat","background-position":"center center","background-size":"auto","background-attachment":"scroll","background-type":"","background-media":"","overlay-type":"","overlay-color":"","overlay-opacity":"","overlay-gradient":""}},"ast-content-background-meta":{"desktop":{"background-color":"var(--ast-global-color-5)","background-image":"","background-repeat":"repeat","background-position":"center center","background-size":"auto","background-attachment":"scroll","background-type":"","background-media":"","overlay-type":"","overlay-color":"","overlay-opacity":"","overlay-gradient":""},"tablet":{"background-color":"var(--ast-global-color-5)","background-image":"","background-repeat":"repeat","background-position":"center center","background-size":"auto","background-attachment":"scroll","background-type":"","background-media":"","overlay-type":"","overlay-color":"","overlay-opacity":"","overlay-gradient":""},"mobile":{"background-color":"var(--ast-global-color-5)","background-image":"","background-repeat":"repeat","background-position":"center center","background-size":"auto","background-attachment":"scroll","background-type":"","background-media":"","overlay-type":"","overlay-color":"","overlay-opacity":"","overlay-gradient":""}}},"product_brand":[],"product_cat":[48,49,430,1200],"product_tag":[185,512,950,287,1278,1427,186,546,456,1434],"class_list":{"0":"post-8584","1":"product","2":"type-product","3":"status-publish","4":"has-post-thumbnail","6":"product_cat-casual","7":"product_cat-loafer","8":"product_cat-men","9":"product_cat-mens-shoes-2","10":"product_tag-calf-leather-shoes","11":"product_tag-casual-loafers","12":"product_tag-comfort-loafers","13":"product_tag-eva-sole-shoes","14":"product_tag-goat-lining-shoes","15":"product_tag-leather-loafers-men","16":"product_tag-mens-loafers","17":"product_tag-stylish-mens-shoes","18":"product_tag-wholesale-loafers","19":"product_tag-woven-leather-loafers","20":"desktop-align-center","21":"tablet-align-center","22":"mobile-align-center","24":"first","25":"instock","26":"shipping-taxable","27":"purchasable","28":"product-type-variable","29":"has-default-attributes"},"acf":[],"uagb_featured_image_src":{"full":["https:\/\/turkishtrade.co\/wp-content\/uploads\/2026\/01\/2600QLOMN00036-WHITE.png",453,250,false],"thumbnail":["https:\/\/turkishtrade.co\/wp-content\/uploads\/2026\/01\/2600QLOMN00036-WHITE-150x150.png",150,150,true],"medium":["https:\/\/turkishtrade.co\/wp-content\/uploads\/2026\/01\/2600QLOMN00036-WHITE-300x166.png",300,166,true],"medium_large":["https:\/\/turkishtrade.co\/wp-content\/uploads\/2026\/01\/2600QLOMN00036-WHITE.png",453,250,false],"large":["https:\/\/turkishtrade.co\/wp-content\/uploads\/2026\/01\/2600QLOMN00036-WHITE.png",453,250,false],"1536x1536":["https:\/\/turkishtrade.co\/wp-content\/uploads\/2026\/01\/2600QLOMN00036-WHITE.png",453,250,false],"2048x2048":["https:\/\/turkishtrade.co\/wp-content\/uploads\/2026\/01\/2600QLOMN00036-WHITE.png",453,250,false],"trp-custom-language-flag":["https:\/\/turkishtrade.co\/wp-content\/uploads\/2026\/01\/2600QLOMN00036-WHITE-18x10.png",18,10,true],"woocommerce_thumbnail":["https:\/\/turkishtrade.co\/wp-content\/uploads\/2026\/01\/2600QLOMN00036-WHITE-400x250.png",400,250,true],"woocommerce_single":["https:\/\/turkishtrade.co\/wp-content\/uploads\/2026\/01\/2600QLOMN00036-WHITE.png",453,250,false],"woocommerce_gallery_thumbnail":["https:\/\/turkishtrade.co\/wp-content\/uploads\/2026\/01\/2600QLOMN00036-WHITE-100x100.png",100,100,true]},"uagb_author_info":{"display_name":"python python","author_link":"https:\/\/turkishtrade.co\/tr\/author\/"},"uagb_comment_info":0,"uagb_excerpt":"Handcrafted from premium woven calf leather for distinct style. Luxurious goat leather lining ensures exceptional comfort and breathability. Features a lightweight, shock-absorbing EVA sole for all-day wear. Elegant metal embellishment adds a touch of sophistication. Available in a comprehensive size range: EU 40, 41, 42, 43, 44. Ideal for both casual and semi-formal occasions. Wholesale&hellip;","_links":{"self":[{"href":"https:\/\/turkishtrade.co\/tr\/wp-json\/wp\/v2\/product\/8584","targetHints":{"allow":["GET"]}}],"collection":[{"href":"https:\/\/turkishtrade.co\/tr\/wp-json\/wp\/v2\/product"}],"about":[{"href":"https:\/\/turkishtrade.co\/tr\/wp-json\/wp\/v2\/types\/product"}],"wp:featuredmedia":[{"embeddable":true,"href":"https:\/\/turkishtrade.co\/tr\/wp-json\/wp\/v2\/media\/6740"}],"wp:attachment":[{"href":"https:\/\/turkishtrade.co\/tr\/wp-json\/wp\/v2\/media?parent=8584"}],"wp:term":[{"taxonomy":"product_brand","embeddable":true,"href":"https:\/\/turkishtrade.co\/tr\/wp-json\/wp\/v2\/product_brand?post=8584"},{"taxonomy":"product_cat","embeddable":true,"href":"https:\/\/turkishtrade.co\/tr\/wp-json\/wp\/v2\/product_cat?post=8584"},{"taxonomy":"product_tag","embeddable":true,"href":"https:\/\/turkishtrade.co\/tr\/wp-json\/wp\/v2\/product_tag?post=8584"}],"curies":[{"name":"wp","href":"https:\/\/api.w.org\/{rel}","templated":true}]}}