{"id":8583,"date":"2026-01-29T14:51:19","date_gmt":"2026-01-29T14:51:19","guid":{"rendered":"https:\/\/turkishtrade.co\/?post_type=product&#038;p=8583"},"modified":"2026-04-09T20:20:51","modified_gmt":"2026-04-09T20:20:51","slug":"mens-calf-leather-loafers-17","status":"publish","type":"product","link":"https:\/\/turkishtrade.co\/tr\/shop\/mens-calf-leather-loafers-17\/","title":{"rendered":"Erkek Dana Derisi Loafer L\u00fcks | Tan Kabartmal\u0131 Dana Derisi Erkek"},"content":{"rendered":"<p><strong>Erkek Dana Derisi Loafer<\/strong>. L\u00fcks kalite ve tasar\u0131m.<\/p>\n<p>Enfes tasar\u0131m\u0131m\u0131zla benzersiz bir stil ve konfora ad\u0131m at\u0131n <strong>Erkek Dana Derisi Loafer<\/strong>. Hem \u015f\u0131kl\u0131\u011fa hem de rahatl\u0131\u011fa \u00f6nem veren modern erkekler i\u00e7in tasarlanan bu mokasen ayakkab\u0131lar, \u00fcst\u00fcn i\u015f\u00e7ili\u011fin bir kan\u0131t\u0131d\u0131r. Hakiki dana derisinden titizlikle \u00fcretilen \u00e7arp\u0131c\u0131 taba rengi saya, s\u0131radan ayakkab\u0131lardan ay\u0131ran benzersiz bir kabartmal\u0131 geometrik desene sahiptir. \u015e\u0131k metalik at biti s\u00fcslemesi, bu g\u00fcndelik klasi\u011fe sofistike bir incelik katar.<\/p>\n<p>L\u00fcks\u00fc i\u00e7ten d\u0131\u015fa ya\u015fay\u0131n. Bu birinci s\u0131n\u0131f ayakkab\u0131lar\u0131n her bir \u00e7ifti <strong>erkek dana derisi mokasen ayakkab\u0131<\/strong> ola\u011fan\u00fcst\u00fc nefes alabilirlik ve nem emme \u00f6zellikleriyle bilinen yumu\u015fak, esnek ke\u00e7i derisiyle astarlanm\u0131\u015ft\u0131r. Bu, uzun s\u00fcreli kullan\u0131mlarda bile ayaklar\u0131n\u0131z\u0131n rahat ve ferah kalmas\u0131n\u0131 sa\u011flar. Dayan\u0131kl\u0131 ancak hafif EVA taban m\u00fckemmel yast\u0131klama ve esneklik sa\u011flayarak her ad\u0131m\u0131n zahmetsizce at\u0131lmas\u0131n\u0131 sa\u011flar. \u0130ster \u015fehir sokaklar\u0131nda geziniyor ister rahat bir hafta sonunun tad\u0131n\u0131 \u00e7\u0131kar\u0131yor olun, bu mokasen ayakkab\u0131lar destek ve stilin m\u00fckemmel kar\u0131\u015f\u0131m\u0131n\u0131 sunar.<\/p>\n<h3>E\u015fsiz Kalite ve \u00c7ok Y\u00f6nl\u00fc Stil<\/h3>\n<p>Bizim <strong>erkek dana derisi mokasen ayakkab\u0131<\/strong> ayakkab\u0131dan daha fazlas\u0131d\u0131r; kal\u0131c\u0131 bir stile yap\u0131lan yat\u0131r\u0131md\u0131r. Sa\u011flam dana derisi uzun \u00f6m\u00fcrl\u00fcl\u00fck vaat eder ve uygun bak\u0131mla zaman i\u00e7inde sofistike g\u00f6r\u00fcn\u00fcm\u00fcn\u00fc korur. \u00c7ok y\u00f6nl\u00fc taba rengi, bu loafer'lar\u0131 chino pantolonlar ve \u015fortlardan \u015f\u0131k pantolonlar ve blazer ceketlere kadar \u00e7ok \u00e7e\u015fitli k\u0131yafetlerle e\u015fle\u015ftirmeyi kolayla\u015ft\u0131r\u0131r. G\u00fcnl\u00fck g\u00f6r\u00fcn\u00fcm\u00fcn\u00fcz\u00fc, rahat bir brunch'tan bir ak\u015fam toplant\u0131s\u0131na sorunsuzca ge\u00e7i\u015f yapan ayakkab\u0131larla y\u00fckseltin.<\/p>\n<p>M\u00fckemmellik i\u00e7in \u00fcretilen bu mokasen ayakkab\u0131lar, geni\u015f bir m\u00fc\u015fteri kitlesi i\u00e7in m\u00fckemmel bir uyum sa\u011flayarak 40 ila 44 aras\u0131nda kapsaml\u0131 bir beden yelpazesinde mevcuttur. Hassas diki\u015flerden \u00f6zenle se\u00e7ilmi\u015f malzemelere kadar detaylara g\u00f6sterilen \u00f6zen, kaliteye olan ba\u011fl\u0131l\u0131\u011f\u0131m\u0131z\u0131n alt\u0131n\u0131 \u00e7iziyor. S\u0131ra d\u0131\u015f\u0131 ayakkab\u0131lar sunmak isteyen perakendeciler i\u00e7in bu sofistike <strong>erkek dana derisi mokasen ayakkab\u0131<\/strong> minimum 8 \u00e7ift sipari\u015fle toptan sat\u0131n al\u0131nabilir, bu da onlar\u0131 her se\u00e7kin koleksiyona ideal bir katk\u0131 haline getirir.<\/p>\n<p>Premium koleksiyonumuzla konforu se\u00e7in, kaliteyi se\u00e7in, farkl\u0131l\u0131\u011f\u0131 se\u00e7in <strong>erkek dana derisi mokasen ayakkab\u0131<\/strong>. Geleneksel zarafet ve \u00e7a\u011fda\u015f tasar\u0131m\u0131n m\u00fckemmel kar\u0131\u015f\u0131m\u0131n\u0131 ke\u015ffedin.<\/p>","protected":false},"excerpt":{"rendered":"<ul>\n<li>L\u00fcks bir his ve dayan\u0131kl\u0131l\u0131k i\u00e7in hakiki dana derisinden \u00fcretilmi\u015ftir.<\/li>\n<li>Yumu\u015fak, nefes alabilen ke\u00e7i derisi astar g\u00fcn boyu konfor sa\u011flar.<\/li>\n<li>Belirgin kabartmal\u0131 desen ve \u015f\u0131k metalik at biti detay\u0131.<\/li>\n<li>Hafif ve esnek EVA taban \u00fcst\u00fcn konfor ve \u00e7eki\u015f g\u00fcc\u00fc sa\u011flar.<\/li>\n<li>40-44 bedenleri mevcuttur, \u00e7ok y\u00f6nl\u00fc g\u00fcndelik giyim i\u00e7in m\u00fckemmeldir.<\/li>\n<li>Minimum 8 \u00e7ift sipari\u015f ile toptan sat\u0131\u015f mevcuttur.<\/li>\n<\/ul>","protected":false},"featured_media":6739,"template":"","meta":{"_acf_changed":false,"_uag_custom_page_level_css":"","site-sidebar-layout":"default","site-content-layout":"","ast-site-content-layout":"default","site-content-style":"default","site-sidebar-style":"default","ast-global-header-display":"","ast-banner-title-visibility":"","ast-main-header-display":"","ast-hfb-above-header-display":"","ast-hfb-below-header-display":"","ast-hfb-mobile-header-display":"","site-post-title":"","ast-breadcrumbs-content":"","ast-featured-img":"","footer-sml-layout":"","ast-disable-related-posts":"","theme-transparent-header-meta":"","adv-header-id-meta":"","stick-header-meta":"","header-above-stick-meta":"","header-main-stick-meta":"","header-below-stick-meta":"","astra-migrate-meta-layouts":"default","ast-page-background-enabled":"default","ast-page-background-meta":{"desktop":{"background-color":"var(--ast-global-color-4)","background-image":"","background-repeat":"repeat","background-position":"center center","background-size":"auto","background-attachment":"scroll","background-type":"","background-media":"","overlay-type":"","overlay-color":"","overlay-opacity":"","overlay-gradient":""},"tablet":{"background-color":"","background-image":"","background-repeat":"repeat","background-position":"center center","background-size":"auto","background-attachment":"scroll","background-type":"","background-media":"","overlay-type":"","overlay-color":"","overlay-opacity":"","overlay-gradient":""},"mobile":{"background-color":"","background-image":"","background-repeat":"repeat","background-position":"center center","background-size":"auto","background-attachment":"scroll","background-type":"","background-media":"","overlay-type":"","overlay-color":"","overlay-opacity":"","overlay-gradient":""}},"ast-content-background-meta":{"desktop":{"background-color":"var(--ast-global-color-5)","background-image":"","background-repeat":"repeat","background-position":"center center","background-size":"auto","background-attachment":"scroll","background-type":"","background-media":"","overlay-type":"","overlay-color":"","overlay-opacity":"","overlay-gradient":""},"tablet":{"background-color":"var(--ast-global-color-5)","background-image":"","background-repeat":"repeat","background-position":"center center","background-size":"auto","background-attachment":"scroll","background-type":"","background-media":"","overlay-type":"","overlay-color":"","overlay-opacity":"","overlay-gradient":""},"mobile":{"background-color":"var(--ast-global-color-5)","background-image":"","background-repeat":"repeat","background-position":"center center","background-size":"auto","background-attachment":"scroll","background-type":"","background-media":"","overlay-type":"","overlay-color":"","overlay-opacity":"","overlay-gradient":""}}},"product_brand":[],"product_cat":[48,49,430,1200],"product_tag":[185,512,1433,438,1249,186,374,760],"class_list":{"0":"post-8583","1":"product","2":"type-product","3":"status-publish","4":"has-post-thumbnail","6":"product_cat-casual","7":"product_cat-loafer","8":"product_cat-men","9":"product_cat-mens-shoes-2","10":"product_tag-calf-leather-shoes","11":"product_tag-casual-loafers","12":"product_tag-embossed-loafers","13":"product_tag-eva-sole","14":"product_tag-goat-lining","15":"product_tag-mens-loafers","16":"product_tag-premium-loafers","17":"product_tag-tan-loafers","18":"desktop-align-center","19":"tablet-align-center","20":"mobile-align-center","22":"first","23":"instock","24":"shipping-taxable","25":"purchasable","26":"product-type-variable","27":"has-default-attributes"},"acf":[],"uagb_featured_image_src":{"full":["https:\/\/turkishtrade.co\/wp-content\/uploads\/2026\/01\/2600QLOMN00035-BEIGE.png",453,250,false],"thumbnail":["https:\/\/turkishtrade.co\/wp-content\/uploads\/2026\/01\/2600QLOMN00035-BEIGE-150x150.png",150,150,true],"medium":["https:\/\/turkishtrade.co\/wp-content\/uploads\/2026\/01\/2600QLOMN00035-BEIGE-300x166.png",300,166,true],"medium_large":["https:\/\/turkishtrade.co\/wp-content\/uploads\/2026\/01\/2600QLOMN00035-BEIGE.png",453,250,false],"large":["https:\/\/turkishtrade.co\/wp-content\/uploads\/2026\/01\/2600QLOMN00035-BEIGE.png",453,250,false],"1536x1536":["https:\/\/turkishtrade.co\/wp-content\/uploads\/2026\/01\/2600QLOMN00035-BEIGE.png",453,250,false],"2048x2048":["https:\/\/turkishtrade.co\/wp-content\/uploads\/2026\/01\/2600QLOMN00035-BEIGE.png",453,250,false],"trp-custom-language-flag":["https:\/\/turkishtrade.co\/wp-content\/uploads\/2026\/01\/2600QLOMN00035-BEIGE-18x10.png",18,10,true],"woocommerce_thumbnail":["https:\/\/turkishtrade.co\/wp-content\/uploads\/2026\/01\/2600QLOMN00035-BEIGE-400x250.png",400,250,true],"woocommerce_single":["https:\/\/turkishtrade.co\/wp-content\/uploads\/2026\/01\/2600QLOMN00035-BEIGE.png",453,250,false],"woocommerce_gallery_thumbnail":["https:\/\/turkishtrade.co\/wp-content\/uploads\/2026\/01\/2600QLOMN00035-BEIGE-100x100.png",100,100,true]},"uagb_author_info":{"display_name":"python python","author_link":"https:\/\/turkishtrade.co\/tr\/author\/"},"uagb_comment_info":0,"uagb_excerpt":"Crafted from genuine calf leather for a luxurious feel and durability. Soft, breathable goat leather lining ensures all-day comfort. Distinctive embossed pattern and stylish metallic horse-bit detail. Lightweight and flexible EVA sole provides superior comfort and traction. Available in sizes 40-44, perfect for versatile casual wear. Wholesale available with a minimum order of 8 pairs.","_links":{"self":[{"href":"https:\/\/turkishtrade.co\/tr\/wp-json\/wp\/v2\/product\/8583","targetHints":{"allow":["GET"]}}],"collection":[{"href":"https:\/\/turkishtrade.co\/tr\/wp-json\/wp\/v2\/product"}],"about":[{"href":"https:\/\/turkishtrade.co\/tr\/wp-json\/wp\/v2\/types\/product"}],"wp:featuredmedia":[{"embeddable":true,"href":"https:\/\/turkishtrade.co\/tr\/wp-json\/wp\/v2\/media\/6739"}],"wp:attachment":[{"href":"https:\/\/turkishtrade.co\/tr\/wp-json\/wp\/v2\/media?parent=8583"}],"wp:term":[{"taxonomy":"product_brand","embeddable":true,"href":"https:\/\/turkishtrade.co\/tr\/wp-json\/wp\/v2\/product_brand?post=8583"},{"taxonomy":"product_cat","embeddable":true,"href":"https:\/\/turkishtrade.co\/tr\/wp-json\/wp\/v2\/product_cat?post=8583"},{"taxonomy":"product_tag","embeddable":true,"href":"https:\/\/turkishtrade.co\/tr\/wp-json\/wp\/v2\/product_tag?post=8583"}],"curies":[{"name":"wp","href":"https:\/\/api.w.org\/{rel}","templated":true}]}}