{"id":8582,"date":"2026-01-29T14:51:19","date_gmt":"2026-01-29T14:51:19","guid":{"rendered":"https:\/\/turkishtrade.co\/?post_type=product&#038;p=8582"},"modified":"2026-04-09T20:20:54","modified_gmt":"2026-04-09T20:20:54","slug":"mens-calf-leather-loafers-16","status":"publish","type":"product","link":"https:\/\/turkishtrade.co\/tr\/shop\/mens-calf-leather-loafers-16\/","title":{"rendered":"Erkek Dana Derisi Loafer Elite | Erkek Dana Derisi G\u00fcnl\u00fck Loafer"},"content":{"rendered":"<p><strong>Erkek Dana Derisi Loafer<\/strong>. Elit kalite ve tasar\u0131m.<\/p>\n<p>Enfes koleksiyonumuzla benzersiz konfora ve sofistike stile ad\u0131m at\u0131n <strong>Erkek Dana Derisi Loafer<\/strong>. Hem \u015f\u0131kl\u0131\u011fa hem de pratikli\u011fe de\u011fer veren se\u00e7ici modern erkek i\u00e7in tasarlanan bu mokasen ayakkab\u0131lar, \u00fcst\u00fcn i\u015f\u00e7ili\u011fin ve detaylara g\u00f6sterilen \u00f6zenin bir kan\u0131t\u0131d\u0131r. Her bir \u00e7ift, l\u00fcks bir his, zengin bir estetik ve zamana meydan okuyacak ola\u011fan\u00fcst\u00fc dayan\u0131kl\u0131l\u0131k sunan birinci s\u0131n\u0131f hakiki dana derisi kullan\u0131larak titizlikle \u00fcretilmi\u015ftir. Dana derisinin do\u011fal dokusu ve kaliteli kaplamas\u0131 se\u00e7kin bir g\u00f6r\u00fcn\u00fcm sa\u011flarken, bu <strong>Erkek Dana Derisi Loafer<\/strong> her gard\u0131rop i\u00e7in \u00e7ok y\u00f6nl\u00fc ve temel bir eklentidir, \u00e7e\u015fitli durumlar i\u00e7in m\u00fckemmeldir.<\/p>\n<h3>L\u00fcks Ke\u00e7i Derisi Astar ile Rakipsiz Konfor<\/h3>\n<p>Bu ola\u011fan\u00fcst\u00fc ayakkab\u0131lar\u0131n i\u00e7 k\u0131sm\u0131n\u0131 s\u00fcsleyen g\u00f6rkemli yumu\u015fak ke\u00e7i derisi astar sayesinde \u00e7\u0131plak ayak konforunda en \u00fcst seviyeyi ya\u015fay\u0131n. Bu birinci s\u0131n\u0131f i\u00e7 malzeme, \u00fcst\u00fcn nefes alabilirli\u011fi, nem \u00e7ekme \u00f6zellikleri ve inan\u0131lmaz yumu\u015fak dokunu\u015fuyla \u00fcnl\u00fcd\u00fcr ve ayaklar\u0131n\u0131z\u0131n t\u00fcm g\u00fcn boyunca serin, kuru ve rahat kalmas\u0131n\u0131 sa\u011flar. Rahats\u0131zl\u0131\u011fa elveda deyin ve g\u00f6r\u00fcnd\u00fc\u011f\u00fc kadar iyi hissettiren bir y\u00fcr\u00fcy\u00fc\u015f deneyimine merhaba deyin. Bunlar <strong>Erkek Dana Derisi Loafer<\/strong> sadece d\u0131\u015f estetikten ibaret de\u011fildir; ister yo\u011fun bir i\u015f g\u00fcn\u00fcn\u00fc ge\u00e7iriyor ister rahat bir hafta sonu gezintisinin tad\u0131n\u0131 \u00e7\u0131kar\u0131yor olun, y\u00fcksek bir konfor seviyesi i\u00e7in i\u00e7ten d\u0131\u015fa tasarlanm\u0131\u015ft\u0131r.<\/p>\n<h3>G\u00fcnl\u00fck \u00c7ok Y\u00f6nl\u00fcl\u00fck i\u00e7in Hafif EVA Taban<\/h3>\n<p>Etkileyici konfor profilini daha da geli\u015ftiren g\u00fcnl\u00fck makosen ayakkab\u0131lar\u0131m\u0131z, hafif ve son derece esnek bir EVA tabana sahiptir. Bu geli\u015fmi\u015f taban teknolojisi m\u00fckemmel yast\u0131klama ve \u00fcst\u00fcn \u015fok emilimi sa\u011flayarak uzun s\u00fcreli kullan\u0131mdan sonra bile ayak yorgunlu\u011funu \u00f6nemli \u00f6l\u00e7\u00fcde azalt\u0131r. \u0130nce bir kontrast \u015feritle zarif bir \u015fekilde vurgulanan sa\u011flam ancak esnek taban, g\u00fcvenilir \u00e7eki\u015f g\u00fcc\u00fc sunar ve zarif \u00fcst tasar\u0131m\u0131 m\u00fckemmel bir \u015fekilde tamamlar. \u00d6nemli i\u015f toplant\u0131lar\u0131ndan sosyal bulu\u015fmalara ve rahat y\u00fcr\u00fcy\u00fc\u015flere kadar, bu \u00e7ok y\u00f6nl\u00fc <strong>Erkek Dana Derisi Loafer<\/strong> Program\u0131n\u0131zla zahmetsizce ge\u00e7i\u015f yaparak hem sars\u0131lmaz bir destek hem de zarif, g\u00f6steri\u015fli bir estetik sunar.<\/p>\n<h3>Zamans\u0131z Tasar\u0131m ve Her Erke\u011fe M\u00fckemmel Uyum<\/h3>\n<p>Klasik loafer sil\u00fceti, \u015f\u0131k metal toka detay\u0131 ve vampir k\u0131sm\u0131ndaki ilgi \u00e7ekici dokulu desenle ustal\u0131kla y\u00fckseltilmi\u015f ve ger\u00e7ekten zamans\u0131z bir tasar\u0131ma \u00e7a\u011fda\u015f bir dokunu\u015f katm\u0131\u015ft\u0131r. Bu ince d\u00fc\u015f\u00fcn\u00fclm\u00fc\u015f detaylar sayesinde <strong>Erkek Dana Derisi Loafer<\/strong> k\u0131yafetinizi asla a\u015f\u0131r\u0131ya ka\u00e7madan kendinden emin bir ifade yarat\u0131r. 40'tan 44'e kadar kapsaml\u0131 bir erkek beden yelpazesinde mevcut oldu\u011fundan, m\u00fckemmel uyumunuzu bulmak basit ve anla\u015f\u0131l\u0131rd\u0131r. Bu birinci s\u0131n\u0131f ayakkab\u0131lardan bir \u00e7ifte yat\u0131r\u0131m yap\u0131n <strong>Erkek Dana Derisi Loafer<\/strong> ve ayakkab\u0131 koleksiyonunuzu, gitti\u011finiz her yerde etkileyecek klasik cazibe ve modern sofistikeli\u011fin kusursuz bir kar\u0131\u015f\u0131m\u0131yla y\u00fckseltin.<\/p>\n<h3>Perakendeciler i\u00e7in Toptan Sat\u0131\u015f F\u0131rsatlar\u0131 Mevcut<\/h3>\n<p>Y\u00fcksek kaliteli, talep g\u00f6ren ayakkab\u0131lar sunmak isteyen perakendeciler, butikler ve i\u015fletmeler i\u00e7in bu ola\u011fan\u00fcst\u00fc <strong>Erkek Dana Derisi Loafer<\/strong> toptan al\u0131m i\u00e7in haz\u0131rd\u0131r. Sadece 8 \u00e7iftlik eri\u015filebilir bir minimum sipari\u015f miktar\u0131yla, envanterinizi se\u00e7ici m\u00fc\u015fterilerinizi etkilemesi ve \u00fcr\u00fcn teklifinizi geli\u015ftirmesi garanti edilen birinci s\u0131n\u0131f, aranan ayakkab\u0131larla kolayca stoklayabilirsiniz. Esnek toptan sat\u0131\u015f program\u0131m\u0131z hakk\u0131nda daha fazla bilgi edinmek i\u00e7in bug\u00fcn bize ula\u015f\u0131n ve bu ola\u011fan\u00fcst\u00fc ayakkab\u0131lar\u0131n l\u00fcks\u00fcn\u00fc, konforunu ve kal\u0131c\u0131 stilini <strong>Erkek Dana Derisi Loafer<\/strong> de\u011ferli m\u00fc\u015fterilerinize.<\/p>","protected":false},"excerpt":{"rendered":"<ul>\n<li>\u00dcst\u00fcn stil ve dayan\u0131kl\u0131l\u0131k i\u00e7in y\u00fcksek kaliteli hakiki dana derisinden ustal\u0131kla \u00fcretilmi\u015ftir.<\/li>\n<li>L\u00fcks ke\u00e7i derisi astar ola\u011fan\u00fcst\u00fc konfor, nefes alabilirlik ve yumu\u015fak bir his sa\u011flar.<\/li>\n<li>G\u00fcn boyu giyilebilirlik ve m\u00fckemmel yast\u0131klama i\u00e7in hafif ve esnek EVA tabana sahiptir.<\/li>\n<li>Zarif metal toka ve benzersiz doku detaylar\u0131yla zenginle\u015ftirilmi\u015f klasik g\u00fcnl\u00fck loafer tasar\u0131m\u0131.<\/li>\n<li>Kapsaml\u0131 bir erkek beden yelpazesinde mevcuttur: 40, 41, 42, 43, 44.<\/li>\n<li>\u00dcst\u00fcn konfor ve \u00f6ne \u00e7\u0131kan sofistike g\u00fcnl\u00fck ayakkab\u0131 arayanlar i\u00e7in idealdir.<\/li>\n<li>Perakendeciler i\u00e7in minimum 8 \u00e7ift sipari\u015f ile toptan fiyatland\u0131rma mevcuttur.<\/li>\n<\/ul>","protected":false},"featured_media":6738,"template":"","meta":{"_acf_changed":false,"_uag_custom_page_level_css":"","site-sidebar-layout":"default","site-content-layout":"","ast-site-content-layout":"default","site-content-style":"default","site-sidebar-style":"default","ast-global-header-display":"","ast-banner-title-visibility":"","ast-main-header-display":"","ast-hfb-above-header-display":"","ast-hfb-below-header-display":"","ast-hfb-mobile-header-display":"","site-post-title":"","ast-breadcrumbs-content":"","ast-featured-img":"","footer-sml-layout":"","ast-disable-related-posts":"","theme-transparent-header-meta":"","adv-header-id-meta":"","stick-header-meta":"","header-above-stick-meta":"","header-main-stick-meta":"","header-below-stick-meta":"","astra-migrate-meta-layouts":"default","ast-page-background-enabled":"default","ast-page-background-meta":{"desktop":{"background-color":"var(--ast-global-color-4)","background-image":"","background-repeat":"repeat","background-position":"center center","background-size":"auto","background-attachment":"scroll","background-type":"","background-media":"","overlay-type":"","overlay-color":"","overlay-opacity":"","overlay-gradient":""},"tablet":{"background-color":"","background-image":"","background-repeat":"repeat","background-position":"center center","background-size":"auto","background-attachment":"scroll","background-type":"","background-media":"","overlay-type":"","overlay-color":"","overlay-opacity":"","overlay-gradient":""},"mobile":{"background-color":"","background-image":"","background-repeat":"repeat","background-position":"center center","background-size":"auto","background-attachment":"scroll","background-type":"","background-media":"","overlay-type":"","overlay-color":"","overlay-opacity":"","overlay-gradient":""}},"ast-content-background-meta":{"desktop":{"background-color":"var(--ast-global-color-5)","background-image":"","background-repeat":"repeat","background-position":"center center","background-size":"auto","background-attachment":"scroll","background-type":"","background-media":"","overlay-type":"","overlay-color":"","overlay-opacity":"","overlay-gradient":""},"tablet":{"background-color":"var(--ast-global-color-5)","background-image":"","background-repeat":"repeat","background-position":"center center","background-size":"auto","background-attachment":"scroll","background-type":"","background-media":"","overlay-type":"","overlay-color":"","overlay-opacity":"","overlay-gradient":""},"mobile":{"background-color":"var(--ast-global-color-5)","background-image":"","background-repeat":"repeat","background-position":"center center","background-size":"auto","background-attachment":"scroll","background-type":"","background-media":"","overlay-type":"","overlay-color":"","overlay-opacity":"","overlay-gradient":""}}},"product_brand":[],"product_cat":[48,49,430,1200],"product_tag":[147,185,449,220,438,1249,215,186,546,456],"class_list":{"0":"post-8582","1":"product","2":"type-product","3":"status-publish","4":"has-post-thumbnail","6":"product_cat-casual","7":"product_cat-loafer","8":"product_cat-men","9":"product_cat-mens-shoes-2","10":"product_tag-brown-loafers","11":"product_tag-calf-leather-shoes","12":"product_tag-casual-shoes","13":"product_tag-comfortable-loafers","14":"product_tag-eva-sole","15":"product_tag-goat-lining","16":"product_tag-leather-loafers","17":"product_tag-mens-loafers","18":"product_tag-stylish-mens-shoes","19":"product_tag-wholesale-loafers","20":"desktop-align-center","21":"tablet-align-center","22":"mobile-align-center","24":"first","25":"instock","26":"shipping-taxable","27":"purchasable","28":"product-type-variable","29":"has-default-attributes"},"acf":[],"uagb_featured_image_src":{"full":["https:\/\/turkishtrade.co\/wp-content\/uploads\/2026\/01\/2600QLOMN00034-BROWN.png",453,250,false],"thumbnail":["https:\/\/turkishtrade.co\/wp-content\/uploads\/2026\/01\/2600QLOMN00034-BROWN-150x150.png",150,150,true],"medium":["https:\/\/turkishtrade.co\/wp-content\/uploads\/2026\/01\/2600QLOMN00034-BROWN-300x166.png",300,166,true],"medium_large":["https:\/\/turkishtrade.co\/wp-content\/uploads\/2026\/01\/2600QLOMN00034-BROWN.png",453,250,false],"large":["https:\/\/turkishtrade.co\/wp-content\/uploads\/2026\/01\/2600QLOMN00034-BROWN.png",453,250,false],"1536x1536":["https:\/\/turkishtrade.co\/wp-content\/uploads\/2026\/01\/2600QLOMN00034-BROWN.png",453,250,false],"2048x2048":["https:\/\/turkishtrade.co\/wp-content\/uploads\/2026\/01\/2600QLOMN00034-BROWN.png",453,250,false],"trp-custom-language-flag":["https:\/\/turkishtrade.co\/wp-content\/uploads\/2026\/01\/2600QLOMN00034-BROWN-18x10.png",18,10,true],"woocommerce_thumbnail":["https:\/\/turkishtrade.co\/wp-content\/uploads\/2026\/01\/2600QLOMN00034-BROWN-400x250.png",400,250,true],"woocommerce_single":["https:\/\/turkishtrade.co\/wp-content\/uploads\/2026\/01\/2600QLOMN00034-BROWN.png",453,250,false],"woocommerce_gallery_thumbnail":["https:\/\/turkishtrade.co\/wp-content\/uploads\/2026\/01\/2600QLOMN00034-BROWN-100x100.png",100,100,true]},"uagb_author_info":{"display_name":"python python","author_link":"https:\/\/turkishtrade.co\/tr\/author\/"},"uagb_comment_info":0,"uagb_excerpt":"Expertly crafted from high-quality genuine calf leather for superior style and durability. Luxurious goat leather lining provides exceptional comfort, breathability, and a soft feel. Features a lightweight and flexible EVA sole for all-day wearability and excellent cushioning. Classic casual loafer design enhanced with an elegant metal buckle and unique texture detailing. Available in a comprehensive&hellip;","_links":{"self":[{"href":"https:\/\/turkishtrade.co\/tr\/wp-json\/wp\/v2\/product\/8582","targetHints":{"allow":["GET"]}}],"collection":[{"href":"https:\/\/turkishtrade.co\/tr\/wp-json\/wp\/v2\/product"}],"about":[{"href":"https:\/\/turkishtrade.co\/tr\/wp-json\/wp\/v2\/types\/product"}],"wp:featuredmedia":[{"embeddable":true,"href":"https:\/\/turkishtrade.co\/tr\/wp-json\/wp\/v2\/media\/6738"}],"wp:attachment":[{"href":"https:\/\/turkishtrade.co\/tr\/wp-json\/wp\/v2\/media?parent=8582"}],"wp:term":[{"taxonomy":"product_brand","embeddable":true,"href":"https:\/\/turkishtrade.co\/tr\/wp-json\/wp\/v2\/product_brand?post=8582"},{"taxonomy":"product_cat","embeddable":true,"href":"https:\/\/turkishtrade.co\/tr\/wp-json\/wp\/v2\/product_cat?post=8582"},{"taxonomy":"product_tag","embeddable":true,"href":"https:\/\/turkishtrade.co\/tr\/wp-json\/wp\/v2\/product_tag?post=8582"}],"curies":[{"name":"wp","href":"https:\/\/api.w.org\/{rel}","templated":true}]}}