{"id":8566,"date":"2026-01-29T14:51:05","date_gmt":"2026-01-29T14:51:05","guid":{"rendered":"https:\/\/turkishtrade.co\/?post_type=product&#038;p=8566"},"modified":"2026-04-09T20:20:57","modified_gmt":"2026-04-09T20:20:57","slug":"navy-calf-leather-loafers-2","status":"publish","type":"product","link":"https:\/\/turkishtrade.co\/tr\/shop\/navy-calf-leather-loafers-2\/","title":{"rendered":"Lacivert Dana Derisi Loaferlar En \u00c7ok Satan | Erkek Lacivert Dana Derisi G\u00fcnl\u00fck Giyim"},"content":{"rendered":"<p><strong>Lacivert Dana Derisi Loafer<\/strong>. En \u00c7ok Satan kalite ve tasar\u0131m.<\/p>\n<p>Ayakkab\u0131 koleksiyonunuzu se\u00e7kin \u00fcr\u00fcnlerimizle geli\u015ftirin <strong>Erkek Lacivert Dana Derisi Loafer<\/strong>, Hem stil hem de konfora de\u011fer veren se\u00e7ici bireyler i\u00e7in titizlikle tasarlanm\u0131\u015ft\u0131r. \u00dcst\u00fcn i\u015f\u00e7ili\u011fin bir kan\u0131t\u0131 olan bu birinci s\u0131n\u0131f loafer ayakkab\u0131lar, klasik zarafet ve modern pratikli\u011fin sofistike bir kar\u0131\u015f\u0131m\u0131n\u0131 sunuyor. Zengin lacivert tonu, benzersiz desenli dana derisi saya ile birle\u015fti\u011finde, bu ayakkab\u0131lar\u0131n farkl\u0131 bir ifade olu\u015fturmas\u0131n\u0131 sa\u011flar ve \u015f\u0131k g\u00fcndelik k\u0131yafetlerden yar\u0131 resmi k\u0131yafetlere kadar her k\u0131yafeti zahmetsizce geli\u015ftirir.<\/p>\n<p>Bu ayakkab\u0131lar\u0131n \u00f6zenli yap\u0131s\u0131 sayesinde her ad\u0131mda benzersiz bir konfor ya\u015fay\u0131n <strong>laci\u0307vert dana deri\u0307si\u0307 mokasen<\/strong>. \u0130\u00e7 k\u0131s\u0131m, t\u00fcm g\u00fcn boyunca ayaklar\u0131n\u0131z i\u00e7in nefes alabilen ve nazik bir kucaklama sa\u011flayan g\u00f6rkemli ve yumu\u015fak ke\u00e7i derisi astara sahiptir. Rahats\u0131zl\u0131\u011fa veda edin ve uzun s\u00fcreler boyunca bile kal\u0131c\u0131 giyilebilirli\u011fe merhaba deyin. Konfor profilini daha da geli\u015ftiren hafif ve son derece esnek EVA taban, ola\u011fan\u00fcst\u00fc \u015fok emilimi ve destek sunmak \u00fczere tasarlanm\u0131\u015ft\u0131r. Bu da bizim <strong>dana derisi mokasen ayakkab\u0131<\/strong> yo\u011fun programlar i\u00e7in ideal bir se\u00e7imdir ve ayaklar\u0131n\u0131z\u0131n sabahtan ak\u015fama kadar rahat kalmas\u0131n\u0131 sa\u011flar.<\/p>\n<p>Konforun \u00f6tesinde, bunlar <strong>erkek g\u00fcnl\u00fck mokasen<\/strong> rafine bir stil havas\u0131 yayar. S\u0131rt k\u0131sm\u0131ndaki ay\u0131rt edici metalik toka, bu ayakkab\u0131lar\u0131 di\u011ferlerinden ay\u0131ran ve birinci s\u0131n\u0131f \u00e7ekicili\u011fini vurgulayan benzersiz bir ayr\u0131nt\u0131 dokunu\u015fu ekler. \u0130ster i\u015f ama\u00e7l\u0131 g\u00fcndelik bir toplant\u0131ya gidiyor olun, ister rahat bir hafta sonu brunch'\u0131n\u0131n tad\u0131n\u0131 \u00e7\u0131kar\u0131n ya da \u00f6zel bir etkinli\u011fe kat\u0131l\u0131n, bu <strong>laci\u0307vert dana deri\u0307si\u0307 mokasen<\/strong> m\u00fckemmel bir son dokunu\u015f sa\u011flar. \u00d6zel dikim pantolonlar, chino pantolonlar ve hatta \u015f\u0131k kot pantolonlarla sorunsuz bir \u015fekilde e\u015fle\u015fecek kadar \u00e7ok y\u00f6nl\u00fcd\u00fcr ve her sofistike gard\u0131robun vazge\u00e7ilmez bir par\u00e7as\u0131d\u0131r.<\/p>\n<p>Kaliteye olan ba\u011fl\u0131l\u0131\u011f\u0131m\u0131z her diki\u015fte ve malzeme se\u00e7iminde kendini g\u00f6stermektedir. Bu l\u00fcks ayakkab\u0131lar\u0131n her bir \u00e7ifti <strong>laci\u0307vert dana deri\u0307si\u0307 mokasen<\/strong> dayan\u0131kl\u0131l\u0131k ve zaman\u0131n testine dayanacak kusursuz bir y\u00fczey sa\u011flamak i\u00e7in ustal\u0131kla \u00fcretilmi\u015ftir. Pratik 40-44 numara aral\u0131\u011f\u0131nda mevcut olup, maksimum konfor ve \u015f\u0131k bir siluet garanti ederek m\u00fckemmel uyumunuzu bulmak kolayd\u0131r. L\u00fcks, i\u015flevsellik veya zamans\u0131z \u00e7ekicilikten \u00f6d\u00fcn vermeyen ayakkab\u0131lara yat\u0131r\u0131m yap\u0131n.<\/p>\n<h3>Toptan Sat\u0131\u015f F\u0131rsatlar\u0131<\/h3>\n<p>Birinci s\u0131n\u0131f, y\u00fcksek kaliteli ayakkab\u0131lar sunmak isteyen perakendeciler ve i\u015fletmeler i\u00e7in <strong>Erkek Lacivert Dana Derisi Loafer<\/strong> toptan sat\u0131n al\u0131nabilir. Bu pop\u00fcler ve \u015f\u0131k \u00fcr\u00fcn\u00fc verimli bir \u015fekilde stoklaman\u0131za olanak tan\u0131yan minimum 8 \u00e7ift sipari\u015f gereksinimini koruyoruz. M\u00fc\u015fterilerinize T\u00fcrk i\u015f\u00e7ili\u011fini k\u00fcresel tarzla birle\u015ftiren ola\u011fan\u00fcst\u00fc ayakkab\u0131lar sunmak i\u00e7in bizimle i\u015f ortakl\u0131\u011f\u0131 yap\u0131n. Toptan sat\u0131\u015f f\u0131rsatlar\u0131n\u0131 ke\u015ffetmek ve bu enfes ayakkab\u0131lar\u0131 m\u00fc\u015fterilerinize sunmak i\u00e7in bizimle bug\u00fcn ileti\u015fime ge\u00e7in. <strong>dana derisi mokasen ayakkab\u0131<\/strong> koleksiyonunuza.<\/p>","protected":false},"excerpt":{"rendered":"<ul>\n<li>Dayan\u0131kl\u0131l\u0131k ve sofistike bir stil i\u00e7in birinci s\u0131n\u0131f **siyah dana derisinden** \u00fcretilmi\u015ftir.<\/li>\n<li>L\u00fcks ve yumu\u015fak ke\u00e7i derisi astar g\u00fcn boyu ola\u011fan\u00fcst\u00fc konfor sa\u011flar.<\/li>\n<li>Hafif ve esnek EVA taban \u00fcst\u00fcn yast\u0131klama ve destek sa\u011flar.<\/li>\n<li>Zarif ve rahat mokasen tasar\u0131m\u0131, kendine \u00f6zg\u00fc metalik toka ile tamamlanm\u0131\u015ft\u0131r.<\/li>\n<li>40, 41, 42, 43 ve 44 bedenleri mevcuttur.<\/li>\n<li>Toptan sipari\u015fler kabul edilir (Minimum sipari\u015f: 8 \u00c7ift).<\/li>\n<\/ul>","protected":false},"featured_media":6737,"template":"","meta":{"_acf_changed":false,"_uag_custom_page_level_css":"","site-sidebar-layout":"default","site-content-layout":"","ast-site-content-layout":"default","site-content-style":"default","site-sidebar-style":"default","ast-global-header-display":"","ast-banner-title-visibility":"","ast-main-header-display":"","ast-hfb-above-header-display":"","ast-hfb-below-header-display":"","ast-hfb-mobile-header-display":"","site-post-title":"","ast-breadcrumbs-content":"","ast-featured-img":"","footer-sml-layout":"","ast-disable-related-posts":"","theme-transparent-header-meta":"","adv-header-id-meta":"","stick-header-meta":"","header-above-stick-meta":"","header-main-stick-meta":"","header-below-stick-meta":"","astra-migrate-meta-layouts":"default","ast-page-background-enabled":"default","ast-page-background-meta":{"desktop":{"background-color":"var(--ast-global-color-4)","background-image":"","background-repeat":"repeat","background-position":"center center","background-size":"auto","background-attachment":"scroll","background-type":"","background-media":"","overlay-type":"","overlay-color":"","overlay-opacity":"","overlay-gradient":""},"tablet":{"background-color":"","background-image":"","background-repeat":"repeat","background-position":"center center","background-size":"auto","background-attachment":"scroll","background-type":"","background-media":"","overlay-type":"","overlay-color":"","overlay-opacity":"","overlay-gradient":""},"mobile":{"background-color":"","background-image":"","background-repeat":"repeat","background-position":"center center","background-size":"auto","background-attachment":"scroll","background-type":"","background-media":"","overlay-type":"","overlay-color":"","overlay-opacity":"","overlay-gradient":""}},"ast-content-background-meta":{"desktop":{"background-color":"var(--ast-global-color-5)","background-image":"","background-repeat":"repeat","background-position":"center center","background-size":"auto","background-attachment":"scroll","background-type":"","background-media":"","overlay-type":"","overlay-color":"","overlay-opacity":"","overlay-gradient":""},"tablet":{"background-color":"var(--ast-global-color-5)","background-image":"","background-repeat":"repeat","background-position":"center center","background-size":"auto","background-attachment":"scroll","background-type":"","background-media":"","overlay-type":"","overlay-color":"","overlay-opacity":"","overlay-gradient":""},"mobile":{"background-color":"var(--ast-global-color-5)","background-image":"","background-repeat":"repeat","background-position":"center center","background-size":"auto","background-attachment":"scroll","background-type":"","background-media":"","overlay-type":"","overlay-color":"","overlay-opacity":"","overlay-gradient":""}}},"product_brand":[],"product_cat":[48,49,430,1200],"product_tag":[185,512,737,303,1278,227,969,186,557,456],"class_list":{"0":"post-8566","1":"product","2":"type-product","3":"status-publish","4":"has-post-thumbnail","6":"product_cat-casual","7":"product_cat-loafer","8":"product_cat-men","9":"product_cat-mens-shoes-2","10":"product_tag-calf-leather-shoes","11":"product_tag-casual-loafers","12":"product_tag-dress-loafers","13":"product_tag-eva-sole-footwear","14":"product_tag-goat-lining-shoes","15":"product_tag-leather-shoes","16":"product_tag-mens-fashion-shoes","17":"product_tag-mens-loafers","18":"product_tag-navy-loafers","19":"product_tag-wholesale-loafers","20":"desktop-align-center","21":"tablet-align-center","22":"mobile-align-center","24":"first","25":"instock","26":"shipping-taxable","27":"purchasable","28":"product-type-variable","29":"has-default-attributes"},"acf":[],"uagb_featured_image_src":{"full":["https:\/\/turkishtrade.co\/wp-content\/uploads\/2026\/01\/2600QLOMN00033-DARK-BLUE.png",453,250,false],"thumbnail":["https:\/\/turkishtrade.co\/wp-content\/uploads\/2026\/01\/2600QLOMN00033-DARK-BLUE-150x150.png",150,150,true],"medium":["https:\/\/turkishtrade.co\/wp-content\/uploads\/2026\/01\/2600QLOMN00033-DARK-BLUE-300x166.png",300,166,true],"medium_large":["https:\/\/turkishtrade.co\/wp-content\/uploads\/2026\/01\/2600QLOMN00033-DARK-BLUE.png",453,250,false],"large":["https:\/\/turkishtrade.co\/wp-content\/uploads\/2026\/01\/2600QLOMN00033-DARK-BLUE.png",453,250,false],"1536x1536":["https:\/\/turkishtrade.co\/wp-content\/uploads\/2026\/01\/2600QLOMN00033-DARK-BLUE.png",453,250,false],"2048x2048":["https:\/\/turkishtrade.co\/wp-content\/uploads\/2026\/01\/2600QLOMN00033-DARK-BLUE.png",453,250,false],"trp-custom-language-flag":["https:\/\/turkishtrade.co\/wp-content\/uploads\/2026\/01\/2600QLOMN00033-DARK-BLUE-18x10.png",18,10,true],"woocommerce_thumbnail":["https:\/\/turkishtrade.co\/wp-content\/uploads\/2026\/01\/2600QLOMN00033-DARK-BLUE-400x250.png",400,250,true],"woocommerce_single":["https:\/\/turkishtrade.co\/wp-content\/uploads\/2026\/01\/2600QLOMN00033-DARK-BLUE.png",453,250,false],"woocommerce_gallery_thumbnail":["https:\/\/turkishtrade.co\/wp-content\/uploads\/2026\/01\/2600QLOMN00033-DARK-BLUE-100x100.png",100,100,true]},"uagb_author_info":{"display_name":"python python","author_link":"https:\/\/turkishtrade.co\/tr\/author\/"},"uagb_comment_info":0,"uagb_excerpt":"Crafted from premium **navy calf leather** for durability and sophisticated style. Luxuriously soft goat leather lining ensures exceptional all-day comfort. Lightweight and flexible EVA sole provides superior cushioning and support. Elegant casual loafer design finished with a distinctive metallic buckle. Available in sizes 40, 41, 42, 43, and 44. Wholesale orders welcome (Minimum order: 8&hellip;","_links":{"self":[{"href":"https:\/\/turkishtrade.co\/tr\/wp-json\/wp\/v2\/product\/8566","targetHints":{"allow":["GET"]}}],"collection":[{"href":"https:\/\/turkishtrade.co\/tr\/wp-json\/wp\/v2\/product"}],"about":[{"href":"https:\/\/turkishtrade.co\/tr\/wp-json\/wp\/v2\/types\/product"}],"wp:featuredmedia":[{"embeddable":true,"href":"https:\/\/turkishtrade.co\/tr\/wp-json\/wp\/v2\/media\/6737"}],"wp:attachment":[{"href":"https:\/\/turkishtrade.co\/tr\/wp-json\/wp\/v2\/media?parent=8566"}],"wp:term":[{"taxonomy":"product_brand","embeddable":true,"href":"https:\/\/turkishtrade.co\/tr\/wp-json\/wp\/v2\/product_brand?post=8566"},{"taxonomy":"product_cat","embeddable":true,"href":"https:\/\/turkishtrade.co\/tr\/wp-json\/wp\/v2\/product_cat?post=8566"},{"taxonomy":"product_tag","embeddable":true,"href":"https:\/\/turkishtrade.co\/tr\/wp-json\/wp\/v2\/product_tag?post=8566"}],"curies":[{"name":"wp","href":"https:\/\/api.w.org\/{rel}","templated":true}]}}