{"id":8565,"date":"2026-01-29T14:51:05","date_gmt":"2026-01-29T14:51:05","guid":{"rendered":"https:\/\/turkishtrade.co\/?post_type=product&#038;p=8565"},"modified":"2026-04-09T20:21:00","modified_gmt":"2026-04-09T20:21:00","slug":"mens-calf-leather-loafers-22","status":"publish","type":"product","link":"https:\/\/turkishtrade.co\/tr\/shop\/mens-calf-leather-loafers-22\/","title":{"rendered":"Erkek Dana Derisi Loafer Elite | Beyaz Dana Derisi Erkek Loafer"},"content":{"rendered":"<p><strong>Erkek Dana Derisi Loafer<\/strong>. Elit kalite ve tasar\u0131m.<\/p>\n<p>Ayakkab\u0131 koleksiyonunuzu se\u00e7kin \u00fcr\u00fcnlerimizle geli\u015ftirin <strong>Beyaz Dana Derisi Erkek Loafer<\/strong>, hem stil hem de konfora de\u011fer veren se\u00e7ici beyefendiler i\u00e7in tasarlanm\u0131\u015ft\u0131r. Hakiki dana derisinden titizlikle \u00fcretilen bu birinci s\u0131n\u0131f mokasen ayakkab\u0131lar p\u00fcr\u00fczs\u00fcz, dayan\u0131kl\u0131 ve sofistike bir d\u0131\u015f g\u00f6r\u00fcn\u00fcm sunar. G\u0131c\u0131r g\u0131c\u0131r beyaz renk, \u00fcst k\u0131s\u0131mdaki ince ama ay\u0131rt edici desenle birle\u015ferek bu <strong>erkek dana derisi mokasen ayakkab\u0131<\/strong> \u00f6ne \u00e7\u0131kararak \u00e7ok say\u0131da g\u00fcndelik ve smart-casual durum i\u00e7in \u00e7ok y\u00f6nl\u00fc bir se\u00e7im haline getirir.<\/p>\n<h3>E\u015fsiz Konfor ve Kalite<\/h3>\n<p>L\u00fcks ke\u00e7i derisi astar sayesinde her ad\u0131mda benzersiz bir konfor ya\u015fay\u0131n. Yumu\u015fakl\u0131\u011f\u0131 ve nefes alabilirli\u011fi ile bilinen ke\u00e7i derisi i\u00e7 k\u0131s\u0131m, ayaklar\u0131n\u0131z\u0131 sararak uzun s\u00fcreli kullan\u0131mlarda bile ho\u015f bir ortam sa\u011flar. Sentetik alternatiflerin aksine, ke\u00e7i derisinin do\u011fal \u00f6zellikleri s\u0131cakl\u0131\u011f\u0131 d\u00fczenlemeye ve nemi uzakla\u015ft\u0131rmaya yard\u0131mc\u0131 olarak ayaklar\u0131n\u0131z\u0131n ferah kalmas\u0131n\u0131 sa\u011flar. Bu ola\u011fan\u00fcst\u00fc ayakkab\u0131n\u0131n temeli <strong>erkekler i\u00e7in dana derisi mokasen ayakkab\u0131lar<\/strong> hafif ve esnek bir EVA taband\u0131r. Bu geli\u015fmi\u015f taban teknolojisi \u015foku emer, yorgunlu\u011fu azalt\u0131r ve m\u00fckemmel \u00e7eki\u015f g\u00fcc\u00fc sunarak bu ayakkab\u0131lar\u0131 g\u00fcnl\u00fck kullan\u0131m i\u00e7in ideal hale getirir.<\/p>\n<h3>Modern Erkek i\u00e7in \u015e\u0131k \u00c7ok Y\u00f6nl\u00fcl\u00fck<\/h3>\n<p>Bizim <strong>Beyaz Dana Derisi Erkek Loafer<\/strong> ayakkab\u0131dan daha fazlas\u0131d\u0131r; abart\u0131s\u0131z bir zarafetin ifadesidir. Modern tasar\u0131m unsurlar\u0131yla g\u00fcncellenen klasik loafer silueti, \u00e7e\u015fitli k\u0131yafetlerle zahmetsizce e\u015fle\u015fir. Rahat bir ofis g\u00f6r\u00fcn\u00fcm\u00fc i\u00e7in \u00f6zel dikim chino pantolonlarla, bir yaz ak\u015fam\u0131 i\u00e7in keten pantolonlarla ve hatta sofistike bir hafta sonu kombini i\u00e7in koyu renk kot pantolonlarla hayal edin. Bunlar <strong>erkek dana derisi mokasen ayakkab\u0131<\/strong> geleneksel i\u015f\u00e7ilik ve \u00e7a\u011fda\u015f esteti\u011fin bir kar\u0131\u015f\u0131m\u0131n\u0131 sunarak ki\u015fisel tarz\u0131n\u0131z\u0131 tamamlamak \u00fczere tasarlanm\u0131\u015ft\u0131r. 40'tan 44'e kadar kapsaml\u0131 bir beden aral\u0131\u011f\u0131nda mevcut oldu\u011fundan, m\u00fckemmel uyumunuzu bulmak \u00e7ok kolay.<\/p>\n<h3>Dayan\u0131kl\u0131l\u0131k ve \u0130\u015f\u00e7ilik<\/h3>\n<p>Bunlar\u0131n her bir \u00e7ifti <strong>premium beyaz mokasen<\/strong> \u00fcst\u00fcn i\u015f\u00e7ili\u011fin bir kan\u0131t\u0131d\u0131r. \u00dcst k\u0131s\u0131m i\u00e7in \u00f6zenle se\u00e7ilen y\u00fcksek kaliteli dana derisinden hassas diki\u015f ve finisaja kadar her ayr\u0131nt\u0131 d\u00fc\u015f\u00fcn\u00fclm\u00fc\u015ft\u00fcr. Sa\u011flam yap\u0131, bu ayakkab\u0131lar\u0131n <strong>dana derisi mokasen ayakkab\u0131<\/strong> uzun s\u00fcre dayanacak \u015fekilde \u00fcretilmi\u015ftir, zaman i\u00e7inde bozulmam\u0131\u015f g\u00f6r\u00fcn\u00fcmlerini ve rahat uyumlar\u0131n\u0131 korurlar. Sadece iyi g\u00f6r\u00fcnmekle kalmay\u0131p ayn\u0131 zamanda kal\u0131c\u0131 kalite ve konfor sa\u011flayan ayakkab\u0131lara yat\u0131r\u0131m yap\u0131n. M\u00fc\u015fterilerine \u00fcst d\u00fczey ayakkab\u0131lar sunmak isteyen i\u015fletmeler i\u00e7in bu <strong>erkek dana derisi mokasen ayakkab\u0131<\/strong> minimum sipari\u015f miktar\u0131 8 \u00e7ift olmak \u00fczere toptan sat\u0131n al\u0131nabilir.<\/p>","protected":false},"excerpt":{"rendered":"<ul>\n<li>Sofistike bir g\u00f6r\u00fcn\u00fcm i\u00e7in hakiki dana derisinden \u00fcretilmi\u015ftir.<\/li>\n<li>L\u00fcks ke\u00e7i derisi astar, ola\u011fan\u00fcst\u00fc nefes alabilirlik ve konfor sa\u011flar.<\/li>\n<li>Hafif EVA taban \u00fcst\u00fcn yast\u0131klama ve esneklik sa\u011flar.<\/li>\n<li>Benzersiz desenli \u00fcst k\u0131sm\u0131 ile \u015f\u0131k ve rahat loafer tasar\u0131m\u0131.<\/li>\n<li>Geni\u015f bir beden yelpazesinde mevcuttur: 40, 41, 42, 43, 44.<\/li>\n<li>Minimum 8 \u00e7ift sat\u0131n alma ile toptan sipari\u015fler kabul edilir.<\/li>\n<\/ul>","protected":false},"featured_media":6736,"template":"","meta":{"_acf_changed":false,"_uag_custom_page_level_css":"","site-sidebar-layout":"default","site-content-layout":"","ast-site-content-layout":"default","site-content-style":"default","site-sidebar-style":"default","ast-global-header-display":"","ast-banner-title-visibility":"","ast-main-header-display":"","ast-hfb-above-header-display":"","ast-hfb-below-header-display":"","ast-hfb-mobile-header-display":"","site-post-title":"","ast-breadcrumbs-content":"","ast-featured-img":"","footer-sml-layout":"","ast-disable-related-posts":"","theme-transparent-header-meta":"","adv-header-id-meta":"","stick-header-meta":"","header-above-stick-meta":"","header-main-stick-meta":"","header-below-stick-meta":"","astra-migrate-meta-layouts":"default","ast-page-background-enabled":"default","ast-page-background-meta":{"desktop":{"background-color":"var(--ast-global-color-4)","background-image":"","background-repeat":"repeat","background-position":"center center","background-size":"auto","background-attachment":"scroll","background-type":"","background-media":"","overlay-type":"","overlay-color":"","overlay-opacity":"","overlay-gradient":""},"tablet":{"background-color":"","background-image":"","background-repeat":"repeat","background-position":"center center","background-size":"auto","background-attachment":"scroll","background-type":"","background-media":"","overlay-type":"","overlay-color":"","overlay-opacity":"","overlay-gradient":""},"mobile":{"background-color":"","background-image":"","background-repeat":"repeat","background-position":"center center","background-size":"auto","background-attachment":"scroll","background-type":"","background-media":"","overlay-type":"","overlay-color":"","overlay-opacity":"","overlay-gradient":""}},"ast-content-background-meta":{"desktop":{"background-color":"var(--ast-global-color-5)","background-image":"","background-repeat":"repeat","background-position":"center center","background-size":"auto","background-attachment":"scroll","background-type":"","background-media":"","overlay-type":"","overlay-color":"","overlay-opacity":"","overlay-gradient":""},"tablet":{"background-color":"var(--ast-global-color-5)","background-image":"","background-repeat":"repeat","background-position":"center center","background-size":"auto","background-attachment":"scroll","background-type":"","background-media":"","overlay-type":"","overlay-color":"","overlay-opacity":"","overlay-gradient":""},"mobile":{"background-color":"var(--ast-global-color-5)","background-image":"","background-repeat":"repeat","background-position":"center center","background-size":"auto","background-attachment":"scroll","background-type":"","background-media":"","overlay-type":"","overlay-color":"","overlay-opacity":"","overlay-gradient":""}}},"product_brand":[],"product_cat":[48,49,430,1200],"product_tag":[263,449,438,1249,227,384,198,186,184,1432],"class_list":{"0":"post-8565","1":"product","2":"type-product","3":"status-publish","4":"has-post-thumbnail","6":"product_cat-casual","7":"product_cat-loafer","8":"product_cat-men","9":"product_cat-mens-shoes-2","10":"product_tag-calf-leather-loafers","11":"product_tag-casual-shoes","12":"product_tag-eva-sole","13":"product_tag-goat-lining","14":"product_tag-leather-shoes","15":"product_tag-luxury-loafers","16":"product_tag-mens-fashion","17":"product_tag-mens-loafers","18":"product_tag-slip-on-shoes","19":"product_tag-white-loafers","20":"desktop-align-center","21":"tablet-align-center","22":"mobile-align-center","24":"first","25":"instock","26":"shipping-taxable","27":"purchasable","28":"product-type-variable","29":"has-default-attributes"},"acf":[],"uagb_featured_image_src":{"full":["https:\/\/turkishtrade.co\/wp-content\/uploads\/2026\/01\/2600QLOMN00032-WHITE.png",453,250,false],"thumbnail":["https:\/\/turkishtrade.co\/wp-content\/uploads\/2026\/01\/2600QLOMN00032-WHITE-150x150.png",150,150,true],"medium":["https:\/\/turkishtrade.co\/wp-content\/uploads\/2026\/01\/2600QLOMN00032-WHITE-300x166.png",300,166,true],"medium_large":["https:\/\/turkishtrade.co\/wp-content\/uploads\/2026\/01\/2600QLOMN00032-WHITE.png",453,250,false],"large":["https:\/\/turkishtrade.co\/wp-content\/uploads\/2026\/01\/2600QLOMN00032-WHITE.png",453,250,false],"1536x1536":["https:\/\/turkishtrade.co\/wp-content\/uploads\/2026\/01\/2600QLOMN00032-WHITE.png",453,250,false],"2048x2048":["https:\/\/turkishtrade.co\/wp-content\/uploads\/2026\/01\/2600QLOMN00032-WHITE.png",453,250,false],"trp-custom-language-flag":["https:\/\/turkishtrade.co\/wp-content\/uploads\/2026\/01\/2600QLOMN00032-WHITE-18x10.png",18,10,true],"woocommerce_thumbnail":["https:\/\/turkishtrade.co\/wp-content\/uploads\/2026\/01\/2600QLOMN00032-WHITE-400x250.png",400,250,true],"woocommerce_single":["https:\/\/turkishtrade.co\/wp-content\/uploads\/2026\/01\/2600QLOMN00032-WHITE.png",453,250,false],"woocommerce_gallery_thumbnail":["https:\/\/turkishtrade.co\/wp-content\/uploads\/2026\/01\/2600QLOMN00032-WHITE-100x100.png",100,100,true]},"uagb_author_info":{"display_name":"python python","author_link":"https:\/\/turkishtrade.co\/tr\/author\/"},"uagb_comment_info":0,"uagb_excerpt":"Crafted from genuine calf leather for a sophisticated finish. Luxurious goat leather lining ensures exceptional breathability and comfort. Lightweight EVA sole provides superior cushioning and flexibility. Stylish casual loafer design with a unique patterned upper. Available in a wide range of sizes: 40, 41, 42, 43, 44. Wholesale orders welcome with a minimum purchase of&hellip;","_links":{"self":[{"href":"https:\/\/turkishtrade.co\/tr\/wp-json\/wp\/v2\/product\/8565","targetHints":{"allow":["GET"]}}],"collection":[{"href":"https:\/\/turkishtrade.co\/tr\/wp-json\/wp\/v2\/product"}],"about":[{"href":"https:\/\/turkishtrade.co\/tr\/wp-json\/wp\/v2\/types\/product"}],"wp:featuredmedia":[{"embeddable":true,"href":"https:\/\/turkishtrade.co\/tr\/wp-json\/wp\/v2\/media\/6736"}],"wp:attachment":[{"href":"https:\/\/turkishtrade.co\/tr\/wp-json\/wp\/v2\/media?parent=8565"}],"wp:term":[{"taxonomy":"product_brand","embeddable":true,"href":"https:\/\/turkishtrade.co\/tr\/wp-json\/wp\/v2\/product_brand?post=8565"},{"taxonomy":"product_cat","embeddable":true,"href":"https:\/\/turkishtrade.co\/tr\/wp-json\/wp\/v2\/product_cat?post=8565"},{"taxonomy":"product_tag","embeddable":true,"href":"https:\/\/turkishtrade.co\/tr\/wp-json\/wp\/v2\/product_tag?post=8565"}],"curies":[{"name":"wp","href":"https:\/\/api.w.org\/{rel}","templated":true}]}}