{"id":8564,"date":"2026-01-29T14:51:05","date_gmt":"2026-01-29T14:51:05","guid":{"rendered":"https:\/\/turkishtrade.co\/?post_type=product&#038;p=8564"},"modified":"2026-04-09T20:21:04","modified_gmt":"2026-04-09T20:21:04","slug":"mens-casual-leather-loafers-9","status":"publish","type":"product","link":"https:\/\/turkishtrade.co\/tr\/shop\/mens-casual-leather-loafers-9\/","title":{"rendered":"Desenli Tokal\u0131 Erkek Dana Derisi G\u00fcnl\u00fck Loafer"},"content":{"rendered":"<p data-rm-block-id=\"block-1\">Erkek G\u00fcnl\u00fck Deri Loafer'lar<br \/>\nEnfes koleksiyonumuzla sofistike konfora ad\u0131m at\u0131n <strong>Erkek Dana Derisi G\u00fcnl\u00fck Loafer<\/strong>. Hem kusursuz stile hem de \u00fcst\u00fcn konfora de\u011fer veren se\u00e7ici beyefendiler i\u00e7in tasarlanan bu mokasen ayakkab\u0131lar, \u00e7a\u011fda\u015f tasar\u0131mla harmanlanm\u0131\u015f zamans\u0131z \u015f\u0131kl\u0131\u011f\u0131n timsalidir. Rahat bir hafta sonu brunch'\u0131ndan \u015f\u0131k ve rahat bir ofis ortam\u0131na kadar say\u0131s\u0131z durum i\u00e7in m\u00fckemmel olan bu \u00e7ok y\u00f6nl\u00fc ayakkab\u0131lar, ayakkab\u0131 repertuar\u0131n\u0131za g\u00f6ze \u00e7arpan bir eklenti olmay\u0131 ve her zaman se\u00e7kin bir izlenim b\u0131rakman\u0131z\u0131 sa\u011flamay\u0131 vaat ediyor.<\/p>\n<p data-rm-block-id=\"block-3\">\n<h3 data-rm-block-id=\"block-4\">Konfor ve Kal\u0131c\u0131 Dayan\u0131kl\u0131l\u0131k i\u00e7in Tasarland\u0131<\/h3>\n<p data-rm-block-id=\"block-5\">Konfor her \u015feyden \u00f6nemlidir ve <strong>Erkek Dana Derisi G\u00fcnl\u00fck Loafer<\/strong> her y\u00f6nden ba\u015far\u0131l\u0131d\u0131r. Anatomik olarak tasarlanm\u0131\u015f ayak taban\u0131 m\u00fckemmel kemer deste\u011fi ve yast\u0131klama sa\u011flarken, hafif ve son derece esnek EVA taban \u00fcst\u00fcn \u015fok emilimi sunar. \u0130ster kalabal\u0131k \u015fehir sokaklar\u0131nda geziniyor, ister keyifli bir y\u00fcr\u00fcy\u00fc\u015f\u00fcn tad\u0131n\u0131 \u00e7\u0131kar\u0131yor ya da saatlerce ayakta kal\u0131yor olun, dayan\u0131kl\u0131 EVA taban rahat bir ad\u0131m ve uzun \u00f6m\u00fcrl\u00fc bir kullan\u0131m sa\u011flar. Titiz el diki\u015fleri ve sa\u011flam yap\u0131s\u0131, her bir \u00e7ifte yat\u0131r\u0131lan kalite ve detaylara g\u00f6sterilen \u00f6zen hakk\u0131nda \u00e7ok \u015fey anlat\u0131r ve zamana kar\u015f\u0131 koyacak ve zarif \u00e7ekicili\u011fini koruyacak bir ayakkab\u0131y\u0131 garanti eder.<\/p>\n<h3 data-rm-block-id=\"block-6\">Her Durum i\u00e7in \u00c7ok Y\u00f6nl\u00fc Stil<\/h3>\n<p data-rm-block-id=\"block-7\">Bunlar sadece ayakkab\u0131 de\u011fil; abart\u0131s\u0131z bir l\u00fcks\u00fcn ifadesidir. Zengin, koyu tonu ve kendine \u00f6zg\u00fc deseni bu ayakkab\u0131lar\u0131 <strong>erkek g\u00fcndeli\u0307k deri\u0307 mokasen<\/strong> inan\u0131lmaz derecede \u00e7ok y\u00f6nl\u00fcd\u00fcr. Rahat ama g\u00f6steri\u015fli bir yaz g\u00f6r\u00fcn\u00fcm\u00fc i\u00e7in chino pantolonlar veya \u00f6zel dikim \u015fortlarla zahmetsizce e\u015fle\u015ftirin ya da i\u015f hayat\u0131nda rahat bir m\u00fckemmellik i\u00e7in \u015f\u0131k pantolonlar ve blazer ceketle kombinleyerek toplulu\u011funuzu y\u00fckseltin. AB 40 ila 44 aras\u0131nda kapsaml\u0131 bir beden aral\u0131\u011f\u0131nda mevcut oldu\u011fundan, m\u00fckemmel uyumunuzu bulmak sorunsuzdur. Ayakkab\u0131 koleksiyonunuzu g\u00fcnd\u00fczden geceye zahmetsizce ge\u00e7i\u015f yapan bir \u00e7ift ile y\u00fckseltin, her zaman g\u00fcven ve sofistike bir tarzla d\u0131\u015far\u0131 \u00e7\u0131kman\u0131z\u0131 sa\u011flay\u0131n.<\/p>\n<h3 data-rm-block-id=\"block-8\">\u00d6zel Toptan Sat\u0131\u015f F\u0131rsatlar\u0131 Mevcuttur<\/h3>\n<p data-rm-block-id=\"block-9\">M\u00fc\u015fterilerine birinci s\u0131n\u0131f ayakkab\u0131lar sunmak isteyen se\u00e7kin perakendeciler ve i\u015fletmeler i\u00e7in bu ola\u011fan\u00fcst\u00fc <strong>Erkek Dana Derisi G\u00fcnl\u00fck Loafer<\/strong> toptan sat\u0131n al\u0131nabilir. Sadece 8 \u00e7iftlik uygun bir minimum sipari\u015f miktar\u0131yla, \u00e7e\u015fitli boyutlarda kolayca stok yapabilir ve m\u00fc\u015fterilerinizi konfor, kalite ve sofistike stilin nihai kar\u0131\u015f\u0131m\u0131yla tan\u0131\u015ft\u0131rabilirsiniz. Rekabet\u00e7i toptan sat\u0131\u015f fiyatlar\u0131n\u0131 g\u00f6r\u00fc\u015fmek ve envanterinizi ola\u011fan\u00fcst\u00fc m\u00fc\u015fteri memnuniyeti ve tekrar i\u015f vaat eden bir \u00fcr\u00fcnle y\u00fckseltmek i\u00e7in bug\u00fcn bize ula\u015f\u0131n.<\/p>","protected":false},"excerpt":{"rendered":"<ul>\n<li>L\u00fcks bir g\u00f6r\u00fcn\u00fcm ve ola\u011fan\u00fcst\u00fc dayan\u0131kl\u0131l\u0131k i\u00e7in hakiki dana derisinden ustal\u0131kla \u00fcretilmi\u015ftir.<\/li>\n<li>G\u00fcn boyu rahatl\u0131k ve ferahl\u0131k sa\u011flayan yumu\u015fak ve nefes alabilen ke\u00e7i derisi astara sahiptir.<\/li>\n<li>\u00dcst\u00fcn yast\u0131klama ve esneklik i\u00e7in hafif ama sa\u011flam EVA taban ile tasarlanm\u0131\u015ft\u0131r.<\/li>\n<li>Kendine \u00f6zg\u00fc desenli vampir ve \u015f\u0131k metal toka detay\u0131 ile y\u00fcksek bir g\u00fcndelik g\u00f6r\u00fcn\u00fcm sunar.<\/li>\n<li>Kapsaml\u0131 bir beden yelpazesinde mevcuttur: AB 40, 41, 42, 43, 44.<\/li>\n<li>Hem g\u00fcndelik geziler hem de \u015f\u0131k ve rahat davetler i\u00e7in idealdir.<\/li>\n<li>Minimum 8 \u00e7ift sipari\u015f ile toptan sat\u0131\u015f f\u0131rsatlar\u0131 mevcuttur.<\/li>\n<\/ul>","protected":false},"featured_media":6735,"template":"","meta":{"_acf_changed":false,"_uag_custom_page_level_css":"","site-sidebar-layout":"default","site-content-layout":"","ast-site-content-layout":"default","site-content-style":"default","site-sidebar-style":"default","ast-global-header-display":"","ast-banner-title-visibility":"","ast-main-header-display":"","ast-hfb-above-header-display":"","ast-hfb-below-header-display":"","ast-hfb-mobile-header-display":"","site-post-title":"","ast-breadcrumbs-content":"","ast-featured-img":"","footer-sml-layout":"","ast-disable-related-posts":"","theme-transparent-header-meta":"default","adv-header-id-meta":"","stick-header-meta":"","header-above-stick-meta":"","header-main-stick-meta":"","header-below-stick-meta":"","astra-migrate-meta-layouts":"set","ast-page-background-enabled":"default","ast-page-background-meta":{"desktop":{"background-color":"var(--ast-global-color-4)","background-image":"","background-repeat":"repeat","background-position":"center center","background-size":"auto","background-attachment":"scroll","background-type":"","background-media":"","overlay-type":"","overlay-color":"","overlay-opacity":"","overlay-gradient":""},"tablet":{"background-color":"","background-image":"","background-repeat":"repeat","background-position":"center center","background-size":"auto","background-attachment":"scroll","background-type":"","background-media":"","overlay-type":"","overlay-color":"","overlay-opacity":"","overlay-gradient":""},"mobile":{"background-color":"","background-image":"","background-repeat":"repeat","background-position":"center center","background-size":"auto","background-attachment":"scroll","background-type":"","background-media":"","overlay-type":"","overlay-color":"","overlay-opacity":"","overlay-gradient":""}},"ast-content-background-meta":{"desktop":{"background-color":"var(--ast-global-color-5)","background-image":"","background-repeat":"repeat","background-position":"center center","background-size":"auto","background-attachment":"scroll","background-type":"","background-media":"","overlay-type":"","overlay-color":"","overlay-opacity":"","overlay-gradient":""},"tablet":{"background-color":"var(--ast-global-color-5)","background-image":"","background-repeat":"repeat","background-position":"center center","background-size":"auto","background-attachment":"scroll","background-type":"","background-media":"","overlay-type":"","overlay-color":"","overlay-opacity":"","overlay-gradient":""},"mobile":{"background-color":"var(--ast-global-color-5)","background-image":"","background-repeat":"repeat","background-position":"center center","background-size":"auto","background-attachment":"scroll","background-type":"","background-media":"","overlay-type":"","overlay-color":"","overlay-opacity":"","overlay-gradient":""}}},"product_brand":[],"product_cat":[48,49,430,1200],"product_tag":[],"class_list":{"0":"post-8564","1":"product","2":"type-product","3":"status-publish","4":"has-post-thumbnail","6":"product_cat-casual","7":"product_cat-loafer","8":"product_cat-men","9":"product_cat-mens-shoes-2","10":"desktop-align-center","11":"tablet-align-center","12":"mobile-align-center","14":"first","15":"instock","16":"shipping-taxable","17":"purchasable","18":"product-type-variable","19":"has-default-attributes"},"acf":[],"uagb_featured_image_src":{"full":["https:\/\/turkishtrade.co\/wp-content\/uploads\/2026\/01\/2600QLOMN00031-BLACK.png",453,250,false],"thumbnail":["https:\/\/turkishtrade.co\/wp-content\/uploads\/2026\/01\/2600QLOMN00031-BLACK-150x150.png",150,150,true],"medium":["https:\/\/turkishtrade.co\/wp-content\/uploads\/2026\/01\/2600QLOMN00031-BLACK-300x166.png",300,166,true],"medium_large":["https:\/\/turkishtrade.co\/wp-content\/uploads\/2026\/01\/2600QLOMN00031-BLACK.png",453,250,false],"large":["https:\/\/turkishtrade.co\/wp-content\/uploads\/2026\/01\/2600QLOMN00031-BLACK.png",453,250,false],"1536x1536":["https:\/\/turkishtrade.co\/wp-content\/uploads\/2026\/01\/2600QLOMN00031-BLACK.png",453,250,false],"2048x2048":["https:\/\/turkishtrade.co\/wp-content\/uploads\/2026\/01\/2600QLOMN00031-BLACK.png",453,250,false],"trp-custom-language-flag":["https:\/\/turkishtrade.co\/wp-content\/uploads\/2026\/01\/2600QLOMN00031-BLACK-18x10.png",18,10,true],"woocommerce_thumbnail":["https:\/\/turkishtrade.co\/wp-content\/uploads\/2026\/01\/2600QLOMN00031-BLACK-400x250.png",400,250,true],"woocommerce_single":["https:\/\/turkishtrade.co\/wp-content\/uploads\/2026\/01\/2600QLOMN00031-BLACK.png",453,250,false],"woocommerce_gallery_thumbnail":["https:\/\/turkishtrade.co\/wp-content\/uploads\/2026\/01\/2600QLOMN00031-BLACK-100x100.png",100,100,true]},"uagb_author_info":{"display_name":"python python","author_link":"https:\/\/turkishtrade.co\/tr\/author\/"},"uagb_comment_info":0,"uagb_excerpt":"Expertly crafted from genuine calf leather for a luxurious finish and exceptional durability. Features a soft and breathable goat leather lining, ensuring all-day comfort and freshness. Designed with a lightweight yet robust EVA sole for superior cushioning and flexibility. Boasts a distinctive patterned vamp and a stylish metal buckle detail for an elevated casual look.&hellip;","_links":{"self":[{"href":"https:\/\/turkishtrade.co\/tr\/wp-json\/wp\/v2\/product\/8564","targetHints":{"allow":["GET"]}}],"collection":[{"href":"https:\/\/turkishtrade.co\/tr\/wp-json\/wp\/v2\/product"}],"about":[{"href":"https:\/\/turkishtrade.co\/tr\/wp-json\/wp\/v2\/types\/product"}],"wp:featuredmedia":[{"embeddable":true,"href":"https:\/\/turkishtrade.co\/tr\/wp-json\/wp\/v2\/media\/6735"}],"wp:attachment":[{"href":"https:\/\/turkishtrade.co\/tr\/wp-json\/wp\/v2\/media?parent=8564"}],"wp:term":[{"taxonomy":"product_brand","embeddable":true,"href":"https:\/\/turkishtrade.co\/tr\/wp-json\/wp\/v2\/product_brand?post=8564"},{"taxonomy":"product_cat","embeddable":true,"href":"https:\/\/turkishtrade.co\/tr\/wp-json\/wp\/v2\/product_cat?post=8564"},{"taxonomy":"product_tag","embeddable":true,"href":"https:\/\/turkishtrade.co\/tr\/wp-json\/wp\/v2\/product_tag?post=8564"}],"curies":[{"name":"wp","href":"https:\/\/api.w.org\/{rel}","templated":true}]}}