{"id":8562,"date":"2026-01-29T14:51:04","date_gmt":"2026-01-29T14:51:04","guid":{"rendered":"https:\/\/turkishtrade.co\/?post_type=product&#038;p=8562"},"modified":"2026-04-09T20:21:10","modified_gmt":"2026-04-09T20:21:10","slug":"mens-black-leather-loafers-23","status":"publish","type":"product","link":"https:\/\/turkishtrade.co\/tr\/shop\/mens-black-leather-loafers-23\/","title":{"rendered":"Erkek Siyah Deri Loafer Exclusive | Erkek Siyah Deri Bit Loafer"},"content":{"rendered":"<p><strong>Erkek Siyah Deri Loafer<\/strong>. \u00d6zel kalite ve tasar\u0131m.<\/p>\n<p>Ayakkab\u0131 envanterinizi sofistike \u00fcr\u00fcnlerimizle y\u00fckseltin <strong>Erkek Siyah Deri Loafer<\/strong>, klasik \u015f\u0131kl\u0131k ve modern g\u00fcndelik konfor aras\u0131ndaki bo\u015flu\u011fu doldurmak \u00fczere tasarlanm\u0131\u015ft\u0131r. Bu ayakkab\u0131lar, hem stile hem de \u00f6ze de\u011fer veren se\u00e7ici beyefendiler i\u00e7in titizlikle \u00fcretilmi\u015ftir. M\u00fc\u015fterileriniz ister rahat bir ofis ortam\u0131, ister hafta sonu gezintisi ya da d\u0131\u015far\u0131da rahat bir ak\u015fam i\u00e7in giyiniyor olsun, bu \u00e7ift <strong>siyah deri mokasen ayakkab\u0131lar<\/strong> g\u00fcn\u00fcm\u00fcz\u00fcn dinamik ya\u015fam tarz\u0131 i\u00e7in gereken \u00e7ok y\u00f6nl\u00fcl\u00fc\u011f\u00fc sunar. \u015e\u0131k siyah siluet, g\u00f6steri\u015fli olmadan l\u00fcks bir dokunu\u015f katan, vampir boyunca uzanan zarif bir metal detay ile zenginle\u015ftirilmi\u015ftir. Bu \u00f6zel <strong>erkek si\u0307yah deri\u0307 mokasen<\/strong> Zamans\u0131z tasar\u0131m\u0131 \u00e7a\u011fda\u015f \u00e7ekicilikle m\u00fckemmel bir \u015fekilde harmanlayarak sahip olunmas\u0131 gereken bir \u00fcr\u00fcn haline getiriyor.<\/p>\n<h3>Premium Erkek Siyah Deri Loafer'lar i\u00e7in E\u015fsiz Malzeme Kalitesi<\/h3>\n<p>Kalite, yap\u0131m i\u00e7in se\u00e7ilen malzemelerle ba\u015flar. Bu ola\u011fan\u00fcst\u00fc malzemelerin \u00fcst <strong>Erkek Siyah Deri Loafer<\/strong> esnekli\u011fi ve zamanla aya\u011fa uyum sa\u011flama kabiliyetiyle tan\u0131nan hakiki dana derisinden \u00fcretilmi\u015ftir. Sentetik alternatiflerin aksine, bu do\u011fal deri nefes al\u0131r, uzun \u00f6m\u00fcrl\u00fcl\u00fck ve ya\u015fland\u0131k\u00e7a geli\u015fen \u00fcst\u00fcn bir estetik sa\u011flar. Ayakkab\u0131n\u0131n i\u00e7inde y\u00fcksek kaliteli ke\u00e7i derisi astar kulland\u0131k. Bu \u00f6zel astar se\u00e7imi konfor a\u00e7\u0131s\u0131ndan kritik \u00f6neme sahiptir; ke\u00e7i derisi cilde kar\u015f\u0131 inan\u0131lmaz derecede yumu\u015fakt\u0131r ve \u00fcst\u00fcn nem emme \u00f6zellikleri sunarak uzun s\u00fcreli kullan\u0131mlarda bile ayaklar\u0131 kuru ve serin tutar. <strong>siyah deri mokasen ayakkab\u0131lar<\/strong> sezondan sezona giymek i\u00e7in ger\u00e7ek bir zevk.<\/p>\n<h3>Her Erkek Siyah Deri Loafer'da EVA Teknolojisi ile Konfor M\u00fchendisli\u011fi<\/h3>\n<p>\u00dcst k\u0131s\u0131m geleneksel cazibesini yans\u0131t\u0131rken, bu par\u00e7alar\u0131n temeli <strong>Erkek Siyah Deri Loafer<\/strong> modern konfor teknolojisi \u00fczerine in\u015fa edilmi\u015ftir. D\u0131\u015f taban, atletizm d\u00fcnyas\u0131nda hafifli\u011fi ve \u015fok emici \u00f6zellikleriyle \u00fcnl\u00fc bir malzeme olan EVA'dan (Etilen Vinil Asetat) \u00fcretilmi\u015ftir. Bu taban \u00fcnitesi, klasik loafer profiline \u00e7a\u011fda\u015f bir hava katan sportif \u00e7izgili bir orta taban detay\u0131na sahiptir. EVA malzeme her ad\u0131m\u0131 yast\u0131klayarak geleneksel sert deri veya a\u011f\u0131r kau\u00e7uk tabanlara k\u0131yasla ayak yorgunlu\u011funu \u00f6nemli \u00f6l\u00e7\u00fcde azalt\u0131r. Bu da bu ayakkab\u0131lar\u0131 <strong>erkek si\u0307yah deri\u0307 mokasen<\/strong> T\u00fcm g\u00fcn ayakta olan ancak stil ve konfordan \u00f6d\u00fcn vermeyi reddeden erkekler i\u00e7in m\u00fckemmel bir se\u00e7im.<\/p>\n<h3>Toptan Sat\u0131\u015f Ba\u015far\u0131s\u0131 i\u00e7in Tasarland\u0131: Erkek Siyah Deri Loafer'lar\u0131n\u0131z\u0131 Bug\u00fcn Stoklay\u0131n<\/h3>\n<p>Bunlar <strong>erkek si\u0307yah deri\u0307 mokasen<\/strong> perakendeciler d\u00fc\u015f\u00fcn\u00fclerek \u00fcretilmi\u015ftir. Avrupa'da 40 ila 44 beden aras\u0131nda kapsaml\u0131 bir beden yelpazesine sahip olan bu \u00fcr\u00fcnler, \u00e7ekirdek pazar demografisine hitap etmektedir. Toptan sat\u0131\u015f odakl\u0131 bir \u00fcr\u00fcn olarak, her partide tutarl\u0131 kalite sa\u011fl\u0131yoruz. Bunlar\u0131 stoklayarak <strong>Erkek Siyah Deri Loafer<\/strong>, ile m\u00fc\u015fterilerinize hakiki dana derisinin dayan\u0131kl\u0131l\u0131\u011f\u0131n\u0131 yumu\u015fak ke\u00e7i derisi astar\u0131n benzersiz konforuyla birle\u015ftiren y\u00fcksek de\u011ferli bir \u00fcr\u00fcn sunmu\u015f olursunuz. Stoklar\u0131n\u0131z\u0131 bug\u00fcnden g\u00fcvence alt\u0131na al\u0131n ve l\u00fcks malzemeleri g\u00fcndelik kullan\u0131mla m\u00fckemmel bir \u015fekilde dengeleyen bir ayakkab\u0131 sunun. M\u00fc\u015fterileriniz bu zarif ayakkab\u0131n\u0131n \u00fcst\u00fcn i\u015f\u00e7ili\u011fini ve konforunu takdir edecektir. <strong>siyah deri mokasen ayakkab\u0131lar<\/strong>, sat\u0131\u015flar\u0131n\u0131z\u0131 ve itibar\u0131n\u0131z\u0131 art\u0131r\u0131r.<\/p>","protected":false},"excerpt":{"rendered":"<ul>\n<li><strong>\u00dcst\u00fcn \u0130\u015f\u00e7ilik:<\/strong> Zarif ve dayan\u0131kl\u0131 bir g\u00f6r\u00fcn\u00fcm i\u00e7in y\u00fcksek kaliteli hakiki dana derisinden ustal\u0131kla \u00fcretilmi\u015ftir.<\/li>\n<li><strong>\u00dcst\u00fcn Konfor:<\/strong> Nem kontrol\u00fc ve \u00e7\u0131plak ayak konforu sa\u011flayan yumu\u015fak, nefes alabilen ke\u00e7i derisi astara sahiptir.<\/li>\n<li><strong>Modern Taban Teknolojisi:<\/strong> \u00dcst\u00fcn \u015fok emilimi ve \u00e7eki\u015f g\u00fcc\u00fc i\u00e7in hafif ve esnek EVA d\u0131\u015f taban ile donat\u0131lm\u0131\u015ft\u0131r.<\/li>\n<li><strong>Zarif Tasar\u0131m:<\/strong> \u015e\u0131k g\u00fcm\u00fc\u015f donan\u0131ma sahip klasik slip-on bit loafer stili, \u00e7ok y\u00f6nl\u00fc ak\u0131ll\u0131 g\u00fcndelik k\u0131yafetler i\u00e7in m\u00fckemmeldir.<\/li>\n<li><strong>Toptan Sat\u0131\u015fa Haz\u0131r:<\/strong> Perakendeciler i\u00e7in ideal olan minimum 8 \u00e7ift sipari\u015fle toplu serilerde (Avrupa Bedenleri 40-44) mevcuttur.<\/li>\n<\/ul>","protected":false},"featured_media":6733,"template":"","meta":{"_acf_changed":false,"_uag_custom_page_level_css":"","site-sidebar-layout":"default","site-content-layout":"","ast-site-content-layout":"default","site-content-style":"default","site-sidebar-style":"default","ast-global-header-display":"","ast-banner-title-visibility":"","ast-main-header-display":"","ast-hfb-above-header-display":"","ast-hfb-below-header-display":"","ast-hfb-mobile-header-display":"","site-post-title":"","ast-breadcrumbs-content":"","ast-featured-img":"","footer-sml-layout":"","ast-disable-related-posts":"","theme-transparent-header-meta":"default","adv-header-id-meta":"","stick-header-meta":"","header-above-stick-meta":"","header-main-stick-meta":"","header-below-stick-meta":"","astra-migrate-meta-layouts":"set","ast-page-background-enabled":"default","ast-page-background-meta":{"desktop":{"background-color":"var(--ast-global-color-4)","background-image":"","background-repeat":"repeat","background-position":"center center","background-size":"auto","background-attachment":"scroll","background-type":"","background-media":"","overlay-type":"","overlay-color":"","overlay-opacity":"","overlay-gradient":""},"tablet":{"background-color":"","background-image":"","background-repeat":"repeat","background-position":"center center","background-size":"auto","background-attachment":"scroll","background-type":"","background-media":"","overlay-type":"","overlay-color":"","overlay-opacity":"","overlay-gradient":""},"mobile":{"background-color":"","background-image":"","background-repeat":"repeat","background-position":"center center","background-size":"auto","background-attachment":"scroll","background-type":"","background-media":"","overlay-type":"","overlay-color":"","overlay-opacity":"","overlay-gradient":""}},"ast-content-background-meta":{"desktop":{"background-color":"var(--ast-global-color-5)","background-image":"","background-repeat":"repeat","background-position":"center center","background-size":"auto","background-attachment":"scroll","background-type":"","background-media":"","overlay-type":"","overlay-color":"","overlay-opacity":"","overlay-gradient":""},"tablet":{"background-color":"var(--ast-global-color-5)","background-image":"","background-repeat":"repeat","background-position":"center center","background-size":"auto","background-attachment":"scroll","background-type":"","background-media":"","overlay-type":"","overlay-color":"","overlay-opacity":"","overlay-gradient":""},"mobile":{"background-color":"var(--ast-global-color-5)","background-image":"","background-repeat":"repeat","background-position":"center center","background-size":"auto","background-attachment":"scroll","background-type":"","background-media":"","overlay-type":"","overlay-color":"","overlay-opacity":"","overlay-gradient":""}}},"product_brand":[],"product_cat":[48,49,430,1200],"product_tag":[178,370,202,220,438,1249,286,184,210,281],"class_list":{"0":"post-8562","1":"product","2":"type-product","3":"status-publish","4":"has-post-thumbnail","6":"product_cat-casual","7":"product_cat-loafer","8":"product_cat-men","9":"product_cat-mens-shoes-2","10":"product_tag-bit-loafers","11":"product_tag-black-loafers","12":"product_tag-calf-leather","13":"product_tag-comfortable-loafers","14":"product_tag-eva-sole","15":"product_tag-goat-lining","16":"product_tag-mens-leather-shoes","17":"product_tag-slip-on-shoes","18":"product_tag-smart-casual","19":"product_tag-wholesale-shoes","20":"desktop-align-center","21":"tablet-align-center","22":"mobile-align-center","24":"first","25":"instock","26":"shipping-taxable","27":"purchasable","28":"product-type-variable","29":"has-default-attributes"},"acf":[],"uagb_featured_image_src":{"full":["https:\/\/turkishtrade.co\/wp-content\/uploads\/2026\/01\/2600QLOMN00029-BLACK.png",453,250,false],"thumbnail":["https:\/\/turkishtrade.co\/wp-content\/uploads\/2026\/01\/2600QLOMN00029-BLACK-150x150.png",150,150,true],"medium":["https:\/\/turkishtrade.co\/wp-content\/uploads\/2026\/01\/2600QLOMN00029-BLACK-300x166.png",300,166,true],"medium_large":["https:\/\/turkishtrade.co\/wp-content\/uploads\/2026\/01\/2600QLOMN00029-BLACK.png",453,250,false],"large":["https:\/\/turkishtrade.co\/wp-content\/uploads\/2026\/01\/2600QLOMN00029-BLACK.png",453,250,false],"1536x1536":["https:\/\/turkishtrade.co\/wp-content\/uploads\/2026\/01\/2600QLOMN00029-BLACK.png",453,250,false],"2048x2048":["https:\/\/turkishtrade.co\/wp-content\/uploads\/2026\/01\/2600QLOMN00029-BLACK.png",453,250,false],"trp-custom-language-flag":["https:\/\/turkishtrade.co\/wp-content\/uploads\/2026\/01\/2600QLOMN00029-BLACK-18x10.png",18,10,true],"woocommerce_thumbnail":["https:\/\/turkishtrade.co\/wp-content\/uploads\/2026\/01\/2600QLOMN00029-BLACK-400x250.png",400,250,true],"woocommerce_single":["https:\/\/turkishtrade.co\/wp-content\/uploads\/2026\/01\/2600QLOMN00029-BLACK.png",453,250,false],"woocommerce_gallery_thumbnail":["https:\/\/turkishtrade.co\/wp-content\/uploads\/2026\/01\/2600QLOMN00029-BLACK-100x100.png",100,100,true]},"uagb_author_info":{"display_name":"python python","author_link":"https:\/\/turkishtrade.co\/tr\/author\/"},"uagb_comment_info":0,"uagb_excerpt":"Premium Craftsmanship: Expertly made from high-quality genuine calf leather for a refined and durable finish. Ultimate Comfort: Features a soft, breathable goat leather lining that ensures moisture control and barefoot comfort. Modern Sole Technology: Equipped with a lightweight and flexible EVA outsole for superior shock absorption and traction. Elegant Design: Classic slip-on bit loafer style&hellip;","_links":{"self":[{"href":"https:\/\/turkishtrade.co\/tr\/wp-json\/wp\/v2\/product\/8562","targetHints":{"allow":["GET"]}}],"collection":[{"href":"https:\/\/turkishtrade.co\/tr\/wp-json\/wp\/v2\/product"}],"about":[{"href":"https:\/\/turkishtrade.co\/tr\/wp-json\/wp\/v2\/types\/product"}],"wp:featuredmedia":[{"embeddable":true,"href":"https:\/\/turkishtrade.co\/tr\/wp-json\/wp\/v2\/media\/6733"}],"wp:attachment":[{"href":"https:\/\/turkishtrade.co\/tr\/wp-json\/wp\/v2\/media?parent=8562"}],"wp:term":[{"taxonomy":"product_brand","embeddable":true,"href":"https:\/\/turkishtrade.co\/tr\/wp-json\/wp\/v2\/product_brand?post=8562"},{"taxonomy":"product_cat","embeddable":true,"href":"https:\/\/turkishtrade.co\/tr\/wp-json\/wp\/v2\/product_cat?post=8562"},{"taxonomy":"product_tag","embeddable":true,"href":"https:\/\/turkishtrade.co\/tr\/wp-json\/wp\/v2\/product_tag?post=8562"}],"curies":[{"name":"wp","href":"https:\/\/api.w.org\/{rel}","templated":true}]}}