{"id":8561,"date":"2026-01-29T14:51:04","date_gmt":"2026-01-29T14:51:04","guid":{"rendered":"https:\/\/turkishtrade.co\/?post_type=product&#038;p=8561"},"modified":"2026-04-09T20:21:13","modified_gmt":"2026-04-09T20:21:13","slug":"mens-calfskin-casual-loafers","status":"publish","type":"product","link":"https:\/\/turkishtrade.co\/tr\/shop\/mens-calfskin-casual-loafers\/","title":{"rendered":"Ke\u00e7i Derisi Astarl\u0131 Erkek Dana Derisi G\u00fcnl\u00fck Loafer Proven |"},"content":{"rendered":"<p><strong>Erkek Dana Derisi G\u00fcnl\u00fck Loafer<\/strong>. Kan\u0131tlanm\u0131\u015f kalite ve tasar\u0131m.<\/p>\n<p>Enfes tasar\u0131m\u0131m\u0131zla benzersiz bir stil ve konfora ad\u0131m at\u0131n <strong>Erkek Dana Derisi G\u00fcnl\u00fck Loafer<\/strong>. Se\u00e7kin beyefendiler i\u00e7in tasarlanan bu mokasen ayakkab\u0131lar, sofistike tasar\u0131m\u0131 g\u00fcnl\u00fck giyilebilirlikle m\u00fckemmel bir \u015fekilde harmanl\u0131yor. Birinci s\u0131n\u0131f dana derisinden \u00fcretilen bu mokasenlerin her bir \u00e7ifti <strong>erkek dana derisi g\u00fcnl\u00fck mokasen ayakkab\u0131<\/strong> Sadece hakiki derinin sunabilece\u011fi dayan\u0131kl\u0131l\u0131k ve zarif bir estetik vaat eder. G\u00f6rselde g\u00f6r\u00fclen zengin, koyu ton ve ince delikli doku modern bir dokunu\u015f katarak nefes alabilirli\u011fi art\u0131r\u0131r ve bu ayakkab\u0131lar\u0131 \u00e7e\u015fitli iklimler i\u00e7in ideal hale getirerek ayaklar\u0131n\u0131z\u0131n g\u00fcn boyu rahat kalmas\u0131n\u0131 sa\u011flar.<\/p>\n<p>L\u00fcks ke\u00e7i derisi astar sayesinde her ad\u0131mda \u00fcst\u00fcn konforu ya\u015fay\u0131n. Bu yumu\u015fak, nefes alabilen astar nemi do\u011fal bir \u015fekilde uzakla\u015ft\u0131rarak ayaklar\u0131n\u0131z\u0131n g\u00fcn boyunca serin ve kuru kalmas\u0131n\u0131 sa\u011flar - y\u00fcksek kaliteli ayakkab\u0131lar i\u00e7in \u00e7ok \u00f6nemli bir \u00f6zelliktir. Sa\u011flam ancak esnek EVA taban, m\u00fckemmel yast\u0131klama ve \u015fok emilimi sa\u011flayarak bu ayakkab\u0131lar\u0131 <strong>erkek dana derisi g\u00fcnl\u00fck mokasen ayakkab\u0131<\/strong> Uzun saatler boyunca ayakta kalman\u0131z i\u00e7in ger\u00e7ekten rahat bir se\u00e7im. Orta tabandaki mavi, beyaz ve kahverengi ince \u015ferit detaylar, bu \u00e7ok y\u00f6nl\u00fc ayakkab\u0131lar\u0131n genel g\u00f6r\u00fcn\u00fcm\u00fcn\u00fc y\u00fckselterek \u00e7a\u011fda\u015f bir dokunu\u015f katar.<\/p>\n<p>Bizim <strong>erkek dana derisi g\u00fcnl\u00fck mokasen ayakkab\u0131<\/strong> titizlikle in\u015fa edilmi\u015f, \u00fcst\u00fcn i\u015f\u00e7ilik ve detaylara g\u00f6sterilen \u00f6zen sergilenmi\u015ftir. Moc-toe'nun etraf\u0131ndaki hassas diki\u015ften, ayakkab\u0131y\u0131 s\u00fcsleyen zarif metalik s\u00fcslemeye kadar her unsur kaliteyi ve abart\u0131s\u0131z l\u00fcks\u00fc yans\u0131t\u0131yor. Bu mokasen ayakkab\u0131lar, geni\u015f bir tercih yelpazesine hitap eden ve m\u00fckemmel bir uyum sa\u011flayan pratik 40-44 beden aral\u0131\u011f\u0131nda mevcuttur. \u0130ster bir i\u015f toplant\u0131s\u0131, ister bir hafta sonu ka\u00e7ama\u011f\u0131 ya da \u015f\u0131k bir ak\u015fam i\u00e7in giyiniyor olun, bu <strong>erkek dana derisi g\u00fcnl\u00fck mokasen ayakkab\u0131<\/strong> her tak\u0131ma m\u00fckemmel bir son dokunu\u015f sa\u011flar.<\/p>\n<h3>Premium Loafer'lar\u0131m\u0131z i\u00e7in Toptan Sat\u0131\u015f F\u0131rsatlar\u0131<\/h3>\n<p>M\u00fc\u015fterilerine ola\u011fan\u00fcst\u00fc kalitede ayakkab\u0131lar sunmak isteyen perakendeciler ve i\u015fletmeler i\u00e7in <strong>erkek dana derisi g\u00fcnl\u00fck mokasen ayakkab\u0131<\/strong> toptan sat\u0131\u015f i\u00e7in mevcuttur. Yaln\u0131zca 8 \u00e7iftlik minimum sipari\u015fle, \u00e7ok ra\u011fbet g\u00f6ren bu ayakkab\u0131lar\u0131 kolayca stoklayabilirsiniz. Bunlar <strong>erkek dana derisi g\u00fcnl\u00fck mokasen ayakkab\u0131<\/strong> konforu, stili ve dayan\u0131kl\u0131l\u0131\u011f\u0131 ile bilinen bir ayakkab\u0131 serisi ile \u00fcr\u00fcn teklifinizi geli\u015ftirmek i\u00e7in harika bir f\u0131rsatt\u0131r. M\u00fc\u015fterilerinize bu ola\u011fan\u00fcst\u00fc ayakkab\u0131lar\u0131 sunma f\u0131rsat\u0131n\u0131 ka\u00e7\u0131rmay\u0131n. <strong>erkek dana derisi g\u00fcnl\u00fck mokasen ayakkab\u0131<\/strong> geleneksel i\u015f\u00e7ili\u011fi modern tasar\u0131mla birle\u015ftiriyor. Bug\u00fcn envanterinizi y\u00fckseltin ve birinci s\u0131n\u0131f g\u00fcnl\u00fck ayakkab\u0131 talebini kar\u015f\u0131lay\u0131n, m\u00fc\u015fterilerinizin bu ola\u011fan\u00fcst\u00fc ayakkab\u0131larla her zaman \u015f\u0131k bir \u015fekilde d\u0131\u015far\u0131 \u00e7\u0131kmas\u0131n\u0131 sa\u011flay\u0131n <strong>erkek dana derisi g\u00fcnl\u00fck mokasen ayakkab\u0131<\/strong>.<\/p>\n<p>Bir \u00e7ift ayakkab\u0131ya yat\u0131r\u0131m yap\u0131n <strong>erkek dana derisi g\u00fcnl\u00fck mokasen ayakkab\u0131<\/strong> sadece stil de\u011fil, ayn\u0131 zamanda kal\u0131c\u0131 konfor ve kalite de vaat ediyor. Hem g\u00f6r\u00fcn\u00fc\u015fe hem de sa\u011fl\u0131\u011fa \u00f6nem veren modern erkekler i\u00e7in m\u00fckemmel olan bu ayakkab\u0131lar, \u00fcst\u00fcn ayakkab\u0131c\u0131l\u0131\u011f\u0131n bir kan\u0131t\u0131d\u0131r. \u015eimdi al\u0131\u015fveri\u015f yap\u0131n ve bir sonraki favori \u00e7iftinizi ke\u015ffedin!<\/p>","protected":false},"excerpt":{"rendered":"<ul>\n<li>Delikli detaylara sahip birinci s\u0131n\u0131f dana derisi saya<\/li>\n<li>Daha fazla nefes alabilirlik ve konfor i\u00e7in l\u00fcks ke\u00e7i derisi astar<\/li>\n<li>\u00dcst\u00fcn yast\u0131klama i\u00e7in hafif ve esnek EVA taban<\/li>\n<li>Zarif metalik s\u00fcsleme ve klasik moc-toe diki\u015f<\/li>\n<li>40-44 (AB) bedenlerde mevcuttur<\/li>\n<li>\u015e\u0131k g\u00fcndelik ve g\u00fcnl\u00fck giyim i\u00e7in ideal<\/li>\n<li>Toptan sat\u0131\u015f f\u0131rsatlar\u0131 mevcuttur (minimum sipari\u015f: 8 \u00e7ift)<\/li>\n<\/ul>","protected":false},"featured_media":6732,"template":"","meta":{"_acf_changed":false,"_uag_custom_page_level_css":"","site-sidebar-layout":"default","site-content-layout":"","ast-site-content-layout":"default","site-content-style":"default","site-sidebar-style":"default","ast-global-header-display":"","ast-banner-title-visibility":"","ast-main-header-display":"","ast-hfb-above-header-display":"","ast-hfb-below-header-display":"","ast-hfb-mobile-header-display":"","site-post-title":"","ast-breadcrumbs-content":"","ast-featured-img":"","footer-sml-layout":"","ast-disable-related-posts":"","theme-transparent-header-meta":"","adv-header-id-meta":"","stick-header-meta":"","header-above-stick-meta":"","header-main-stick-meta":"","header-below-stick-meta":"","astra-migrate-meta-layouts":"default","ast-page-background-enabled":"default","ast-page-background-meta":{"desktop":{"background-color":"var(--ast-global-color-4)","background-image":"","background-repeat":"repeat","background-position":"center center","background-size":"auto","background-attachment":"scroll","background-type":"","background-media":"","overlay-type":"","overlay-color":"","overlay-opacity":"","overlay-gradient":""},"tablet":{"background-color":"","background-image":"","background-repeat":"repeat","background-position":"center center","background-size":"auto","background-attachment":"scroll","background-type":"","background-media":"","overlay-type":"","overlay-color":"","overlay-opacity":"","overlay-gradient":""},"mobile":{"background-color":"","background-image":"","background-repeat":"repeat","background-position":"center center","background-size":"auto","background-attachment":"scroll","background-type":"","background-media":"","overlay-type":"","overlay-color":"","overlay-opacity":"","overlay-gradient":""}},"ast-content-background-meta":{"desktop":{"background-color":"var(--ast-global-color-5)","background-image":"","background-repeat":"repeat","background-position":"center center","background-size":"auto","background-attachment":"scroll","background-type":"","background-media":"","overlay-type":"","overlay-color":"","overlay-opacity":"","overlay-gradient":""},"tablet":{"background-color":"var(--ast-global-color-5)","background-image":"","background-repeat":"repeat","background-position":"center center","background-size":"auto","background-attachment":"scroll","background-type":"","background-media":"","overlay-type":"","overlay-color":"","overlay-opacity":"","overlay-gradient":""},"mobile":{"background-color":"var(--ast-global-color-5)","background-image":"","background-repeat":"repeat","background-position":"center center","background-size":"auto","background-attachment":"scroll","background-type":"","background-media":"","overlay-type":"","overlay-color":"","overlay-opacity":"","overlay-gradient":""}}},"product_brand":[],"product_cat":[48,49,430,1200],"product_tag":[555,449,220,438,189,215,186,266,280],"class_list":{"0":"post-8561","1":"product","2":"type-product","3":"status-publish","4":"has-post-thumbnail","6":"product_cat-casual","7":"product_cat-loafer","8":"product_cat-men","9":"product_cat-mens-shoes-2","10":"product_tag-calfskin-loafers","11":"product_tag-casual-shoes","12":"product_tag-comfortable-loafers","13":"product_tag-eva-sole","14":"product_tag-goat-leather-lining","15":"product_tag-leather-loafers","16":"product_tag-mens-loafers","17":"product_tag-perforated-leather","18":"product_tag-smart-casual-shoes","19":"desktop-align-center","20":"tablet-align-center","21":"mobile-align-center","23":"first","24":"instock","25":"shipping-taxable","26":"purchasable","27":"product-type-variable","28":"has-default-attributes"},"acf":[],"uagb_featured_image_src":{"full":["https:\/\/turkishtrade.co\/wp-content\/uploads\/2026\/01\/2600QLOMN00028-BLACK.png",453,250,false],"thumbnail":["https:\/\/turkishtrade.co\/wp-content\/uploads\/2026\/01\/2600QLOMN00028-BLACK-150x150.png",150,150,true],"medium":["https:\/\/turkishtrade.co\/wp-content\/uploads\/2026\/01\/2600QLOMN00028-BLACK-300x166.png",300,166,true],"medium_large":["https:\/\/turkishtrade.co\/wp-content\/uploads\/2026\/01\/2600QLOMN00028-BLACK.png",453,250,false],"large":["https:\/\/turkishtrade.co\/wp-content\/uploads\/2026\/01\/2600QLOMN00028-BLACK.png",453,250,false],"1536x1536":["https:\/\/turkishtrade.co\/wp-content\/uploads\/2026\/01\/2600QLOMN00028-BLACK.png",453,250,false],"2048x2048":["https:\/\/turkishtrade.co\/wp-content\/uploads\/2026\/01\/2600QLOMN00028-BLACK.png",453,250,false],"trp-custom-language-flag":["https:\/\/turkishtrade.co\/wp-content\/uploads\/2026\/01\/2600QLOMN00028-BLACK-18x10.png",18,10,true],"woocommerce_thumbnail":["https:\/\/turkishtrade.co\/wp-content\/uploads\/2026\/01\/2600QLOMN00028-BLACK-400x250.png",400,250,true],"woocommerce_single":["https:\/\/turkishtrade.co\/wp-content\/uploads\/2026\/01\/2600QLOMN00028-BLACK.png",453,250,false],"woocommerce_gallery_thumbnail":["https:\/\/turkishtrade.co\/wp-content\/uploads\/2026\/01\/2600QLOMN00028-BLACK-100x100.png",100,100,true]},"uagb_author_info":{"display_name":"python python","author_link":"https:\/\/turkishtrade.co\/tr\/author\/"},"uagb_comment_info":0,"uagb_excerpt":"Premium calfskin leather upper with perforated detailing Luxurious goat leather lining for enhanced breathability and comfort Lightweight and flexible EVA sole for superior cushioning Elegant metallic ornament and classic moc-toe stitching Available in sizes 40-44 (EU) Ideal for smart casual and everyday wear Wholesale opportunities available (minimum order: 8 pairs)","_links":{"self":[{"href":"https:\/\/turkishtrade.co\/tr\/wp-json\/wp\/v2\/product\/8561","targetHints":{"allow":["GET"]}}],"collection":[{"href":"https:\/\/turkishtrade.co\/tr\/wp-json\/wp\/v2\/product"}],"about":[{"href":"https:\/\/turkishtrade.co\/tr\/wp-json\/wp\/v2\/types\/product"}],"wp:featuredmedia":[{"embeddable":true,"href":"https:\/\/turkishtrade.co\/tr\/wp-json\/wp\/v2\/media\/6732"}],"wp:attachment":[{"href":"https:\/\/turkishtrade.co\/tr\/wp-json\/wp\/v2\/media?parent=8561"}],"wp:term":[{"taxonomy":"product_brand","embeddable":true,"href":"https:\/\/turkishtrade.co\/tr\/wp-json\/wp\/v2\/product_brand?post=8561"},{"taxonomy":"product_cat","embeddable":true,"href":"https:\/\/turkishtrade.co\/tr\/wp-json\/wp\/v2\/product_cat?post=8561"},{"taxonomy":"product_tag","embeddable":true,"href":"https:\/\/turkishtrade.co\/tr\/wp-json\/wp\/v2\/product_tag?post=8561"}],"curies":[{"name":"wp","href":"https:\/\/api.w.org\/{rel}","templated":true}]}}