{"id":8560,"date":"2026-01-29T14:51:04","date_gmt":"2026-01-29T14:51:04","guid":{"rendered":"https:\/\/turkishtrade.co\/?post_type=product&#038;p=8560"},"modified":"2026-04-09T20:21:16","modified_gmt":"2026-04-09T20:21:16","slug":"mens-casual-leather-loafers-7","status":"publish","type":"product","link":"https:\/\/turkishtrade.co\/tr\/shop\/mens-casual-leather-loafers-7\/","title":{"rendered":"Erkek G\u00fcnl\u00fck Deri Loafer L\u00fcks | Erkek Premium Dana Derisi G\u00fcnl\u00fck"},"content":{"rendered":"<p><strong>Erkek G\u00fcnl\u00fck Deri Loafer'lar<\/strong>. L\u00fcks kalite ve tasar\u0131m.<\/p>\n<p>Zarif tasar\u0131m\u0131m\u0131zla stil, konfor ve dayan\u0131kl\u0131l\u0131\u011f\u0131n m\u00fckemmel kar\u0131\u015f\u0131m\u0131n\u0131 ke\u015ffedin <b>Erkek Premium Dana Derisi G\u00fcnl\u00fck Loafer'lar<\/b>. Modern erkek i\u00e7in ustal\u0131kla \u00fcretilen bu mokasen ayakkab\u0131lar, g\u00fcndelik gezintilerden daha rafine ak\u0131ll\u0131 g\u00fcndelik etkinliklere sorunsuz bir \u015fekilde ge\u00e7i\u015f yapmak i\u00e7in tasarlanm\u0131\u015ft\u0131r. Her bir \u00e7ift, \u00fcst\u00fcn T\u00fcrk i\u015f\u00e7ili\u011fine sahiptir ve hem l\u00fcks hem de uzun \u00f6m\u00fcrl\u00fc bir ayakkab\u0131 deneyimi sa\u011flar. Fark yaratan erkek g\u00fcnl\u00fck deri mokasen ayakkab\u0131lar ar\u0131yorsan\u0131z, ba\u015fka yere bakman\u0131za gerek yok.<\/p>\n<h3>Rakipsiz Konfor ve Birinci S\u0131n\u0131f Malzemeler<\/h3>\n<p>Bu istisnai \u00e7al\u0131\u015fmalar\u0131n merkezinde <b>erkek g\u00fcndeli\u0307k deri\u0307 mokasen<\/b> birinci s\u0131n\u0131f malzeme kullan\u0131m\u0131d\u0131r. D\u0131\u015f y\u00fczey, p\u00fcr\u00fczs\u00fcz dokusu, esnekli\u011fi ve zarif y\u00fczeyiyle tan\u0131nan y\u00fcksek kaliteli Dana Deri veya dana derisinden \u00fcretilmi\u015ftir. Bu do\u011fal deri sadece sofistike g\u00f6r\u00fcnmekle kalmaz, ayn\u0131 zamanda zamanla aya\u011f\u0131n\u0131za uyum sa\u011flayarak ki\u015fiye \u00f6zel bir uyum sa\u011flar. \u0130\u00e7 k\u0131s\u0131mda, ayaklar\u0131n\u0131z benzersiz bir nefes alabilirlik ve rahatl\u0131k sunan yumu\u015fak ke\u00e7i derisi astar Kec\u0131 Astar taraf\u0131ndan sar\u0131lacak ve ayaklar\u0131n\u0131z\u0131n g\u00fcn boyunca ferah hissetmesini sa\u011flayacakt\u0131r. \u00dcst k\u0131s\u0131mdaki delikli tasar\u0131m sadece farkl\u0131 bir g\u00f6rsel \u00e7ekicilik katmakla kalmaz, ayn\u0131 zamanda havaland\u0131rmay\u0131 da art\u0131rarak bu ayakkab\u0131lar\u0131 ideal hale getirir. <b>erkek g\u00fcndeli\u0307k deri\u0307 mokasen<\/b> her mevsim i\u00e7in.<\/p>\n<h3>Yenilik\u00e7i Tasar\u0131m ve G\u00fcnl\u00fck \u00c7ok Y\u00f6nl\u00fcl\u00fck<\/h3>\n<p>Bunlar <b>erkek g\u00fcndeli\u0307k deri\u0307 mokasen<\/b> \u00fcst\u00fcn \u015fok emilimi ve yast\u0131klama \u00f6zellikleriyle \u00fcnl\u00fc bir malzeme olan hafif ve esnek Eva Tabana sahiptir. Bu yenilik\u00e7i taban her ad\u0131mda maksimum konfor sa\u011flar, ayak yorgunlu\u011funu azalt\u0131r ve m\u00fckemmel tutu\u015f sa\u011flar. Klasik loafer silueti, farkl\u0131 desenli bir vampir ve zarif bir metalik amblem de dahil olmak \u00fczere modern detaylarla y\u00fckseltilmi\u015f ve sade bir l\u00fcks dokunu\u015fu eklenmi\u015ftir. \u0130ster chino pantolonlarla, ister kot pantolonlarla veya \u015f\u0131k \u015fortlarla e\u015fle\u015ftirin, bu mokasen ayakkab\u0131lar k\u0131yafetinizi zahmetsizce g\u00fczelle\u015ftirir. Rahat bir hafta sonu brunch'\u0131ndan ofisteki bir g\u00fcne kadar, bu \u00e7ok y\u00f6nl\u00fc <b>erkek g\u00fcndeli\u0307k deri\u0307 mokasen<\/b> zahmetsiz stil ve \u00fcst\u00fcn konfor i\u00e7in tercihinizdir.<\/p>\n<h3>Kalite ve Kullan\u0131labilirlik<\/h3>\n<p>Pratik 40, 41, 42, 43 ve 44 numara serileriyle m\u00fckemmel uyumunuzu bulmak \u00e7ok kolay. En y\u00fcksek kalite ve tasar\u0131m standartlar\u0131n\u0131 kar\u015f\u0131layan ayakkab\u0131lar sunmaktan gurur duyuyoruz. Bunlar <b>erkek g\u00fcndeli\u0307k deri\u0307 mokasen<\/b> sadece ayakkab\u0131 de\u011fildir; ki\u015fisel tarz\u0131n\u0131za ve konforunuza yap\u0131lan bir yat\u0131r\u0131md\u0131r. Y\u00fcksek kaliteli ayakkab\u0131 stoklamak isteyen i\u015fletmeler i\u00e7in bu premium <b>erkek g\u00fcndeli\u0307k deri\u0307 mokasen<\/b> minimum 8 \u00e7ift sipari\u015fle toptan sat\u0131n al\u0131nabilir ve m\u00fc\u015fterilerinize ola\u011fan\u00fcst\u00fc \u00fcr\u00fcnler sunmak i\u00e7in m\u00fckemmel bir f\u0131rsat sa\u011flar. Birinci s\u0131n\u0131f dana derisi mokasen ayakkab\u0131lar\u0131m\u0131zla geleneksel i\u015f\u00e7ilik ve \u00e7a\u011fda\u015f tasar\u0131m\u0131n m\u00fckemmel kar\u0131\u015f\u0131m\u0131n\u0131 deneyimleyin.<\/p>","protected":false},"excerpt":{"rendered":"<ul>\n<li>\u00dcst\u00fcn dayan\u0131kl\u0131l\u0131k ve zarif stil i\u00e7in Premium Dana Derisi (Dana Deri) Saya<\/li>\n<li>Yumu\u015fak Ke\u00e7i Derisi (Ke\u00e7i Astar) Astar, ola\u011fan\u00fcst\u00fc nefes alabilirlik ve g\u00fcn boyu konfor sa\u011flar<\/li>\n<li>Hafif ve esnek Eva Taban m\u00fckemmel yast\u0131klama ve destek sa\u011flar<\/li>\n<li>Klasik G\u00fcnl\u00fck Loafer tasar\u0131m\u0131, \u00e7ok y\u00f6nl\u00fc g\u00fcnl\u00fck stil i\u00e7in m\u00fckemmel<\/li>\n<li>40'tan 44'e kadar kapsaml\u0131 bir beden aral\u0131\u011f\u0131nda mevcuttur<\/li>\n<li>Toptan sat\u0131\u015f f\u0131rsatlar\u0131 mevcuttur (Minimum Sipari\u015f: 8 \u00c7ift)<\/li>\n<\/ul>","protected":false},"featured_media":6731,"template":"","meta":{"_acf_changed":false,"_uag_custom_page_level_css":"","site-sidebar-layout":"default","site-content-layout":"","ast-site-content-layout":"default","site-content-style":"default","site-sidebar-style":"default","ast-global-header-display":"","ast-banner-title-visibility":"","ast-main-header-display":"","ast-hfb-above-header-display":"","ast-hfb-below-header-display":"","ast-hfb-mobile-header-display":"","site-post-title":"","ast-breadcrumbs-content":"","ast-featured-img":"","footer-sml-layout":"","ast-disable-related-posts":"","theme-transparent-header-meta":"","adv-header-id-meta":"","stick-header-meta":"","header-above-stick-meta":"","header-main-stick-meta":"","header-below-stick-meta":"","astra-migrate-meta-layouts":"default","ast-page-background-enabled":"default","ast-page-background-meta":{"desktop":{"background-color":"var(--ast-global-color-4)","background-image":"","background-repeat":"repeat","background-position":"center center","background-size":"auto","background-attachment":"scroll","background-type":"","background-media":"","overlay-type":"","overlay-color":"","overlay-opacity":"","overlay-gradient":""},"tablet":{"background-color":"","background-image":"","background-repeat":"repeat","background-position":"center center","background-size":"auto","background-attachment":"scroll","background-type":"","background-media":"","overlay-type":"","overlay-color":"","overlay-opacity":"","overlay-gradient":""},"mobile":{"background-color":"","background-image":"","background-repeat":"repeat","background-position":"center center","background-size":"auto","background-attachment":"scroll","background-type":"","background-media":"","overlay-type":"","overlay-color":"","overlay-opacity":"","overlay-gradient":""}},"ast-content-background-meta":{"desktop":{"background-color":"var(--ast-global-color-5)","background-image":"","background-repeat":"repeat","background-position":"center center","background-size":"auto","background-attachment":"scroll","background-type":"","background-media":"","overlay-type":"","overlay-color":"","overlay-opacity":"","overlay-gradient":""},"tablet":{"background-color":"var(--ast-global-color-5)","background-image":"","background-repeat":"repeat","background-position":"center center","background-size":"auto","background-attachment":"scroll","background-type":"","background-media":"","overlay-type":"","overlay-color":"","overlay-opacity":"","overlay-gradient":""},"mobile":{"background-color":"var(--ast-global-color-5)","background-image":"","background-repeat":"repeat","background-position":"center center","background-size":"auto","background-attachment":"scroll","background-type":"","background-media":"","overlay-type":"","overlay-color":"","overlay-opacity":"","overlay-gradient":""}}},"product_brand":[],"product_cat":[48,49,430,1200],"product_tag":[185,512,220,287,1258,215,186,184,285],"class_list":{"0":"post-8560","1":"product","2":"type-product","3":"status-publish","4":"has-post-thumbnail","6":"product_cat-casual","7":"product_cat-loafer","8":"product_cat-men","9":"product_cat-mens-shoes-2","10":"product_tag-calf-leather-shoes","11":"product_tag-casual-loafers","12":"product_tag-comfortable-loafers","13":"product_tag-eva-sole-shoes","14":"product_tag-goat-lined-shoes","15":"product_tag-leather-loafers","16":"product_tag-mens-loafers","17":"product_tag-slip-on-shoes","18":"product_tag-turkish-shoes","19":"desktop-align-center","20":"tablet-align-center","21":"mobile-align-center","23":"first","24":"instock","25":"shipping-taxable","26":"purchasable","27":"product-type-variable","28":"has-default-attributes"},"acf":[],"uagb_featured_image_src":{"full":["https:\/\/turkishtrade.co\/wp-content\/uploads\/2026\/01\/2600QLOMN00027-BLACK.png",453,250,false],"thumbnail":["https:\/\/turkishtrade.co\/wp-content\/uploads\/2026\/01\/2600QLOMN00027-BLACK-150x150.png",150,150,true],"medium":["https:\/\/turkishtrade.co\/wp-content\/uploads\/2026\/01\/2600QLOMN00027-BLACK-300x166.png",300,166,true],"medium_large":["https:\/\/turkishtrade.co\/wp-content\/uploads\/2026\/01\/2600QLOMN00027-BLACK.png",453,250,false],"large":["https:\/\/turkishtrade.co\/wp-content\/uploads\/2026\/01\/2600QLOMN00027-BLACK.png",453,250,false],"1536x1536":["https:\/\/turkishtrade.co\/wp-content\/uploads\/2026\/01\/2600QLOMN00027-BLACK.png",453,250,false],"2048x2048":["https:\/\/turkishtrade.co\/wp-content\/uploads\/2026\/01\/2600QLOMN00027-BLACK.png",453,250,false],"trp-custom-language-flag":["https:\/\/turkishtrade.co\/wp-content\/uploads\/2026\/01\/2600QLOMN00027-BLACK-18x10.png",18,10,true],"woocommerce_thumbnail":["https:\/\/turkishtrade.co\/wp-content\/uploads\/2026\/01\/2600QLOMN00027-BLACK-400x250.png",400,250,true],"woocommerce_single":["https:\/\/turkishtrade.co\/wp-content\/uploads\/2026\/01\/2600QLOMN00027-BLACK.png",453,250,false],"woocommerce_gallery_thumbnail":["https:\/\/turkishtrade.co\/wp-content\/uploads\/2026\/01\/2600QLOMN00027-BLACK-100x100.png",100,100,true]},"uagb_author_info":{"display_name":"python python","author_link":"https:\/\/turkishtrade.co\/tr\/author\/"},"uagb_comment_info":0,"uagb_excerpt":"Premium Calf Leather (Dana Deri) Upper for superior durability and refined style Soft Goat Leather (Keci Astar) Lining ensures exceptional breathability and all-day comfort Lightweight and flexible Eva Sole provides excellent cushioning and support Classic Casual Loafer design, perfect for versatile everyday styling Available in a comprehensive size range from 40 to 44 Wholesale opportunities&hellip;","_links":{"self":[{"href":"https:\/\/turkishtrade.co\/tr\/wp-json\/wp\/v2\/product\/8560","targetHints":{"allow":["GET"]}}],"collection":[{"href":"https:\/\/turkishtrade.co\/tr\/wp-json\/wp\/v2\/product"}],"about":[{"href":"https:\/\/turkishtrade.co\/tr\/wp-json\/wp\/v2\/types\/product"}],"wp:featuredmedia":[{"embeddable":true,"href":"https:\/\/turkishtrade.co\/tr\/wp-json\/wp\/v2\/media\/6731"}],"wp:attachment":[{"href":"https:\/\/turkishtrade.co\/tr\/wp-json\/wp\/v2\/media?parent=8560"}],"wp:term":[{"taxonomy":"product_brand","embeddable":true,"href":"https:\/\/turkishtrade.co\/tr\/wp-json\/wp\/v2\/product_brand?post=8560"},{"taxonomy":"product_cat","embeddable":true,"href":"https:\/\/turkishtrade.co\/tr\/wp-json\/wp\/v2\/product_cat?post=8560"},{"taxonomy":"product_tag","embeddable":true,"href":"https:\/\/turkishtrade.co\/tr\/wp-json\/wp\/v2\/product_tag?post=8560"}],"curies":[{"name":"wp","href":"https:\/\/api.w.org\/{rel}","templated":true}]}}