{"id":8559,"date":"2026-01-29T14:51:04","date_gmt":"2026-01-29T14:51:04","guid":{"rendered":"https:\/\/turkishtrade.co\/?post_type=product&#038;p=8559"},"modified":"2026-04-09T20:21:19","modified_gmt":"2026-04-09T20:21:19","slug":"mens-calf-leather-casual-loafer","status":"publish","type":"product","link":"https:\/\/turkishtrade.co\/tr\/shop\/mens-calf-leather-casual-loafer\/","title":{"rendered":"Erkek Dana Derisi G\u00fcnl\u00fck Loafer Eva Taban ile \u0130nan\u0131lmaz |"},"content":{"rendered":"<p><strong>Erkek Dana Derisi G\u00fcnl\u00fck Loafer<\/strong>. \u0130nan\u0131lmaz kalite ve tasar\u0131m.<\/p>\n<p>Zarif \u00fcr\u00fcnlerimizle sofistike konfora ve zamans\u0131z stile ad\u0131m at\u0131n <strong>Erkek Dana Derisi G\u00fcnl\u00fck Loafer<\/strong>, modern beyefendiler i\u00e7in titizlikle tasarlanm\u0131\u015ft\u0131r. Klasik bir silueti benzersiz bir konforla birle\u015ftiren bu birinci s\u0131n\u0131f ayakkab\u0131, her se\u00e7kin gard\u0131rop i\u00e7in vazge\u00e7ilmez bir eklentidir. Y\u00fcksek kaliteli dana derisinden \u00fcretilen bu loaferlar, hem ola\u011fan\u00fcst\u00fc dayan\u0131kl\u0131l\u0131k hem de ger\u00e7ekten \u00f6ne \u00e7\u0131kan zarif bir estetik sunar.<\/p>\n<h3>Rakipsiz Konfor ve Kaliteli \u0130\u015f\u00e7ilik<\/h3>\n<p>Her ad\u0131mda ger\u00e7ek l\u00fcks\u00fc ya\u015fay\u0131n. Bizim <strong>Erkek Dana Derisi G\u00fcnl\u00fck Loafer<\/strong> inan\u0131lmaz yumu\u015fakl\u0131\u011f\u0131, esnekli\u011fi ve do\u011fal nefes alabilirli\u011fi ile tan\u0131nan g\u00f6rkemli ke\u00e7i derisi astara sahiptir. Bu birinci s\u0131n\u0131f astar, ayaklar\u0131n\u0131z\u0131n g\u00fcn boyunca rahat ve ferah kalmas\u0131n\u0131 sa\u011flayarak uzun s\u00fcreli kullan\u0131mdan sonra bile rahats\u0131zl\u0131\u011f\u0131 \u00f6nler. Bu l\u00fcks i\u00e7 k\u0131sm\u0131 tamamlayan son teknoloji \u00fcr\u00fcn\u00fc EVA taban. EVA taban\u0131n hafif ve esnek \u00f6zellikleri \u00fcst\u00fcn yast\u0131klama ve etkili \u015fok emilimi sa\u011flayarak ayak yorgunlu\u011funu \u00f6nemli \u00f6l\u00e7\u00fcde azalt\u0131r ve ola\u011fan\u00fcst\u00fc rahat bir y\u00fcr\u00fcy\u00fc\u015f deneyimi sunar. \u0130ster kalabal\u0131k \u015fehir sokaklar\u0131nda geziniyor ister rahat bir hafta sonunun tad\u0131n\u0131 \u00e7\u0131kar\u0131yor olun, bu loafer s\u00fcrekli olarak konfor ve destek sunar.<\/p>\n<h3>Her Durum \u0130\u00e7in Sofistike Stil<\/h3>\n<p>Bunun zarif tasar\u0131m\u0131 <strong>Erkek Dana Derisi G\u00fcnl\u00fck Loafer<\/strong> inan\u0131lmaz derecede \u00e7ok y\u00f6nl\u00fc olmas\u0131n\u0131 sa\u011flar. Klasik g\u00fcndelik silueti, benzersiz dokulu sayas\u0131 ve \u00e7arp\u0131c\u0131 metalik toka detay\u0131 ile incelikli bir \u015fekilde geli\u015ftirilerek farkl\u0131l\u0131\u011fa ve \u00e7a\u011fda\u015f yetene\u011fe bir dokunu\u015f kat\u0131yor. Dana derisinin zengin kahverengi tonu, \u015f\u0131k g\u00fcnl\u00fck pantolonlar ve chino pantolonlardan daha rahat denimlere kadar \u00e7ok \u00e7e\u015fitli k\u0131yafetlerle zahmetsizce e\u015fle\u015fir. Bu sadece bir ayakkab\u0131 de\u011fil; i\u015f ama\u00e7l\u0131 g\u00fcndelik ortamlar, sosyal toplant\u0131lar veya sadece g\u00fcnl\u00fck g\u00f6r\u00fcn\u00fcm\u00fcn\u00fcz\u00fc y\u00fckseltmek i\u00e7in m\u00fckemmel olan rafine bir zevkin ve zahmetsiz zarafetin ifadesidir. Bu y\u00fcksek kaliteli ayakkab\u0131n\u0131n her bir \u00e7ifti <strong>Erkek Dana Derisi G\u00fcnl\u00fck Loafer<\/strong> \u00fcst\u00fcn i\u015f\u00e7ilik ve modern tasar\u0131ma olan ba\u011fl\u0131l\u0131\u011f\u0131 yans\u0131tarak her zaman kal\u0131c\u0131 bir izlenim b\u0131rakman\u0131z\u0131 sa\u011flar.<\/p>\n<h3>Perakendeciler i\u00e7in ideal: Ola\u011fan\u00fcst\u00fc Toptan Sat\u0131\u015f F\u0131rsatlar\u0131<\/h3>\n<p>M\u00fc\u015fterilerine kalite, konfor ve stilin \u00fcst\u00fcn bir kar\u0131\u015f\u0131m\u0131n\u0131 sunmak isteyen perakendeciler i\u00e7in <strong>Erkek Dana Derisi G\u00fcnl\u00fck Loafer<\/strong> m\u00fckemmel bir toptan sat\u0131\u015f f\u0131rsat\u0131 sunuyor. AB 40 ila 44 aras\u0131nda pratik bir beden serisinde mevcut olan bu pop\u00fcler mokasen ayakkab\u0131lar, geni\u015f ve \u00e7e\u015fitli bir m\u00fc\u015fteri taban\u0131na hitap etmektedir. Perakende pazar\u0131n\u0131n dinamik taleplerini anl\u0131yoruz, bu nedenle bu premium mokasenleri yaln\u0131zca 8 \u00e7iftlik uygun bir minimum sipari\u015f miktar\u0131yla sunuyoruz. Bu y\u00fcksek talep g\u00f6ren ayakkab\u0131y\u0131 stoklay\u0131n <strong>Erkek Dana Derisi G\u00fcnl\u00fck Loafer<\/strong> ve m\u00fc\u015fterilerinize l\u00fcks malzemeleri, ergonomik tasar\u0131m\u0131 ve kal\u0131c\u0131 stili m\u00fckemmel bir \u015fekilde harmanlayan ayakkab\u0131lar sunun. Bu ola\u011fan\u00fcst\u00fc <strong>Erkek Dana Derisi G\u00fcnl\u00fck Loafer<\/strong> moda bilincine sahip her m\u00fc\u015fteri i\u00e7in sahip olunmas\u0131 gereken bir \u00fcr\u00fcnd\u00fcr. Ma\u011fazan\u0131z\u0131n koleksiyonuna benzersiz bir konfor ve sofistike bir stil katmak i\u00e7in bizimle i\u015f birli\u011fi yap\u0131n.<\/p>","protected":false},"excerpt":{"rendered":"<ul>\n<li>Dayan\u0131kl\u0131l\u0131k ve zarif stil i\u00e7in birinci s\u0131n\u0131f dana derisi saya.<\/li>\n<li>L\u00fcks ke\u00e7i derisi astar ola\u011fan\u00fcst\u00fc konfor ve nefes alabilirlik sa\u011flar.<\/li>\n<li>Hafif ve esnek EVA taban, t\u00fcm g\u00fcn kullan\u0131m i\u00e7in \u00fcst\u00fcn yast\u0131klama sa\u011flar.<\/li>\n<li>Zarif metalik tokal\u0131, sofistike ve rahat bir loafer tasar\u0131ma sahiptir.<\/li>\n<li>AB 40 ila 44 aras\u0131nda kapsaml\u0131 bir beden aral\u0131\u011f\u0131nda mevcuttur.<\/li>\n<li>Minimum 8 \u00e7ift sipari\u015f miktar\u0131 ile toptan sat\u0131\u015f f\u0131rsatlar\u0131 mevcuttur.<\/li>\n<\/ul>","protected":false},"featured_media":6730,"template":"","meta":{"_acf_changed":false,"_uag_custom_page_level_css":"","site-sidebar-layout":"default","site-content-layout":"","ast-site-content-layout":"default","site-content-style":"default","site-sidebar-style":"default","ast-global-header-display":"","ast-banner-title-visibility":"","ast-main-header-display":"","ast-hfb-above-header-display":"","ast-hfb-below-header-display":"","ast-hfb-mobile-header-display":"","site-post-title":"","ast-breadcrumbs-content":"","ast-featured-img":"","footer-sml-layout":"","ast-disable-related-posts":"","theme-transparent-header-meta":"","adv-header-id-meta":"","stick-header-meta":"","header-above-stick-meta":"","header-main-stick-meta":"","header-below-stick-meta":"","astra-migrate-meta-layouts":"default","ast-page-background-enabled":"default","ast-page-background-meta":{"desktop":{"background-color":"var(--ast-global-color-4)","background-image":"","background-repeat":"repeat","background-position":"center center","background-size":"auto","background-attachment":"scroll","background-type":"","background-media":"","overlay-type":"","overlay-color":"","overlay-opacity":"","overlay-gradient":""},"tablet":{"background-color":"","background-image":"","background-repeat":"repeat","background-position":"center center","background-size":"auto","background-attachment":"scroll","background-type":"","background-media":"","overlay-type":"","overlay-color":"","overlay-opacity":"","overlay-gradient":""},"mobile":{"background-color":"","background-image":"","background-repeat":"repeat","background-position":"center center","background-size":"auto","background-attachment":"scroll","background-type":"","background-media":"","overlay-type":"","overlay-color":"","overlay-opacity":"","overlay-gradient":""}},"ast-content-background-meta":{"desktop":{"background-color":"var(--ast-global-color-5)","background-image":"","background-repeat":"repeat","background-position":"center center","background-size":"auto","background-attachment":"scroll","background-type":"","background-media":"","overlay-type":"","overlay-color":"","overlay-opacity":"","overlay-gradient":""},"tablet":{"background-color":"var(--ast-global-color-5)","background-image":"","background-repeat":"repeat","background-position":"center center","background-size":"auto","background-attachment":"scroll","background-type":"","background-media":"","overlay-type":"","overlay-color":"","overlay-opacity":"","overlay-gradient":""},"mobile":{"background-color":"var(--ast-global-color-5)","background-image":"","background-repeat":"repeat","background-position":"center center","background-size":"auto","background-attachment":"scroll","background-type":"","background-media":"","overlay-type":"","overlay-color":"","overlay-opacity":"","overlay-gradient":""}}},"product_brand":[],"product_cat":[48,49,430,1200],"product_tag":[147,185,512,220,287,189,215,186,1083,254],"class_list":{"0":"post-8559","1":"product","2":"type-product","3":"status-publish","4":"has-post-thumbnail","6":"product_cat-casual","7":"product_cat-loafer","8":"product_cat-men","9":"product_cat-mens-shoes-2","10":"product_tag-brown-loafers","11":"product_tag-calf-leather-shoes","12":"product_tag-casual-loafers","13":"product_tag-comfortable-loafers","14":"product_tag-eva-sole-shoes","15":"product_tag-goat-leather-lining","16":"product_tag-leather-loafers","17":"product_tag-mens-loafers","18":"product_tag-mens-slip-on","19":"product_tag-wholesale-footwear","20":"desktop-align-center","21":"tablet-align-center","22":"mobile-align-center","24":"first","25":"instock","26":"shipping-taxable","27":"purchasable","28":"product-type-variable","29":"has-default-attributes"},"acf":[],"uagb_featured_image_src":{"full":["https:\/\/turkishtrade.co\/wp-content\/uploads\/2026\/01\/2600QLOMN00026-BLACK.png",453,250,false],"thumbnail":["https:\/\/turkishtrade.co\/wp-content\/uploads\/2026\/01\/2600QLOMN00026-BLACK-150x150.png",150,150,true],"medium":["https:\/\/turkishtrade.co\/wp-content\/uploads\/2026\/01\/2600QLOMN00026-BLACK-300x166.png",300,166,true],"medium_large":["https:\/\/turkishtrade.co\/wp-content\/uploads\/2026\/01\/2600QLOMN00026-BLACK.png",453,250,false],"large":["https:\/\/turkishtrade.co\/wp-content\/uploads\/2026\/01\/2600QLOMN00026-BLACK.png",453,250,false],"1536x1536":["https:\/\/turkishtrade.co\/wp-content\/uploads\/2026\/01\/2600QLOMN00026-BLACK.png",453,250,false],"2048x2048":["https:\/\/turkishtrade.co\/wp-content\/uploads\/2026\/01\/2600QLOMN00026-BLACK.png",453,250,false],"trp-custom-language-flag":["https:\/\/turkishtrade.co\/wp-content\/uploads\/2026\/01\/2600QLOMN00026-BLACK-18x10.png",18,10,true],"woocommerce_thumbnail":["https:\/\/turkishtrade.co\/wp-content\/uploads\/2026\/01\/2600QLOMN00026-BLACK-400x250.png",400,250,true],"woocommerce_single":["https:\/\/turkishtrade.co\/wp-content\/uploads\/2026\/01\/2600QLOMN00026-BLACK.png",453,250,false],"woocommerce_gallery_thumbnail":["https:\/\/turkishtrade.co\/wp-content\/uploads\/2026\/01\/2600QLOMN00026-BLACK-100x100.png",100,100,true]},"uagb_author_info":{"display_name":"python python","author_link":"https:\/\/turkishtrade.co\/tr\/author\/"},"uagb_comment_info":0,"uagb_excerpt":"Premium calf leather upper for durability and refined style. Luxurious goat leather lining ensures exceptional comfort and breathability. Lightweight and flexible EVA sole provides superior cushioning for all-day wear. Features a sophisticated casual loafer design with an elegant metallic buckle. Available in a comprehensive size range from EU 40 to 44. Wholesale opportunities available with&hellip;","_links":{"self":[{"href":"https:\/\/turkishtrade.co\/tr\/wp-json\/wp\/v2\/product\/8559","targetHints":{"allow":["GET"]}}],"collection":[{"href":"https:\/\/turkishtrade.co\/tr\/wp-json\/wp\/v2\/product"}],"about":[{"href":"https:\/\/turkishtrade.co\/tr\/wp-json\/wp\/v2\/types\/product"}],"wp:featuredmedia":[{"embeddable":true,"href":"https:\/\/turkishtrade.co\/tr\/wp-json\/wp\/v2\/media\/6730"}],"wp:attachment":[{"href":"https:\/\/turkishtrade.co\/tr\/wp-json\/wp\/v2\/media?parent=8559"}],"wp:term":[{"taxonomy":"product_brand","embeddable":true,"href":"https:\/\/turkishtrade.co\/tr\/wp-json\/wp\/v2\/product_brand?post=8559"},{"taxonomy":"product_cat","embeddable":true,"href":"https:\/\/turkishtrade.co\/tr\/wp-json\/wp\/v2\/product_cat?post=8559"},{"taxonomy":"product_tag","embeddable":true,"href":"https:\/\/turkishtrade.co\/tr\/wp-json\/wp\/v2\/product_tag?post=8559"}],"curies":[{"name":"wp","href":"https:\/\/api.w.org\/{rel}","templated":true}]}}