{"id":8558,"date":"2026-01-29T14:51:04","date_gmt":"2026-01-29T14:51:04","guid":{"rendered":"https:\/\/turkishtrade.co\/?post_type=product&#038;p=8558"},"modified":"2026-04-09T20:21:22","modified_gmt":"2026-04-09T20:21:22","slug":"mens-casual-leather-loafers-8","status":"publish","type":"product","link":"https:\/\/turkishtrade.co\/tr\/shop\/mens-casual-leather-loafers-8\/","title":{"rendered":"Erkek G\u00fcnl\u00fck Deri Loafer Ultimate | Erkek Koyu Kahverengi Dana Derisi"},"content":{"rendered":"<p>Enfes \u00fcr\u00fcnlerimizle \u015f\u0131k ve konforlu bir \u015fekilde d\u0131\u015far\u0131 \u00e7\u0131k\u0131n <strong>Erkek G\u00fcnl\u00fck Deri Loafer'lar<\/strong>. Se\u00e7kin beyefendiler i\u00e7in tasarlanan bu mokasen ayakkab\u0131lar, zamans\u0131z \u015f\u0131kl\u0131\u011f\u0131 modern pratiklikle kusursuz bir \u015fekilde harmanl\u0131yor. En iyi koyu kahverengi dana derisinden \u00fcretilen her bir \u00e7ift, sofistike bir g\u00f6r\u00fcn\u00fcm sergileyen benzersiz dokulu bir y\u00fczeye sahiptir ve her gard\u0131rop i\u00e7in \u00e7ok y\u00f6nl\u00fc bir ektir. Vampir k\u0131sm\u0131ndaki belirgin metal toka, ay\u0131rt edici ve zarif bir detay katarak bu ayakkab\u0131lar\u0131 y\u00fcceltiyor. <strong>Erkek G\u00fcnl\u00fck Deri Loafer'lar<\/strong> S\u0131radan\u0131n \u00f6tesinde.<\/p>\n<h3>Premium Malzemelerle Rakipsiz Konfor<\/h3>\n<p>Bu ayakkab\u0131lar\u0131n \u00f6zenli yap\u0131s\u0131 sayesinde her ad\u0131mda benzersiz bir konfor ya\u015fay\u0131n <strong>Erkek G\u00fcnl\u00fck Deri Loafer'lar<\/strong>. \u0130\u00e7 k\u0131sm\u0131, nefes alabilirli\u011fi ve cilde verdi\u011fi yumu\u015fak hisle tan\u0131nan yumu\u015fak, esnek ke\u00e7i derisiyle astarlanm\u0131\u015ft\u0131r. Bu l\u00fcks astar, ister ofiste ister hafta sonu gezintisinde olun, ayaklar\u0131n\u0131z\u0131 g\u00fcn boyunca ferah tutarak maksimum konfor sa\u011flar. Hafif EVA taban ola\u011fan\u00fcst\u00fc yast\u0131klama ve esneklik sa\u011flar, darbeyi emer ve m\u00fckemmel kavrama sunar. Birinci s\u0131n\u0131f dana derisi, ke\u00e7i derisi astar ve EVA tabandan olu\u015fan bu kombinasyon, bu ayakkab\u0131y\u0131 <strong>Erkek G\u00fcnl\u00fck Deri Loafer'lar<\/strong> konfor ve kaliteye yap\u0131lan ger\u00e7ek bir yat\u0131r\u0131m.<\/p>\n<h3>Her Durum i\u00e7in \u00c7ok Y\u00f6nl\u00fc Stil<\/h3>\n<p>Bizim <strong>Erkek G\u00fcnl\u00fck Deri Loafer'lar<\/strong> \u00e7ok y\u00f6nl\u00fc ayakkab\u0131lar\u0131n \u00f6z\u00fcd\u00fcr. Zengin koyu kahverengi tonu ve zarif tasar\u0131m\u0131, bu ayakkab\u0131lar\u0131 g\u00fcndelik toplant\u0131lardan yar\u0131 resmi etkinliklere kadar \u00e7e\u015fitli durumlar i\u00e7in uygun hale getirir. G\u00f6steri\u015fli bir i\u015f k\u0131yafeti g\u00f6r\u00fcn\u00fcm\u00fc i\u00e7in \u00f6zel dikim pantolonlarla e\u015fle\u015ftirin ya da rahat ama sofistike bir kombin i\u00e7in chino pantolon veya kot pantolonlarla giydirin. Zamans\u0131z loafer sil\u00fceti, bu ayakkab\u0131lar\u0131n y\u0131llarca koleksiyonunuzda temel bir par\u00e7a olarak kalmas\u0131n\u0131 sa\u011flar. Her bir \u00e7ift, \u00fcst\u00fcn i\u015f\u00e7ili\u011fi yans\u0131tacak \u015fekilde hem dayan\u0131kl\u0131l\u0131k hem de zarif bir estetik sunmak i\u00e7in titizlikle \u00fcretilmi\u015ftir.<\/p>\n<h3>Kalite ve Geli\u015fmi\u015fli\u011fe Yat\u0131r\u0131m Yap\u0131n<\/h3>\n<p>Bunlar\u0131 se\u00e7ti\u011finizde <strong>Erkek G\u00fcnl\u00fck Deri Loafer'lar<\/strong>, Sadece bir \u00e7ift ayakkab\u0131 sat\u0131n alm\u0131yorsunuz; kal\u0131c\u0131 bir stil ve \u00fcst\u00fcn kaliteye yat\u0131r\u0131m yap\u0131yorsunuz. Sa\u011flam dana derisi saya, zamanla g\u00fczel bir patine geli\u015ftirerek karakterini geli\u015ftirirken g\u00fcnl\u00fck a\u015f\u0131nmaya dayanacak \u015fekilde tasarlanm\u0131\u015ft\u0131r. 40'tan 44'e kadar kapsaml\u0131 bir beden yelpazesinde mevcut oldu\u011fundan, m\u00fckemmel uyumunuzu bulmak zahmetsizdir. Ola\u011fan\u00fcst\u00fc ayakkab\u0131lar sunmak isteyen i\u015fletmeler i\u00e7in, minimum 8 \u00e7ift sipari\u015fle toptan sat\u0131\u015f taleplerini memnuniyetle kar\u015f\u0131l\u0131yoruz. Bu se\u00e7kin ayakkab\u0131larla ayakkab\u0131 koleksiyonunuzu geli\u015ftirin <strong>Erkek G\u00fcnl\u00fck Deri Loafer'lar<\/strong>, l\u00fcks\u00fcn, konforun ve kusursuz stilin bir kan\u0131t\u0131d\u0131r.<\/p>","protected":false},"excerpt":{"rendered":"<ul>\n<li>Kendine \u00f6zg\u00fc dokulu y\u00fczeye sahip Premium Dana Derisi Saya<\/li>\n<li>L\u00fcks Ke\u00e7i Derisi Astar, ola\u011fan\u00fcst\u00fc nefes alabilirlik ve konfor sa\u011flar<\/li>\n<li>\u00dcst\u00fcn yast\u0131klama ve destek i\u00e7in hafif ve esnek EVA Taban<\/li>\n<li>Zarif Metal Toka vurgusu sofistike bir dokunu\u015f katar<\/li>\n<li>40, 41, 42, 43, 44 erkek bedenlerinde mevcuttur<\/li>\n<li>Toptan sat\u0131\u015f f\u0131rsatlar\u0131 mevcuttur: Minimum sipari\u015f miktar\u0131 8 \u00e7ift<\/li>\n<\/ul>","protected":false},"featured_media":6729,"template":"","meta":{"_acf_changed":false,"_uag_custom_page_level_css":"","site-sidebar-layout":"default","site-content-layout":"","ast-site-content-layout":"default","site-content-style":"default","site-sidebar-style":"default","ast-global-header-display":"","ast-banner-title-visibility":"","ast-main-header-display":"","ast-hfb-above-header-display":"","ast-hfb-below-header-display":"","ast-hfb-mobile-header-display":"","site-post-title":"","ast-breadcrumbs-content":"","ast-featured-img":"","footer-sml-layout":"","ast-disable-related-posts":"","theme-transparent-header-meta":"","adv-header-id-meta":"","stick-header-meta":"","header-above-stick-meta":"","header-main-stick-meta":"","header-below-stick-meta":"","astra-migrate-meta-layouts":"default","ast-page-background-enabled":"default","ast-page-background-meta":{"desktop":{"background-color":"var(--ast-global-color-4)","background-image":"","background-repeat":"repeat","background-position":"center center","background-size":"auto","background-attachment":"scroll","background-type":"","background-media":"","overlay-type":"","overlay-color":"","overlay-opacity":"","overlay-gradient":""},"tablet":{"background-color":"","background-image":"","background-repeat":"repeat","background-position":"center center","background-size":"auto","background-attachment":"scroll","background-type":"","background-media":"","overlay-type":"","overlay-color":"","overlay-opacity":"","overlay-gradient":""},"mobile":{"background-color":"","background-image":"","background-repeat":"repeat","background-position":"center center","background-size":"auto","background-attachment":"scroll","background-type":"","background-media":"","overlay-type":"","overlay-color":"","overlay-opacity":"","overlay-gradient":""}},"ast-content-background-meta":{"desktop":{"background-color":"var(--ast-global-color-5)","background-image":"","background-repeat":"repeat","background-position":"center center","background-size":"auto","background-attachment":"scroll","background-type":"","background-media":"","overlay-type":"","overlay-color":"","overlay-opacity":"","overlay-gradient":""},"tablet":{"background-color":"var(--ast-global-color-5)","background-image":"","background-repeat":"repeat","background-position":"center center","background-size":"auto","background-attachment":"scroll","background-type":"","background-media":"","overlay-type":"","overlay-color":"","overlay-opacity":"","overlay-gradient":""},"mobile":{"background-color":"var(--ast-global-color-5)","background-image":"","background-repeat":"repeat","background-position":"center center","background-size":"auto","background-attachment":"scroll","background-type":"","background-media":"","overlay-type":"","overlay-color":"","overlay-opacity":"","overlay-gradient":""}}},"product_brand":[],"product_cat":[48,49,430,1200],"product_tag":[263,220,725,326,1278,762,1085,1137,939,936],"class_list":{"0":"post-8558","1":"product","2":"type-product","3":"status-publish","4":"has-post-thumbnail","6":"product_cat-casual","7":"product_cat-loafer","8":"product_cat-men","9":"product_cat-mens-shoes-2","10":"product_tag-calf-leather-loafers","11":"product_tag-comfortable-loafers","12":"product_tag-dark-brown-loafers","13":"product_tag-eva-sole-loafers","14":"product_tag-goat-lining-shoes","15":"product_tag-loafer-shoes","16":"product_tag-mens-casual-leather-loafers","17":"product_tag-mens-driving-shoes","18":"product_tag-metal-buckle-loafers","19":"product_tag-premium-mens-footwear","20":"desktop-align-center","21":"tablet-align-center","22":"mobile-align-center","24":"first","25":"instock","26":"shipping-taxable","27":"purchasable","28":"product-type-variable","29":"has-default-attributes"},"acf":[],"uagb_featured_image_src":{"full":["https:\/\/turkishtrade.co\/wp-content\/uploads\/2026\/01\/2600QLOMN00025-BLACK.png",453,250,false],"thumbnail":["https:\/\/turkishtrade.co\/wp-content\/uploads\/2026\/01\/2600QLOMN00025-BLACK-150x150.png",150,150,true],"medium":["https:\/\/turkishtrade.co\/wp-content\/uploads\/2026\/01\/2600QLOMN00025-BLACK-300x166.png",300,166,true],"medium_large":["https:\/\/turkishtrade.co\/wp-content\/uploads\/2026\/01\/2600QLOMN00025-BLACK.png",453,250,false],"large":["https:\/\/turkishtrade.co\/wp-content\/uploads\/2026\/01\/2600QLOMN00025-BLACK.png",453,250,false],"1536x1536":["https:\/\/turkishtrade.co\/wp-content\/uploads\/2026\/01\/2600QLOMN00025-BLACK.png",453,250,false],"2048x2048":["https:\/\/turkishtrade.co\/wp-content\/uploads\/2026\/01\/2600QLOMN00025-BLACK.png",453,250,false],"trp-custom-language-flag":["https:\/\/turkishtrade.co\/wp-content\/uploads\/2026\/01\/2600QLOMN00025-BLACK-18x10.png",18,10,true],"woocommerce_thumbnail":["https:\/\/turkishtrade.co\/wp-content\/uploads\/2026\/01\/2600QLOMN00025-BLACK-400x250.png",400,250,true],"woocommerce_single":["https:\/\/turkishtrade.co\/wp-content\/uploads\/2026\/01\/2600QLOMN00025-BLACK.png",453,250,false],"woocommerce_gallery_thumbnail":["https:\/\/turkishtrade.co\/wp-content\/uploads\/2026\/01\/2600QLOMN00025-BLACK-100x100.png",100,100,true]},"uagb_author_info":{"display_name":"python python","author_link":"https:\/\/turkishtrade.co\/tr\/author\/"},"uagb_comment_info":0,"uagb_excerpt":"Premium Calf Leather Upper with distinctive textured finish Luxurious Goat Leather Lining ensures exceptional breathability and comfort Lightweight and flexible EVA Sole for superior cushioning and support Elegant Metal Buckle accent adds a touch of sophistication Available in men's sizes 40, 41, 42, 43, 44 Wholesale opportunities available: Minimum order quantity of 8 pairs","_links":{"self":[{"href":"https:\/\/turkishtrade.co\/tr\/wp-json\/wp\/v2\/product\/8558","targetHints":{"allow":["GET"]}}],"collection":[{"href":"https:\/\/turkishtrade.co\/tr\/wp-json\/wp\/v2\/product"}],"about":[{"href":"https:\/\/turkishtrade.co\/tr\/wp-json\/wp\/v2\/types\/product"}],"wp:featuredmedia":[{"embeddable":true,"href":"https:\/\/turkishtrade.co\/tr\/wp-json\/wp\/v2\/media\/6729"}],"wp:attachment":[{"href":"https:\/\/turkishtrade.co\/tr\/wp-json\/wp\/v2\/media?parent=8558"}],"wp:term":[{"taxonomy":"product_brand","embeddable":true,"href":"https:\/\/turkishtrade.co\/tr\/wp-json\/wp\/v2\/product_brand?post=8558"},{"taxonomy":"product_cat","embeddable":true,"href":"https:\/\/turkishtrade.co\/tr\/wp-json\/wp\/v2\/product_cat?post=8558"},{"taxonomy":"product_tag","embeddable":true,"href":"https:\/\/turkishtrade.co\/tr\/wp-json\/wp\/v2\/product_tag?post=8558"}],"curies":[{"name":"wp","href":"https:\/\/api.w.org\/{rel}","templated":true}]}}