{"id":8557,"date":"2026-01-29T14:51:04","date_gmt":"2026-01-29T14:51:04","guid":{"rendered":"https:\/\/turkishtrade.co\/?post_type=product&#038;p=8557"},"modified":"2026-04-09T20:21:25","modified_gmt":"2026-04-09T20:21:25","slug":"mens-red-quilted-loafers","status":"publish","type":"product","link":"https:\/\/turkishtrade.co\/tr\/shop\/mens-red-quilted-loafers\/","title":{"rendered":"Erkek K\u0131rm\u0131z\u0131 Kapitone Loafer Garantili | Erkek K\u0131rm\u0131z\u0131 Kapitone Dana Derisi"},"content":{"rendered":"<p><strong>Erkek K\u0131rm\u0131z\u0131 Kapitone Loafer<\/strong>. Garantili kalite ve tasar\u0131m.<\/p>\n<p>Ayakkab\u0131 koleksiyonunuzu se\u00e7kin \u00fcr\u00fcnlerimizle geli\u015ftirin <strong>Erkek K\u0131rm\u0131z\u0131 Kapitone Loafer<\/strong>, hem stil hem de konfora de\u011fer veren modern beyefendiler i\u00e7in tasarland\u0131. Bu ay\u0131rt edici g\u00fcnl\u00fck loaferlar, l\u00fcks malzemeleri zamans\u0131z bir tasar\u0131mla harmanlayarak \u00fcst\u00fcn i\u015f\u00e7ili\u011fin bir kan\u0131t\u0131d\u0131r. Birinci s\u0131n\u0131f dana derisinden \u00fcretilen zengin k\u0131rm\u0131z\u0131 tonu ve benzersiz kapitone deseni hemen g\u00f6ze \u00e7arpar ve klasik bir siluete sofistike bir dokunu\u015f sunar. \u0130ster hafta sonu brunch'\u0131, ister \u015f\u0131k ve g\u00fcndelik bir etkinlik i\u00e7in giyiniyor olun, ister sadece g\u00fcnl\u00fck \u015f\u0131kl\u0131k ar\u0131yor olun, bu mokasen ayakkab\u0131lar m\u00fckemmel bir son dokunu\u015f sa\u011flar.<\/p>\n<h3>Benzersiz Konfor ve Kaliteli Malzemeler<\/h3>\n<p>Yeni bir konfor seviyesini bizim ile deneyimleyin <strong>Erkek K\u0131rm\u0131z\u0131 Kapitone Loafer<\/strong>. D\u0131\u015f y\u00fczeyi, dayan\u0131kl\u0131l\u0131\u011f\u0131 ve l\u00fcks hissi ile tan\u0131nan esnek dana derisine sahiptir ve bu ayakkab\u0131lar\u0131n ayaklar\u0131n\u0131za m\u00fckemmel bir \u015fekilde uyum sa\u011flarken zamana kar\u015f\u0131 dayan\u0131kl\u0131 olmas\u0131n\u0131 sa\u011flar. \u0130\u00e7 k\u0131s\u0131mda, nemi uzakla\u015ft\u0131ran ve uzun s\u00fcreli kullan\u0131mlarda bile ola\u011fan\u00fcst\u00fc konfor sa\u011flayan yumu\u015fak, nefes alabilen ke\u00e7i derisi astar ayaklar\u0131n\u0131z\u0131 sarar. Birinci s\u0131n\u0131f malzemelerin bu \u00f6zenli kombinasyonu, sabahtan ak\u015fama kadar rahat ve keyifli bir deneyim sa\u011flar. Hafif ve esnek EVA taban, m\u00fckemmel yast\u0131klama ve \u015fok emilimi sa\u011flayarak her ad\u0131m\u0131 bir zevk haline getirir.<\/p>\n<h3>Modern \u0130nsan i\u00e7in Sofistike Tasar\u0131m<\/h3>\n<p>Bunlar\u0131n tasar\u0131m\u0131 <strong>Erkek K\u0131rm\u0131z\u0131 Kapitone Loafer<\/strong> \u00e7ok \u015fey anlat\u0131yor. \u00c7arp\u0131c\u0131 k\u0131rm\u0131z\u0131 renk, vampir boyunca uzanan karma\u015f\u0131k kapitone diki\u015flerle birle\u015ferek hem cesur hem de zarif bir g\u00f6rsel doku yarat\u0131r. \u0130nce, metalik bir detay seleyi s\u00fcsl\u00fcyor ve genel esteti\u011fi a\u015f\u0131r\u0131ya ka\u00e7madan sade bir l\u00fcks dokunu\u015fu ekliyor. Ayak parma\u011f\u0131 kutusunun etraf\u0131ndaki titiz el diki\u015fi, detaylara g\u00f6sterilen \u00f6zeni ve zanaatkar kalitesini daha da vurguluyor. Bu mokasen ayakkab\u0131lar, geni\u015f bir ayak \u00f6l\u00e7\u00fcs\u00fc yelpazesine hitap eden EU 40 ila 44 aras\u0131nda de\u011fi\u015fen pratik bir numara serisinde mevcuttur.<\/p>\n<h3>Her Durum i\u00e7in \u00c7ok Y\u00f6nl\u00fcl\u00fck ve Toptan Sat\u0131\u015f F\u0131rsat\u0131<\/h3>\n<p>G\u00fcnl\u00fck makosen ayakkab\u0131lar\u0131m\u0131z inan\u0131lmaz derecede \u00e7ok y\u00f6nl\u00fcd\u00fcr ve her gard\u0131ropta bulunmas\u0131 gereken bir eklentidir. \u015e\u0131k ve rahat bir kombin i\u00e7in chino pantolon ve d\u00fc\u011fmeli g\u00f6mlekle e\u015fle\u015ftirin ya da rahat ama g\u00f6steri\u015fli bir g\u00f6r\u00fcn\u00fcm i\u00e7in \u00f6zel dikim \u015fortlarla giydirin. Canl\u0131 k\u0131rm\u0131z\u0131 renk, her k\u0131yafete ki\u015filik katarak kalabal\u0131\u011f\u0131n aras\u0131ndan s\u0131yr\u0131lman\u0131z\u0131 sa\u011flar. Perakendeciler ve i\u015fletmeler i\u00e7in bu ola\u011fan\u00fcst\u00fc <strong>Erkek K\u0131rm\u0131z\u0131 Kapitone Loafer<\/strong> minimum 8 \u00e7ift sipari\u015f miktar\u0131 ile toptan sat\u0131n al\u0131nabilir ve y\u00fcksek talep g\u00f6ren, y\u00fcksek kaliteli bir \u00fcr\u00fcn\u00fc stoklamak i\u00e7in harika bir f\u0131rsat sunar. Her t\u00fcrl\u00fc g\u00f6r\u00fcn\u00fcm\u00fc y\u00fckseltmeyi vaat eden bu \u00e7arp\u0131c\u0131 g\u00fcnl\u00fck mokasen ayakkab\u0131larla stil, konfor ve kaliteye yat\u0131r\u0131m yap\u0131n.<\/p>","protected":false},"excerpt":{"rendered":"<ul>\n<li>\u00dcst\u00fcn bir his ve dayan\u0131kl\u0131l\u0131k i\u00e7in l\u00fcks dana derisinden \u00fcretilmi\u015ftir.<\/li>\n<li>Yumu\u015fak ve nefes alabilen ke\u00e7i derisi astar g\u00fcn boyu konfor sa\u011flar.<\/li>\n<li>Dayan\u0131kl\u0131 ancak hafif EVA taban m\u00fckemmel yast\u0131klama ve esneklik sa\u011flar.<\/li>\n<li>Sofistike ve rahat bir g\u00f6r\u00fcn\u00fcm i\u00e7in ay\u0131rt edici kapitone desene sahiptir.<\/li>\n<li>\u00c7ok y\u00f6nl\u00fc beden aral\u0131\u011f\u0131nda mevcuttur (AB 40-44).<\/li>\n<li>Minimum 8 \u00e7ift miktarl\u0131 toptan sipari\u015fler i\u00e7in idealdir.<\/li>\n<\/ul>","protected":false},"featured_media":6728,"template":"","meta":{"_acf_changed":false,"_uag_custom_page_level_css":"","site-sidebar-layout":"default","site-content-layout":"","ast-site-content-layout":"default","site-content-style":"default","site-sidebar-style":"default","ast-global-header-display":"","ast-banner-title-visibility":"","ast-main-header-display":"","ast-hfb-above-header-display":"","ast-hfb-below-header-display":"","ast-hfb-mobile-header-display":"","site-post-title":"","ast-breadcrumbs-content":"","ast-featured-img":"","footer-sml-layout":"","ast-disable-related-posts":"","theme-transparent-header-meta":"","adv-header-id-meta":"","stick-header-meta":"","header-above-stick-meta":"","header-main-stick-meta":"","header-below-stick-meta":"","astra-migrate-meta-layouts":"default","ast-page-background-enabled":"default","ast-page-background-meta":{"desktop":{"background-color":"var(--ast-global-color-4)","background-image":"","background-repeat":"repeat","background-position":"center center","background-size":"auto","background-attachment":"scroll","background-type":"","background-media":"","overlay-type":"","overlay-color":"","overlay-opacity":"","overlay-gradient":""},"tablet":{"background-color":"","background-image":"","background-repeat":"repeat","background-position":"center center","background-size":"auto","background-attachment":"scroll","background-type":"","background-media":"","overlay-type":"","overlay-color":"","overlay-opacity":"","overlay-gradient":""},"mobile":{"background-color":"","background-image":"","background-repeat":"repeat","background-position":"center center","background-size":"auto","background-attachment":"scroll","background-type":"","background-media":"","overlay-type":"","overlay-color":"","overlay-opacity":"","overlay-gradient":""}},"ast-content-background-meta":{"desktop":{"background-color":"var(--ast-global-color-5)","background-image":"","background-repeat":"repeat","background-position":"center center","background-size":"auto","background-attachment":"scroll","background-type":"","background-media":"","overlay-type":"","overlay-color":"","overlay-opacity":"","overlay-gradient":""},"tablet":{"background-color":"var(--ast-global-color-5)","background-image":"","background-repeat":"repeat","background-position":"center center","background-size":"auto","background-attachment":"scroll","background-type":"","background-media":"","overlay-type":"","overlay-color":"","overlay-opacity":"","overlay-gradient":""},"mobile":{"background-color":"var(--ast-global-color-5)","background-image":"","background-repeat":"repeat","background-position":"center center","background-size":"auto","background-attachment":"scroll","background-type":"","background-media":"","overlay-type":"","overlay-color":"","overlay-opacity":"","overlay-gradient":""}}},"product_brand":[],"product_cat":[48,49,430,1200],"product_tag":[185,449,220,438,215,198,186,1312,1428,281],"class_list":{"0":"post-8557","1":"product","2":"type-product","3":"status-publish","4":"has-post-thumbnail","6":"product_cat-casual","7":"product_cat-loafer","8":"product_cat-men","9":"product_cat-mens-shoes-2","10":"product_tag-calf-leather-shoes","11":"product_tag-casual-shoes","12":"product_tag-comfortable-loafers","13":"product_tag-eva-sole","14":"product_tag-leather-loafers","15":"product_tag-mens-fashion","16":"product_tag-mens-loafers","17":"product_tag-quilted-loafers","18":"product_tag-red-loafers","19":"product_tag-wholesale-shoes","20":"desktop-align-center","21":"tablet-align-center","22":"mobile-align-center","24":"first","25":"instock","26":"shipping-taxable","27":"purchasable","28":"product-type-variable","29":"has-default-attributes"},"acf":[],"uagb_featured_image_src":{"full":["https:\/\/turkishtrade.co\/wp-content\/uploads\/2026\/01\/2600QLOMN00024-BURGUNDEY.png",453,250,false],"thumbnail":["https:\/\/turkishtrade.co\/wp-content\/uploads\/2026\/01\/2600QLOMN00024-BURGUNDEY-150x150.png",150,150,true],"medium":["https:\/\/turkishtrade.co\/wp-content\/uploads\/2026\/01\/2600QLOMN00024-BURGUNDEY-300x166.png",300,166,true],"medium_large":["https:\/\/turkishtrade.co\/wp-content\/uploads\/2026\/01\/2600QLOMN00024-BURGUNDEY.png",453,250,false],"large":["https:\/\/turkishtrade.co\/wp-content\/uploads\/2026\/01\/2600QLOMN00024-BURGUNDEY.png",453,250,false],"1536x1536":["https:\/\/turkishtrade.co\/wp-content\/uploads\/2026\/01\/2600QLOMN00024-BURGUNDEY.png",453,250,false],"2048x2048":["https:\/\/turkishtrade.co\/wp-content\/uploads\/2026\/01\/2600QLOMN00024-BURGUNDEY.png",453,250,false],"trp-custom-language-flag":["https:\/\/turkishtrade.co\/wp-content\/uploads\/2026\/01\/2600QLOMN00024-BURGUNDEY-18x10.png",18,10,true],"woocommerce_thumbnail":["https:\/\/turkishtrade.co\/wp-content\/uploads\/2026\/01\/2600QLOMN00024-BURGUNDEY-400x250.png",400,250,true],"woocommerce_single":["https:\/\/turkishtrade.co\/wp-content\/uploads\/2026\/01\/2600QLOMN00024-BURGUNDEY.png",453,250,false],"woocommerce_gallery_thumbnail":["https:\/\/turkishtrade.co\/wp-content\/uploads\/2026\/01\/2600QLOMN00024-BURGUNDEY-100x100.png",100,100,true]},"uagb_author_info":{"display_name":"python python","author_link":"https:\/\/turkishtrade.co\/tr\/author\/"},"uagb_comment_info":0,"uagb_excerpt":"Crafted from luxurious calf leather for a premium feel and durability. Soft and breathable goat leather lining ensures all-day comfort. Durable yet lightweight EVA sole provides excellent cushioning and flexibility. Features a distinctive quilted pattern for a sophisticated casual look. Available in a versatile size range (EU 40-44). Ideal for wholesale orders with a minimum&hellip;","_links":{"self":[{"href":"https:\/\/turkishtrade.co\/tr\/wp-json\/wp\/v2\/product\/8557","targetHints":{"allow":["GET"]}}],"collection":[{"href":"https:\/\/turkishtrade.co\/tr\/wp-json\/wp\/v2\/product"}],"about":[{"href":"https:\/\/turkishtrade.co\/tr\/wp-json\/wp\/v2\/types\/product"}],"wp:featuredmedia":[{"embeddable":true,"href":"https:\/\/turkishtrade.co\/tr\/wp-json\/wp\/v2\/media\/6728"}],"wp:attachment":[{"href":"https:\/\/turkishtrade.co\/tr\/wp-json\/wp\/v2\/media?parent=8557"}],"wp:term":[{"taxonomy":"product_brand","embeddable":true,"href":"https:\/\/turkishtrade.co\/tr\/wp-json\/wp\/v2\/product_brand?post=8557"},{"taxonomy":"product_cat","embeddable":true,"href":"https:\/\/turkishtrade.co\/tr\/wp-json\/wp\/v2\/product_cat?post=8557"},{"taxonomy":"product_tag","embeddable":true,"href":"https:\/\/turkishtrade.co\/tr\/wp-json\/wp\/v2\/product_tag?post=8557"}],"curies":[{"name":"wp","href":"https:\/\/api.w.org\/{rel}","templated":true}]}}