{"id":8555,"date":"2026-01-29T14:51:04","date_gmt":"2026-01-29T14:51:04","guid":{"rendered":"https:\/\/turkishtrade.co\/?post_type=product&#038;p=8555"},"modified":"2026-04-09T20:21:31","modified_gmt":"2026-04-09T20:21:31","slug":"mens-calf-leather-loafers-15","status":"publish","type":"product","link":"https:\/\/turkishtrade.co\/tr\/shop\/mens-calf-leather-loafers-15\/","title":{"rendered":"Erkek Dana Derisi Loafer'lar EVA Tabanl\u0131 \u0130nan\u0131lmaz | Premium"},"content":{"rendered":"<p>Ayakkab\u0131 koleksiyonunuzu birinci s\u0131n\u0131f \u00fcr\u00fcnlerimizle geli\u015ftirin <strong>Erkek Dana Derisi Loafer<\/strong>, Hem stil hem de konfora de\u011fer veren modern erkek i\u00e7in titizlikle tasarlanm\u0131\u015ft\u0131r. Bu sofistike mokasen ayakkab\u0131lar sadece bir ayakkab\u0131 de\u011fildir; \u015f\u0131kl\u0131\u011f\u0131n ve kalitenin bir ifadesidir ve \u00e7e\u015fitli \u015f\u0131k ve g\u00fcndelik durumlar i\u00e7in m\u00fckemmeldir. Ofiste bir g\u00fcnden hafta sonu brunch'\u0131na kadar, bu \u00e7ok y\u00f6nl\u00fc ayakkab\u0131lar k\u0131yafetlerinizi zahmetsizce tamamlamay\u0131 vaat ediyor.<\/p>\n<h3>Rakipsiz Kalite ve \u0130\u015f\u00e7ilik<\/h3>\n<p>Her bir \u00e7iftimiz <strong>Erkek Dana Derisi Loafer<\/strong> en iyi hakiki dana derisinden \u00fcretilmi\u015ftir ve zaman i\u00e7inde aya\u011f\u0131n\u0131za uyum sa\u011flayan p\u00fcr\u00fczs\u00fcz, esnek bir doku sunar. Zengin, koyu renk tonu zamans\u0131z bir \u00e7ekicilik sa\u011flarken, vampirdeki ay\u0131rt edici delikli desen benzersiz bir yetenek ve nefes alabilirlik katar. \u0130nce ama zarif bir metal s\u00fcs, ayakkab\u0131n\u0131n rafine esteti\u011fini art\u0131rarak \u00f6n k\u0131sm\u0131 s\u00fcsl\u00fcyor. Detaylara g\u00f6sterdi\u011fimiz \u00f6zenle gurur duyuyor, her bir diki\u015fin \u00fcst\u00fcn i\u015f\u00e7ilik hakk\u0131nda \u00e7ok \u015fey anlatan kusursuz bir fini\u015fe katk\u0131da bulunmas\u0131n\u0131 sa\u011fl\u0131yoruz.<\/p>\n<h3>\u00dcst\u00fcn Konforu Deneyimleyin<\/h3>\n<p>Konfor her \u015feyden \u00f6nemlidir ve bu mokasen ayakkab\u0131lar bunu sa\u011flar. \u0130\u00e7 k\u0131sm\u0131, nefes alabilen ve nemi emen \u00f6zellikleriyle bilinen yumu\u015fak ke\u00e7i derisiyle g\u00f6rkemli bir \u015fekilde astarlanm\u0131\u015ft\u0131r ve ayaklar\u0131n\u0131z i\u00e7in inan\u0131lmaz rahat bir ortam sa\u011flar. Esnek ke\u00e7i derisi astar s\u00fcrt\u00fcnmeyi \u00f6nledi\u011finden ve engelsiz bir y\u00fcr\u00fcy\u00fc\u015fe izin verdi\u011finden rahats\u0131zl\u0131\u011fa elveda deyin. Ayr\u0131ca, hafif EVA taban ola\u011fan\u00fcst\u00fc yast\u0131klama ve esneklik sunarak her ad\u0131mda \u015foku emer. \u0130ster uzun s\u00fcre ayakta kal\u0131n ister \u015fehirde dola\u015f\u0131n, bu <strong>Erkek Dana Derisi Loafer<\/strong> stilden \u00f6d\u00fcn vermeden g\u00fcn boyu konfor sa\u011flar.<\/p>\n<h3>Her Durum i\u00e7in \u00c7ok Y\u00f6nl\u00fc Stil<\/h3>\n<p>Birinci s\u0131n\u0131f mokasen ayakkab\u0131lar\u0131m\u0131z inan\u0131lmaz derecede \u00e7ok y\u00f6nl\u00fcd\u00fcr, bu da onlar\u0131 her se\u00e7kin gard\u0131rop i\u00e7in bir k\u00f6\u015fe ta\u015f\u0131 haline getirir. Rahat ancak g\u00f6steri\u015fli tasar\u0131mlar\u0131, onlar\u0131 \u00f6zel pantolonlar, chino pantolonlar ve hatta \u015f\u0131k kot pantolonlarla e\u015fle\u015ftirmek i\u00e7in ideal k\u0131lar. \u0130\u015fle ilgili bir toplant\u0131dan arkada\u015flar\u0131n\u0131zla bir ak\u015fam bulu\u015fmas\u0131na sorunsuzca ge\u00e7i\u015f yap\u0131n. Zamans\u0131z loafer sil\u00fceti, bu ayakkab\u0131lar\u0131n sezondan sezona modaya uygun bir se\u00e7im olarak kalmas\u0131n\u0131 sa\u011flar. 40-44 aras\u0131nda de\u011fi\u015fen AB bedenleri ile bu ola\u011fan\u00fcst\u00fc mokasen ayakkab\u0131lara m\u00fckemmel uyumunuzu bulmak \u00e7ok kolay. Bir \u00e7ift ayakkab\u0131m\u0131za yat\u0131r\u0131m yap\u0131n <strong>Erkek Dana Derisi Loafer<\/strong> ve l\u00fcks, konfor ve kal\u0131c\u0131 stilin m\u00fckemmel kar\u0131\u015f\u0131m\u0131n\u0131 deneyimleyin.<\/p>","protected":false},"excerpt":{"rendered":"<ul>\n<li>\u00dcst\u00fcn stil ve dayan\u0131kl\u0131l\u0131k i\u00e7in hakiki dana derisinden ustal\u0131kla \u00fcretilmi\u015ftir.<\/li>\n<li>Yumu\u015fak ke\u00e7i derisi ile l\u00fcks bir \u015fekilde astarlanm\u0131\u015ft\u0131r ve her ad\u0131mda ola\u011fan\u00fcst\u00fc konfor sa\u011flar.<\/li>\n<li>G\u00fcn boyu giyilebilirlik i\u00e7in hafif ve yast\u0131kl\u0131 EVA taban ile donat\u0131lm\u0131\u015ft\u0131r.<\/li>\n<li>Zarif delikli detaylara ve metal s\u00fcslemelere sahip \u015f\u0131k, rahat loafer tasar\u0131m.<\/li>\n<li>M\u00fckemmel bir uyum sa\u011flamak i\u00e7in 40, 41, 42, 43, 44 AB bedenlerinde mevcuttur.<\/li>\n<li>Toptan sat\u0131\u015f mevcuttur: Minimum 8 \u00e7ift sipari\u015f.<\/li>\n<\/ul>","protected":false},"featured_media":6726,"template":"","meta":{"_acf_changed":false,"_uag_custom_page_level_css":"","site-sidebar-layout":"default","site-content-layout":"","ast-site-content-layout":"default","site-content-style":"default","site-sidebar-style":"default","ast-global-header-display":"","ast-banner-title-visibility":"","ast-main-header-display":"","ast-hfb-above-header-display":"","ast-hfb-below-header-display":"","ast-hfb-mobile-header-display":"","site-post-title":"","ast-breadcrumbs-content":"","ast-featured-img":"","footer-sml-layout":"","ast-disable-related-posts":"","theme-transparent-header-meta":"","adv-header-id-meta":"","stick-header-meta":"","header-above-stick-meta":"","header-main-stick-meta":"","header-below-stick-meta":"","astra-migrate-meta-layouts":"default","ast-page-background-enabled":"default","ast-page-background-meta":{"desktop":{"background-color":"var(--ast-global-color-4)","background-image":"","background-repeat":"repeat","background-position":"center center","background-size":"auto","background-attachment":"scroll","background-type":"","background-media":"","overlay-type":"","overlay-color":"","overlay-opacity":"","overlay-gradient":""},"tablet":{"background-color":"","background-image":"","background-repeat":"repeat","background-position":"center center","background-size":"auto","background-attachment":"scroll","background-type":"","background-media":"","overlay-type":"","overlay-color":"","overlay-opacity":"","overlay-gradient":""},"mobile":{"background-color":"","background-image":"","background-repeat":"repeat","background-position":"center center","background-size":"auto","background-attachment":"scroll","background-type":"","background-media":"","overlay-type":"","overlay-color":"","overlay-opacity":"","overlay-gradient":""}},"ast-content-background-meta":{"desktop":{"background-color":"var(--ast-global-color-5)","background-image":"","background-repeat":"repeat","background-position":"center center","background-size":"auto","background-attachment":"scroll","background-type":"","background-media":"","overlay-type":"","overlay-color":"","overlay-opacity":"","overlay-gradient":""},"tablet":{"background-color":"var(--ast-global-color-5)","background-image":"","background-repeat":"repeat","background-position":"center center","background-size":"auto","background-attachment":"scroll","background-type":"","background-media":"","overlay-type":"","overlay-color":"","overlay-opacity":"","overlay-gradient":""},"mobile":{"background-color":"var(--ast-global-color-5)","background-image":"","background-repeat":"repeat","background-position":"center center","background-size":"auto","background-attachment":"scroll","background-type":"","background-media":"","overlay-type":"","overlay-color":"","overlay-opacity":"","overlay-gradient":""}}},"product_brand":[],"product_cat":[48,49,430,1200],"product_tag":[185,512,287,189,746,324,186,1289,380,456],"class_list":{"0":"post-8555","1":"product","2":"type-product","3":"status-publish","4":"has-post-thumbnail","6":"product_cat-casual","7":"product_cat-loafer","8":"product_cat-men","9":"product_cat-mens-shoes-2","10":"product_tag-calf-leather-shoes","11":"product_tag-casual-loafers","12":"product_tag-eva-sole-shoes","13":"product_tag-goat-leather-lining","14":"product_tag-leather-slip-ons","15":"product_tag-mens-dress-shoes","16":"product_tag-mens-loafers","17":"product_tag-perforated-loafers","18":"product_tag-smart-casual-footwear","19":"product_tag-wholesale-loafers","20":"desktop-align-center","21":"tablet-align-center","22":"mobile-align-center","24":"first","25":"instock","26":"shipping-taxable","27":"purchasable","28":"product-type-variable","29":"has-default-attributes"},"acf":[],"uagb_featured_image_src":{"full":["https:\/\/turkishtrade.co\/wp-content\/uploads\/2026\/01\/2600QLOMN00022-BLACK.png",453,250,false],"thumbnail":["https:\/\/turkishtrade.co\/wp-content\/uploads\/2026\/01\/2600QLOMN00022-BLACK-150x150.png",150,150,true],"medium":["https:\/\/turkishtrade.co\/wp-content\/uploads\/2026\/01\/2600QLOMN00022-BLACK-300x166.png",300,166,true],"medium_large":["https:\/\/turkishtrade.co\/wp-content\/uploads\/2026\/01\/2600QLOMN00022-BLACK.png",453,250,false],"large":["https:\/\/turkishtrade.co\/wp-content\/uploads\/2026\/01\/2600QLOMN00022-BLACK.png",453,250,false],"1536x1536":["https:\/\/turkishtrade.co\/wp-content\/uploads\/2026\/01\/2600QLOMN00022-BLACK.png",453,250,false],"2048x2048":["https:\/\/turkishtrade.co\/wp-content\/uploads\/2026\/01\/2600QLOMN00022-BLACK.png",453,250,false],"trp-custom-language-flag":["https:\/\/turkishtrade.co\/wp-content\/uploads\/2026\/01\/2600QLOMN00022-BLACK-18x10.png",18,10,true],"woocommerce_thumbnail":["https:\/\/turkishtrade.co\/wp-content\/uploads\/2026\/01\/2600QLOMN00022-BLACK-400x250.png",400,250,true],"woocommerce_single":["https:\/\/turkishtrade.co\/wp-content\/uploads\/2026\/01\/2600QLOMN00022-BLACK.png",453,250,false],"woocommerce_gallery_thumbnail":["https:\/\/turkishtrade.co\/wp-content\/uploads\/2026\/01\/2600QLOMN00022-BLACK-100x100.png",100,100,true]},"uagb_author_info":{"display_name":"python python","author_link":"https:\/\/turkishtrade.co\/tr\/author\/"},"uagb_comment_info":0,"uagb_excerpt":"Expertly crafted from genuine calf leather for superior style and durability. Luxuriously lined with soft goat leather, ensuring exceptional comfort with every step. Equipped with a lightweight and cushioned EVA sole for all-day wearability. Stylish casual loafer design with elegant perforated detailing and metal ornament. Available in EU sizes 40, 41, 42, 43, 44 to&hellip;","_links":{"self":[{"href":"https:\/\/turkishtrade.co\/tr\/wp-json\/wp\/v2\/product\/8555","targetHints":{"allow":["GET"]}}],"collection":[{"href":"https:\/\/turkishtrade.co\/tr\/wp-json\/wp\/v2\/product"}],"about":[{"href":"https:\/\/turkishtrade.co\/tr\/wp-json\/wp\/v2\/types\/product"}],"wp:featuredmedia":[{"embeddable":true,"href":"https:\/\/turkishtrade.co\/tr\/wp-json\/wp\/v2\/media\/6726"}],"wp:attachment":[{"href":"https:\/\/turkishtrade.co\/tr\/wp-json\/wp\/v2\/media?parent=8555"}],"wp:term":[{"taxonomy":"product_brand","embeddable":true,"href":"https:\/\/turkishtrade.co\/tr\/wp-json\/wp\/v2\/product_brand?post=8555"},{"taxonomy":"product_cat","embeddable":true,"href":"https:\/\/turkishtrade.co\/tr\/wp-json\/wp\/v2\/product_cat?post=8555"},{"taxonomy":"product_tag","embeddable":true,"href":"https:\/\/turkishtrade.co\/tr\/wp-json\/wp\/v2\/product_tag?post=8555"}],"curies":[{"name":"wp","href":"https:\/\/api.w.org\/{rel}","templated":true}]}}