{"id":8554,"date":"2026-01-29T14:51:04","date_gmt":"2026-01-29T14:51:04","guid":{"rendered":"https:\/\/turkishtrade.co\/?post_type=product&#038;p=8554"},"modified":"2026-04-09T20:21:34","modified_gmt":"2026-04-09T20:21:34","slug":"mens-calf-leather-loafers-14","status":"publish","type":"product","link":"https:\/\/turkishtrade.co\/tr\/shop\/mens-calf-leather-loafers-14\/","title":{"rendered":"Erkek Dana Derisi Loafer'lar Incredible | Erkek Premium Dana Derisi Loafer'lar"},"content":{"rendered":"<p><strong>Erkek Dana Derisi Loafer<\/strong>. \u0130nan\u0131lmaz kalite ve tasar\u0131m.<\/p>\n<p>Enfes tasar\u0131m\u0131m\u0131zla benzersiz bir stil ve konfora ad\u0131m at\u0131n <strong>Erkek Dana Derisi Loafer<\/strong>. Hem l\u00fcks\u00fc hem de pratikli\u011fi takdir eden modern erkek i\u00e7in tasarlanan bu mokasen ayakkab\u0131lar, g\u00fcndelik \u015f\u0131kl\u0131\u011f\u0131n \u00f6z\u00fcd\u00fcr. Y\u00fcksek kaliteli dana derisinden titizlikle \u00fcretilen her bir \u00e7ift, sofistike bir g\u00f6r\u00fcn\u00fcm ve zamana meydan okuyacak ola\u011fan\u00fcst\u00fc bir dayan\u0131kl\u0131l\u0131k sunar. \u00c7arp\u0131c\u0131 bir metal s\u00fcslemeyle tamamlanan \u00fcst k\u0131s\u0131mdaki benzersiz dokulu desen, bu <strong>Erkek Dana Derisi Loafer<\/strong> S\u0131radan ayakkab\u0131lardan ayr\u0131 olarak.<\/p>\n<p>Yumu\u015fak ve nefes alabilen ke\u00e7i derisi astar sayesinde her ad\u0131mda \u00fcst\u00fcn konforu ya\u015fay\u0131n. Bu birinci s\u0131n\u0131f i\u00e7 k\u0131s\u0131m, aya\u011f\u0131n\u0131z\u0131n do\u011fal hatlar\u0131na m\u00fckemmel uyum sa\u011flayarak ayaklar\u0131n\u0131z\u0131n g\u00fcn boyunca serin ve rahat kalmas\u0131n\u0131 sa\u011flar. Hafif EVA taban, m\u00fckemmel \u015fok emilimi ve esneklik sa\u011flayarak y\u00fcr\u00fcy\u00fc\u015f deneyimini daha da geli\u015ftirir. \u0130ster \u015fehir sokaklar\u0131nda geziniyor ister rahat bir hafta sonunun tad\u0131n\u0131 \u00e7\u0131kar\u0131yor olun, bu <strong>Erkek Dana Derisi Loafer<\/strong> her t\u00fcrl\u00fc g\u00fcndelik k\u0131yafet i\u00e7in rahat bir temel sunar.<\/p>\n<h3>Rakipsiz \u0130\u015f\u00e7ilik ve Tasar\u0131m<\/h3>\n<p>Kaliteye olan ba\u011fl\u0131l\u0131\u011f\u0131m\u0131z her diki\u015fte ve detayda kendini g\u00f6sterir. \u00d6zenle se\u00e7ilmi\u015f dana derisi, bu erkek loafer'lara sadece l\u00fcks bir his vermekle kalmaz, ayn\u0131 zamanda ay\u0131rt edici bir estetik \u00e7ekicilik de kazand\u0131r\u0131r. S\u0131rt ve yanlardaki karma\u015f\u0131k desen benzersiz bir karakter katarken, g\u00f6z al\u0131c\u0131 metal s\u00fcsleme sofistike bir odak noktas\u0131 g\u00f6revi g\u00f6r\u00fcr. Bunlar sadece ayakkab\u0131 de\u011fil; geleneksel loafer tasar\u0131m\u0131n\u0131 \u00e7a\u011fda\u015f bir yetenekle harmanlayan bir ifade par\u00e7as\u0131d\u0131r. Moc burnu boyunca uzanan ince diki\u015f detaylar\u0131, zanaatkar i\u015f\u00e7ili\u011fini daha da vurgulayarak bu premium ayakkab\u0131y\u0131 <strong>Erkek Dana Derisi Loafer<\/strong> se\u00e7ici zevkler i\u00e7in sahip olunmas\u0131 gereken bir \u00fcr\u00fcn.<\/p>\n<h3>Her T\u00fcrl\u00fc G\u00fcndelik Durum i\u00e7in M\u00fckemmel<\/h3>\n<p>Modern ayakkab\u0131lar s\u00f6z konusu oldu\u011funda \u00e7ok y\u00f6nl\u00fcl\u00fck \u00e7ok \u00f6nemlidir ve bu <strong>Erkek Dana Derisi Loafer<\/strong> teslim edin. Rahat ancak zarif tasar\u0131mlar\u0131, onlar\u0131 \u00e7ok \u00e7e\u015fitli durumlar i\u00e7in uygun hale getirir. \u015e\u0131k ve g\u00fcndelik bir g\u00f6r\u00fcn\u00fcm i\u00e7in chino pantolonlarla veya zahmetsizce \u015f\u0131k bir hava i\u00e7in kot pantolonlarla e\u015fle\u015ftirin. Derinin n\u00f6tr tonu, mevcut gard\u0131robunuzla kolay koordinasyon sa\u011flar ve sonsuz stil olanaklar\u0131 sunar. 40'tan 44'e kadar de\u011fi\u015fen bedenlerle, y\u00fcksek kaliteli erkek ayakkab\u0131s\u0131 arayan geni\u015f bir m\u00fc\u015fteri kitlesi i\u00e7in m\u00fckemmel bir uyum sa\u011fl\u0131yoruz.<\/p>\n<h3>Perakendeciler i\u00e7in Toptan Sat\u0131\u015f F\u0131rsat\u0131<\/h3>\n<p>M\u00fc\u015fterilerine birinci s\u0131n\u0131f, \u015f\u0131k ve rahat ayakkab\u0131lar sunmak isteyen perakendeciler i\u00e7in bu <strong>Erkek Dana Derisi Loafer<\/strong> m\u00fckemmel bir f\u0131rsat sunuyor. Yaln\u0131zca 8 \u00e7iftlik minimum sipari\u015f miktar\u0131yla, bu aranan erkek mokasen ayakkab\u0131lar\u0131n\u0131 kolayca stoklayabilirsiniz. Hem kalite hem de g\u00fc\u00e7l\u00fc m\u00fc\u015fteri \u00e7ekicili\u011fi vaat eden bir \u00fcr\u00fcnle envanterinizi y\u00fckseltin. M\u00fc\u015fterilerinize ola\u011fan\u00fcst\u00fc tasar\u0131m\u0131 g\u00fcnl\u00fck giyilebilirlikle birle\u015ftiren en iyi dana derisi mokasenleri sunun. \u00d6ne \u00e7\u0131kan ve tatmin eden ayakkab\u0131lara yat\u0131r\u0131m yap\u0131n.<\/p>","protected":false},"excerpt":{"rendered":"<ul>\n<li>\u00dcst\u00fcn kalite ve g\u00f6r\u00fcn\u00fcm i\u00e7in birinci s\u0131n\u0131f dana derisinden \u00fcretilmi\u015ftir<\/li>\n<li>L\u00fcks Ke\u00e7i Derisi astar \u00fcst\u00fcn konfor ve nefes alabilirlik sa\u011flar<\/li>\n<li>Hafif ve esnek EVA Taban ola\u011fan\u00fcst\u00fc yast\u0131klama sa\u011flar<\/li>\n<li>Farkl\u0131 dokulu bir tasar\u0131ma ve benzersiz bir metal s\u00fcslemeye sahiptir<\/li>\n<li>Kapsaml\u0131 bir beden aral\u0131\u011f\u0131nda mevcuttur: EU 40, 41, 42, 43, 44<\/li>\n<li>Minimum Sipari\u015f: 8 \u00c7ift (Toptan sat\u0131\u015f f\u0131rsatlar\u0131 mevcuttur)<\/li>\n<\/ul>","protected":false},"featured_media":6725,"template":"","meta":{"_acf_changed":false,"_uag_custom_page_level_css":"","site-sidebar-layout":"default","site-content-layout":"","ast-site-content-layout":"default","site-content-style":"default","site-sidebar-style":"default","ast-global-header-display":"","ast-banner-title-visibility":"","ast-main-header-display":"","ast-hfb-above-header-display":"","ast-hfb-below-header-display":"","ast-hfb-mobile-header-display":"","site-post-title":"","ast-breadcrumbs-content":"","ast-featured-img":"","footer-sml-layout":"","ast-disable-related-posts":"","theme-transparent-header-meta":"","adv-header-id-meta":"","stick-header-meta":"","header-above-stick-meta":"","header-main-stick-meta":"","header-below-stick-meta":"","astra-migrate-meta-layouts":"default","ast-page-background-enabled":"default","ast-page-background-meta":{"desktop":{"background-color":"var(--ast-global-color-4)","background-image":"","background-repeat":"repeat","background-position":"center center","background-size":"auto","background-attachment":"scroll","background-type":"","background-media":"","overlay-type":"","overlay-color":"","overlay-opacity":"","overlay-gradient":""},"tablet":{"background-color":"","background-image":"","background-repeat":"repeat","background-position":"center center","background-size":"auto","background-attachment":"scroll","background-type":"","background-media":"","overlay-type":"","overlay-color":"","overlay-opacity":"","overlay-gradient":""},"mobile":{"background-color":"","background-image":"","background-repeat":"repeat","background-position":"center center","background-size":"auto","background-attachment":"scroll","background-type":"","background-media":"","overlay-type":"","overlay-color":"","overlay-opacity":"","overlay-gradient":""}},"ast-content-background-meta":{"desktop":{"background-color":"var(--ast-global-color-5)","background-image":"","background-repeat":"repeat","background-position":"center center","background-size":"auto","background-attachment":"scroll","background-type":"","background-media":"","overlay-type":"","overlay-color":"","overlay-opacity":"","overlay-gradient":""},"tablet":{"background-color":"var(--ast-global-color-5)","background-image":"","background-repeat":"repeat","background-position":"center center","background-size":"auto","background-attachment":"scroll","background-type":"","background-media":"","overlay-type":"","overlay-color":"","overlay-opacity":"","overlay-gradient":""},"mobile":{"background-color":"var(--ast-global-color-5)","background-image":"","background-repeat":"repeat","background-position":"center center","background-size":"auto","background-attachment":"scroll","background-type":"","background-media":"","overlay-type":"","overlay-color":"","overlay-opacity":"","overlay-gradient":""}}},"product_brand":[],"product_cat":[48,49,430,1200],"product_tag":[185,512,530,287,189,1425,186,760,1426,262],"class_list":{"0":"post-8554","1":"product","2":"type-product","3":"status-publish","4":"has-post-thumbnail","6":"product_cat-casual","7":"product_cat-loafer","8":"product_cat-men","9":"product_cat-mens-shoes-2","10":"product_tag-calf-leather-shoes","11":"product_tag-casual-loafers","12":"product_tag-designer-loafers","13":"product_tag-eva-sole-shoes","14":"product_tag-goat-leather-lining","15":"product_tag-leather-comfort-shoes","16":"product_tag-mens-loafers","17":"product_tag-tan-loafers","18":"product_tag-unique-mens-footwear","19":"product_tag-wholesale-mens-shoes","20":"desktop-align-center","21":"tablet-align-center","22":"mobile-align-center","24":"first","25":"instock","26":"shipping-taxable","27":"purchasable","28":"product-type-variable","29":"has-default-attributes"},"acf":[],"uagb_featured_image_src":{"full":["https:\/\/turkishtrade.co\/wp-content\/uploads\/2026\/01\/2600QLOMN00021-BEIGE.png",453,250,false],"thumbnail":["https:\/\/turkishtrade.co\/wp-content\/uploads\/2026\/01\/2600QLOMN00021-BEIGE-150x150.png",150,150,true],"medium":["https:\/\/turkishtrade.co\/wp-content\/uploads\/2026\/01\/2600QLOMN00021-BEIGE-300x166.png",300,166,true],"medium_large":["https:\/\/turkishtrade.co\/wp-content\/uploads\/2026\/01\/2600QLOMN00021-BEIGE.png",453,250,false],"large":["https:\/\/turkishtrade.co\/wp-content\/uploads\/2026\/01\/2600QLOMN00021-BEIGE.png",453,250,false],"1536x1536":["https:\/\/turkishtrade.co\/wp-content\/uploads\/2026\/01\/2600QLOMN00021-BEIGE.png",453,250,false],"2048x2048":["https:\/\/turkishtrade.co\/wp-content\/uploads\/2026\/01\/2600QLOMN00021-BEIGE.png",453,250,false],"trp-custom-language-flag":["https:\/\/turkishtrade.co\/wp-content\/uploads\/2026\/01\/2600QLOMN00021-BEIGE-18x10.png",18,10,true],"woocommerce_thumbnail":["https:\/\/turkishtrade.co\/wp-content\/uploads\/2026\/01\/2600QLOMN00021-BEIGE-400x250.png",400,250,true],"woocommerce_single":["https:\/\/turkishtrade.co\/wp-content\/uploads\/2026\/01\/2600QLOMN00021-BEIGE.png",453,250,false],"woocommerce_gallery_thumbnail":["https:\/\/turkishtrade.co\/wp-content\/uploads\/2026\/01\/2600QLOMN00021-BEIGE-100x100.png",100,100,true]},"uagb_author_info":{"display_name":"python python","author_link":"https:\/\/turkishtrade.co\/tr\/author\/"},"uagb_comment_info":0,"uagb_excerpt":"Crafted from premium Calf Leather for superior quality and look Luxurious Goat Leather lining ensures ultimate comfort and breathability Lightweight and flexible EVA Sole provides exceptional cushioning Features a distinctive textured design and unique metal ornament Available in a comprehensive size range: EU 40, 41, 42, 43, 44 Minimum Order: 8 Pairs (Wholesale opportunities available)","_links":{"self":[{"href":"https:\/\/turkishtrade.co\/tr\/wp-json\/wp\/v2\/product\/8554","targetHints":{"allow":["GET"]}}],"collection":[{"href":"https:\/\/turkishtrade.co\/tr\/wp-json\/wp\/v2\/product"}],"about":[{"href":"https:\/\/turkishtrade.co\/tr\/wp-json\/wp\/v2\/types\/product"}],"wp:featuredmedia":[{"embeddable":true,"href":"https:\/\/turkishtrade.co\/tr\/wp-json\/wp\/v2\/media\/6725"}],"wp:attachment":[{"href":"https:\/\/turkishtrade.co\/tr\/wp-json\/wp\/v2\/media?parent=8554"}],"wp:term":[{"taxonomy":"product_brand","embeddable":true,"href":"https:\/\/turkishtrade.co\/tr\/wp-json\/wp\/v2\/product_brand?post=8554"},{"taxonomy":"product_cat","embeddable":true,"href":"https:\/\/turkishtrade.co\/tr\/wp-json\/wp\/v2\/product_cat?post=8554"},{"taxonomy":"product_tag","embeddable":true,"href":"https:\/\/turkishtrade.co\/tr\/wp-json\/wp\/v2\/product_tag?post=8554"}],"curies":[{"name":"wp","href":"https:\/\/api.w.org\/{rel}","templated":true}]}}