{"id":8553,"date":"2026-01-29T14:51:04","date_gmt":"2026-01-29T14:51:04","guid":{"rendered":"https:\/\/turkishtrade.co\/?post_type=product&#038;p=8553"},"modified":"2026-04-09T20:21:38","modified_gmt":"2026-04-09T20:21:38","slug":"mens-burgundy-calf-leather-loafers","status":"publish","type":"product","link":"https:\/\/turkishtrade.co\/tr\/shop\/mens-burgundy-calf-leather-loafers\/","title":{"rendered":"Erkek Bordo Dana Derisi Loafer En \u00c7ok Satan | Erkek Bordo Dana Derisi G\u00fcnl\u00fck Giyim"},"content":{"rendered":"<p><strong>Erkek Bordo Dana Derisi Loafer<\/strong>. En \u00c7ok Satan kalite ve tasar\u0131m.<\/p>\n<p>Bu zarif ayakkab\u0131larla ayakkab\u0131 koleksiyonunuzu geli\u015ftirin <strong>Erkek Bordo Dana Derisi Loafer<\/strong>, se\u00e7kin beyefendiler i\u00e7in titizlikle \u00fcretilmi\u015ftir. Sofistike stili benzersiz konforla birle\u015ftiren bu loafer ayakkab\u0131lar, nereye giderseniz gidin fark yaratmak i\u00e7in tasarland\u0131. Farkl\u0131 desenli dokusuyla zengin bordo tonu, bu ayakkab\u0131lar\u0131n kalabal\u0131ktan s\u0131yr\u0131lmas\u0131n\u0131 sa\u011flayarak hem g\u00fcndelik geziler hem de daha g\u00f6steri\u015fli smart-casual etkinlikler i\u00e7in ideal bir se\u00e7im olmas\u0131n\u0131 sa\u011flar.<\/p>\n<h3>\u00dcst\u00fcn \u0130\u015f\u00e7ilik ve Birinci S\u0131n\u0131f Malzemeler<\/h3>\n<p>Bu g\u00fcndelik loafer'lar\u0131n her bir \u00e7ifti, dayan\u0131kl\u0131l\u0131\u011f\u0131, esnek hissi ve zarif y\u00fczeyiyle bilinen y\u00fcksek kaliteli dana derisi sayaya sahiptir. Detaylara g\u00f6sterilen \u00f6zen, ayakkab\u0131y\u0131 s\u00fcsleyen karma\u015f\u0131k dokulu desende kendini g\u00f6sterirken, vampirdeki \u015f\u0131k metalik s\u00fcsleme ile tamamlanarak rafine bir l\u00fcks dokunu\u015fu katar. Ancak stil i\u00e7in konfordan \u00f6d\u00fcn verilmez; i\u00e7 k\u0131sm\u0131 tamamen yumu\u015fak ke\u00e7i derisiyle astarlanm\u0131\u015ft\u0131r ve uzun s\u00fcreli kullan\u0131mlarda bile nefes alabilen ve inan\u0131lmaz rahat bir deneyim sunar. Ke\u00e7i derisi astar aya\u011f\u0131n\u0131za uyum sa\u011flayarak her ad\u0131mda daha da iyi hale gelen \u00f6zel bir uyum sunar.<\/p>\n<h3>Benzersiz Konfor ve \u00c7ok Y\u00f6nl\u00fcl\u00fck<\/h3>\n<p>Hafif ve esnek EVA taban sayesinde ger\u00e7ek y\u00fcr\u00fcy\u00fc\u015f keyfini ya\u015fay\u0131n. Bu geli\u015fmi\u015f taban malzemesi m\u00fckemmel yast\u0131klama ve \u015fok emilimi sa\u011flayarak sizi a\u011f\u0131rla\u015ft\u0131rmadan g\u00fcn boyu konfor sunar. \u0130ster \u015fehir sokaklar\u0131nda geziniyor olun, ister rahat bir hafta sonu toplant\u0131s\u0131na kat\u0131l\u0131n ya da \u00f6zel bir etkinlik i\u00e7in giyiniyor olun, bu Erkek Bordo Dana Derisi Loafer'lar destek ve esnekli\u011fin m\u00fckemmel bir kar\u0131\u015f\u0131m\u0131n\u0131 sunar. 40'tan 44'e kadar pratik bir beden aral\u0131\u011f\u0131nda mevcut olan bu ayakkab\u0131lar, geni\u015f bir ayak yelpazesine rahat\u00e7a uyacak \u015fekilde tasarlanm\u0131\u015ft\u0131r ve rahat ve g\u00fcvenli bir uyum vaat eder.<\/p>\n<h3>Gard\u0131robunuza M\u00fckemmel Bir Eklenti<\/h3>\n<p>Bu rahat mokasen ayakkab\u0131lar\u0131n \u00e7ok y\u00f6nl\u00fc tasar\u0131m\u0131, onlar\u0131 her modern erke\u011fin gard\u0131robuna vazge\u00e7ilmez bir katk\u0131 haline getiriyor. \u015e\u0131k ve rahat bir g\u00f6r\u00fcn\u00fcm i\u00e7in chino pantolon ve d\u00fc\u011fmeli g\u00f6mlekle e\u015fle\u015ftirin ya da sofistike bir yaz kombini i\u00e7in \u00f6zel dikim \u015fortlarla giydirin. Derin bordo rengi, \u00e7e\u015fitli k\u0131yafetleri zahmetsizce geli\u015ftirebilecek bir zenginlik ve karakter dokunu\u015fu katar. Bu y\u00fcksek kaliteli ayakkab\u0131lara yat\u0131r\u0131m yap\u0131n <strong>Erkek Bordo Dana Derisi Loafer<\/strong> ve her zaman en iyi ad\u0131m\u0131n\u0131z\u0131 atman\u0131z\u0131 sa\u011flayan zarafet, konfor ve kal\u0131c\u0131 stili ger\u00e7ekten birle\u015ftiren ayakkab\u0131lar\u0131n keyfini \u00e7\u0131kar\u0131n.<\/p>\n<h3>Toptan Sat\u0131\u015f F\u0131rsatlar\u0131<\/h3>\n<p>M\u00fc\u015fterilerine birinci s\u0131n\u0131f ayakkab\u0131lar sunmak isteyen i\u015fletmeler i\u00e7in bu ola\u011fan\u00fcst\u00fc mokasen ayakkab\u0131lar toptan sat\u0131n al\u0131nabilir. Sadece 8 \u00e7iftlik minimum sipari\u015fle, bu aranan g\u00fcndelik mokasenleri kolayca stoklayabilirsiniz. Bu l\u00fcks dana derisi ayakkab\u0131lar i\u00e7in toptan fiyatland\u0131rma ve ortakl\u0131k f\u0131rsatlar\u0131m\u0131z hakk\u0131nda daha fazla bilgi edinmek i\u00e7in bug\u00fcn bize ula\u015f\u0131n ve m\u00fc\u015fterilerinize kalite ve stil hakk\u0131nda \u00e7ok \u015fey anlatan ayakkab\u0131lar sa\u011flay\u0131n.<\/p>","protected":false},"excerpt":{"rendered":"<ul>\n<li>Zengin bordo tonunda birinci s\u0131n\u0131f dana derisi saya<\/li>\n<li>Ola\u011fan\u00fcst\u00fc nefes alabilirlik ve konfor i\u00e7in l\u00fcks ke\u00e7i derisi astar<\/li>\n<li>G\u00fcn boyu kullan\u0131m ve \u00fcst\u00fcn yast\u0131klama i\u00e7in hafif ve esnek EVA taban<\/li>\n<li>Ay\u0131rt edici dokulu desen ve vampirde zarif metal s\u00fcsleme<\/li>\n<li>Pratik bir beden aral\u0131\u011f\u0131nda mevcuttur: 40, 41, 42, 43, 44<\/li>\n<li>G\u00fcnl\u00fck, smart-casual ve rahat resmi durumlar i\u00e7in m\u00fckemmeldir<\/li>\n<li>Toptan sat\u0131\u015f f\u0131rsatlar\u0131 mevcuttur (Minimum Sipari\u015f: 8 \u00c7ift)<\/li>\n<\/ul>","protected":false},"featured_media":6724,"template":"","meta":{"_acf_changed":false,"_uag_custom_page_level_css":"","site-sidebar-layout":"default","site-content-layout":"","ast-site-content-layout":"default","site-content-style":"default","site-sidebar-style":"default","ast-global-header-display":"","ast-banner-title-visibility":"","ast-main-header-display":"","ast-hfb-above-header-display":"","ast-hfb-below-header-display":"","ast-hfb-mobile-header-display":"","site-post-title":"","ast-breadcrumbs-content":"","ast-featured-img":"","footer-sml-layout":"","ast-disable-related-posts":"","theme-transparent-header-meta":"","adv-header-id-meta":"","stick-header-meta":"","header-above-stick-meta":"","header-main-stick-meta":"","header-below-stick-meta":"","astra-migrate-meta-layouts":"default","ast-page-background-enabled":"default","ast-page-background-meta":{"desktop":{"background-color":"var(--ast-global-color-4)","background-image":"","background-repeat":"repeat","background-position":"center center","background-size":"auto","background-attachment":"scroll","background-type":"","background-media":"","overlay-type":"","overlay-color":"","overlay-opacity":"","overlay-gradient":""},"tablet":{"background-color":"","background-image":"","background-repeat":"repeat","background-position":"center center","background-size":"auto","background-attachment":"scroll","background-type":"","background-media":"","overlay-type":"","overlay-color":"","overlay-opacity":"","overlay-gradient":""},"mobile":{"background-color":"","background-image":"","background-repeat":"repeat","background-position":"center center","background-size":"auto","background-attachment":"scroll","background-type":"","background-media":"","overlay-type":"","overlay-color":"","overlay-opacity":"","overlay-gradient":""}},"ast-content-background-meta":{"desktop":{"background-color":"var(--ast-global-color-5)","background-image":"","background-repeat":"repeat","background-position":"center center","background-size":"auto","background-attachment":"scroll","background-type":"","background-media":"","overlay-type":"","overlay-color":"","overlay-opacity":"","overlay-gradient":""},"tablet":{"background-color":"var(--ast-global-color-5)","background-image":"","background-repeat":"repeat","background-position":"center center","background-size":"auto","background-attachment":"scroll","background-type":"","background-media":"","overlay-type":"","overlay-color":"","overlay-opacity":"","overlay-gradient":""},"mobile":{"background-color":"var(--ast-global-color-5)","background-image":"","background-repeat":"repeat","background-position":"center center","background-size":"auto","background-attachment":"scroll","background-type":"","background-media":"","overlay-type":"","overlay-color":"","overlay-opacity":"","overlay-gradient":""}}},"product_brand":[],"product_cat":[48,49,430,1200],"product_tag":[859,185,530,303,1258,1424,1049,1272,280,255],"class_list":{"0":"post-8553","1":"product","2":"type-product","3":"status-publish","4":"has-post-thumbnail","6":"product_cat-casual","7":"product_cat-loafer","8":"product_cat-men","9":"product_cat-mens-shoes-2","10":"product_tag-burgundy-loafers","11":"product_tag-calf-leather-shoes","12":"product_tag-designer-loafers","13":"product_tag-eva-sole-footwear","14":"product_tag-goat-lined-shoes","15":"product_tag-leather-moccasins","16":"product_tag-mens-casual-loafers","17":"product_tag-mens-fashion-footwear","18":"product_tag-smart-casual-shoes","19":"product_tag-turkish-leather-shoes","20":"desktop-align-center","21":"tablet-align-center","22":"mobile-align-center","24":"first","25":"instock","26":"shipping-taxable","27":"purchasable","28":"product-type-variable","29":"has-default-attributes"},"acf":[],"uagb_featured_image_src":{"full":["https:\/\/turkishtrade.co\/wp-content\/uploads\/2026\/01\/2600QLOMN00020-BURGUNDEY.png",453,250,false],"thumbnail":["https:\/\/turkishtrade.co\/wp-content\/uploads\/2026\/01\/2600QLOMN00020-BURGUNDEY-150x150.png",150,150,true],"medium":["https:\/\/turkishtrade.co\/wp-content\/uploads\/2026\/01\/2600QLOMN00020-BURGUNDEY-300x166.png",300,166,true],"medium_large":["https:\/\/turkishtrade.co\/wp-content\/uploads\/2026\/01\/2600QLOMN00020-BURGUNDEY.png",453,250,false],"large":["https:\/\/turkishtrade.co\/wp-content\/uploads\/2026\/01\/2600QLOMN00020-BURGUNDEY.png",453,250,false],"1536x1536":["https:\/\/turkishtrade.co\/wp-content\/uploads\/2026\/01\/2600QLOMN00020-BURGUNDEY.png",453,250,false],"2048x2048":["https:\/\/turkishtrade.co\/wp-content\/uploads\/2026\/01\/2600QLOMN00020-BURGUNDEY.png",453,250,false],"trp-custom-language-flag":["https:\/\/turkishtrade.co\/wp-content\/uploads\/2026\/01\/2600QLOMN00020-BURGUNDEY-18x10.png",18,10,true],"woocommerce_thumbnail":["https:\/\/turkishtrade.co\/wp-content\/uploads\/2026\/01\/2600QLOMN00020-BURGUNDEY-400x250.png",400,250,true],"woocommerce_single":["https:\/\/turkishtrade.co\/wp-content\/uploads\/2026\/01\/2600QLOMN00020-BURGUNDEY.png",453,250,false],"woocommerce_gallery_thumbnail":["https:\/\/turkishtrade.co\/wp-content\/uploads\/2026\/01\/2600QLOMN00020-BURGUNDEY-100x100.png",100,100,true]},"uagb_author_info":{"display_name":"python python","author_link":"https:\/\/turkishtrade.co\/tr\/author\/"},"uagb_comment_info":0,"uagb_excerpt":"Premium calf leather upper in a rich burgundy hue Luxurious goat leather lining for exceptional breathability and comfort Lightweight and flexible EVA sole for all-day wear and superior cushioning Distinctive textured pattern and elegant metal embellishment on the vamp Available in a practical size range: 40, 41, 42, 43, 44 Perfect for casual, smart-casual, and&hellip;","_links":{"self":[{"href":"https:\/\/turkishtrade.co\/tr\/wp-json\/wp\/v2\/product\/8553","targetHints":{"allow":["GET"]}}],"collection":[{"href":"https:\/\/turkishtrade.co\/tr\/wp-json\/wp\/v2\/product"}],"about":[{"href":"https:\/\/turkishtrade.co\/tr\/wp-json\/wp\/v2\/types\/product"}],"wp:featuredmedia":[{"embeddable":true,"href":"https:\/\/turkishtrade.co\/tr\/wp-json\/wp\/v2\/media\/6724"}],"wp:attachment":[{"href":"https:\/\/turkishtrade.co\/tr\/wp-json\/wp\/v2\/media?parent=8553"}],"wp:term":[{"taxonomy":"product_brand","embeddable":true,"href":"https:\/\/turkishtrade.co\/tr\/wp-json\/wp\/v2\/product_brand?post=8553"},{"taxonomy":"product_cat","embeddable":true,"href":"https:\/\/turkishtrade.co\/tr\/wp-json\/wp\/v2\/product_cat?post=8553"},{"taxonomy":"product_tag","embeddable":true,"href":"https:\/\/turkishtrade.co\/tr\/wp-json\/wp\/v2\/product_tag?post=8553"}],"curies":[{"name":"wp","href":"https:\/\/api.w.org\/{rel}","templated":true}]}}