{"id":8552,"date":"2026-01-29T14:51:03","date_gmt":"2026-01-29T14:51:03","guid":{"rendered":"https:\/\/turkishtrade.co\/?post_type=product&#038;p=8552"},"modified":"2026-04-09T20:21:42","modified_gmt":"2026-04-09T20:21:42","slug":"mens-classic-black-leather-loafers","status":"publish","type":"product","link":"https:\/\/turkishtrade.co\/tr\/shop\/mens-classic-black-leather-loafers\/","title":{"rendered":"Erkek Klasik Siyah Deri Loafer Garantili | Erkek Klasik Siyah Dana Derisi"},"content":{"rendered":"<p><strong>Erkek Klasik Siyah Deri Loafer<\/strong>. Garantili kalite ve tasar\u0131m.<\/p>\n<p>Enfes \u00fcr\u00fcnlerimizle benzersiz bir sofistike ortama ad\u0131m at\u0131n <strong>Erkek Klasik Siyah Deri Loafer<\/strong>. Se\u00e7kin beyefendiler i\u00e7in tasarlanan bu mokasen ayakkab\u0131lar, zamans\u0131z stili modern konforla m\u00fckemmel bir \u015fekilde harmanl\u0131yor. En iyi dana derisinden \u00fcretilen \u00fcst k\u0131s\u0131m, kalitesi ve detaylara g\u00f6sterilen \u00f6zen hakk\u0131nda \u00e7ok \u015fey anlatan p\u00fcr\u00fczs\u00fcz ve parlak bir y\u00fczeye sahiptir. Bunlar <strong>Erkek Klasik Siyah Deri Loafer<\/strong> ayakkab\u0131dan daha fazlas\u0131d\u0131r; kal\u0131c\u0131 zarafete yap\u0131lan bir yat\u0131r\u0131md\u0131r.<\/p>\n<h3>Rakipsiz Konfor ve \u0130\u015f\u00e7ilik<\/h3>\n<p>Birinci s\u0131n\u0131f ke\u00e7i derisi astar sayesinde her ad\u0131mda l\u00fcks konforu ya\u015fay\u0131n. Bu do\u011fal, yumu\u015fak astar, nefes alabilirlik ve cildinize kar\u015f\u0131 pel\u00fc\u015f bir his sa\u011flar. <strong>Erkek Klasik Siyah Deri Loafer<\/strong> uzun s\u00fcreli kullan\u0131m i\u00e7in idealdir. Sa\u011flam ancak son derece hafif EVA taban, m\u00fckemmel yast\u0131klama ve esneklik sa\u011flayarak darbeyi emer ve ayaklar\u0131n\u0131z\u0131n g\u00fcn boyunca rahat kalmas\u0131n\u0131 sa\u011flar. \u0130ster yo\u011fun bir i\u015f g\u00fcn\u00fc ge\u00e7iriyor ister rahat bir ak\u015fam\u0131n tad\u0131n\u0131 \u00e7\u0131kar\u0131yor olun, bu <strong>Erkek Klasik Siyah Deri Loafer<\/strong> Tarz\u0131n\u0131zdan \u00f6d\u00fcn vermeden rahatl\u0131k sunar.<\/p>\n<h3>Her Durum i\u00e7in \u00c7ok Y\u00f6nl\u00fc Stil<\/h3>\n<p>Zamans\u0131z siyah rengi ve klasik loafer silueti bu ayakkab\u0131lar\u0131 inan\u0131lmaz derecede \u00e7ok y\u00f6nl\u00fc k\u0131l\u0131yor. \u0130\u015f toplant\u0131lar\u0131 i\u00e7in \u00f6zel dikim bir tak\u0131m elbise, smart-casual bir g\u00f6r\u00fcn\u00fcm i\u00e7in keskin bir pantolon ve hatta sofistike bir hafta sonu kombini i\u00e7in y\u00fckseltilmi\u015f denim i\u00e7in m\u00fckemmel bir tamamlay\u0131c\u0131d\u0131r. Bizim <strong>Erkek Klasik Siyah Deri Loafer<\/strong> gard\u0131roplar\u0131n vazge\u00e7ilmezi olan bu ayakkab\u0131lar, do\u011fu\u015ftan gelen zarafetleriyle her k\u0131yafeti y\u00fckseltmeyi vaat ediyor. 40, 41, 42, 43 ve 44 dahil olmak \u00fczere kapsaml\u0131 bir AB beden yelpazesinde mevcut olan bu \u00fcst\u00fcn modeller ile m\u00fckemmel uyumunuzu bulmak zahmetsizdir. <strong>Erkek Klasik Siyah Deri Loafer<\/strong>.<\/p>\n<h3>\u0130\u015fletmeler i\u00e7in Toptan Sat\u0131\u015f F\u0131rsat\u0131<\/h3>\n<p>Y\u00fcksek kaliteli ayakkab\u0131lar sunmak isteyen perakendeciler ve i\u015fletmeler i\u00e7in bu <strong>Erkek Klasik Siyah Deri Loafer<\/strong> minimum 8 \u00e7ift sipari\u015f miktar\u0131 ile toptan sat\u0131n al\u0131nabilir. En y\u00fcksek i\u015f\u00e7ilik ve tasar\u0131m standartlar\u0131n\u0131 kar\u015f\u0131layan birinci s\u0131n\u0131f \u00fcr\u00fcnler sunmaktan gurur duyuyoruz. Bizim <strong>Erkek Klasik Siyah Deri Loafer<\/strong> l\u00fcks, konfor ve klasik modaya de\u011fer veren m\u00fc\u015fterilere hitap ederek her koleksiyona m\u00fckemmel bir katk\u0131 sa\u011flar. M\u00fc\u015fterilerinize ola\u011fan\u00fcst\u00fc bir \u00fcr\u00fcn sunmak i\u00e7in bizimle i\u015f birli\u011fi yap\u0131n. <strong>Erkek Klasik Siyah Deri Loafer<\/strong> zaman\u0131n ve trendin testine dayan\u0131r. Bunlar nihai <strong>Erkek Klasik Siyah Deri Loafer<\/strong> sofistike stil ve pratik kullan\u0131m i\u00e7in.<\/p>","protected":false},"excerpt":{"rendered":"<ul>\n<li>\u015e\u0131k bir y\u00fczey ve dayan\u0131kl\u0131l\u0131k i\u00e7in birinci s\u0131n\u0131f dana derisi saya.<\/li>\n<li>L\u00fcks ke\u00e7i derisi astar ola\u011fan\u00fcst\u00fc konfor ve nefes alabilirlik sa\u011flar.<\/li>\n<li>Hafif ve esnek EVA taban g\u00fcn boyu konfor ve g\u00fcvenilir tutu\u015f sa\u011flar.<\/li>\n<li>Klasik loafer tasar\u0131m\u0131, hem resmi hem de \u015f\u0131k-g\u00fcndelik durumlar i\u00e7in m\u00fckemmeldir.<\/li>\n<li>40, 41, 42, 43, 44 AB bedenlerinde mevcuttur.<\/li>\n<li>Minimum sipari\u015f miktar\u0131: 8 \u00e7ift.<\/li>\n<li>Toplu al\u0131mlar i\u00e7in toptan fiyatland\u0131rma mevcuttur.<\/li>\n<\/ul>","protected":false},"featured_media":6773,"template":"","meta":{"_acf_changed":false,"_uag_custom_page_level_css":"","site-sidebar-layout":"default","site-content-layout":"","ast-site-content-layout":"default","site-content-style":"default","site-sidebar-style":"default","ast-global-header-display":"","ast-banner-title-visibility":"","ast-main-header-display":"","ast-hfb-above-header-display":"","ast-hfb-below-header-display":"","ast-hfb-mobile-header-display":"","site-post-title":"","ast-breadcrumbs-content":"","ast-featured-img":"","footer-sml-layout":"","ast-disable-related-posts":"","theme-transparent-header-meta":"","adv-header-id-meta":"","stick-header-meta":"","header-above-stick-meta":"","header-main-stick-meta":"","header-below-stick-meta":"","astra-migrate-meta-layouts":"default","ast-page-background-enabled":"default","ast-page-background-meta":{"desktop":{"background-color":"var(--ast-global-color-4)","background-image":"","background-repeat":"repeat","background-position":"center center","background-size":"auto","background-attachment":"scroll","background-type":"","background-media":"","overlay-type":"","overlay-color":"","overlay-opacity":"","overlay-gradient":""},"tablet":{"background-color":"","background-image":"","background-repeat":"repeat","background-position":"center center","background-size":"auto","background-attachment":"scroll","background-type":"","background-media":"","overlay-type":"","overlay-color":"","overlay-opacity":"","overlay-gradient":""},"mobile":{"background-color":"","background-image":"","background-repeat":"repeat","background-position":"center center","background-size":"auto","background-attachment":"scroll","background-type":"","background-media":"","overlay-type":"","overlay-color":"","overlay-opacity":"","overlay-gradient":""}},"ast-content-background-meta":{"desktop":{"background-color":"var(--ast-global-color-5)","background-image":"","background-repeat":"repeat","background-position":"center center","background-size":"auto","background-attachment":"scroll","background-type":"","background-media":"","overlay-type":"","overlay-color":"","overlay-opacity":"","overlay-gradient":""},"tablet":{"background-color":"var(--ast-global-color-5)","background-image":"","background-repeat":"repeat","background-position":"center center","background-size":"auto","background-attachment":"scroll","background-type":"","background-media":"","overlay-type":"","overlay-color":"","overlay-opacity":"","overlay-gradient":""},"mobile":{"background-color":"var(--ast-global-color-5)","background-image":"","background-repeat":"repeat","background-position":"center center","background-size":"auto","background-attachment":"scroll","background-type":"","background-media":"","overlay-type":"","overlay-color":"","overlay-opacity":"","overlay-gradient":""}}},"product_brand":[],"product_cat":[47,430,1200],"product_tag":[196,202,457,454,438,1249,324,184,210,281],"class_list":{"0":"post-8552","1":"product","2":"type-product","3":"status-publish","4":"has-post-thumbnail","6":"product_cat-classic","7":"product_cat-men","8":"product_cat-mens-shoes-2","9":"product_tag-black-leather-shoes","10":"product_tag-calf-leather","11":"product_tag-classic-loafers","12":"product_tag-elegant-footwear","13":"product_tag-eva-sole","14":"product_tag-goat-lining","15":"product_tag-mens-dress-shoes","16":"product_tag-slip-on-shoes","17":"product_tag-smart-casual","18":"product_tag-wholesale-shoes","19":"desktop-align-center","20":"tablet-align-center","21":"mobile-align-center","23":"first","24":"instock","25":"shipping-taxable","26":"purchasable","27":"product-type-variable","28":"has-default-attributes"},"acf":[],"uagb_featured_image_src":{"full":["https:\/\/turkishtrade.co\/wp-content\/uploads\/2026\/01\/2600QLOMN00019-BLACK.png",453,250,false],"thumbnail":["https:\/\/turkishtrade.co\/wp-content\/uploads\/2026\/01\/2600QLOMN00019-BLACK-150x150.png",150,150,true],"medium":["https:\/\/turkishtrade.co\/wp-content\/uploads\/2026\/01\/2600QLOMN00019-BLACK-300x166.png",300,166,true],"medium_large":["https:\/\/turkishtrade.co\/wp-content\/uploads\/2026\/01\/2600QLOMN00019-BLACK.png",453,250,false],"large":["https:\/\/turkishtrade.co\/wp-content\/uploads\/2026\/01\/2600QLOMN00019-BLACK.png",453,250,false],"1536x1536":["https:\/\/turkishtrade.co\/wp-content\/uploads\/2026\/01\/2600QLOMN00019-BLACK.png",453,250,false],"2048x2048":["https:\/\/turkishtrade.co\/wp-content\/uploads\/2026\/01\/2600QLOMN00019-BLACK.png",453,250,false],"trp-custom-language-flag":["https:\/\/turkishtrade.co\/wp-content\/uploads\/2026\/01\/2600QLOMN00019-BLACK-18x10.png",18,10,true],"woocommerce_thumbnail":["https:\/\/turkishtrade.co\/wp-content\/uploads\/2026\/01\/2600QLOMN00019-BLACK-400x250.png",400,250,true],"woocommerce_single":["https:\/\/turkishtrade.co\/wp-content\/uploads\/2026\/01\/2600QLOMN00019-BLACK.png",453,250,false],"woocommerce_gallery_thumbnail":["https:\/\/turkishtrade.co\/wp-content\/uploads\/2026\/01\/2600QLOMN00019-BLACK-100x100.png",100,100,true]},"uagb_author_info":{"display_name":"python python","author_link":"https:\/\/turkishtrade.co\/tr\/author\/"},"uagb_comment_info":0,"uagb_excerpt":"Premium calf leather upper for a sleek finish and durability. Luxurious goat leather lining ensures exceptional comfort and breathability. Lightweight and flexible EVA sole provides all-day comfort and reliable traction. Classic loafer design, perfect for both formal and smart-casual occasions. Available in EU sizes 40, 41, 42, 43, 44. Minimum order quantity: 8 pairs. Wholesale&hellip;","_links":{"self":[{"href":"https:\/\/turkishtrade.co\/tr\/wp-json\/wp\/v2\/product\/8552","targetHints":{"allow":["GET"]}}],"collection":[{"href":"https:\/\/turkishtrade.co\/tr\/wp-json\/wp\/v2\/product"}],"about":[{"href":"https:\/\/turkishtrade.co\/tr\/wp-json\/wp\/v2\/types\/product"}],"wp:featuredmedia":[{"embeddable":true,"href":"https:\/\/turkishtrade.co\/tr\/wp-json\/wp\/v2\/media\/6773"}],"wp:attachment":[{"href":"https:\/\/turkishtrade.co\/tr\/wp-json\/wp\/v2\/media?parent=8552"}],"wp:term":[{"taxonomy":"product_brand","embeddable":true,"href":"https:\/\/turkishtrade.co\/tr\/wp-json\/wp\/v2\/product_brand?post=8552"},{"taxonomy":"product_cat","embeddable":true,"href":"https:\/\/turkishtrade.co\/tr\/wp-json\/wp\/v2\/product_cat?post=8552"},{"taxonomy":"product_tag","embeddable":true,"href":"https:\/\/turkishtrade.co\/tr\/wp-json\/wp\/v2\/product_tag?post=8552"}],"curies":[{"name":"wp","href":"https:\/\/api.w.org\/{rel}","templated":true}]}}