{"id":8534,"date":"2026-01-29T14:50:51","date_gmt":"2026-01-29T14:50:51","guid":{"rendered":"https:\/\/turkishtrade.co\/?post_type=product&#038;p=8534"},"modified":"2026-04-09T20:21:45","modified_gmt":"2026-04-09T20:21:45","slug":"mens-brown-leather-loafers-13","status":"publish","type":"product","link":"https:\/\/turkishtrade.co\/tr\/shop\/mens-brown-leather-loafers-13\/","title":{"rendered":"Erkek Kahverengi Deri Loafer Sensational | Erkek Kahverengi Deri G\u00fcnl\u00fck Loafer"},"content":{"rendered":"<p><strong>Erkek Kahverengi Deri Loafer<\/strong>. Sansasyonel kalite ve tasar\u0131m.<\/p>\n<p>Enfes tasar\u0131m\u0131m\u0131zla benzersiz konfora ve klasik stile ad\u0131m at\u0131n <strong>Erkek Kahverengi Deri Loafer<\/strong>. Birinci s\u0131n\u0131f hakiki kahverengi deriden \u00fcretilen bu mokasen ayakkab\u0131lar, hem \u015f\u0131kl\u0131\u011fa hem de g\u00fcnl\u00fck giyilebilirli\u011fe \u00f6nem veren modern erkekler i\u00e7in tasarland\u0131. Zengin, s\u0131cak kahverengi tonu bu mokasenleri <strong>Erkek Kahverengi Deri Loafer<\/strong> \u0130nan\u0131lmaz derecede \u00e7ok y\u00f6nl\u00fcd\u00fcr, \u015f\u0131k g\u00fcnl\u00fck pantolonlardan en sevdi\u011finiz kot pantolonlara kadar her \u015feyle kolayca e\u015fle\u015fir. Bu temel ayakkab\u0131larla ayakkab\u0131 koleksiyonunuzu geli\u015ftirin <strong>Erkek Kahverengi Deri Loafer<\/strong> sofistikeli\u011fi pratik konforla m\u00fckemmel bir \u015fekilde harmanl\u0131yor.<\/p>\n<h3>Her \u00c7ift Erkek Kahverengi Deri Loafer'da E\u015fsiz Konfor ve Kalite<\/h3>\n<p>Bu ola\u011fan\u00fcst\u00fc tasar\u0131m\u0131n \u00f6zenli yap\u0131s\u0131 sayesinde her ad\u0131mda \u00fcst\u00fcn konforu ya\u015fay\u0131n <strong>Erkek Kahverengi Deri Loafer<\/strong>. \u0130\u00e7 k\u0131s\u0131mda inan\u0131lmaz yumu\u015fakl\u0131\u011f\u0131 ve nefes alabilirli\u011fi ile \u00fcnl\u00fc l\u00fcks ke\u00e7i derisi astar bulunur. Bu do\u011fal astar nemi uzakla\u015ft\u0131rarak ayaklar\u0131n\u0131z\u0131n g\u00fcn boyunca kuru ve rahat kalmas\u0131n\u0131 sa\u011flar ve uzun s\u00fcreli kullan\u0131mdan sonra bile rahats\u0131zl\u0131\u011f\u0131 \u00f6nler. Sert, dayan\u0131kl\u0131 olmayan ayakkab\u0131lar\u0131 unutun; koleksiyonumuz <strong>Erkek Kahverengi Deri Loafer<\/strong> ilk giyimden itibaren eldiven gibi bir uyum sa\u011flamak \u00fczere tasarlanm\u0131\u015ft\u0131r ve bu da onlar\u0131 an\u0131nda favori yapar.<\/p>\n<h3>Erkek Kahverengi Deri Loafer'lar\u0131m\u0131z i\u00e7in Yenilik\u00e7i Eva Taban Teknolojisi<\/h3>\n<p>Ola\u011fan\u00fcst\u00fc konforunun s\u0131rr\u0131 hafif ve esnek Eva taban\u0131nda yatmaktad\u0131r. Bu geli\u015fmi\u015f taban teknolojisi m\u00fckemmel \u015fok emilimi ve yast\u0131klama sa\u011flayarak ayaklar\u0131n\u0131z ve eklemleriniz \u00fczerindeki bask\u0131y\u0131 azalt\u0131r. \u0130ster \u015fehrin kalabal\u0131k caddelerinde geziniyor ister ayaklar\u0131n\u0131z\u0131n \u00fczerinde bir g\u00fcn ge\u00e7iriyor olun, Eva taban yayl\u0131 ve destekleyici bir temel sunar. Bu da bizim <strong>Erkek Kahverengi Deri Loafer<\/strong> sadece \u015f\u0131k de\u011fil, ayn\u0131 zamanda g\u00fcnl\u00fck kullan\u0131m i\u00e7in inan\u0131lmaz derecede pratiktir ve g\u00fcndelik ayakkab\u0131 konforu i\u00e7in yeni bir standart belirler.<\/p>\n<h3>Bu Erkek Kahverengi Deri Loafer'lar\u0131n Zamans\u0131z Stili ve \u00c7ok Y\u00f6nl\u00fcl\u00fc\u011f\u00fc<\/h3>\n<p>S\u0131rt k\u0131sm\u0131nda ince ama ay\u0131rt edici siyah metalik toka detay\u0131yla s\u00fcslenen bu mokasen ayakkab\u0131lar sofistike bir cazibeye sahiptir. Klasik penny loafer silueti, hassas diki\u015fler ve y\u00fcksek kaliteli deri kaplama ile daha da g\u00fczelle\u015fiyor. Bunlar <strong>Erkek Kahverengi Deri Loafer<\/strong> g\u00fcndelik \u015f\u0131kl\u0131\u011f\u0131n \u00f6z\u00fcd\u00fcr; i\u015f ama\u00e7l\u0131 g\u00fcndelik ofis ortamlar\u0131, hafta sonu gezileri ve hatta daha rahat ak\u015fam etkinlikleri i\u00e7in m\u00fckemmeldir. Zamans\u0131z \u00e7ekicilikleri, gard\u0131robunuzda y\u0131llarca temel bir par\u00e7a olarak kalmalar\u0131n\u0131 sa\u011flar ve onlar\u0131 ak\u0131ll\u0131ca bir yat\u0131r\u0131m haline getirir.<\/p>\n<h3>Erkek Kahverengi Deri Loafer'lar\u0131m\u0131zla Kal\u0131c\u0131 A\u015f\u0131nma i\u00e7in Dayan\u0131kl\u0131 \u0130\u015f\u00e7ilik<\/h3>\n<p>Zamana meydan okuyan ayakkab\u0131lar yaratmaya inan\u0131yoruz. Her bir \u00e7iftimiz <strong>Erkek Kahverengi Deri Loafer<\/strong> dayan\u0131kl\u0131l\u0131k ve uzun \u00f6m\u00fcrl\u00fcl\u00fck sa\u011flamak i\u00e7in detaylara \u00f6zen g\u00f6sterilerek titizlikle \u00fcretilmi\u015ftir. Sa\u011flam hakiki deri saya, zaman i\u00e7inde benzersiz bir patina geli\u015ftirerek g\u00fczel bir \u015fekilde ya\u015flan\u0131rken, sa\u011flam Eva taban g\u00fcnl\u00fck a\u015f\u0131nma ve y\u0131pranmaya dayanacak \u015fekilde \u00fcretilmi\u015ftir. Siz de bir \u00e7ift <strong>Erkek Kahverengi Deri Loafer<\/strong> sadece harika g\u00f6r\u00fcnmekle kalmaz, ayn\u0131 zamanda kal\u0131c\u0131 kalite ve g\u00fcvenilir performans sunar.<\/p>\n<h3>Premium Erkek Kahverengi Deri Loafer'lar\u0131m\u0131z i\u00e7in Toptan Sat\u0131\u015f F\u0131rsatlar\u0131<\/h3>\n<p>Birinci s\u0131n\u0131f ayakkab\u0131lar sunmak isteyen perakendeciler i\u00e7in <strong>Erkek Kahverengi Deri Loafer<\/strong> toptan sat\u0131n al\u0131nabilir. Minimum 8 \u00e7ift sipari\u015f miktar\u0131yla, bu pop\u00fcler ve y\u00fcksek kaliteli mokasen ayakkab\u0131lar\u0131 kolayca stoklayabilirsiniz. Toptan sat\u0131\u015f fiyatlar\u0131n\u0131 g\u00f6r\u00fc\u015fmek ve ola\u011fan\u00fcst\u00fc koleksiyonumuzla \u00fcr\u00fcn tekliflerinizi y\u00fckseltmek i\u00e7in bug\u00fcn bizimle ileti\u015fime ge\u00e7in. <strong>Erkek Kahverengi Deri Loafer<\/strong>.<\/p>","protected":false},"excerpt":{"rendered":"<ul>\n<li>Dayan\u0131kl\u0131l\u0131k ve zamans\u0131z stil i\u00e7in birinci s\u0131n\u0131f hakiki kahverengi deri saya.<\/li>\n<li>Yumu\u015fak ve nefes alabilen ke\u00e7i derisi astar g\u00fcn boyu konfor sa\u011flar.<\/li>\n<li>Hafif ve esnek Eva taban \u00fcst\u00fcn yast\u0131klama ve destek sa\u011flar.<\/li>\n<li>Zarif siyah metalik toka detayl\u0131 klasik g\u00fcnl\u00fck loafer tasar\u0131m.<\/li>\n<li>40, 41, 42, 43, 44 erkek Avrupa bedenlerinde mevcuttur.<\/li>\n<li>Minimum 8 \u00e7ift sipari\u015f ile toptan sat\u0131\u015f f\u0131rsatlar\u0131 mevcuttur.<\/li>\n<\/ul>","protected":false},"featured_media":6723,"template":"","meta":{"_acf_changed":false,"_uag_custom_page_level_css":"","site-sidebar-layout":"default","site-content-layout":"","ast-site-content-layout":"default","site-content-style":"default","site-sidebar-style":"default","ast-global-header-display":"","ast-banner-title-visibility":"","ast-main-header-display":"","ast-hfb-above-header-display":"","ast-hfb-below-header-display":"","ast-hfb-mobile-header-display":"","site-post-title":"","ast-breadcrumbs-content":"","ast-featured-img":"","footer-sml-layout":"","ast-disable-related-posts":"","theme-transparent-header-meta":"","adv-header-id-meta":"","stick-header-meta":"","header-above-stick-meta":"","header-main-stick-meta":"","header-below-stick-meta":"","astra-migrate-meta-layouts":"default","ast-page-background-enabled":"default","ast-page-background-meta":{"desktop":{"background-color":"var(--ast-global-color-4)","background-image":"","background-repeat":"repeat","background-position":"center center","background-size":"auto","background-attachment":"scroll","background-type":"","background-media":"","overlay-type":"","overlay-color":"","overlay-opacity":"","overlay-gradient":""},"tablet":{"background-color":"","background-image":"","background-repeat":"repeat","background-position":"center center","background-size":"auto","background-attachment":"scroll","background-type":"","background-media":"","overlay-type":"","overlay-color":"","overlay-opacity":"","overlay-gradient":""},"mobile":{"background-color":"","background-image":"","background-repeat":"repeat","background-position":"center center","background-size":"auto","background-attachment":"scroll","background-type":"","background-media":"","overlay-type":"","overlay-color":"","overlay-opacity":"","overlay-gradient":""}},"ast-content-background-meta":{"desktop":{"background-color":"var(--ast-global-color-5)","background-image":"","background-repeat":"repeat","background-position":"center center","background-size":"auto","background-attachment":"scroll","background-type":"","background-media":"","overlay-type":"","overlay-color":"","overlay-opacity":"","overlay-gradient":""},"tablet":{"background-color":"var(--ast-global-color-5)","background-image":"","background-repeat":"repeat","background-position":"center center","background-size":"auto","background-attachment":"scroll","background-type":"","background-media":"","overlay-type":"","overlay-color":"","overlay-opacity":"","overlay-gradient":""},"mobile":{"background-color":"var(--ast-global-color-5)","background-image":"","background-repeat":"repeat","background-position":"center center","background-size":"auto","background-attachment":"scroll","background-type":"","background-media":"","overlay-type":"","overlay-color":"","overlay-opacity":"","overlay-gradient":""}}},"product_brand":[],"product_cat":[48,49,430,1200],"product_tag":[147,512,220,287,189,286,1155,546,255,456],"class_list":{"0":"post-8534","1":"product","2":"type-product","3":"status-publish","4":"has-post-thumbnail","6":"product_cat-casual","7":"product_cat-loafer","8":"product_cat-men","9":"product_cat-mens-shoes-2","10":"product_tag-brown-loafers","11":"product_tag-casual-loafers","12":"product_tag-comfortable-loafers","13":"product_tag-eva-sole-shoes","14":"product_tag-goat-leather-lining","15":"product_tag-mens-leather-shoes","16":"product_tag-slip-on-loafers","17":"product_tag-stylish-mens-shoes","18":"product_tag-turkish-leather-shoes","19":"product_tag-wholesale-loafers","20":"desktop-align-center","21":"tablet-align-center","22":"mobile-align-center","24":"first","25":"instock","26":"shipping-taxable","27":"purchasable","28":"product-type-variable","29":"has-default-attributes"},"acf":[],"uagb_featured_image_src":{"full":["https:\/\/turkishtrade.co\/wp-content\/uploads\/2026\/01\/2600QLOMN00018-BROWN.png",453,250,false],"thumbnail":["https:\/\/turkishtrade.co\/wp-content\/uploads\/2026\/01\/2600QLOMN00018-BROWN-150x150.png",150,150,true],"medium":["https:\/\/turkishtrade.co\/wp-content\/uploads\/2026\/01\/2600QLOMN00018-BROWN-300x166.png",300,166,true],"medium_large":["https:\/\/turkishtrade.co\/wp-content\/uploads\/2026\/01\/2600QLOMN00018-BROWN.png",453,250,false],"large":["https:\/\/turkishtrade.co\/wp-content\/uploads\/2026\/01\/2600QLOMN00018-BROWN.png",453,250,false],"1536x1536":["https:\/\/turkishtrade.co\/wp-content\/uploads\/2026\/01\/2600QLOMN00018-BROWN.png",453,250,false],"2048x2048":["https:\/\/turkishtrade.co\/wp-content\/uploads\/2026\/01\/2600QLOMN00018-BROWN.png",453,250,false],"trp-custom-language-flag":["https:\/\/turkishtrade.co\/wp-content\/uploads\/2026\/01\/2600QLOMN00018-BROWN-18x10.png",18,10,true],"woocommerce_thumbnail":["https:\/\/turkishtrade.co\/wp-content\/uploads\/2026\/01\/2600QLOMN00018-BROWN-400x250.png",400,250,true],"woocommerce_single":["https:\/\/turkishtrade.co\/wp-content\/uploads\/2026\/01\/2600QLOMN00018-BROWN.png",453,250,false],"woocommerce_gallery_thumbnail":["https:\/\/turkishtrade.co\/wp-content\/uploads\/2026\/01\/2600QLOMN00018-BROWN-100x100.png",100,100,true]},"uagb_author_info":{"display_name":"python python","author_link":"https:\/\/turkishtrade.co\/tr\/author\/"},"uagb_comment_info":0,"uagb_excerpt":"Premium genuine brown leather upper for durability and timeless style. Soft and breathable goat leather lining ensures all-day comfort. Lightweight and flexible Eva sole provides superior cushioning and support. Classic casual loafer design with elegant black metallic buckle detail. Available in men's European sizes 40, 41, 42, 43, 44. Wholesale opportunities available with a minimum&hellip;","_links":{"self":[{"href":"https:\/\/turkishtrade.co\/tr\/wp-json\/wp\/v2\/product\/8534","targetHints":{"allow":["GET"]}}],"collection":[{"href":"https:\/\/turkishtrade.co\/tr\/wp-json\/wp\/v2\/product"}],"about":[{"href":"https:\/\/turkishtrade.co\/tr\/wp-json\/wp\/v2\/types\/product"}],"wp:featuredmedia":[{"embeddable":true,"href":"https:\/\/turkishtrade.co\/tr\/wp-json\/wp\/v2\/media\/6723"}],"wp:attachment":[{"href":"https:\/\/turkishtrade.co\/tr\/wp-json\/wp\/v2\/media?parent=8534"}],"wp:term":[{"taxonomy":"product_brand","embeddable":true,"href":"https:\/\/turkishtrade.co\/tr\/wp-json\/wp\/v2\/product_brand?post=8534"},{"taxonomy":"product_cat","embeddable":true,"href":"https:\/\/turkishtrade.co\/tr\/wp-json\/wp\/v2\/product_cat?post=8534"},{"taxonomy":"product_tag","embeddable":true,"href":"https:\/\/turkishtrade.co\/tr\/wp-json\/wp\/v2\/product_tag?post=8534"}],"curies":[{"name":"wp","href":"https:\/\/api.w.org\/{rel}","templated":true}]}}