{"id":8533,"date":"2026-01-29T14:50:51","date_gmt":"2026-01-29T14:50:51","guid":{"rendered":"https:\/\/turkishtrade.co\/?post_type=product&#038;p=8533"},"modified":"2026-04-09T20:21:48","modified_gmt":"2026-04-09T20:21:48","slug":"mens-classic-leather-dress-shoes","status":"publish","type":"product","link":"https:\/\/turkishtrade.co\/tr\/shop\/mens-classic-leather-dress-shoes\/","title":{"rendered":"Erkek Klasik Deri Elbise Ayakkab\u0131s\u0131 Premium | Erkek Klasik Siyah Deri Elbise"},"content":{"rendered":"<p>Zarif tasar\u0131m\u0131m\u0131zla zamans\u0131z \u015f\u0131kl\u0131\u011f\u0131 kucaklay\u0131n <strong>Erkek Klasik Deri Elbise Ayakkab\u0131s\u0131<\/strong>. Se\u00e7kin beyefendiler i\u00e7in \u00fcretilen bu ayakkab\u0131lar, sofistike ve rahatl\u0131\u011f\u0131n \u00f6z\u00fcd\u00fcr. Her bir \u00e7ift birinci s\u0131n\u0131f hakiki inek derisinden titizlikle \u00fcretilmi\u015ftir ve zamana meydan okuyacak zengin bir doku ve ola\u011fan\u00fcst\u00fc dayan\u0131kl\u0131l\u0131k sunar. Klasik siyah kaplama \u00e7ok y\u00f6nl\u00fcl\u00fck sa\u011flayarak bu ayakkab\u0131lar\u0131 <strong>Erkek Klasik Deri Elbise Ayakkab\u0131s\u0131<\/strong> \u00c7ok \u00e7e\u015fitli resmi etkinlikler, i\u015f toplant\u0131lar\u0131 ve hatta \u00fcst d\u00fczey g\u00fcndelik giyim i\u00e7in m\u00fckemmeldir. Rafine tasar\u0131m, klasik bir burun ucu ve vampir boyunca ince, zarif deliklere sahiptir ve klasik \u00e7ekicili\u011finden \u00f6d\u00fcn vermeden se\u00e7kin bir karakter dokunu\u015fu ekler.<\/p>\n<p>\u00c7arp\u0131c\u0131 g\u00f6r\u00fcn\u00fcmlerinin \u00f6tesinde, konfor bizim i\u00e7in her \u015feyden \u00f6nemlidir <strong>Erkek Klasik Deri Elbise Ayakkab\u0131s\u0131<\/strong>. \u0130\u00e7 k\u0131s\u0131mda, inan\u0131lmaz yumu\u015fakl\u0131\u011f\u0131, nefes alabilirli\u011fi ve nem \u00e7ekme \u00f6zellikleriyle tan\u0131nan l\u00fcks ke\u00e7i derisi astar bulunur ve ayaklar\u0131n\u0131z\u0131n g\u00fcn boyunca rahat kalmas\u0131n\u0131 sa\u011flar. Bu birinci s\u0131n\u0131f astar ki\u015fiselle\u015ftirilmi\u015f bir uyum i\u00e7in aya\u011f\u0131n\u0131za uyum sa\u011flad\u0131\u011f\u0131ndan rahats\u0131zl\u0131\u011fa elveda deyin. Sa\u011flam ancak hafif EVA taban, \u00fcst\u00fcn yast\u0131klama, esneklik ve m\u00fckemmel tutu\u015f sa\u011flayarak \u00e7e\u015fitli y\u00fczeylerde kendinden emin bir ad\u0131m atman\u0131z\u0131 sa\u011flar. Geleneksel i\u015f\u00e7ilik ve modern malzeme biliminin bu kar\u0131\u015f\u0131m\u0131, sadece g\u00f6rsel olarak \u00e7arp\u0131c\u0131 de\u011fil, ayn\u0131 zamanda g\u00fcnl\u00fck kullan\u0131m i\u00e7in inan\u0131lmaz derecede pratik bir ayakkab\u0131 ile sonu\u00e7lan\u0131r.<\/p>\n<p>Bunlar <strong>Erkek Klasik Deri Elbise Ayakkab\u0131s\u0131<\/strong> her sofistike gard\u0131robun temel ta\u015f\u0131 olacak \u015fekilde tasarlanm\u0131\u015ft\u0131r. Kal\u0131c\u0131 stilleri ve ola\u011fan\u00fcst\u00fc yap\u0131lar\u0131, y\u0131llarca tercih edilen bir se\u00e7im olmaya devam edeceklerini garanti eder. \u0130ster bir d\u00fc\u011f\u00fcne kat\u0131l\u0131yor, ister bir sunum yap\u0131yor ya da sadece g\u00fcnl\u00fck k\u0131yafetlerinizi y\u00fckseltmeyi hedefliyor olun, bu ayakkab\u0131lar m\u00fckemmel bir son dokunu\u015f sa\u011flar. Miktarda kaliteye duyulan ihtiyac\u0131 anl\u0131yoruz, bu nedenle bu premium <strong>Erkek Klasik Deri Elbise Ayakkab\u0131s\u0131<\/strong> toptan sat\u0131n al\u0131nabilir. Sadece 8 \u00e7iftlik minimum sipari\u015fle, i\u015fletmeler bu pop\u00fcler ve \u00e7ok aranan ayakkab\u0131y\u0131 kolayca stoklayabilir ve hem stil hem de i\u00e7erik arayan m\u00fc\u015fterilere hitap edebilir. 40'tan 44'e kadar kapsaml\u0131 bir beden aral\u0131\u011f\u0131nda mevcut olup, bir\u00e7ok ki\u015fi i\u00e7in m\u00fckemmel bir uyum sa\u011flar. Benzersiz kalite, konfor ve ger\u00e7ekten klasik bir esteti\u011fi bir araya getiren bir \u00e7ifte yat\u0131r\u0131m yap\u0131n.<\/p>","protected":false},"excerpt":{"rendered":"<ul>\n<li>100% hakiki inek derisinden el yap\u0131m\u0131 saya<\/li>\n<li>\u00dcst\u00fcn konfor ve nefes alabilirlik i\u00e7in l\u00fcks ke\u00e7i derisi astar<\/li>\n<li>\u0130nce delikli detaylara sahip zamans\u0131z klasik elbise ayakkab\u0131s\u0131 tasar\u0131m\u0131<\/li>\n<li>\u00dcst\u00fcn kavrama i\u00e7in hafif ve dayan\u0131kl\u0131 EVA taban ile donat\u0131lm\u0131\u015ft\u0131r<\/li>\n<li>40, 41, 42, 43, 44 erkek bedenlerinde mevcuttur<\/li>\n<li>Minimum 8 \u00e7ift sipari\u015f ile toptan sat\u0131\u015f mevcuttur<\/li>\n<\/ul>","protected":false},"featured_media":6772,"template":"","meta":{"_acf_changed":false,"_uag_custom_page_level_css":"","site-sidebar-layout":"default","site-content-layout":"","ast-site-content-layout":"default","site-content-style":"default","site-sidebar-style":"default","ast-global-header-display":"","ast-banner-title-visibility":"","ast-main-header-display":"","ast-hfb-above-header-display":"","ast-hfb-below-header-display":"","ast-hfb-mobile-header-display":"","site-post-title":"","ast-breadcrumbs-content":"","ast-featured-img":"","footer-sml-layout":"","ast-disable-related-posts":"","theme-transparent-header-meta":"","adv-header-id-meta":"","stick-header-meta":"","header-above-stick-meta":"","header-main-stick-meta":"","header-below-stick-meta":"","astra-migrate-meta-layouts":"default","ast-page-background-enabled":"default","ast-page-background-meta":{"desktop":{"background-color":"var(--ast-global-color-4)","background-image":"","background-repeat":"repeat","background-position":"center center","background-size":"auto","background-attachment":"scroll","background-type":"","background-media":"","overlay-type":"","overlay-color":"","overlay-opacity":"","overlay-gradient":""},"tablet":{"background-color":"","background-image":"","background-repeat":"repeat","background-position":"center center","background-size":"auto","background-attachment":"scroll","background-type":"","background-media":"","overlay-type":"","overlay-color":"","overlay-opacity":"","overlay-gradient":""},"mobile":{"background-color":"","background-image":"","background-repeat":"repeat","background-position":"center center","background-size":"auto","background-attachment":"scroll","background-type":"","background-media":"","overlay-type":"","overlay-color":"","overlay-opacity":"","overlay-gradient":""}},"ast-content-background-meta":{"desktop":{"background-color":"var(--ast-global-color-5)","background-image":"","background-repeat":"repeat","background-position":"center center","background-size":"auto","background-attachment":"scroll","background-type":"","background-media":"","overlay-type":"","overlay-color":"","overlay-opacity":"","overlay-gradient":""},"tablet":{"background-color":"var(--ast-global-color-5)","background-image":"","background-repeat":"repeat","background-position":"center center","background-size":"auto","background-attachment":"scroll","background-type":"","background-media":"","overlay-type":"","overlay-color":"","overlay-opacity":"","overlay-gradient":""},"mobile":{"background-color":"var(--ast-global-color-5)","background-image":"","background-repeat":"repeat","background-position":"center center","background-size":"auto","background-attachment":"scroll","background-type":"","background-media":"","overlay-type":"","overlay-color":"","overlay-opacity":"","overlay-gradient":""}}},"product_brand":[],"product_cat":[47,430,1200],"product_tag":[196,405,458,145,438,251,221,360,324,281],"class_list":{"0":"post-8533","1":"product","2":"type-product","3":"status-publish","4":"has-post-thumbnail","6":"product_cat-classic","7":"product_cat-men","8":"product_cat-mens-shoes-2","9":"product_tag-black-leather-shoes","10":"product_tag-business-shoes","11":"product_tag-cap-toe-shoes","12":"product_tag-classic-shoes","13":"product_tag-eva-sole","14":"product_tag-formal-shoes","15":"product_tag-genuine-leather","16":"product_tag-leather-oxfords","17":"product_tag-mens-dress-shoes","18":"product_tag-wholesale-shoes","19":"desktop-align-center","20":"tablet-align-center","21":"mobile-align-center","23":"first","24":"instock","25":"shipping-taxable","26":"purchasable","27":"product-type-variable","28":"has-default-attributes"},"acf":[],"uagb_featured_image_src":{"full":["https:\/\/turkishtrade.co\/wp-content\/uploads\/2026\/01\/2600QLOMN00017-BLACK.png",453,250,false],"thumbnail":["https:\/\/turkishtrade.co\/wp-content\/uploads\/2026\/01\/2600QLOMN00017-BLACK-150x150.png",150,150,true],"medium":["https:\/\/turkishtrade.co\/wp-content\/uploads\/2026\/01\/2600QLOMN00017-BLACK-300x166.png",300,166,true],"medium_large":["https:\/\/turkishtrade.co\/wp-content\/uploads\/2026\/01\/2600QLOMN00017-BLACK.png",453,250,false],"large":["https:\/\/turkishtrade.co\/wp-content\/uploads\/2026\/01\/2600QLOMN00017-BLACK.png",453,250,false],"1536x1536":["https:\/\/turkishtrade.co\/wp-content\/uploads\/2026\/01\/2600QLOMN00017-BLACK.png",453,250,false],"2048x2048":["https:\/\/turkishtrade.co\/wp-content\/uploads\/2026\/01\/2600QLOMN00017-BLACK.png",453,250,false],"trp-custom-language-flag":["https:\/\/turkishtrade.co\/wp-content\/uploads\/2026\/01\/2600QLOMN00017-BLACK-18x10.png",18,10,true],"woocommerce_thumbnail":["https:\/\/turkishtrade.co\/wp-content\/uploads\/2026\/01\/2600QLOMN00017-BLACK-400x250.png",400,250,true],"woocommerce_single":["https:\/\/turkishtrade.co\/wp-content\/uploads\/2026\/01\/2600QLOMN00017-BLACK.png",453,250,false],"woocommerce_gallery_thumbnail":["https:\/\/turkishtrade.co\/wp-content\/uploads\/2026\/01\/2600QLOMN00017-BLACK-100x100.png",100,100,true]},"uagb_author_info":{"display_name":"python python","author_link":"https:\/\/turkishtrade.co\/tr\/author\/"},"uagb_comment_info":0,"uagb_excerpt":"Handcrafted from 100% genuine cow leather upper Luxurious goat leather lining for ultimate comfort and breathability Timeless classic dress shoe design with subtle perforated details Equipped with a lightweight and durable EVA sole for superior grip Available in men's sizes 40, 41, 42, 43, 44 Wholesale available with a minimum order of 8 pairs","_links":{"self":[{"href":"https:\/\/turkishtrade.co\/tr\/wp-json\/wp\/v2\/product\/8533","targetHints":{"allow":["GET"]}}],"collection":[{"href":"https:\/\/turkishtrade.co\/tr\/wp-json\/wp\/v2\/product"}],"about":[{"href":"https:\/\/turkishtrade.co\/tr\/wp-json\/wp\/v2\/types\/product"}],"wp:featuredmedia":[{"embeddable":true,"href":"https:\/\/turkishtrade.co\/tr\/wp-json\/wp\/v2\/media\/6772"}],"wp:attachment":[{"href":"https:\/\/turkishtrade.co\/tr\/wp-json\/wp\/v2\/media?parent=8533"}],"wp:term":[{"taxonomy":"product_brand","embeddable":true,"href":"https:\/\/turkishtrade.co\/tr\/wp-json\/wp\/v2\/product_brand?post=8533"},{"taxonomy":"product_cat","embeddable":true,"href":"https:\/\/turkishtrade.co\/tr\/wp-json\/wp\/v2\/product_cat?post=8533"},{"taxonomy":"product_tag","embeddable":true,"href":"https:\/\/turkishtrade.co\/tr\/wp-json\/wp\/v2\/product_tag?post=8533"}],"curies":[{"name":"wp","href":"https:\/\/api.w.org\/{rel}","templated":true}]}}