{"id":8532,"date":"2026-01-29T14:50:51","date_gmt":"2026-01-29T14:50:51","guid":{"rendered":"https:\/\/turkishtrade.co\/?post_type=product&#038;p=8532"},"modified":"2026-04-09T20:21:50","modified_gmt":"2026-04-09T20:21:50","slug":"mens-black-leather-oxford-shoes-6","status":"publish","type":"product","link":"https:\/\/turkishtrade.co\/tr\/shop\/mens-black-leather-oxford-shoes-6\/","title":{"rendered":"Erkek Siyah Deri Oxford Ayakkab\u0131 Authentic | Erkek Klasik Siyah Deri Cap-Toe"},"content":{"rendered":"<p><strong>Erkek Siyah Deri Oxford Ayakkab\u0131<\/strong>. Otantik kalite ve tasar\u0131m.<\/p>\n<p>Enfes koleksiyonumuzla zamans\u0131z \u015f\u0131kl\u0131\u011fa ad\u0131m at\u0131n <strong>Erkek Siyah Deri Oxford Ayakkab\u0131<\/strong>. Se\u00e7kin beyefendiler i\u00e7in tasarlanan bu klasik kap-toe Oxfords, sofistike ve stil sahibi bir modeldir. En iyi hakiki dana derisinden \u00fcretilen her bir \u00e7ift, \u00fcst\u00fcn kalite ve detaylara g\u00f6sterilen \u00f6zeni sergiler. \u015e\u0131k siyah kaplama, bunlar\u0131n herhangi bir resmi etkinlik, i\u015f toplant\u0131s\u0131 veya l\u00fcks g\u00fcndelik durum i\u00e7in m\u00fckemmel bir aksesuar olmas\u0131n\u0131 sa\u011flar. Bizimkini se\u00e7ti\u011finizde <strong>Erkek Siyah Deri Oxford Ayakkab\u0131<\/strong>, kal\u0131c\u0131 bir stile ve benzersiz bir konfora yat\u0131r\u0131m yap\u0131yorsunuz.<\/p>\n<h3>E\u015fsiz Kalite ve Konfor<\/h3>\n<p>Bizim <strong>Erkek Siyah Deri Oxford Ayakkab\u0131<\/strong> sadece estetikten ibaret de\u011fildir; konfor ve dayan\u0131kl\u0131l\u0131k i\u00e7in \u00fcretilmi\u015ftir. D\u0131\u015f y\u00fczeyi, p\u00fcr\u00fczs\u00fcz dokusu, esnekli\u011fi ve zaman i\u00e7inde g\u00fczel bir patine geli\u015ftirme kabiliyetiyle bilinen birinci s\u0131n\u0131f dana derisinden \u00fcretilmi\u015ftir. \u0130\u00e7 k\u0131s\u0131mda, ayaklar\u0131n\u0131z ola\u011fan\u00fcst\u00fc nefes alabilirlik ve saatlerce giyildikten sonra bile rahats\u0131zl\u0131\u011f\u0131 \u00f6nleyen yumu\u015fak bir dokunu\u015f sunan l\u00fcks ke\u00e7i derisi astarla sar\u0131lacakt\u0131r. Bu \u00f6zenli malzeme kombinasyonu, bu ayakkab\u0131lar\u0131n <strong>Erkek Siyah Deri Oxford Ayakkab\u0131<\/strong> hem \u015f\u0131kl\u0131k hem de konforlu bir deneyim sa\u011flar.<\/p>\n<h3>Klasik Tasar\u0131m, Modern Konfor<\/h3>\n<p>Bu Oxfords'un tasar\u0131m\u0131, geleneksel resmi ayakkab\u0131lar\u0131n ay\u0131rt edici \u00f6zelli\u011fi olan klasik bir burna sahiptir. S\u0131rt k\u0131sm\u0131, resmi \u00e7ekicili\u011finden \u00f6d\u00fcn vermeden kendine \u00f6zg\u00fc bir karakter katan ince ve zarif deliklere sahiptir. Geleneksel ba\u011fc\u0131kl\u0131 kapama, g\u00fcvenli ve ayarlanabilir bir uyum sa\u011flar. T\u00fcm bunlar\u0131n alt\u0131nda, hafif ve esnek EVA taban m\u00fckemmel yast\u0131klama ve \u015fok emilimi sa\u011flayarak bu klasik ayakkab\u0131lar\u0131 g\u00fcnl\u00fck kullan\u0131m i\u00e7in \u015fa\u015f\u0131rt\u0131c\u0131 derecede rahat hale getirir. 40'tan 44'e kadar kapsaml\u0131 bir AB beden yelpazesinde mevcut olan bu ayakkab\u0131yla m\u00fckemmel \u00e7iftinizi bulabilirsiniz. <strong>Erkek Siyah Deri Oxford Ayakkab\u0131<\/strong> hi\u00e7 bu kadar kolay olmam\u0131\u015ft\u0131.<\/p>\n<h3>Perakendeciler i\u00e7in ideal: Toptan Sat\u0131\u015f F\u0131rsatlar\u0131<\/h3>\n<p>Y\u00fcksek kaliteli resmi ayakkab\u0131 arayan i\u015fletmeler i\u00e7in <strong>Erkek Siyah Deri Oxford Ayakkab\u0131<\/strong> ola\u011fan\u00fcst\u00fc bir toptan sat\u0131\u015f f\u0131rsat\u0131 sunuyor. Sadece 8 \u00e7iftlik minimum sipari\u015f miktar\u0131 ile perakendeciler, m\u00fc\u015fteri talebini kar\u015f\u0131lamak i\u00e7in \u00e7e\u015fitli bedenleri kolayca stoklayabilir. Bu ayakkab\u0131lar, her erkek resmi giyim koleksiyonu i\u00e7in temel bir unsurdur ve m\u00fc\u015fteri memnuniyeti ve tekrar i\u015f vaat eder. Bu birinci s\u0131n\u0131f ayakkab\u0131larla envanterinizi y\u00fckseltin <strong>Erkek Siyah Deri Oxford Ayakkab\u0131<\/strong>, i\u015f\u00e7ilikleri ve klasik \u00e7ekicilikleriyle \u00fcnl\u00fcd\u00fcr. M\u00fc\u015fterilerinize resmi ayakkab\u0131larda en iyisini sunun ve sat\u0131\u015flar\u0131n\u0131z\u0131n artmas\u0131n\u0131 izleyin.<\/p>","protected":false},"excerpt":{"rendered":"<ul>\n<li><strong>\u00dcst\u00fcn \u0130\u015f\u00e7ilik:<\/strong> \u015e\u0131k ve g\u00f6steri\u015fli bir g\u00f6r\u00fcn\u00fcm i\u00e7in hakiki dana derisinden \u00fcretilmi\u015ftir.<\/li>\n<li><strong>\u00dcst\u00fcn Konfor:<\/strong> Ola\u011fan\u00fcst\u00fc nefes alabilirlik ve konfor i\u00e7in yumu\u015fak ke\u00e7i derisi ile astarlanm\u0131\u015ft\u0131r.<\/li>\n<li><strong>Klasik Tasar\u0131m:<\/strong> Sofistike delikli detaylara sahip zamans\u0131z burnu a\u00e7\u0131k Oxford stili.<\/li>\n<li><strong>Dayan\u0131kl\u0131 ve Hafif:<\/strong> Esneklik ve uzun \u00f6m\u00fcrl\u00fc kullan\u0131m i\u00e7in EVA taban ile donat\u0131lm\u0131\u015ft\u0131r.<\/li>\n<li><strong>Mevcut Boyutlar:<\/strong> M\u00fckemmel bir uyum sa\u011flamak i\u00e7in AB bedenleri 40, 41, 42, 43, 44.<\/li>\n<li><strong>Toptan Sat\u0131\u015f F\u0131rsat\u0131:<\/strong> Minimum 8 \u00e7ift sipari\u015f bu \u00fcr\u00fcnleri perakendeciler i\u00e7in ideal hale getirir.<\/li>\n<\/ul>","protected":false},"featured_media":6771,"template":"","meta":{"_acf_changed":false,"_uag_custom_page_level_css":"","site-sidebar-layout":"default","site-content-layout":"","ast-site-content-layout":"default","site-content-style":"default","site-sidebar-style":"default","ast-global-header-display":"","ast-banner-title-visibility":"","ast-main-header-display":"","ast-hfb-above-header-display":"","ast-hfb-below-header-display":"","ast-hfb-mobile-header-display":"","site-post-title":"","ast-breadcrumbs-content":"","ast-featured-img":"","footer-sml-layout":"","ast-disable-related-posts":"","theme-transparent-header-meta":"","adv-header-id-meta":"","stick-header-meta":"","header-above-stick-meta":"","header-main-stick-meta":"","header-below-stick-meta":"","astra-migrate-meta-layouts":"default","ast-page-background-enabled":"default","ast-page-background-meta":{"desktop":{"background-color":"var(--ast-global-color-4)","background-image":"","background-repeat":"repeat","background-position":"center center","background-size":"auto","background-attachment":"scroll","background-type":"","background-media":"","overlay-type":"","overlay-color":"","overlay-opacity":"","overlay-gradient":""},"tablet":{"background-color":"","background-image":"","background-repeat":"repeat","background-position":"center center","background-size":"auto","background-attachment":"scroll","background-type":"","background-media":"","overlay-type":"","overlay-color":"","overlay-opacity":"","overlay-gradient":""},"mobile":{"background-color":"","background-image":"","background-repeat":"repeat","background-position":"center center","background-size":"auto","background-attachment":"scroll","background-type":"","background-media":"","overlay-type":"","overlay-color":"","overlay-opacity":"","overlay-gradient":""}},"ast-content-background-meta":{"desktop":{"background-color":"var(--ast-global-color-5)","background-image":"","background-repeat":"repeat","background-position":"center center","background-size":"auto","background-attachment":"scroll","background-type":"","background-media":"","overlay-type":"","overlay-color":"","overlay-opacity":"","overlay-gradient":""},"tablet":{"background-color":"var(--ast-global-color-5)","background-image":"","background-repeat":"repeat","background-position":"center center","background-size":"auto","background-attachment":"scroll","background-type":"","background-media":"","overlay-type":"","overlay-color":"","overlay-opacity":"","overlay-gradient":""},"mobile":{"background-color":"var(--ast-global-color-5)","background-image":"","background-repeat":"repeat","background-position":"center center","background-size":"auto","background-attachment":"scroll","background-type":"","background-media":"","overlay-type":"","overlay-color":"","overlay-opacity":"","overlay-gradient":""}}},"product_brand":[],"product_cat":[47,430,1200],"product_tag":[653,809,287,952,189,615,766,324,262],"class_list":{"0":"post-8532","1":"product","2":"type-product","3":"status-publish","4":"has-post-thumbnail","6":"product_cat-classic","7":"product_cat-men","8":"product_cat-mens-shoes-2","9":"product_tag-black-oxfords","10":"product_tag-classic-mens-footwear","11":"product_tag-eva-sole-shoes","12":"product_tag-genuine-leather-shoes","13":"product_tag-goat-leather-lining","14":"product_tag-leather-formal-shoes","15":"product_tag-mens-black-leather-oxford-shoes","16":"product_tag-mens-dress-shoes","17":"product_tag-wholesale-mens-shoes","18":"desktop-align-center","19":"tablet-align-center","20":"mobile-align-center","22":"first","23":"instock","24":"shipping-taxable","25":"purchasable","26":"product-type-variable","27":"has-default-attributes"},"acf":[],"uagb_featured_image_src":{"full":["https:\/\/turkishtrade.co\/wp-content\/uploads\/2026\/01\/2600QLOMN00016-BLACK.png",453,250,false],"thumbnail":["https:\/\/turkishtrade.co\/wp-content\/uploads\/2026\/01\/2600QLOMN00016-BLACK-150x150.png",150,150,true],"medium":["https:\/\/turkishtrade.co\/wp-content\/uploads\/2026\/01\/2600QLOMN00016-BLACK-300x166.png",300,166,true],"medium_large":["https:\/\/turkishtrade.co\/wp-content\/uploads\/2026\/01\/2600QLOMN00016-BLACK.png",453,250,false],"large":["https:\/\/turkishtrade.co\/wp-content\/uploads\/2026\/01\/2600QLOMN00016-BLACK.png",453,250,false],"1536x1536":["https:\/\/turkishtrade.co\/wp-content\/uploads\/2026\/01\/2600QLOMN00016-BLACK.png",453,250,false],"2048x2048":["https:\/\/turkishtrade.co\/wp-content\/uploads\/2026\/01\/2600QLOMN00016-BLACK.png",453,250,false],"trp-custom-language-flag":["https:\/\/turkishtrade.co\/wp-content\/uploads\/2026\/01\/2600QLOMN00016-BLACK-18x10.png",18,10,true],"woocommerce_thumbnail":["https:\/\/turkishtrade.co\/wp-content\/uploads\/2026\/01\/2600QLOMN00016-BLACK-400x250.png",400,250,true],"woocommerce_single":["https:\/\/turkishtrade.co\/wp-content\/uploads\/2026\/01\/2600QLOMN00016-BLACK.png",453,250,false],"woocommerce_gallery_thumbnail":["https:\/\/turkishtrade.co\/wp-content\/uploads\/2026\/01\/2600QLOMN00016-BLACK-100x100.png",100,100,true]},"uagb_author_info":{"display_name":"python python","author_link":"https:\/\/turkishtrade.co\/tr\/author\/"},"uagb_comment_info":0,"uagb_excerpt":"Premium Craftsmanship: Made from genuine calf leather for a sleek, polished finish. Superior Comfort: Lined with soft goat leather for exceptional breathability and comfort. Classic Design: Timeless cap-toe Oxford style with sophisticated perforated detailing. Durable &amp; Lightweight: Equipped with an EVA sole for flexibility and long-lasting wear. Available Sizes: EU sizes 40, 41, 42, 43,&hellip;","_links":{"self":[{"href":"https:\/\/turkishtrade.co\/tr\/wp-json\/wp\/v2\/product\/8532","targetHints":{"allow":["GET"]}}],"collection":[{"href":"https:\/\/turkishtrade.co\/tr\/wp-json\/wp\/v2\/product"}],"about":[{"href":"https:\/\/turkishtrade.co\/tr\/wp-json\/wp\/v2\/types\/product"}],"wp:featuredmedia":[{"embeddable":true,"href":"https:\/\/turkishtrade.co\/tr\/wp-json\/wp\/v2\/media\/6771"}],"wp:attachment":[{"href":"https:\/\/turkishtrade.co\/tr\/wp-json\/wp\/v2\/media?parent=8532"}],"wp:term":[{"taxonomy":"product_brand","embeddable":true,"href":"https:\/\/turkishtrade.co\/tr\/wp-json\/wp\/v2\/product_brand?post=8532"},{"taxonomy":"product_cat","embeddable":true,"href":"https:\/\/turkishtrade.co\/tr\/wp-json\/wp\/v2\/product_cat?post=8532"},{"taxonomy":"product_tag","embeddable":true,"href":"https:\/\/turkishtrade.co\/tr\/wp-json\/wp\/v2\/product_tag?post=8532"}],"curies":[{"name":"wp","href":"https:\/\/api.w.org\/{rel}","templated":true}]}}