{"id":8531,"date":"2026-01-29T14:50:51","date_gmt":"2026-01-29T14:50:51","guid":{"rendered":"https:\/\/turkishtrade.co\/?post_type=product&#038;p=8531"},"modified":"2026-04-09T20:21:54","modified_gmt":"2026-04-09T20:21:54","slug":"mens-classic-horse-bit-loafers","status":"publish","type":"product","link":"https:\/\/turkishtrade.co\/tr\/shop\/mens-classic-horse-bit-loafers\/","title":{"rendered":"Erkek Klasik At-Bit Loafer Sensational | Erkek Klasik At-Bit Deri Loafer"},"content":{"rendered":"<p><strong>Erkek Klasik Horse-Bit Loafer'lar<\/strong>. Sansasyonel kalite ve tasar\u0131m.<\/p>\n<p>Koleksiyonumuzla zamans\u0131z sofistikeli\u011fe ad\u0131m at\u0131n <b>Erkek Klasik Horse-Bit Loafer'lar<\/b>. Se\u00e7kin beyefendiler i\u00e7in ustal\u0131kla \u00fcretilen bu mokasen ayakkab\u0131lar, geleneksel tasar\u0131m\u0131 modern konforla kusursuz bir \u015fekilde harmanl\u0131yor. Zengin, koyu kahverengi tonu ve cilal\u0131 y\u00fczeyi, bu ayakkab\u0131lar\u0131 bir ayakkab\u0131dan daha fazlas\u0131 haline getirir; rafine bir zevkin ve sars\u0131lmaz bir kalitenin ifadesidir.<\/p>\n<h3>Rakipsiz \u0130\u015f\u00e7ilik ve Birinci S\u0131n\u0131f Malzemeler<\/h3>\n<p>Bu zarif mokasen ayakkab\u0131lar\u0131n her bir \u00e7ifti yaln\u0131zca en iyi malzemeler kullan\u0131larak \u00fcretilmi\u015ftir. \u00dcst k\u0131s\u0131m, p\u00fcr\u00fczs\u00fcz dokusu, do\u011fal parlakl\u0131\u011f\u0131 ve ola\u011fan\u00fcst\u00fc dayan\u0131kl\u0131l\u0131\u011f\u0131yla tan\u0131nan hakiki dana derisinden \u00fcretilmi\u015ftir. Bu birinci s\u0131n\u0131f dana derisi, mokasenlerinizin sadece muhte\u015fem g\u00f6r\u00fcnmesini de\u011fil, ayn\u0131 zamanda zamana kar\u015f\u0131 dayan\u0131kl\u0131 olmas\u0131n\u0131 ve aya\u011f\u0131n\u0131za m\u00fckemmel bir \u015fekilde oturmas\u0131n\u0131 sa\u011flar. Sa\u011flam d\u0131\u015f y\u00fczeyi tamamlayan ke\u00e7i derisi astar, her ad\u0131mda ayaklar\u0131n\u0131z\u0131 \u015f\u0131martan son derece yumu\u015fak ve nefes alabilen bir i\u00e7 k\u0131s\u0131m sa\u011flar.<\/p>\n<h3>\u0130konik Stil ve G\u00fcnl\u00fck Konfor<\/h3>\n<p>Bunlar\u0131n belirleyici \u00f6zelli\u011fi <b>Erkek Klasik Horse-Bit Loafer'lar<\/b> l\u00fcks ve ayr\u0131cal\u0131\u011f\u0131n zamans\u0131z bir simgesi olan ikonik metal at ucu vurgusudur. Bu zarif detay, ayakkab\u0131y\u0131 basit bir loafer'dan giyilebilir bir sanat eserine y\u00fckseltir ve hem resmi hem de \u015f\u0131k g\u00fcndelik kombinlere \u015f\u0131k bir dokunu\u015f katmak i\u00e7in m\u00fckemmeldir. Kusursuz d\u0131\u015f g\u00f6r\u00fcn\u00fcm\u00fcn alt\u0131nda konforun modern bir s\u0131rr\u0131 yat\u0131yor: hafif ve esnek EVA taban. Bu geli\u015fmi\u015f taban teknolojisi \u00fcst\u00fcn yast\u0131klama ve destek sa\u011flayarak ister \u015fehir sokaklar\u0131nda geziniyor ister \u00f6nemli bir i\u015f toplant\u0131s\u0131na kat\u0131l\u0131yor olun rahatl\u0131k sunar. EVA taban ayn\u0131 zamanda m\u00fckemmel kavrama sa\u011flayarak g\u00fcvenli\u011fi zahmetsiz stille birle\u015ftirir.<\/p>\n<h3>Her Durum i\u00e7in \u00c7ok Y\u00f6nl\u00fcl\u00fck<\/h3>\n<p>Bizim <b>Erkek Klasik Horse-Bit Loafer'lar<\/b> inan\u0131lmaz derecede \u00e7ok y\u00f6nl\u00fcd\u00fcr, bu da onlar\u0131 her gard\u0131rop i\u00e7in vazge\u00e7ilmez bir katk\u0131 haline getirir. Keskin, profesyonel bir g\u00f6r\u00fcn\u00fcm i\u00e7in \u00f6zel dikim tak\u0131m elbiselerle e\u015fle\u015ftirin veya \u015f\u0131k bir hafta sonu k\u0131yafeti i\u00e7in chino pantolon ve blazer ceketle giydirin. \u0130\u015f toplant\u0131lar\u0131, resmi etkinlikler veya sadece sofistike bir ak\u015fam\u0131n tad\u0131n\u0131 \u00e7\u0131karmak i\u00e7in idealdir. EU 40 ila 44 aras\u0131nda de\u011fi\u015fen bedenlerle, m\u00fckemmel uyumunuzu bulmak kolayd\u0131r ve maksimum konfor ve stil sa\u011flar.<\/p>\n<h3>\u0130\u015fletmeler i\u00e7in Toptan Sat\u0131\u015f \u0130mkan\u0131<\/h3>\n<p>M\u00fc\u015fterilerine y\u00fcksek kaliteli, \u015f\u0131k ayakkab\u0131lar sunmak isteyen perakendeciler ve i\u015fletmeler i\u00e7in bu birinci s\u0131n\u0131f Erkek Klasik At-Bit Loafer'lar toptan sat\u0131n al\u0131nabilir. Minimum 8 \u00e7ift sipari\u015f miktar\u0131yla, envanterinizi m\u00fc\u015fteri memnuniyeti ve tekrar i\u015f vaat eden bir \u00fcr\u00fcnle kolayca stoklayabilirsiniz. Bu se\u00e7kin dana ve ke\u00e7i derisi mokasenlerle zamans\u0131z tasar\u0131ma ve \u00fcst\u00fcn i\u015f\u00e7ili\u011fe yat\u0131r\u0131m yap\u0131n.<\/p>","protected":false},"excerpt":{"rendered":"<ul>\n<li>Kal\u0131c\u0131 \u015f\u0131kl\u0131k ve dayan\u0131kl\u0131l\u0131k i\u00e7in birinci s\u0131n\u0131f dana derisi saya.<\/li>\n<li>L\u00fcks ke\u00e7i derisi astar ola\u011fan\u00fcst\u00fc konfor ve nefes alabilirlik sa\u011flar.<\/li>\n<li>Sofistike bir klasik at-bit metal detay\u0131na sahiptir.<\/li>\n<li>G\u00fcn boyu kullan\u0131m i\u00e7in hafif ve esnek EVA taban ile donat\u0131lm\u0131\u015ft\u0131r.<\/li>\n<li>40, 41, 42, 43, 44 AB bedenlerinde mevcuttur.<\/li>\n<li>Minimum 8 \u00e7ift sipari\u015f ile toptan sat\u0131\u015f f\u0131rsatlar\u0131 mevcuttur.<\/li>\n<\/ul>","protected":false},"featured_media":6770,"template":"","meta":{"_acf_changed":false,"_uag_custom_page_level_css":"","site-sidebar-layout":"default","site-content-layout":"","ast-site-content-layout":"default","site-content-style":"default","site-sidebar-style":"default","ast-global-header-display":"","ast-banner-title-visibility":"","ast-main-header-display":"","ast-hfb-above-header-display":"","ast-hfb-below-header-display":"","ast-hfb-mobile-header-display":"","site-post-title":"","ast-breadcrumbs-content":"","ast-featured-img":"","footer-sml-layout":"","ast-disable-related-posts":"","theme-transparent-header-meta":"","adv-header-id-meta":"","stick-header-meta":"","header-above-stick-meta":"","header-main-stick-meta":"","header-below-stick-meta":"","astra-migrate-meta-layouts":"default","ast-page-background-enabled":"default","ast-page-background-meta":{"desktop":{"background-color":"var(--ast-global-color-4)","background-image":"","background-repeat":"repeat","background-position":"center center","background-size":"auto","background-attachment":"scroll","background-type":"","background-media":"","overlay-type":"","overlay-color":"","overlay-opacity":"","overlay-gradient":""},"tablet":{"background-color":"","background-image":"","background-repeat":"repeat","background-position":"center center","background-size":"auto","background-attachment":"scroll","background-type":"","background-media":"","overlay-type":"","overlay-color":"","overlay-opacity":"","overlay-gradient":""},"mobile":{"background-color":"","background-image":"","background-repeat":"repeat","background-position":"center center","background-size":"auto","background-attachment":"scroll","background-type":"","background-media":"","overlay-type":"","overlay-color":"","overlay-opacity":"","overlay-gradient":""}},"ast-content-background-meta":{"desktop":{"background-color":"var(--ast-global-color-5)","background-image":"","background-repeat":"repeat","background-position":"center center","background-size":"auto","background-attachment":"scroll","background-type":"","background-media":"","overlay-type":"","overlay-color":"","overlay-opacity":"","overlay-gradient":""},"tablet":{"background-color":"var(--ast-global-color-5)","background-image":"","background-repeat":"repeat","background-position":"center center","background-size":"auto","background-attachment":"scroll","background-type":"","background-media":"","overlay-type":"","overlay-color":"","overlay-opacity":"","overlay-gradient":""},"mobile":{"background-color":"var(--ast-global-color-5)","background-image":"","background-repeat":"repeat","background-position":"center center","background-size":"auto","background-attachment":"scroll","background-type":"","background-media":"","overlay-type":"","overlay-color":"","overlay-opacity":"","overlay-gradient":""}}},"product_brand":[],"product_cat":[47,430,1200],"product_tag":[292,185,457,737,287,352,189,719,456],"class_list":{"0":"post-8531","1":"product","2":"type-product","3":"status-publish","4":"has-post-thumbnail","6":"product_cat-classic","7":"product_cat-men","8":"product_cat-mens-shoes-2","9":"product_tag-brown-leather-shoes","10":"product_tag-calf-leather-shoes","11":"product_tag-classic-loafers","12":"product_tag-dress-loafers","13":"product_tag-eva-sole-shoes","14":"product_tag-formal-loafers","15":"product_tag-goat-leather-lining","16":"product_tag-mens-leather-loafers","17":"product_tag-wholesale-loafers","18":"desktop-align-center","19":"tablet-align-center","20":"mobile-align-center","22":"first","23":"instock","24":"shipping-taxable","25":"purchasable","26":"product-type-variable","27":"has-default-attributes"},"acf":[],"uagb_featured_image_src":{"full":["https:\/\/turkishtrade.co\/wp-content\/uploads\/2026\/01\/2600QLOMN00015-BROWN.png",453,250,false],"thumbnail":["https:\/\/turkishtrade.co\/wp-content\/uploads\/2026\/01\/2600QLOMN00015-BROWN-150x150.png",150,150,true],"medium":["https:\/\/turkishtrade.co\/wp-content\/uploads\/2026\/01\/2600QLOMN00015-BROWN-300x166.png",300,166,true],"medium_large":["https:\/\/turkishtrade.co\/wp-content\/uploads\/2026\/01\/2600QLOMN00015-BROWN.png",453,250,false],"large":["https:\/\/turkishtrade.co\/wp-content\/uploads\/2026\/01\/2600QLOMN00015-BROWN.png",453,250,false],"1536x1536":["https:\/\/turkishtrade.co\/wp-content\/uploads\/2026\/01\/2600QLOMN00015-BROWN.png",453,250,false],"2048x2048":["https:\/\/turkishtrade.co\/wp-content\/uploads\/2026\/01\/2600QLOMN00015-BROWN.png",453,250,false],"trp-custom-language-flag":["https:\/\/turkishtrade.co\/wp-content\/uploads\/2026\/01\/2600QLOMN00015-BROWN-18x10.png",18,10,true],"woocommerce_thumbnail":["https:\/\/turkishtrade.co\/wp-content\/uploads\/2026\/01\/2600QLOMN00015-BROWN-400x250.png",400,250,true],"woocommerce_single":["https:\/\/turkishtrade.co\/wp-content\/uploads\/2026\/01\/2600QLOMN00015-BROWN.png",453,250,false],"woocommerce_gallery_thumbnail":["https:\/\/turkishtrade.co\/wp-content\/uploads\/2026\/01\/2600QLOMN00015-BROWN-100x100.png",100,100,true]},"uagb_author_info":{"display_name":"python python","author_link":"https:\/\/turkishtrade.co\/tr\/author\/"},"uagb_comment_info":0,"uagb_excerpt":"Premium calf leather upper for lasting elegance and durability. Luxurious goat leather lining ensures exceptional comfort and breathability. Features a sophisticated classic horse-bit metal detail. Equipped with a lightweight and flexible EVA sole for all-day wear. Available in EU sizes 40, 41, 42, 43, 44. Wholesale opportunities available with a minimum order of 8 pairs.","_links":{"self":[{"href":"https:\/\/turkishtrade.co\/tr\/wp-json\/wp\/v2\/product\/8531","targetHints":{"allow":["GET"]}}],"collection":[{"href":"https:\/\/turkishtrade.co\/tr\/wp-json\/wp\/v2\/product"}],"about":[{"href":"https:\/\/turkishtrade.co\/tr\/wp-json\/wp\/v2\/types\/product"}],"wp:featuredmedia":[{"embeddable":true,"href":"https:\/\/turkishtrade.co\/tr\/wp-json\/wp\/v2\/media\/6770"}],"wp:attachment":[{"href":"https:\/\/turkishtrade.co\/tr\/wp-json\/wp\/v2\/media?parent=8531"}],"wp:term":[{"taxonomy":"product_brand","embeddable":true,"href":"https:\/\/turkishtrade.co\/tr\/wp-json\/wp\/v2\/product_brand?post=8531"},{"taxonomy":"product_cat","embeddable":true,"href":"https:\/\/turkishtrade.co\/tr\/wp-json\/wp\/v2\/product_cat?post=8531"},{"taxonomy":"product_tag","embeddable":true,"href":"https:\/\/turkishtrade.co\/tr\/wp-json\/wp\/v2\/product_tag?post=8531"}],"curies":[{"name":"wp","href":"https:\/\/api.w.org\/{rel}","templated":true}]}}