{"id":8530,"date":"2026-01-29T14:50:50","date_gmt":"2026-01-29T14:50:50","guid":{"rendered":"https:\/\/turkishtrade.co\/?post_type=product&#038;p=8530"},"modified":"2026-04-09T20:22:00","modified_gmt":"2026-04-09T20:22:00","slug":"black-leather-classic-mens-shoes","status":"publish","type":"product","link":"https:\/\/turkishtrade.co\/tr\/shop\/black-leather-classic-mens-shoes\/","title":{"rendered":"Ke\u00e7i Astarl\u0131 Siyah Deri Klasik Erkek Ayakkab\u0131s\u0131 En \u00c7ok Satan |"},"content":{"rendered":"<p><strong>Siyah Deri Klasik Erkek Ayakkab\u0131s\u0131<\/strong>. En \u00c7ok Satan kalite ve tasar\u0131m.<\/p>\n<p>Enfes tasar\u0131m\u0131m\u0131zla benzersiz bir \u015f\u0131kl\u0131\u011fa ve konfora ad\u0131m at\u0131n <strong>Siyah Deri Klasik Erkek Ayakkab\u0131s\u0131<\/strong>. Se\u00e7kin beyefendiler i\u00e7in tasarlanan bu ayakkab\u0131lar, geleneksel i\u015f\u00e7ili\u011fi modern konforla harmanlayarak her sofistike gard\u0131robun temel ta\u015f\u0131 haline geliyor. En iyi dana derisinden \u00fcretilen \u00fcst k\u0131s\u0131m, zengin ve p\u00fcr\u00fczs\u00fcz bir y\u00fczeye sahip olup vampirdeki ince delikli detaylar ve zamans\u0131z bir cazibe yayan se\u00e7kin bir burun ile tamamlanmaktad\u0131r.<\/p>\n<h3>E\u015fsiz Kalite ve Konfor<\/h3>\n<p>Bu ola\u011fan\u00fcst\u00fc binalar\u0131n i\u00e7i <strong>Siyah Deri Klasik Erkek Ayakkab\u0131s\u0131<\/strong> d\u0131\u015f g\u00f6r\u00fcn\u00fc\u015f\u00fc kadar etkileyicidir. Birinci s\u0131n\u0131f ke\u00e7i derisi ile astarlanan bu ayakkab\u0131lar, \u00fcst\u00fcn nefes alabilirlik ve g\u00fcn boyu konfor i\u00e7in aya\u011f\u0131n\u0131za uyum sa\u011flayan yumu\u015fak, eldiven benzeri bir uyum sunar. Ke\u00e7i derisinin do\u011fal \u00f6zellikleri her ad\u0131mda l\u00fcks bir his sa\u011flad\u0131\u011f\u0131 i\u00e7in rahats\u0131zl\u0131\u011fa elveda deyin. Sa\u011flam ancak hafif EVA taban m\u00fckemmel yast\u0131klama ve destek sa\u011flayarak bu ayakkab\u0131y\u0131 <strong>Siyah Deri Klasik Erkek Ayakkab\u0131s\u0131<\/strong> \u0130ster toplant\u0131 odas\u0131nda geziniyor ister \u00f6zel bir etkinli\u011fin tad\u0131n\u0131 \u00e7\u0131kar\u0131yor olun, uzun g\u00fcnler boyunca ayakta kalmak i\u00e7in idealdir.<\/p>\n<h3>Her Durum i\u00e7in \u00c7ok Y\u00f6nl\u00fc Stil<\/h3>\n<p>Bizim <strong>Siyah Deri Klasik Erkek Ayakkab\u0131s\u0131<\/strong> \u00e7ok y\u00f6nl\u00fc ayakkab\u0131lar\u0131n \u00f6z\u00fcd\u00fcr. \u015e\u0131k slip-on tasar\u0131mlar\u0131 rahatl\u0131k sa\u011flarken, klasik estetikleri onlar\u0131 \u00e7ok \u00e7e\u015fitli durumlar i\u00e7in uygun hale getirir. Profesyonel bir g\u00f6r\u00fcn\u00fcm i\u00e7in keskin bir i\u015f tak\u0131m\u0131yla e\u015fle\u015ftirin veya \u015f\u0131k bir g\u00fcndelik kombin i\u00e7in \u00f6zel dikim pantolon ve spor ceketle giydirin. Koyu siyah renk tonu, mevcut gard\u0131robunuza sorunsuz bir \u015fekilde entegre olmas\u0131n\u0131 sa\u011flar ve sonsuz stil olanaklar\u0131 sunar. Resmi toplant\u0131lardan g\u00fcnl\u00fck ofis giyimine kadar bu ayakkab\u0131lar kal\u0131c\u0131 bir etki b\u0131rakmak i\u00e7in tasarland\u0131.<\/p>\n<h3>Toptan Sat\u0131\u015f F\u0131rsat\u0131<\/h3>\n<p>Y\u00fcksek kaliteli ayakkab\u0131lar sunmak isteyen perakendeciler ve i\u015fletmeler i\u00e7in bu <strong>Siyah Deri Klasik Erkek Ayakkab\u0131s\u0131<\/strong> toptan sat\u0131n al\u0131nabilir. Bu pop\u00fcler stili stoklayabilmeniz i\u00e7in minimum 8 \u00e7ift sipari\u015fe ihtiyac\u0131m\u0131z var. M\u00fc\u015fterilerinize, geri gelmelerini sa\u011flayacak l\u00fcks, konfor ve kal\u0131c\u0131 stilin bir kar\u0131\u015f\u0131m\u0131n\u0131 sunun. Titizlikle haz\u0131rlanm\u0131\u015f bu \u00fcr\u00fcnlerimizle envanterinizi y\u00fckseltin. <strong>Siyah Deri Klasik Erkek Ayakkab\u0131s\u0131<\/strong>, kalite ve zamans\u0131z modan\u0131n bir kan\u0131t\u0131d\u0131r.<\/p>","protected":false},"excerpt":{"rendered":"<ul>\n<li>Sofistike dayan\u0131kl\u0131l\u0131k i\u00e7in birinci s\u0131n\u0131f dana derisi saya.<\/li>\n<li>L\u00fcks ke\u00e7i derisi astar ola\u011fan\u00fcst\u00fc konfor ve nefes alabilirlik sa\u011flar.<\/li>\n<li>Zarif burnu ve delikli detaylar\u0131yla zamans\u0131z slip-on tasar\u0131m.<\/li>\n<li>Hafif ve esnek EVA taban g\u00fcn boyu konfor ve g\u00fcvenilir tutu\u015f sa\u011flar.<\/li>\n<li>M\u00fckemmel bir uyum sa\u011flamak i\u00e7in 40-44 erkek bedenleri mevcuttur.<\/li>\n<li>Sipari\u015f ba\u015f\u0131na minimum 8 \u00e7ift ile toptan sipari\u015fler mevcuttur.<\/li>\n<\/ul>","protected":false},"featured_media":6768,"template":"","meta":{"_acf_changed":false,"_uag_custom_page_level_css":"","site-sidebar-layout":"default","site-content-layout":"","ast-site-content-layout":"default","site-content-style":"default","site-sidebar-style":"default","ast-global-header-display":"","ast-banner-title-visibility":"","ast-main-header-display":"","ast-hfb-above-header-display":"","ast-hfb-below-header-display":"","ast-hfb-mobile-header-display":"","site-post-title":"","ast-breadcrumbs-content":"","ast-featured-img":"","footer-sml-layout":"","ast-disable-related-posts":"","theme-transparent-header-meta":"","adv-header-id-meta":"","stick-header-meta":"","header-above-stick-meta":"","header-main-stick-meta":"","header-below-stick-meta":"","astra-migrate-meta-layouts":"default","ast-page-background-enabled":"default","ast-page-background-meta":{"desktop":{"background-color":"var(--ast-global-color-4)","background-image":"","background-repeat":"repeat","background-position":"center center","background-size":"auto","background-attachment":"scroll","background-type":"","background-media":"","overlay-type":"","overlay-color":"","overlay-opacity":"","overlay-gradient":""},"tablet":{"background-color":"","background-image":"","background-repeat":"repeat","background-position":"center center","background-size":"auto","background-attachment":"scroll","background-type":"","background-media":"","overlay-type":"","overlay-color":"","overlay-opacity":"","overlay-gradient":""},"mobile":{"background-color":"","background-image":"","background-repeat":"repeat","background-position":"center center","background-size":"auto","background-attachment":"scroll","background-type":"","background-media":"","overlay-type":"","overlay-color":"","overlay-opacity":"","overlay-gradient":""}},"ast-content-background-meta":{"desktop":{"background-color":"var(--ast-global-color-5)","background-image":"","background-repeat":"repeat","background-position":"center center","background-size":"auto","background-attachment":"scroll","background-type":"","background-media":"","overlay-type":"","overlay-color":"","overlay-opacity":"","overlay-gradient":""},"tablet":{"background-color":"var(--ast-global-color-5)","background-image":"","background-repeat":"repeat","background-position":"center center","background-size":"auto","background-attachment":"scroll","background-type":"","background-media":"","overlay-type":"","overlay-color":"","overlay-opacity":"","overlay-gradient":""},"mobile":{"background-color":"var(--ast-global-color-5)","background-image":"","background-repeat":"repeat","background-position":"center center","background-size":"auto","background-attachment":"scroll","background-type":"","background-media":"","overlay-type":"","overlay-color":"","overlay-opacity":"","overlay-gradient":""}}},"product_brand":[],"product_cat":[47,430,1200],"product_tag":[196,405,202,458,145,438,251,1249,1083,281],"class_list":{"0":"post-8530","1":"product","2":"type-product","3":"status-publish","4":"has-post-thumbnail","6":"product_cat-classic","7":"product_cat-men","8":"product_cat-mens-shoes-2","9":"product_tag-black-leather-shoes","10":"product_tag-business-shoes","11":"product_tag-calf-leather","12":"product_tag-cap-toe-shoes","13":"product_tag-classic-shoes","14":"product_tag-eva-sole","15":"product_tag-formal-shoes","16":"product_tag-goat-lining","17":"product_tag-mens-slip-on","18":"product_tag-wholesale-shoes","19":"desktop-align-center","20":"tablet-align-center","21":"mobile-align-center","23":"first","24":"instock","25":"shipping-taxable","26":"purchasable","27":"product-type-variable","28":"has-default-attributes"},"acf":[],"uagb_featured_image_src":{"full":["https:\/\/turkishtrade.co\/wp-content\/uploads\/2026\/01\/2600QLOMN00014-BLACK.png",453,250,false],"thumbnail":["https:\/\/turkishtrade.co\/wp-content\/uploads\/2026\/01\/2600QLOMN00014-BLACK-150x150.png",150,150,true],"medium":["https:\/\/turkishtrade.co\/wp-content\/uploads\/2026\/01\/2600QLOMN00014-BLACK-300x166.png",300,166,true],"medium_large":["https:\/\/turkishtrade.co\/wp-content\/uploads\/2026\/01\/2600QLOMN00014-BLACK.png",453,250,false],"large":["https:\/\/turkishtrade.co\/wp-content\/uploads\/2026\/01\/2600QLOMN00014-BLACK.png",453,250,false],"1536x1536":["https:\/\/turkishtrade.co\/wp-content\/uploads\/2026\/01\/2600QLOMN00014-BLACK.png",453,250,false],"2048x2048":["https:\/\/turkishtrade.co\/wp-content\/uploads\/2026\/01\/2600QLOMN00014-BLACK.png",453,250,false],"trp-custom-language-flag":["https:\/\/turkishtrade.co\/wp-content\/uploads\/2026\/01\/2600QLOMN00014-BLACK-18x10.png",18,10,true],"woocommerce_thumbnail":["https:\/\/turkishtrade.co\/wp-content\/uploads\/2026\/01\/2600QLOMN00014-BLACK-400x250.png",400,250,true],"woocommerce_single":["https:\/\/turkishtrade.co\/wp-content\/uploads\/2026\/01\/2600QLOMN00014-BLACK.png",453,250,false],"woocommerce_gallery_thumbnail":["https:\/\/turkishtrade.co\/wp-content\/uploads\/2026\/01\/2600QLOMN00014-BLACK-100x100.png",100,100,true]},"uagb_author_info":{"display_name":"python python","author_link":"https:\/\/turkishtrade.co\/tr\/author\/"},"uagb_comment_info":0,"uagb_excerpt":"Premium calf leather upper for sophisticated durability. Luxurious goat leather lining ensures exceptional comfort and breathability. Timeless slip-on design with elegant cap toe and perforated detailing. Lightweight and flexible EVA sole provides all-day comfort and reliable grip. Available in men's sizes 40-44 to ensure a perfect fit. Wholesale orders available with a minimum of 8&hellip;","_links":{"self":[{"href":"https:\/\/turkishtrade.co\/tr\/wp-json\/wp\/v2\/product\/8530","targetHints":{"allow":["GET"]}}],"collection":[{"href":"https:\/\/turkishtrade.co\/tr\/wp-json\/wp\/v2\/product"}],"about":[{"href":"https:\/\/turkishtrade.co\/tr\/wp-json\/wp\/v2\/types\/product"}],"wp:featuredmedia":[{"embeddable":true,"href":"https:\/\/turkishtrade.co\/tr\/wp-json\/wp\/v2\/media\/6768"}],"wp:attachment":[{"href":"https:\/\/turkishtrade.co\/tr\/wp-json\/wp\/v2\/media?parent=8530"}],"wp:term":[{"taxonomy":"product_brand","embeddable":true,"href":"https:\/\/turkishtrade.co\/tr\/wp-json\/wp\/v2\/product_brand?post=8530"},{"taxonomy":"product_cat","embeddable":true,"href":"https:\/\/turkishtrade.co\/tr\/wp-json\/wp\/v2\/product_cat?post=8530"},{"taxonomy":"product_tag","embeddable":true,"href":"https:\/\/turkishtrade.co\/tr\/wp-json\/wp\/v2\/product_tag?post=8530"}],"curies":[{"name":"wp","href":"https:\/\/api.w.org\/{rel}","templated":true}]}}