{"id":8528,"date":"2026-01-29T14:50:50","date_gmt":"2026-01-29T14:50:50","guid":{"rendered":"https:\/\/turkishtrade.co\/?post_type=product&#038;p=8528"},"modified":"2026-04-09T20:22:12","modified_gmt":"2026-04-09T20:22:12","slug":"mens-calf-leather-loafers-13","status":"publish","type":"product","link":"https:\/\/turkishtrade.co\/tr\/shop\/mens-calf-leather-loafers-13\/","title":{"rendered":"Erkek Dana Derisi Loafer'lar Hakiki | Erkek Premium Siyah Dana Derisi"},"content":{"rendered":"<p><strong>Erkek Dana Derisi Loafer<\/strong>. Orijinal kalite ve tasar\u0131m.<\/p>\n<p>Benzersiz konforu ve sofistike stili bizim ile ya\u015fay\u0131n <b>Erkek Premium Siyah Dana Derisi Loafer<\/b>. Modern beyefendiler i\u00e7in titizlikle haz\u0131rlanan bu klasik slip-on ayakkab\u0131lar, zamans\u0131z \u015f\u0131kl\u0131k ve g\u00fcnl\u00fck pratikli\u011fin m\u00fckemmel bir kar\u0131\u015f\u0131m\u0131n\u0131 sunarak gard\u0131robunuzu y\u00fckseltmek i\u00e7in tasarlanm\u0131\u015ft\u0131r. Her bir \u00e7ift, \u00fcst\u00fcn i\u015f\u00e7ilik \u00f6rne\u011fi sergileyerek hem resmi etkinlikler hem de zarif g\u00fcndelik k\u0131yafetler i\u00e7in vazge\u00e7ilmez bir eklenti haline gelir ve d\u0131\u015far\u0131ya g\u00fcvenle ve \u015f\u0131k bir \u015fekilde ad\u0131m atman\u0131z\u0131 sa\u011flar.<\/p>\n<h3>E\u015fsiz Kalite ve \u0130\u015f\u00e7ilik<\/h3>\n<p>Bizim <b>Erkek Dana Derisi Loafer<\/b> l\u00fcks p\u00fcr\u00fczs\u00fcz dokusu, ola\u011fan\u00fcst\u00fc dayan\u0131kl\u0131l\u0131\u011f\u0131 ve zaman i\u00e7inde g\u00fczel bir patina geli\u015ftirme yetene\u011fi ile tan\u0131nan en iyi hakiki dana derisinden \u00fcretilmi\u015ftir. \u015e\u0131k siyah kaplama, \u00f6zel tak\u0131m elbiselerden \u015f\u0131k g\u00fcnl\u00fck pantolonlara kadar \u00e7ok \u00e7e\u015fitli k\u0131yafetlerle zahmetsizce e\u015fle\u015fen \u00e7ok y\u00f6nl\u00fc bir estetik sa\u011flar. \u0130\u00e7 k\u0131s\u0131mda, ayaklar\u0131n\u0131z son derece yumu\u015fak ke\u00e7i derisi astarla sar\u0131l\u0131r. Bu birinci s\u0131n\u0131f astar sadece inan\u0131lmaz derecede rahat olmakla kalmaz, ayn\u0131 zamanda nefes alabilirli\u011fi y\u00fcksektir ve ayaklar\u0131n\u0131z\u0131n en uzun g\u00fcnler boyunca ferah ve rahat kalmas\u0131n\u0131 sa\u011flar. Her diki\u015fte detaylara g\u00f6sterilen titizlik, bu mokasenlerden bekleyebilece\u011finiz \u00fcst\u00fcn kalite hakk\u0131nda \u00e7ok \u015fey anlat\u0131yor.<\/p>\n<h3>EVA Tabanlar ile Konfor Dayan\u0131kl\u0131l\u0131kla Bulu\u015fuyor<\/h3>\n<p>Zarif d\u0131\u015f g\u00f6r\u00fcn\u00fc\u015flerinin \u00f6tesinde, bu <b>Erkek Dana Derisi Loafer<\/b> hafif ancak inan\u0131lmaz derecede esnek bir EVA tabana sahiptir. Bu geli\u015fmi\u015f taban teknolojisi ola\u011fan\u00fcst\u00fc yast\u0131klama ve \u015fok emilimi sa\u011flayarak yorgunlu\u011fu azalt\u0131r ve g\u00fcn boyu rahat bir kullan\u0131m sa\u011flar. Dayan\u0131kl\u0131 EVA malzeme ayn\u0131 zamanda \u00e7e\u015fitli y\u00fczeylerde denge sa\u011flayarak g\u00fcvenilir tutu\u015f sunar. \u0130ster \u015fehrin sokaklar\u0131nda geziniyor ister \u00f6nemli bir i\u015f toplant\u0131s\u0131na kat\u0131l\u0131yor olun, sars\u0131lmaz bir g\u00fcven ve rahatl\u0131kla ad\u0131m atabilirsiniz. Klasik siluet, modern taban teknolojisiyle birle\u015ferek bu loafer'lar\u0131 ger\u00e7ekten \u00e7ok y\u00f6nl\u00fc ve vazge\u00e7ilmez bir gard\u0131rop elyaf\u0131 haline getiriyor.<\/p>\n<h3>Her Durum i\u00e7in \u00c7ok Y\u00f6nl\u00fc Stil<\/h3>\n<p>Bu siyah dana derisi mokasen ayakkab\u0131n\u0131n zamans\u0131z tasar\u0131m\u0131, \u00e7ok \u00e7e\u015fitli durumlar i\u00e7in uygun olmas\u0131n\u0131 sa\u011flar. G\u00f6steri\u015fli ve sofistike bir g\u00f6r\u00fcn\u00fcm arayan i\u015f profesyonelleri i\u00e7in ideal bir se\u00e7im olan bu ayakkab\u0131lar, tak\u0131m elbiseler veya elbise pantolonlarla e\u015fle\u015ftirmek i\u00e7in m\u00fckemmeldir. Daha rahat ama bir o kadar da zarif bir kombin i\u00e7in, chino veya koyu renk denim pantolon ve d\u00fc\u011fmeli g\u00f6mlek ile kombinleyebilirsiniz. Kullan\u0131\u015fl\u0131 slip-on stili, sofistikelikten \u00f6d\u00fcn vermeden zahmetsiz bir \u015f\u0131kl\u0131k sunarak hem moday\u0131 hem de i\u015flevi takdir eden me\u015fgul bireyler i\u00e7in tercih edilen bir se\u00e7enek haline getirir. 40, 41, 42, 43 ve 44 AB bedenlerinden olu\u015fan kapsaml\u0131 bir \u00fcr\u00fcn yelpazesiyle m\u00fckemmel uyumunuzu bulmak \u00e7ok kolay.<\/p>\n<h3>Toptan Sat\u0131\u015f F\u0131rsatlar\u0131<\/h3>\n<p>Y\u00fcksek kaliteli ayakkab\u0131lar sunmak isteyen perakendeciler ve i\u015fletmeler i\u00e7in <b>Erkek Dana Derisi Loafer<\/b> toptan sat\u0131n al\u0131nabilir. Minimum 8 \u00e7iftlik bir sipari\u015fe ihtiyac\u0131m\u0131z var, bu da envanterinizi m\u00fc\u015fterilerinizin bay\u0131laca\u011f\u0131 birinci s\u0131n\u0131f, aranan \u00fcr\u00fcnlerle stoklaman\u0131za olanak tan\u0131r. Klasik zarafeti \u00e7a\u011fda\u015f konfor ve kal\u0131c\u0131 kaliteyle kusursuz bir \u015fekilde birle\u015ftiren ola\u011fan\u00fcst\u00fc ayakkab\u0131lar sunmak i\u00e7in bizimle ortak olun.<\/p>","protected":false},"excerpt":{"rendered":"<ul>\n<li>L\u00fcks bir g\u00f6r\u00fcn\u00fcm ve ola\u011fan\u00fcst\u00fc dayan\u0131kl\u0131l\u0131k i\u00e7in hakiki dana derisinden \u00fcretilmi\u015ftir.<\/li>\n<li>Yumu\u015fak ve nefes alabilen ke\u00e7i derisi astar g\u00fcn boyu \u00fcst\u00fcn konfor sa\u011flar.<\/li>\n<li>Klasik slip-on loafer tasar\u0131m\u0131, hem resmi hem de \u015f\u0131k g\u00fcndelik k\u0131yafetler i\u00e7in m\u00fckemmeldir.<\/li>\n<li>Hafif ve destekleyici EVA taban m\u00fckemmel yast\u0131klama ve kavrama sa\u011flar.<\/li>\n<li>AB bedenlerinde mevcuttur: 40, 41, 42, 43, 44.<\/li>\n<li>Minimum 8 \u00e7ift sipari\u015f ile toptan sat\u0131\u015f imkan\u0131.<\/li>\n<\/ul>","protected":false},"featured_media":6764,"template":"","meta":{"_acf_changed":false,"_uag_custom_page_level_css":"","site-sidebar-layout":"default","site-content-layout":"","ast-site-content-layout":"default","site-content-style":"default","site-sidebar-style":"default","ast-global-header-display":"","ast-banner-title-visibility":"","ast-main-header-display":"","ast-hfb-above-header-display":"","ast-hfb-below-header-display":"","ast-hfb-mobile-header-display":"","site-post-title":"","ast-breadcrumbs-content":"","ast-featured-img":"","footer-sml-layout":"","ast-disable-related-posts":"","theme-transparent-header-meta":"","adv-header-id-meta":"","stick-header-meta":"","header-above-stick-meta":"","header-main-stick-meta":"","header-below-stick-meta":"","astra-migrate-meta-layouts":"default","ast-page-background-enabled":"default","ast-page-background-meta":{"desktop":{"background-color":"var(--ast-global-color-4)","background-image":"","background-repeat":"repeat","background-position":"center center","background-size":"auto","background-attachment":"scroll","background-type":"","background-media":"","overlay-type":"","overlay-color":"","overlay-opacity":"","overlay-gradient":""},"tablet":{"background-color":"","background-image":"","background-repeat":"repeat","background-position":"center center","background-size":"auto","background-attachment":"scroll","background-type":"","background-media":"","overlay-type":"","overlay-color":"","overlay-opacity":"","overlay-gradient":""},"mobile":{"background-color":"","background-image":"","background-repeat":"repeat","background-position":"center center","background-size":"auto","background-attachment":"scroll","background-type":"","background-media":"","overlay-type":"","overlay-color":"","overlay-opacity":"","overlay-gradient":""}},"ast-content-background-meta":{"desktop":{"background-color":"var(--ast-global-color-5)","background-image":"","background-repeat":"repeat","background-position":"center center","background-size":"auto","background-attachment":"scroll","background-type":"","background-media":"","overlay-type":"","overlay-color":"","overlay-opacity":"","overlay-gradient":""},"tablet":{"background-color":"var(--ast-global-color-5)","background-image":"","background-repeat":"repeat","background-position":"center center","background-size":"auto","background-attachment":"scroll","background-type":"","background-media":"","overlay-type":"","overlay-color":"","overlay-opacity":"","overlay-gradient":""},"mobile":{"background-color":"var(--ast-global-color-5)","background-image":"","background-repeat":"repeat","background-position":"center center","background-size":"auto","background-attachment":"scroll","background-type":"","background-media":"","overlay-type":"","overlay-color":"","overlay-opacity":"","overlay-gradient":""}}},"product_brand":[],"product_cat":[47,430,1200],"product_tag":[1422,263,457,438,1423,1258,286,525,977,262],"class_list":{"0":"post-8528","1":"product","2":"type-product","3":"status-publish","4":"has-post-thumbnail","6":"product_cat-classic","7":"product_cat-men","8":"product_cat-mens-shoes-2","9":"product_tag-black-slip-ons","10":"product_tag-calf-leather-loafers","11":"product_tag-classic-loafers","12":"product_tag-eva-sole","13":"product_tag-formal-casual-loafers","14":"product_tag-goat-lined-shoes","15":"product_tag-mens-leather-shoes","16":"product_tag-premium-leather-footwear","17":"product_tag-timeless-style","18":"product_tag-wholesale-mens-shoes","19":"desktop-align-center","20":"tablet-align-center","21":"mobile-align-center","23":"first","24":"instock","25":"shipping-taxable","26":"purchasable","27":"product-type-variable","28":"has-default-attributes"},"acf":[],"uagb_featured_image_src":{"full":["https:\/\/turkishtrade.co\/wp-content\/uploads\/2026\/01\/2600QLOMN00012-BLACK.png",453,250,false],"thumbnail":["https:\/\/turkishtrade.co\/wp-content\/uploads\/2026\/01\/2600QLOMN00012-BLACK-150x150.png",150,150,true],"medium":["https:\/\/turkishtrade.co\/wp-content\/uploads\/2026\/01\/2600QLOMN00012-BLACK-300x166.png",300,166,true],"medium_large":["https:\/\/turkishtrade.co\/wp-content\/uploads\/2026\/01\/2600QLOMN00012-BLACK.png",453,250,false],"large":["https:\/\/turkishtrade.co\/wp-content\/uploads\/2026\/01\/2600QLOMN00012-BLACK.png",453,250,false],"1536x1536":["https:\/\/turkishtrade.co\/wp-content\/uploads\/2026\/01\/2600QLOMN00012-BLACK.png",453,250,false],"2048x2048":["https:\/\/turkishtrade.co\/wp-content\/uploads\/2026\/01\/2600QLOMN00012-BLACK.png",453,250,false],"trp-custom-language-flag":["https:\/\/turkishtrade.co\/wp-content\/uploads\/2026\/01\/2600QLOMN00012-BLACK-18x10.png",18,10,true],"woocommerce_thumbnail":["https:\/\/turkishtrade.co\/wp-content\/uploads\/2026\/01\/2600QLOMN00012-BLACK-400x250.png",400,250,true],"woocommerce_single":["https:\/\/turkishtrade.co\/wp-content\/uploads\/2026\/01\/2600QLOMN00012-BLACK.png",453,250,false],"woocommerce_gallery_thumbnail":["https:\/\/turkishtrade.co\/wp-content\/uploads\/2026\/01\/2600QLOMN00012-BLACK-100x100.png",100,100,true]},"uagb_author_info":{"display_name":"python python","author_link":"https:\/\/turkishtrade.co\/tr\/author\/"},"uagb_comment_info":0,"uagb_excerpt":"Crafted from genuine calf leather for a luxurious look and exceptional durability. Soft and breathable goat leather lining ensures supreme all-day comfort. Classic slip-on loafer design, perfect for both formal and smart-casual attire. Lightweight and supportive EVA sole provides excellent cushioning and grip. Available in EU sizes: 40, 41, 42, 43, 44. Wholesale availability with&hellip;","_links":{"self":[{"href":"https:\/\/turkishtrade.co\/tr\/wp-json\/wp\/v2\/product\/8528","targetHints":{"allow":["GET"]}}],"collection":[{"href":"https:\/\/turkishtrade.co\/tr\/wp-json\/wp\/v2\/product"}],"about":[{"href":"https:\/\/turkishtrade.co\/tr\/wp-json\/wp\/v2\/types\/product"}],"wp:featuredmedia":[{"embeddable":true,"href":"https:\/\/turkishtrade.co\/tr\/wp-json\/wp\/v2\/media\/6764"}],"wp:attachment":[{"href":"https:\/\/turkishtrade.co\/tr\/wp-json\/wp\/v2\/media?parent=8528"}],"wp:term":[{"taxonomy":"product_brand","embeddable":true,"href":"https:\/\/turkishtrade.co\/tr\/wp-json\/wp\/v2\/product_brand?post=8528"},{"taxonomy":"product_cat","embeddable":true,"href":"https:\/\/turkishtrade.co\/tr\/wp-json\/wp\/v2\/product_cat?post=8528"},{"taxonomy":"product_tag","embeddable":true,"href":"https:\/\/turkishtrade.co\/tr\/wp-json\/wp\/v2\/product_tag?post=8528"}],"curies":[{"name":"wp","href":"https:\/\/api.w.org\/{rel}","templated":true}]}}