{"id":8527,"date":"2026-01-29T14:50:50","date_gmt":"2026-01-29T14:50:50","guid":{"rendered":"https:\/\/turkishtrade.co\/?post_type=product&#038;p=8527"},"modified":"2026-04-09T20:22:15","modified_gmt":"2026-04-09T20:22:15","slug":"mens-black-leather-loafers-24","status":"publish","type":"product","link":"https:\/\/turkishtrade.co\/tr\/shop\/mens-black-leather-loafers-24\/","title":{"rendered":"Ke\u00e7i Astarl\u0131 Erkek Siyah Deri Loafer Premium | Premium"},"content":{"rendered":"<p><strong>Erkek Siyah Deri Loafer<\/strong>. \u00dcst\u00fcn kalite ve tasar\u0131m.<\/p>\n<p>Premium Erkek Siyah Deri Loafer'lar\u0131m\u0131zla benzersiz konfora ve sofistike stile ad\u0131m at\u0131n. Bu kusursuz tasar\u0131ml\u0131 ayakkab\u0131lar, hem \u00fcst\u00fcn konfor hem de kal\u0131c\u0131 bir stil sunmak i\u00e7in titizlikle haz\u0131rlanm\u0131\u015f \u015f\u0131kl\u0131\u011f\u0131n \u00f6z\u00fcd\u00fcr. Hakiki inek derisinden \u00fcretilen \u00fcst k\u0131s\u0131m, her k\u0131yafete zarif bir dokunu\u015f katan ince bir dokuya sahiptir. Koyu siyah renk tonu \u00e7ok y\u00f6nl\u00fcl\u00fck sa\u011flayarak bu <b>erkek si\u0307yah deri\u0307 mokasen<\/b> her modern gard\u0131robun vazge\u00e7ilmezi. \u0130ster i\u015f ama\u00e7l\u0131 g\u00fcndelik bir etkinlik i\u00e7in ister hafta sonu gezintisi i\u00e7in giyiniyor olun, bu mokasen ayakkab\u0131lar zahmetsizce uyum sa\u011flar.<\/p>\n<h3>Rakipsiz Konfor ve \u0130\u015f\u00e7ilik<\/h3>\n<p>Bu \u00fcr\u00fcnlerin \u00fcst\u00fcn konforunun s\u0131rr\u0131 <b>erkek si\u0307yah deri\u0307 mokasen<\/b> yap\u0131lar\u0131nda yatmaktad\u0131r. Her bir \u00e7ift, ola\u011fan\u00fcst\u00fc yumu\u015fakl\u0131\u011f\u0131, nefes alabilirli\u011fi ve nem emme \u00f6zellikleriyle bilinen l\u00fcks ke\u00e7i derisi astara sahiptir. Bu, ayaklar\u0131n\u0131z\u0131n g\u00fcn boyunca rahat ve ferah kalmas\u0131n\u0131 sa\u011flar ve uzun s\u00fcreli kullan\u0131mdan sonra bile rahats\u0131zl\u0131\u011f\u0131 \u00f6nler. Detaylara g\u00f6sterilen \u00f6zen, hafif EVA malzemeden \u00fcretilen tabana kadar uzan\u0131r. Bu geli\u015fmi\u015f taban teknolojisi m\u00fckemmel \u015fok emilimi sa\u011flayarak yorgunlu\u011fu azalt\u0131r ve havada y\u00fcr\u00fcmeyi taklit eden esnek bir ad\u0131m sunar. Sa\u011flam yap\u0131, bu ayakkab\u0131y\u0131 garanti eder <b>erkek si\u0307yah deri\u0307 mokasen<\/b> koleksiyonunuza uzun \u00f6m\u00fcrl\u00fc bir katk\u0131 olacakt\u0131r.<\/p>\n<p>Geni\u015f bir tercih yelpazesine hitap eden koleksiyonumuz, 40 ila 44 numara aras\u0131ndaki pop\u00fcler bedenlerde mevcuttur. Klasik ancak \u00e7a\u011fda\u015f tasar\u0131m, bu ayakkab\u0131lar\u0131n g\u00fcnl\u00fck k\u0131yafetlerinize g\u00f6steri\u015fli bir dokunu\u015f katmaktan daha resmi, rahat bir g\u00f6r\u00fcn\u00fcm\u00fc tamamlamaya kadar \u00e7e\u015fitli durumlar i\u00e7in uygun olmas\u0131n\u0131 sa\u011flar. Dayan\u0131kl\u0131 inek derisi, yumu\u015fak ke\u00e7i astar ve destekleyici EVA taban\u0131n birle\u015fimi, bu ayakkab\u0131lar\u0131 sadece ayakkab\u0131 de\u011fil, konfor ve stil i\u00e7in bir yat\u0131r\u0131m haline getiriyor. Bu zarif ayakkab\u0131larla ayakkab\u0131 oyununuzu geli\u015ftirin <b>erkek si\u0307yah deri\u0307 mokasen<\/b> gelene\u011fi modern yeniliklerle harmanl\u0131yor. Birinci s\u0131n\u0131f malzemelerin ve uzman i\u015f\u00e7ili\u011fin yaratt\u0131\u011f\u0131 fark\u0131 deneyimleyin.<\/p>\n<h3>Toptan Bulunabilirlik ve Kalite G\u00fcvencesi<\/h3>\n<p>Perakendeciler ve i\u015fletmeler i\u00e7in bu premium \u00fcr\u00fcnleri sunmaktan gurur duyuyoruz <b>erkek si\u0307yah deri\u0307 mokasen<\/b> toptan al\u0131m i\u00e7in. Minimum sipari\u015f miktar\u0131 sadece 8 \u00e7ift oldu\u011fundan, kalite, stil ve konforu bir araya getiren bu \u00e7ok aranan \u00fcr\u00fcn\u00fc stoklamak kolayd\u0131r. Her bir \u00e7ift, y\u00fcksek standartlar\u0131m\u0131z\u0131 kar\u015f\u0131lad\u0131klar\u0131ndan emin olmak i\u00e7in s\u0131k\u0131 kalite kontrollerinden ge\u00e7erek m\u00fc\u015fteri memnuniyetini garanti eder. Bu \u00e7ok y\u00f6nl\u00fc ayakkab\u0131lar, m\u00fc\u015fterilerine sofistike ve dayan\u0131kl\u0131 ayakkab\u0131 se\u00e7enekleri sunmak isteyen butikler, b\u00fcy\u00fck ma\u011fazalar ve \u00e7evrimi\u00e7i perakendeciler i\u00e7in m\u00fckemmeldir. M\u00fc\u015fterilerinize ayakkab\u0131 modas\u0131n\u0131n en iyilerini sunun ve bu ayakkab\u0131lar\u0131n zamans\u0131z \u00e7ekicili\u011finden ve m\u00fckemmel i\u015f\u00e7ili\u011finden yararlan\u0131n <b>erkek si\u0307yah deri\u0307 mokasen<\/b>.<\/p>","protected":false},"excerpt":{"rendered":"<ul>\n<li>Dayan\u0131kl\u0131l\u0131k ve stil i\u00e7in y\u00fcksek kaliteli inek derisinden \u00fcretilmi\u015ftir.<\/li>\n<li>\u00dcst\u00fcn konfor i\u00e7in yumu\u015fak ve nefes alabilen ke\u00e7i derisi astara sahiptir.<\/li>\n<li>Hafif EVA taban ola\u011fan\u00fcst\u00fc yast\u0131klama ve esneklik sa\u011flar.<\/li>\n<li>\u00c7ok y\u00f6nl\u00fc tasar\u0131m, g\u00fcndelik, loafer veya klasik k\u0131yafetler i\u00e7in m\u00fckemmeldir.<\/li>\n<li>Geni\u015f bir beden yelpazesinde mevcuttur: 40, 41, 42, 43, 44.<\/li>\n<li>Minimum 8 \u00e7ift sipari\u015f ile toptan sat\u0131\u015f f\u0131rsatlar\u0131 mevcuttur.<\/li>\n<\/ul>","protected":false},"featured_media":6763,"template":"","meta":{"_acf_changed":false,"_uag_custom_page_level_css":"","site-sidebar-layout":"default","site-content-layout":"","ast-site-content-layout":"default","site-content-style":"default","site-sidebar-style":"default","ast-global-header-display":"","ast-banner-title-visibility":"","ast-main-header-display":"","ast-hfb-above-header-display":"","ast-hfb-below-header-display":"","ast-hfb-mobile-header-display":"","site-post-title":"","ast-breadcrumbs-content":"","ast-featured-img":"","footer-sml-layout":"","ast-disable-related-posts":"","theme-transparent-header-meta":"","adv-header-id-meta":"","stick-header-meta":"","header-above-stick-meta":"","header-main-stick-meta":"","header-below-stick-meta":"","astra-migrate-meta-layouts":"default","ast-page-background-enabled":"default","ast-page-background-meta":{"desktop":{"background-color":"var(--ast-global-color-4)","background-image":"","background-repeat":"repeat","background-position":"center center","background-size":"auto","background-attachment":"scroll","background-type":"","background-media":"","overlay-type":"","overlay-color":"","overlay-opacity":"","overlay-gradient":""},"tablet":{"background-color":"","background-image":"","background-repeat":"repeat","background-position":"center center","background-size":"auto","background-attachment":"scroll","background-type":"","background-media":"","overlay-type":"","overlay-color":"","overlay-opacity":"","overlay-gradient":""},"mobile":{"background-color":"","background-image":"","background-repeat":"repeat","background-position":"center center","background-size":"auto","background-attachment":"scroll","background-type":"","background-media":"","overlay-type":"","overlay-color":"","overlay-opacity":"","overlay-gradient":""}},"ast-content-background-meta":{"desktop":{"background-color":"var(--ast-global-color-5)","background-image":"","background-repeat":"repeat","background-position":"center center","background-size":"auto","background-attachment":"scroll","background-type":"","background-media":"","overlay-type":"","overlay-color":"","overlay-opacity":"","overlay-gradient":""},"tablet":{"background-color":"var(--ast-global-color-5)","background-image":"","background-repeat":"repeat","background-position":"center center","background-size":"auto","background-attachment":"scroll","background-type":"","background-media":"","overlay-type":"","overlay-color":"","overlay-opacity":"","overlay-gradient":""},"mobile":{"background-color":"var(--ast-global-color-5)","background-image":"","background-repeat":"repeat","background-position":"center center","background-size":"auto","background-attachment":"scroll","background-type":"","background-media":"","overlay-type":"","overlay-color":"","overlay-opacity":"","overlay-gradient":""}}},"product_brand":[],"product_cat":[48,47,49,430,1200],"product_tag":[196,512,145,944,438,1249,198,719,362,281],"class_list":{"0":"post-8527","1":"product","2":"type-product","3":"status-publish","4":"has-post-thumbnail","6":"product_cat-casual","7":"product_cat-classic","8":"product_cat-loafer","9":"product_cat-men","10":"product_cat-mens-shoes-2","11":"product_tag-black-leather-shoes","12":"product_tag-casual-loafers","13":"product_tag-classic-shoes","14":"product_tag-dress-casual","15":"product_tag-eva-sole","16":"product_tag-goat-lining","17":"product_tag-mens-fashion","18":"product_tag-mens-leather-loafers","19":"product_tag-premium-footwear","20":"product_tag-wholesale-shoes","21":"desktop-align-center","22":"tablet-align-center","23":"mobile-align-center","25":"first","26":"instock","27":"shipping-taxable","28":"purchasable","29":"product-type-variable","30":"has-default-attributes"},"acf":[],"uagb_featured_image_src":{"full":["https:\/\/turkishtrade.co\/wp-content\/uploads\/2026\/01\/2600QLOMN00011-BLACK.png",453,250,false],"thumbnail":["https:\/\/turkishtrade.co\/wp-content\/uploads\/2026\/01\/2600QLOMN00011-BLACK-150x150.png",150,150,true],"medium":["https:\/\/turkishtrade.co\/wp-content\/uploads\/2026\/01\/2600QLOMN00011-BLACK-300x166.png",300,166,true],"medium_large":["https:\/\/turkishtrade.co\/wp-content\/uploads\/2026\/01\/2600QLOMN00011-BLACK.png",453,250,false],"large":["https:\/\/turkishtrade.co\/wp-content\/uploads\/2026\/01\/2600QLOMN00011-BLACK.png",453,250,false],"1536x1536":["https:\/\/turkishtrade.co\/wp-content\/uploads\/2026\/01\/2600QLOMN00011-BLACK.png",453,250,false],"2048x2048":["https:\/\/turkishtrade.co\/wp-content\/uploads\/2026\/01\/2600QLOMN00011-BLACK.png",453,250,false],"trp-custom-language-flag":["https:\/\/turkishtrade.co\/wp-content\/uploads\/2026\/01\/2600QLOMN00011-BLACK-18x10.png",18,10,true],"woocommerce_thumbnail":["https:\/\/turkishtrade.co\/wp-content\/uploads\/2026\/01\/2600QLOMN00011-BLACK-400x250.png",400,250,true],"woocommerce_single":["https:\/\/turkishtrade.co\/wp-content\/uploads\/2026\/01\/2600QLOMN00011-BLACK.png",453,250,false],"woocommerce_gallery_thumbnail":["https:\/\/turkishtrade.co\/wp-content\/uploads\/2026\/01\/2600QLOMN00011-BLACK-100x100.png",100,100,true]},"uagb_author_info":{"display_name":"python python","author_link":"https:\/\/turkishtrade.co\/tr\/author\/"},"uagb_comment_info":0,"uagb_excerpt":"Crafted from high-quality cow leather for durability and style. Features a soft and breathable goat leather lining for ultimate comfort. Lightweight EVA sole provides exceptional cushioning and flexibility. Versatile design, perfect for casual, loafer, or classic attire. Available in a wide range of sizes: 40, 41, 42, 43, 44. Wholesale opportunities available with a minimum&hellip;","_links":{"self":[{"href":"https:\/\/turkishtrade.co\/tr\/wp-json\/wp\/v2\/product\/8527","targetHints":{"allow":["GET"]}}],"collection":[{"href":"https:\/\/turkishtrade.co\/tr\/wp-json\/wp\/v2\/product"}],"about":[{"href":"https:\/\/turkishtrade.co\/tr\/wp-json\/wp\/v2\/types\/product"}],"wp:featuredmedia":[{"embeddable":true,"href":"https:\/\/turkishtrade.co\/tr\/wp-json\/wp\/v2\/media\/6763"}],"wp:attachment":[{"href":"https:\/\/turkishtrade.co\/tr\/wp-json\/wp\/v2\/media?parent=8527"}],"wp:term":[{"taxonomy":"product_brand","embeddable":true,"href":"https:\/\/turkishtrade.co\/tr\/wp-json\/wp\/v2\/product_brand?post=8527"},{"taxonomy":"product_cat","embeddable":true,"href":"https:\/\/turkishtrade.co\/tr\/wp-json\/wp\/v2\/product_cat?post=8527"},{"taxonomy":"product_tag","embeddable":true,"href":"https:\/\/turkishtrade.co\/tr\/wp-json\/wp\/v2\/product_tag?post=8527"}],"curies":[{"name":"wp","href":"https:\/\/api.w.org\/{rel}","templated":true}]}}