{"id":8526,"date":"2026-01-29T14:50:50","date_gmt":"2026-01-29T14:50:50","guid":{"rendered":"https:\/\/turkishtrade.co\/?post_type=product&#038;p=8526"},"modified":"2026-04-09T20:22:17","modified_gmt":"2026-04-09T20:22:17","slug":"mens-green-leather-loafer-shoes","status":"publish","type":"product","link":"https:\/\/turkishtrade.co\/tr\/shop\/mens-green-leather-loafer-shoes\/","title":{"rendered":"Erkek Ye\u015fil Deri Loafer Ayakkab\u0131 Premium | Erkek Ye\u015fil Dana Derisi Loafer"},"content":{"rendered":"<p><strong>Erkek Ye\u015fil Deri Loafer Ayakkab\u0131<\/strong>. \u00dcst\u00fcn kalite ve tasar\u0131m.<\/p>\n<p>Enfes \u00fcr\u00fcnlerimizle sofistike konfora ad\u0131m at\u0131n <strong>Erkek Ye\u015fil Deri Loafer Ayakkab\u0131<\/strong>. Hem stile hem de \u00f6ze de\u011fer veren modern erkek i\u00e7in tasarlanan bu mokasen ayakkab\u0131lar, \u00fcst\u00fcn i\u015f\u00e7ili\u011fin ve zamans\u0131z tasar\u0131m\u0131n bir kan\u0131t\u0131d\u0131r. \u0130ster g\u00fcndelik bir gezinti, ister i\u015f ama\u00e7l\u0131 g\u00fcndelik bir etkinlik ya da klasik bir topluluk i\u00e7in giyiniyor olun, bu \u00e7ok y\u00f6nl\u00fc ye\u015fil deri mokasen ayakkab\u0131lar g\u00f6r\u00fcn\u00fcm\u00fcn\u00fcz\u00fc kusursuz bir zarafet dokunu\u015fuyla y\u00fckseltecek. Her ad\u0131mda gelenek ve \u00e7a\u011fda\u015f konforun m\u00fckemmel kar\u0131\u015f\u0131m\u0131n\u0131 deneyimleyin.<\/p>\n<h3>Rakipsiz Kalite: Dana Derisi ve Ke\u00e7i Astar<\/h3>\n<p>Bu istisnai \u00e7al\u0131\u015fmalar\u0131n temeli <strong>Erkek Ye\u015fil Deri Loafer Ayakkab\u0131<\/strong> birinci s\u0131n\u0131f malzemelerinde yatmaktad\u0131r. Her bir \u00e7ift, p\u00fcr\u00fczs\u00fczl\u00fc\u011f\u00fc, dayan\u0131kl\u0131l\u0131\u011f\u0131 ve l\u00fcks hissi ile tan\u0131nan y\u00fcksek kaliteli dana derisinden titizlikle \u00fcretilmi\u015ftir. \u0130\u00e7 k\u0131s\u0131mda, ayaklar\u0131n\u0131z\u0131 yumu\u015fak ve nefes alabilen ke\u00e7i astar sararak benzersiz bir konfor sa\u011flar ve uzun s\u00fcreli kullan\u0131mlarda bile ho\u015f bir deneyim sunar. \u00dcst d\u00fczey derilerin bu kombinasyonu sadece uzun \u00f6m\u00fcrl\u00fcl\u00fc\u011f\u00fc garanti etmekle kalmaz, ayn\u0131 zamanda zaman i\u00e7inde ki\u015fiselle\u015ftirilmi\u015f bir uyum i\u00e7in aya\u011f\u0131n\u0131z\u0131n hatlar\u0131na uyum sa\u011flayarak bu ayakkab\u0131lar\u0131 ayakkab\u0131 koleksiyonunuza vazge\u00e7ilmez bir katk\u0131 haline getirir.<\/p>\n<h3>Konfor i\u00e7in Tasarland\u0131: EVA Taban Avantaj\u0131<\/h3>\n<p>Konfor her \u015feyden \u00f6nemlidir ve <strong>Erkek Ye\u015fil Deri Loafer Ayakkab\u0131<\/strong> t\u00fcm cephelerde teslim. Son teknoloji \u00fcr\u00fcn\u00fc EVA (Etilen-vinil asetat) tabana sahip bu mokasen ayakkab\u0131lar ola\u011fan\u00fcst\u00fc hafiflik ve esneklik sunar. EVA taban, \u00fcst\u00fcn \u015fok emilimi sa\u011flayarak yorgunlu\u011fu azalt\u0131r ve g\u00fcn boyunca yayl\u0131, rahat bir ad\u0131m atman\u0131z\u0131 sa\u011flar. Daha a\u011f\u0131r, geleneksel tabanlardan farkl\u0131 olarak, EVA taban bu mokasenleri inan\u0131lmaz derecede hafif hale getirerek destek veya stilden \u00f6d\u00fcn vermeden zahmetsiz hareket ve t\u00fcm g\u00fcn giyime olanak tan\u0131r. Bu \u00f6zenli tasar\u0131m, bu ayakkab\u0131lar\u0131n sadece \u00e7ekici de\u011fil, ayn\u0131 zamanda inan\u0131lmaz derecede pratik olmas\u0131n\u0131 sa\u011flar.<\/p>\n<h3>Her Durum i\u00e7in \u00c7ok Y\u00f6nl\u00fc Stil<\/h3>\n<p>Bunlar\u0131n zengin ye\u015fil tonu <strong>Erkek Ye\u015fil Deri Loafer Ayakkab\u0131<\/strong> onlar\u0131 farkl\u0131 ama inan\u0131lmaz derecede \u00e7ok y\u00f6nl\u00fc bir se\u00e7im haline getirir. \u00c7e\u015fitli stiller aras\u0131nda sorunsuzca ge\u00e7i\u015f yaparak sofistike g\u00fcnl\u00fck ayakkab\u0131lar veya zarif klasik ayakkab\u0131lar olarak kullan\u0131labilir. Rahat bir hafta sonu g\u00f6r\u00fcn\u00fcm\u00fc i\u00e7in chino pantolonlarla e\u015fle\u015ftirin veya daha rafine bir g\u00f6r\u00fcn\u00fcm i\u00e7in \u00f6zel dikim pantolonlarla giydirin. S\u0131rt k\u0131sm\u0131ndaki ince doku, ayakkab\u0131n\u0131n do\u011fal klasik \u00e7ekicili\u011fini bast\u0131rmadan benzersiz bir karakter kat\u0131yor. Pratik 40, 41, 42, 43 ve 44 AB beden aral\u0131\u011f\u0131nda mevcut olan bu ayakkab\u0131, maksimum konfor ve stil sa\u011flayarak m\u00fckemmel uyumunuzu kolayca bulman\u0131z\u0131 sa\u011flar.<\/p>\n<h3>Toptan Sat\u0131\u015f F\u0131rsatlar\u0131 Mevcut<\/h3>\n<p>M\u00fc\u015fterilerine birinci s\u0131n\u0131f ayakkab\u0131lar sunmak isteyen perakendeciler ve i\u015fletmeler i\u00e7in bu erkek ye\u015fil deri loafer ayakkab\u0131lar toptan sat\u0131n al\u0131nabilir. Minimum 8 \u00e7iftlik bir sipari\u015fe ihtiyac\u0131m\u0131z var, bu da m\u00fc\u015fterileriniz i\u00e7in \u00e7e\u015fitli bedenleri stoklaman\u0131z\u0131 kolayla\u015ft\u0131r\u0131r. Geleneksel i\u015f\u00e7ili\u011fi modern konfor \u00f6zellikleriyle birle\u015ftiren y\u00fcksek kaliteli, \u015f\u0131k erkek ayakkab\u0131lar\u0131na olan talepten yararlan\u0131n. Piyasada \u00f6ne \u00e7\u0131kan ve se\u00e7ici m\u00fc\u015fterilere hitap eden bir \u00fcr\u00fcnle envanterinizi geli\u015ftirin.<\/p>","protected":false},"excerpt":{"rendered":"<ul>\n<li>\u00dcst\u00fcn konfor i\u00e7in yumu\u015fak ke\u00e7i astarl\u0131 birinci s\u0131n\u0131f dana derisinden \u00fcretilmi\u015ftir<\/li>\n<li>T\u00fcm g\u00fcn giyilebilirlik sa\u011flayan hafif ve dayan\u0131kl\u0131 EVA tabana sahiptir<\/li>\n<li>Zarif ye\u015fil tonu ve klasik loafer tasar\u0131m\u0131yla g\u00fcndelik veya smart-casual k\u0131yafetler i\u00e7in uygundur<\/li>\n<li>Kapsaml\u0131 bir AB beden yelpazesinde mevcuttur: 40, 41, 42, 43, 44<\/li>\n<li>Minimum 8 \u00e7ift sat\u0131n alma gereksinimi ile toptan sipari\u015fler kabul edilir<\/li>\n<\/ul>","protected":false},"featured_media":6762,"template":"","meta":{"_acf_changed":false,"_uag_custom_page_level_css":"","site-sidebar-layout":"default","site-content-layout":"","ast-site-content-layout":"default","site-content-style":"default","site-sidebar-style":"default","ast-global-header-display":"","ast-banner-title-visibility":"","ast-main-header-display":"","ast-hfb-above-header-display":"","ast-hfb-below-header-display":"","ast-hfb-mobile-header-display":"","site-post-title":"","ast-breadcrumbs-content":"","ast-featured-img":"","footer-sml-layout":"","ast-disable-related-posts":"","theme-transparent-header-meta":"","adv-header-id-meta":"","stick-header-meta":"","header-above-stick-meta":"","header-main-stick-meta":"","header-below-stick-meta":"","astra-migrate-meta-layouts":"default","ast-page-background-enabled":"default","ast-page-background-meta":{"desktop":{"background-color":"var(--ast-global-color-4)","background-image":"","background-repeat":"repeat","background-position":"center center","background-size":"auto","background-attachment":"scroll","background-type":"","background-media":"","overlay-type":"","overlay-color":"","overlay-opacity":"","overlay-gradient":""},"tablet":{"background-color":"","background-image":"","background-repeat":"repeat","background-position":"center center","background-size":"auto","background-attachment":"scroll","background-type":"","background-media":"","overlay-type":"","overlay-color":"","overlay-opacity":"","overlay-gradient":""},"mobile":{"background-color":"","background-image":"","background-repeat":"repeat","background-position":"center center","background-size":"auto","background-attachment":"scroll","background-type":"","background-media":"","overlay-type":"","overlay-color":"","overlay-opacity":"","overlay-gradient":""}},"ast-content-background-meta":{"desktop":{"background-color":"var(--ast-global-color-5)","background-image":"","background-repeat":"repeat","background-position":"center center","background-size":"auto","background-attachment":"scroll","background-type":"","background-media":"","overlay-type":"","overlay-color":"","overlay-opacity":"","overlay-gradient":""},"tablet":{"background-color":"var(--ast-global-color-5)","background-image":"","background-repeat":"repeat","background-position":"center center","background-size":"auto","background-attachment":"scroll","background-type":"","background-media":"","overlay-type":"","overlay-color":"","overlay-opacity":"","overlay-gradient":""},"mobile":{"background-color":"var(--ast-global-color-5)","background-image":"","background-repeat":"repeat","background-position":"center center","background-size":"auto","background-attachment":"scroll","background-type":"","background-media":"","overlay-type":"","overlay-color":"","overlay-opacity":"","overlay-gradient":""}}},"product_brand":[],"product_cat":[48,47,49,430,1200],"product_tag":[202,449,145,438,1249,1177,227,762,186],"class_list":{"0":"post-8526","1":"product","2":"type-product","3":"status-publish","4":"has-post-thumbnail","6":"product_cat-casual","7":"product_cat-classic","8":"product_cat-loafer","9":"product_cat-men","10":"product_cat-mens-shoes-2","11":"product_tag-calf-leather","12":"product_tag-casual-shoes","13":"product_tag-classic-shoes","14":"product_tag-eva-sole","15":"product_tag-goat-lining","16":"product_tag-green-loafers","17":"product_tag-leather-shoes","18":"product_tag-loafer-shoes","19":"product_tag-mens-loafers","20":"desktop-align-center","21":"tablet-align-center","22":"mobile-align-center","24":"first","25":"instock","26":"shipping-taxable","27":"purchasable","28":"product-type-variable","29":"has-default-attributes"},"acf":[],"uagb_featured_image_src":{"full":["https:\/\/turkishtrade.co\/wp-content\/uploads\/2026\/01\/2600QLOMN00010-GREEN.png",453,250,false],"thumbnail":["https:\/\/turkishtrade.co\/wp-content\/uploads\/2026\/01\/2600QLOMN00010-GREEN-150x150.png",150,150,true],"medium":["https:\/\/turkishtrade.co\/wp-content\/uploads\/2026\/01\/2600QLOMN00010-GREEN-300x166.png",300,166,true],"medium_large":["https:\/\/turkishtrade.co\/wp-content\/uploads\/2026\/01\/2600QLOMN00010-GREEN.png",453,250,false],"large":["https:\/\/turkishtrade.co\/wp-content\/uploads\/2026\/01\/2600QLOMN00010-GREEN.png",453,250,false],"1536x1536":["https:\/\/turkishtrade.co\/wp-content\/uploads\/2026\/01\/2600QLOMN00010-GREEN.png",453,250,false],"2048x2048":["https:\/\/turkishtrade.co\/wp-content\/uploads\/2026\/01\/2600QLOMN00010-GREEN.png",453,250,false],"trp-custom-language-flag":["https:\/\/turkishtrade.co\/wp-content\/uploads\/2026\/01\/2600QLOMN00010-GREEN-18x10.png",18,10,true],"woocommerce_thumbnail":["https:\/\/turkishtrade.co\/wp-content\/uploads\/2026\/01\/2600QLOMN00010-GREEN-400x250.png",400,250,true],"woocommerce_single":["https:\/\/turkishtrade.co\/wp-content\/uploads\/2026\/01\/2600QLOMN00010-GREEN.png",453,250,false],"woocommerce_gallery_thumbnail":["https:\/\/turkishtrade.co\/wp-content\/uploads\/2026\/01\/2600QLOMN00010-GREEN-100x100.png",100,100,true]},"uagb_author_info":{"display_name":"python python","author_link":"https:\/\/turkishtrade.co\/tr\/author\/"},"uagb_comment_info":0,"uagb_excerpt":"Crafted from premium calf leather with a soft goat lining for superior comfort Features a lightweight and durable EVA sole, ensuring all-day wearability Elegant green hue and classic loafer design, suitable for casual or smart-casual outfits Available in a comprehensive range of EU sizes: 40, 41, 42, 43, 44 Wholesale orders welcome, with a minimum&hellip;","_links":{"self":[{"href":"https:\/\/turkishtrade.co\/tr\/wp-json\/wp\/v2\/product\/8526","targetHints":{"allow":["GET"]}}],"collection":[{"href":"https:\/\/turkishtrade.co\/tr\/wp-json\/wp\/v2\/product"}],"about":[{"href":"https:\/\/turkishtrade.co\/tr\/wp-json\/wp\/v2\/types\/product"}],"wp:featuredmedia":[{"embeddable":true,"href":"https:\/\/turkishtrade.co\/tr\/wp-json\/wp\/v2\/media\/6762"}],"wp:attachment":[{"href":"https:\/\/turkishtrade.co\/tr\/wp-json\/wp\/v2\/media?parent=8526"}],"wp:term":[{"taxonomy":"product_brand","embeddable":true,"href":"https:\/\/turkishtrade.co\/tr\/wp-json\/wp\/v2\/product_brand?post=8526"},{"taxonomy":"product_cat","embeddable":true,"href":"https:\/\/turkishtrade.co\/tr\/wp-json\/wp\/v2\/product_cat?post=8526"},{"taxonomy":"product_tag","embeddable":true,"href":"https:\/\/turkishtrade.co\/tr\/wp-json\/wp\/v2\/product_tag?post=8526"}],"curies":[{"name":"wp","href":"https:\/\/api.w.org\/{rel}","templated":true}]}}