{"id":8525,"date":"2026-01-29T14:50:50","date_gmt":"2026-01-29T14:50:50","guid":{"rendered":"https:\/\/turkishtrade.co\/?post_type=product&#038;p=8525"},"modified":"2026-04-09T20:22:20","modified_gmt":"2026-04-09T20:22:20","slug":"mens-classic-calf-leather-loafers-4","status":"publish","type":"product","link":"https:\/\/turkishtrade.co\/tr\/shop\/mens-classic-calf-leather-loafers-4\/","title":{"rendered":"Erkek Klasik Dana Derisi Loafer Incredible | Erkek Klasik Siyah Dana Derisi"},"content":{"rendered":"<p><strong>Erkek Klasik Dana Derisi Loafer<\/strong>. \u0130nan\u0131lmaz kalite ve tasar\u0131m.<\/p>\n<p>Ayakkab\u0131 koleksiyonunuzu se\u00e7kin \u00fcr\u00fcnlerimizle geli\u015ftirin <strong>Erkek Klasik Dana Derisi Loafer<\/strong>, se\u00e7kin beyefendiler i\u00e7in titizlikle \u00fcretilmi\u015ftir. Bu zamans\u0131z slip-on ayakkab\u0131lar, sofistike stili benzersiz konforla harmanlayarak hem resmi hem de \u015f\u0131k g\u00fcnl\u00fck gard\u0131roplar i\u00e7in vazge\u00e7ilmez bir eklenti haline geliyor. Bu birinci s\u0131n\u0131f ayakkab\u0131lar\u0131n her bir \u00e7ifti <strong>Erkek Klasik Dana Derisi Loafer<\/strong> kal\u0131c\u0131 \u015f\u0131kl\u0131k ve giyilebilirlik sa\u011flamak i\u00e7in tasarlanm\u0131\u015f \u00fcst\u00fcn i\u015f\u00e7ili\u011fin bir kan\u0131t\u0131d\u0131r.<\/p>\n<h3>E\u015fsiz Kalite ve Konfor<\/h3>\n<p>Bizim <strong>Erkek Klasik Dana Derisi Loafer<\/strong> p\u00fcr\u00fczs\u00fcz dokusu, dayan\u0131kl\u0131l\u0131\u011f\u0131 ve zarif bir \u015fekilde eskime kabiliyeti ile tan\u0131nan birinci s\u0131n\u0131f dana derisi sayaya sahiptir. Bu \u00fcst d\u00fczey deri sadece l\u00fcks bir estetik sa\u011flamakla kalmaz, ayn\u0131 zamanda zaman i\u00e7inde ki\u015fiselle\u015ftirilmi\u015f bir uyum i\u00e7in aya\u011f\u0131n\u0131za uyum sa\u011flayarak ola\u011fan\u00fcst\u00fc bir esneklik sunar. \u0130\u00e7 k\u0131s\u0131mda, ayaklar\u0131n\u0131z tam ke\u00e7i derisi astar\u0131n ho\u015fg\u00f6r\u00fcl\u00fc yumu\u015fakl\u0131\u011f\u0131n\u0131 deneyimleyecek. Bu do\u011fal, nefes alabilen astar nemi uzakla\u015ft\u0131r\u0131r ve inan\u0131lmaz rahat bir i\u00e7 k\u0131s\u0131m sa\u011flayarak bu klasik mokasen ayakkab\u0131lar\u0131 \u00f6d\u00fcn vermeden t\u00fcm g\u00fcn giymek i\u00e7in m\u00fckemmel hale getirir. L\u00fcks dana derisi ve esnek ke\u00e7i derisinin birle\u015fimi, bu ola\u011fan\u00fcst\u00fc ayakkab\u0131lar i\u00e7in saf bir konfor ve destek ortam\u0131 yarat\u0131r. <strong>Erkek Klasik Dana Derisi Loafer<\/strong>.<\/p>\n<h3>G\u00fcnl\u00fck \u015e\u0131kl\u0131k i\u00e7in Dayan\u0131kl\u0131 Tasar\u0131m<\/h3>\n<p>Sofistike d\u0131\u015f g\u00f6r\u00fcn\u00fcm\u00fcn alt\u0131nda, hafif \u00f6zellikleri, m\u00fckemmel \u015fok emilimi ve uzun s\u00fcreli dayan\u0131kl\u0131l\u0131\u011f\u0131 i\u00e7in se\u00e7ilen sa\u011flam bir EVA taban yatar. Bu modern taban teknolojisi, ayakkab\u0131n\u0131n zarif profilini korurken her ad\u0131mda denge sa\u011flayarak g\u00fcvenilir tutu\u015f ve konfor sunar. \u0130ster \u015fehir sokaklar\u0131nda geziniyor ister bir i\u015f toplant\u0131s\u0131na kat\u0131l\u0131yor olun, bu <strong>Erkek Klasik Dana Derisi Loafer<\/strong> performans g\u00f6stermek ve etkilemek i\u00e7in \u00fcretilmi\u015ftir. 40'tan 44'e kadar pratik bir beden aral\u0131\u011f\u0131nda sunulan klasik dana derisi mokasen ayakkab\u0131lar\u0131m\u0131z aras\u0131nda kendinize en uygun olan\u0131 bulmak \u00e7ok kolay.<\/p>\n<h3>Her Durum i\u00e7in \u00c7ok Y\u00f6nl\u00fc Stil<\/h3>\n<p>Bunlar\u0131n \u00e7ok y\u00f6nl\u00fc tasar\u0131m\u0131 <strong>Erkek Klasik Dana Derisi Loafer<\/strong> onlar\u0131 inan\u0131lmaz derecede uyarlanabilir k\u0131l\u0131yor. Keskin ve profesyonel bir g\u00f6r\u00fcn\u00fcm i\u00e7in \u00f6zel dikim tak\u0131m elbiselerle e\u015fle\u015ftirin ya da zarif bir smart-casual topluluk i\u00e7in chino pantolon ve blazer ceketle giydirin. Zamans\u0131z siyah kaplamas\u0131, geni\u015f bir renk ve stil yelpazesini tamamlamas\u0131n\u0131 sa\u011flayarak gard\u0131robun temel par\u00e7as\u0131 olma stat\u00fcs\u00fcn\u00fc sa\u011flamla\u015ft\u0131r\u0131r. Bu ola\u011fan\u00fcst\u00fc ayakkab\u0131lardan bir \u00e7ift al\u0131n <strong>Erkek Klasik Dana Derisi Loafer<\/strong> ve gelenek ile \u00e7a\u011fda\u015f konforun m\u00fckemmel birle\u015fimini deneyimleyin.<\/p>\n<h3>Premium Ayakkab\u0131lar i\u00e7in Toptan Sat\u0131\u015f F\u0131rsatlar\u0131<\/h3>\n<p>M\u00fc\u015fterilerine birinci s\u0131n\u0131f ayakkab\u0131lar sunmak isteyen i\u015fletmeler i\u00e7in se\u00e7kin <strong>Erkek Klasik Dana Derisi Loafer<\/strong> toptan sat\u0131n al\u0131nabilir. Bu y\u00fcksek talep g\u00f6ren klasik dana derisi mokasenleri stoklaman\u0131za ve m\u00fc\u015fterilerinize ola\u011fan\u00fcst\u00fc kalite sunman\u0131za olanak tan\u0131yan minimum 8 \u00e7ift sipari\u015f istiyoruz. Perakende tekliflerinizi bu se\u00e7kin ayakkab\u0131larla y\u00fckseltin ve memnun ortaklar a\u011f\u0131m\u0131za kat\u0131l\u0131n.<\/p>","protected":false},"excerpt":{"rendered":"<ul>\n<li>\u015e\u0131k bir g\u00f6r\u00fcn\u00fcm i\u00e7in birinci s\u0131n\u0131f dana derisinden \u00fcretilmi\u015ftir.<\/li>\n<li>Ola\u011fan\u00fcst\u00fc konfor i\u00e7in yumu\u015fak ke\u00e7i derisiyle l\u00fcks bir \u015fekilde astarlanm\u0131\u015ft\u0131r.<\/li>\n<li>Hafif ve dayan\u0131kl\u0131 EVA taban ile donat\u0131lm\u0131\u015ft\u0131r.<\/li>\n<li>Zamans\u0131z klasik slip-on loafer tasar\u0131m\u0131.<\/li>\n<li>\u00c7e\u015fitli boyutlarda mevcuttur: 40, 41, 42, 43, 44.<\/li>\n<li>Toptan sat\u0131\u015f f\u0131rsatlar\u0131 mevcuttur (minimum sipari\u015f: 8 \u00e7ift).<\/li>\n<\/ul>","protected":false},"featured_media":6761,"template":"","meta":{"_acf_changed":false,"_uag_custom_page_level_css":"","site-sidebar-layout":"default","site-content-layout":"","ast-site-content-layout":"default","site-content-style":"default","site-sidebar-style":"default","ast-global-header-display":"","ast-banner-title-visibility":"","ast-main-header-display":"","ast-hfb-above-header-display":"","ast-hfb-below-header-display":"","ast-hfb-mobile-header-display":"","site-post-title":"","ast-breadcrumbs-content":"","ast-featured-img":"","footer-sml-layout":"","ast-disable-related-posts":"","theme-transparent-header-meta":"","adv-header-id-meta":"","stick-header-meta":"","header-above-stick-meta":"","header-main-stick-meta":"","header-below-stick-meta":"","astra-migrate-meta-layouts":"default","ast-page-background-enabled":"default","ast-page-background-meta":{"desktop":{"background-color":"var(--ast-global-color-4)","background-image":"","background-repeat":"repeat","background-position":"center center","background-size":"auto","background-attachment":"scroll","background-type":"","background-media":"","overlay-type":"","overlay-color":"","overlay-opacity":"","overlay-gradient":""},"tablet":{"background-color":"","background-image":"","background-repeat":"repeat","background-position":"center center","background-size":"auto","background-attachment":"scroll","background-type":"","background-media":"","overlay-type":"","overlay-color":"","overlay-opacity":"","overlay-gradient":""},"mobile":{"background-color":"","background-image":"","background-repeat":"repeat","background-position":"center center","background-size":"auto","background-attachment":"scroll","background-type":"","background-media":"","overlay-type":"","overlay-color":"","overlay-opacity":"","overlay-gradient":""}},"ast-content-background-meta":{"desktop":{"background-color":"var(--ast-global-color-5)","background-image":"","background-repeat":"repeat","background-position":"center center","background-size":"auto","background-attachment":"scroll","background-type":"","background-media":"","overlay-type":"","overlay-color":"","overlay-opacity":"","overlay-gradient":""},"tablet":{"background-color":"var(--ast-global-color-5)","background-image":"","background-repeat":"repeat","background-position":"center center","background-size":"auto","background-attachment":"scroll","background-type":"","background-media":"","overlay-type":"","overlay-color":"","overlay-opacity":"","overlay-gradient":""},"mobile":{"background-color":"var(--ast-global-color-5)","background-image":"","background-repeat":"repeat","background-position":"center center","background-size":"auto","background-attachment":"scroll","background-type":"","background-media":"","overlay-type":"","overlay-color":"","overlay-opacity":"","overlay-gradient":""}}},"product_brand":[],"product_cat":[47,430,1200],"product_tag":[370,185,754,287,352,556,746,186,280,456],"class_list":{"0":"post-8525","1":"product","2":"type-product","3":"status-publish","4":"has-post-thumbnail","6":"product_cat-classic","7":"product_cat-men","8":"product_cat-mens-shoes-2","9":"product_tag-black-loafers","10":"product_tag-calf-leather-shoes","11":"product_tag-classic-mens-shoes","12":"product_tag-eva-sole-shoes","13":"product_tag-formal-loafers","14":"product_tag-goatskin-lining","15":"product_tag-leather-slip-ons","16":"product_tag-mens-loafers","17":"product_tag-smart-casual-shoes","18":"product_tag-wholesale-loafers","19":"desktop-align-center","20":"tablet-align-center","21":"mobile-align-center","23":"first","24":"instock","25":"shipping-taxable","26":"purchasable","27":"product-type-variable","28":"has-default-attributes"},"acf":[],"uagb_featured_image_src":{"full":["https:\/\/turkishtrade.co\/wp-content\/uploads\/2026\/01\/2600QLOMN00009-BLACK.png",453,250,false],"thumbnail":["https:\/\/turkishtrade.co\/wp-content\/uploads\/2026\/01\/2600QLOMN00009-BLACK-150x150.png",150,150,true],"medium":["https:\/\/turkishtrade.co\/wp-content\/uploads\/2026\/01\/2600QLOMN00009-BLACK-300x166.png",300,166,true],"medium_large":["https:\/\/turkishtrade.co\/wp-content\/uploads\/2026\/01\/2600QLOMN00009-BLACK.png",453,250,false],"large":["https:\/\/turkishtrade.co\/wp-content\/uploads\/2026\/01\/2600QLOMN00009-BLACK.png",453,250,false],"1536x1536":["https:\/\/turkishtrade.co\/wp-content\/uploads\/2026\/01\/2600QLOMN00009-BLACK.png",453,250,false],"2048x2048":["https:\/\/turkishtrade.co\/wp-content\/uploads\/2026\/01\/2600QLOMN00009-BLACK.png",453,250,false],"trp-custom-language-flag":["https:\/\/turkishtrade.co\/wp-content\/uploads\/2026\/01\/2600QLOMN00009-BLACK-18x10.png",18,10,true],"woocommerce_thumbnail":["https:\/\/turkishtrade.co\/wp-content\/uploads\/2026\/01\/2600QLOMN00009-BLACK-400x250.png",400,250,true],"woocommerce_single":["https:\/\/turkishtrade.co\/wp-content\/uploads\/2026\/01\/2600QLOMN00009-BLACK.png",453,250,false],"woocommerce_gallery_thumbnail":["https:\/\/turkishtrade.co\/wp-content\/uploads\/2026\/01\/2600QLOMN00009-BLACK-100x100.png",100,100,true]},"uagb_author_info":{"display_name":"python python","author_link":"https:\/\/turkishtrade.co\/tr\/author\/"},"uagb_comment_info":0,"uagb_excerpt":"Crafted from premium calf leather for a sleek finish. Luxuriously lined with soft goatskin for exceptional comfort. Equipped with a lightweight and durable EVA sole. Timeless classic slip-on loafer design. Available in a range of sizes: 40, 41, 42, 43, 44. Wholesale opportunities available (minimum order: 8 pairs).","_links":{"self":[{"href":"https:\/\/turkishtrade.co\/tr\/wp-json\/wp\/v2\/product\/8525","targetHints":{"allow":["GET"]}}],"collection":[{"href":"https:\/\/turkishtrade.co\/tr\/wp-json\/wp\/v2\/product"}],"about":[{"href":"https:\/\/turkishtrade.co\/tr\/wp-json\/wp\/v2\/types\/product"}],"wp:featuredmedia":[{"embeddable":true,"href":"https:\/\/turkishtrade.co\/tr\/wp-json\/wp\/v2\/media\/6761"}],"wp:attachment":[{"href":"https:\/\/turkishtrade.co\/tr\/wp-json\/wp\/v2\/media?parent=8525"}],"wp:term":[{"taxonomy":"product_brand","embeddable":true,"href":"https:\/\/turkishtrade.co\/tr\/wp-json\/wp\/v2\/product_brand?post=8525"},{"taxonomy":"product_cat","embeddable":true,"href":"https:\/\/turkishtrade.co\/tr\/wp-json\/wp\/v2\/product_cat?post=8525"},{"taxonomy":"product_tag","embeddable":true,"href":"https:\/\/turkishtrade.co\/tr\/wp-json\/wp\/v2\/product_tag?post=8525"}],"curies":[{"name":"wp","href":"https:\/\/api.w.org\/{rel}","templated":true}]}}