{"id":8524,"date":"2026-01-29T14:50:50","date_gmt":"2026-01-29T14:50:50","guid":{"rendered":"https:\/\/turkishtrade.co\/?post_type=product&#038;p=8524"},"modified":"2026-04-09T20:22:23","modified_gmt":"2026-04-09T20:22:23","slug":"mens-burgundy-leather-loafers","status":"publish","type":"product","link":"https:\/\/turkishtrade.co\/tr\/shop\/mens-burgundy-leather-loafers\/","title":{"rendered":"Erkek Bordo Deri Loaferlar Rakipsiz | Erkek Bordo Dana Deri Casual"},"content":{"rendered":"<h3>Premium Erkek Bordo Deri Loafer'lar\u0131m\u0131zla Stilinizi Y\u00fckseltin<\/h3>\n<p>Se\u00e7kin koleksiyonumuzla sofistike ve konforun m\u00fckemmel kar\u0131\u015f\u0131m\u0131n\u0131 ke\u015ffedin <strong>Erkek Bordo Deri Loafer<\/strong>. Modern beyefendiler i\u00e7in tasarlanan bu mokasen ayakkab\u0131lar bir ayakkab\u0131dan \u00e7ok daha fazlas\u0131d\u0131r; rafine bir zevkin ve kaliteye ba\u011fl\u0131l\u0131\u011f\u0131n ifadesidir. En iyi dana derisinden \u00fcretilen zengin bordo tonu, rahat hafta sonu gezilerinden \u015f\u0131k ve rahat i\u015f ortamlar\u0131na kadar say\u0131s\u0131z durum i\u00e7in uygun, ay\u0131rt edici ve \u00e7ok y\u00f6nl\u00fc bir \u00e7ekicilik sunar. Hafif s\u0131k\u0131nt\u0131l\u0131 kaplama, her bir \u00e7iftin sizi di\u011ferlerinden ay\u0131ran benzersiz bir \u00e7ekicili\u011fe sahip olmas\u0131n\u0131 sa\u011flayarak karakter katar.<\/p>\n<p>Bu ola\u011fan\u00fcst\u00fc mokasen ayakkab\u0131n\u0131n \u00f6zenli yap\u0131s\u0131 sayesinde her ad\u0131mda benzersiz bir konfor ya\u015fay\u0131n. \u0130\u00e7 k\u0131sm\u0131 yumu\u015fak, nefes alabilen ke\u00e7i derisiyle titizlikle astarlanm\u0131\u015ft\u0131r, bu da ayaklar\u0131n\u0131z\u0131 l\u00fcks bir konforla sarmakla kalmaz, ayn\u0131 zamanda s\u0131cakl\u0131\u011f\u0131 d\u00fczenlemeye yard\u0131mc\u0131 olarak ayaklar\u0131n\u0131z\u0131n g\u00fcn boyunca ferah kalmas\u0131n\u0131 sa\u011flar. Rahats\u0131zl\u0131\u011fa veda edin ve uzun s\u00fcreli giyilebilirlik i\u00e7in tasarlanm\u0131\u015f bir ayakkab\u0131ya merhaba deyin. Esnek ve hafif EVA taban, m\u00fckemmel \u015fok emilimi ve y\u00fcr\u00fcmeyi ger\u00e7ek bir zevk haline getiren yaylanma hissi sa\u011flayarak bu konforu daha da art\u0131r\u0131r. Bu yenilik\u00e7i taban malzemesi, gereksiz a\u011f\u0131rl\u0131k eklemeden dayan\u0131kl\u0131l\u0131k sa\u011flayarak bu ayakkab\u0131y\u0131 <strong>Erkek Bordo Deri Loafer<\/strong> g\u00fcnl\u00fck kullan\u0131m i\u00e7in ideal bir se\u00e7imdir.<\/p>\n<h3>\u00d6d\u00fcn Vermeyen \u0130\u015f\u00e7ilik ve Tasar\u0131m<\/h3>\n<p>Bu mokasen ayakkab\u0131lar\u0131n her bir \u00e7ifti, her diki\u015finde ve detay\u0131nda kendini g\u00f6steren \u00fcst\u00fcn i\u015f\u00e7ilik sergiler. Klasik slip-on tasar\u0131m, zanaatkar \u00e7ekicili\u011fine katk\u0131da bulunan zamans\u0131z bir \u00f6zellik olan ayak parma\u011f\u0131 etraf\u0131ndaki zarif mokasen diki\u015fiyle zenginle\u015ftirilmi\u015ftir. S\u0131rt k\u0131sm\u0131ndaki ince ama \u015f\u0131k metal toka s\u00fcslemesi, geleneksel loafer sil\u00fcetini m\u00fckemmel bir \u015fekilde tamamlayarak \u00e7a\u011fda\u015f bir dokunu\u015f sa\u011flar. Bunlar sadece ayakkab\u0131 de\u011fildir; dayan\u0131kl\u0131 tasar\u0131m\u0131n ve detaylara g\u00f6sterilen titiz \u00f6zenin bir kan\u0131t\u0131d\u0131r ve gelecek sezonlar boyunca gard\u0131robunuzun de\u011ferli bir par\u00e7as\u0131 olmalar\u0131n\u0131 sa\u011flar. Mevcut bedenler geni\u015f bir yelpazeye hitap eder ve 40, 41, 42, 43 ve 44 bedenler i\u00e7in m\u00fckemmel bir uyum sa\u011flar (Avrupa bedenleri).<\/p>\n<p>\u0130ster ak\u015fam d\u0131\u015far\u0131 \u00e7\u0131karken bir \u00e7ift chino pantolon giyiyor olun, ister en sevdi\u011finiz deniminize \u015f\u0131k bir dokunu\u015f kat\u0131yor olun, bu <strong>Erkek Bordo Deri Loafer<\/strong> inan\u0131lmaz derecede \u00e7ok y\u00f6nl\u00fcd\u00fcr. G\u00fcnl\u00fck kullan\u0131mdan ak\u0131ll\u0131 g\u00fcndelik kullan\u0131ma zahmetsizce ge\u00e7i\u015f yaparlar ve bu da onlar\u0131 her se\u00e7ici erke\u011fin ayakkab\u0131 koleksiyonuna vazge\u00e7ilmez bir katk\u0131 haline getirir. Birinci s\u0131n\u0131f ayakkab\u0131lar sunmak isteyen perakendeciler ve i\u015fletmeler i\u00e7in bu ola\u011fan\u00fcst\u00fc mokasen ayakkab\u0131lar, minimum 8 \u00e7ift sipari\u015fle toptan sat\u0131n al\u0131nabilir. Hem stil hem de i\u00e7erik vaat eden ve m\u00fc\u015fteri memnuniyetini garanti eden bir \u00fcr\u00fcnle envanterinizi y\u00fckseltin. Kaliteye yat\u0131r\u0131m yap\u0131n, stile yat\u0131r\u0131m yap\u0131n ve m\u00fckemmellik hakk\u0131nda \u00e7ok \u015fey s\u00f6yleyen ayakkab\u0131larla kal\u0131c\u0131 bir izlenim b\u0131rak\u0131n.<\/p>","protected":false},"excerpt":{"rendered":"<ul>\n<li>Se\u00e7kin bir g\u00f6r\u00fcn\u00fcm i\u00e7in birinci s\u0131n\u0131f dana derisi saya<\/li>\n<li>Yumu\u015fak, nefes alabilen ke\u00e7i derisi astar g\u00fcn boyu konfor sa\u011flar<\/li>\n<li>Zahmetsiz y\u00fcr\u00fcy\u00fc\u015f i\u00e7in hafif ve esnek EVA taban<\/li>\n<li>Modern toka detayl\u0131 ve mokasen diki\u015fli klasik slip-on tasar\u0131m<\/li>\n<li>G\u00fcnl\u00fck ve yar\u0131 resmi k\u0131yafetlerinizi y\u00fckseltmek i\u00e7in m\u00fckemmeldir<\/li>\n<li>Toptan sipari\u015fler i\u00e7in mevcuttur (minimum 8 \u00e7ift)<\/li>\n<\/ul>","protected":false},"featured_media":6760,"template":"","meta":{"_acf_changed":false,"_uag_custom_page_level_css":"","site-sidebar-layout":"default","site-content-layout":"","ast-site-content-layout":"default","site-content-style":"default","site-sidebar-style":"default","ast-global-header-display":"","ast-banner-title-visibility":"","ast-main-header-display":"","ast-hfb-above-header-display":"","ast-hfb-below-header-display":"","ast-hfb-mobile-header-display":"","site-post-title":"","ast-breadcrumbs-content":"","ast-featured-img":"","footer-sml-layout":"","ast-disable-related-posts":"","theme-transparent-header-meta":"","adv-header-id-meta":"","stick-header-meta":"","header-above-stick-meta":"","header-main-stick-meta":"","header-below-stick-meta":"","astra-migrate-meta-layouts":"default","ast-page-background-enabled":"default","ast-page-background-meta":{"desktop":{"background-color":"var(--ast-global-color-4)","background-image":"","background-repeat":"repeat","background-position":"center center","background-size":"auto","background-attachment":"scroll","background-type":"","background-media":"","overlay-type":"","overlay-color":"","overlay-opacity":"","overlay-gradient":""},"tablet":{"background-color":"","background-image":"","background-repeat":"repeat","background-position":"center center","background-size":"auto","background-attachment":"scroll","background-type":"","background-media":"","overlay-type":"","overlay-color":"","overlay-opacity":"","overlay-gradient":""},"mobile":{"background-color":"","background-image":"","background-repeat":"repeat","background-position":"center center","background-size":"auto","background-attachment":"scroll","background-type":"","background-media":"","overlay-type":"","overlay-color":"","overlay-opacity":"","overlay-gradient":""}},"ast-content-background-meta":{"desktop":{"background-color":"var(--ast-global-color-5)","background-image":"","background-repeat":"repeat","background-position":"center center","background-size":"auto","background-attachment":"scroll","background-type":"","background-media":"","overlay-type":"","overlay-color":"","overlay-opacity":"","overlay-gradient":""},"tablet":{"background-color":"var(--ast-global-color-5)","background-image":"","background-repeat":"repeat","background-position":"center center","background-size":"auto","background-attachment":"scroll","background-type":"","background-media":"","overlay-type":"","overlay-color":"","overlay-opacity":"","overlay-gradient":""},"mobile":{"background-color":"var(--ast-global-color-5)","background-image":"","background-repeat":"repeat","background-position":"center center","background-size":"auto","background-attachment":"scroll","background-type":"","background-media":"","overlay-type":"","overlay-color":"","overlay-opacity":"","overlay-gradient":""}}},"product_brand":[],"product_cat":[48,49,430,1200],"product_tag":[859,185,512,326,1258,1410,244,286,1411,184],"class_list":{"0":"post-8524","1":"product","2":"type-product","3":"status-publish","4":"has-post-thumbnail","6":"product_cat-casual","7":"product_cat-loafer","8":"product_cat-men","9":"product_cat-mens-shoes-2","10":"product_tag-burgundy-loafers","11":"product_tag-calf-leather-shoes","12":"product_tag-casual-loafers","13":"product_tag-eva-sole-loafers","14":"product_tag-goat-lined-shoes","15":"product_tag-mens-burgundy-leather-loafers","16":"product_tag-mens-fashion-loafers","17":"product_tag-mens-leather-shoes","18":"product_tag-moccasin-loafers","19":"product_tag-slip-on-shoes","20":"desktop-align-center","21":"tablet-align-center","22":"mobile-align-center","24":"first","25":"instock","26":"shipping-taxable","27":"purchasable","28":"product-type-variable","29":"has-default-attributes"},"acf":[],"uagb_featured_image_src":{"full":["https:\/\/turkishtrade.co\/wp-content\/uploads\/2026\/01\/2600QLOMN00008-BURGUNDEY.png",453,250,false],"thumbnail":["https:\/\/turkishtrade.co\/wp-content\/uploads\/2026\/01\/2600QLOMN00008-BURGUNDEY-150x150.png",150,150,true],"medium":["https:\/\/turkishtrade.co\/wp-content\/uploads\/2026\/01\/2600QLOMN00008-BURGUNDEY-300x166.png",300,166,true],"medium_large":["https:\/\/turkishtrade.co\/wp-content\/uploads\/2026\/01\/2600QLOMN00008-BURGUNDEY.png",453,250,false],"large":["https:\/\/turkishtrade.co\/wp-content\/uploads\/2026\/01\/2600QLOMN00008-BURGUNDEY.png",453,250,false],"1536x1536":["https:\/\/turkishtrade.co\/wp-content\/uploads\/2026\/01\/2600QLOMN00008-BURGUNDEY.png",453,250,false],"2048x2048":["https:\/\/turkishtrade.co\/wp-content\/uploads\/2026\/01\/2600QLOMN00008-BURGUNDEY.png",453,250,false],"trp-custom-language-flag":["https:\/\/turkishtrade.co\/wp-content\/uploads\/2026\/01\/2600QLOMN00008-BURGUNDEY-18x10.png",18,10,true],"woocommerce_thumbnail":["https:\/\/turkishtrade.co\/wp-content\/uploads\/2026\/01\/2600QLOMN00008-BURGUNDEY-400x250.png",400,250,true],"woocommerce_single":["https:\/\/turkishtrade.co\/wp-content\/uploads\/2026\/01\/2600QLOMN00008-BURGUNDEY.png",453,250,false],"woocommerce_gallery_thumbnail":["https:\/\/turkishtrade.co\/wp-content\/uploads\/2026\/01\/2600QLOMN00008-BURGUNDEY-100x100.png",100,100,true]},"uagb_author_info":{"display_name":"python python","author_link":"https:\/\/turkishtrade.co\/tr\/author\/"},"uagb_comment_info":0,"uagb_excerpt":"Premium calf leather upper for a distinguished look Soft, breathable goat leather lining ensures all-day comfort Lightweight and flexible EVA sole for effortless walking Classic slip-on design with a modern buckle detail and moccasin stitching Perfect for elevating your casual and semi-formal attire Available for wholesale orders (minimum 8 pairs)","_links":{"self":[{"href":"https:\/\/turkishtrade.co\/tr\/wp-json\/wp\/v2\/product\/8524","targetHints":{"allow":["GET"]}}],"collection":[{"href":"https:\/\/turkishtrade.co\/tr\/wp-json\/wp\/v2\/product"}],"about":[{"href":"https:\/\/turkishtrade.co\/tr\/wp-json\/wp\/v2\/types\/product"}],"wp:featuredmedia":[{"embeddable":true,"href":"https:\/\/turkishtrade.co\/tr\/wp-json\/wp\/v2\/media\/6760"}],"wp:attachment":[{"href":"https:\/\/turkishtrade.co\/tr\/wp-json\/wp\/v2\/media?parent=8524"}],"wp:term":[{"taxonomy":"product_brand","embeddable":true,"href":"https:\/\/turkishtrade.co\/tr\/wp-json\/wp\/v2\/product_brand?post=8524"},{"taxonomy":"product_cat","embeddable":true,"href":"https:\/\/turkishtrade.co\/tr\/wp-json\/wp\/v2\/product_cat?post=8524"},{"taxonomy":"product_tag","embeddable":true,"href":"https:\/\/turkishtrade.co\/tr\/wp-json\/wp\/v2\/product_tag?post=8524"}],"curies":[{"name":"wp","href":"https:\/\/api.w.org\/{rel}","templated":true}]}}