{"id":8523,"date":"2026-01-29T14:50:50","date_gmt":"2026-01-29T14:50:50","guid":{"rendered":"https:\/\/turkishtrade.co\/?post_type=product&#038;p=8523"},"modified":"2026-04-09T20:22:26","modified_gmt":"2026-04-09T20:22:26","slug":"mens-black-patent-leather-loafers-5","status":"publish","type":"product","link":"https:\/\/turkishtrade.co\/tr\/shop\/mens-black-patent-leather-loafers-5\/","title":{"rendered":"Erkek Siyah Rugan Loafer \u015e\u0131k Toka Detay\u0131yla \u015ea\u015f\u0131rt\u0131c\u0131 |"},"content":{"rendered":"<p><strong>Erkek Siyah Rugan Loafer<\/strong>. \u0130nan\u0131lmaz kalite ve tasar\u0131m.<\/p>\n<p>Se\u00e7kin tasar\u0131mlar\u0131m\u0131zla resmi \u015f\u0131kl\u0131\u011f\u0131n \u00f6z\u00fcn\u00fc ke\u015ffedin <strong>Erkek Siyah Rugan Loafer<\/strong>. Kusursuz tarz\u0131 ve \u00fcst\u00fcn konforu takdir eden modern beyefendiler i\u00e7in tasarlanan bu mokasen ayakkab\u0131lar, m\u00fckemmel i\u015f\u00e7ili\u011fin bir kan\u0131t\u0131d\u0131r. Bu l\u00fcks ayakkab\u0131lar\u0131n her bir \u00e7ifti <strong>Erkek Siyah Rugan Loafer<\/strong> i\u015f toplant\u0131lar\u0131ndan siyah kravatl\u0131 galalara kadar her etkinlikte kal\u0131c\u0131 bir izlenim b\u0131rakman\u0131z\u0131 sa\u011flamak i\u00e7in titizlikle \u00fcretilmi\u015ftir. \u00c7arp\u0131c\u0131 rugan kaplama \u0131\u015f\u0131\u011f\u0131 g\u00fczel bir \u015fekilde yans\u0131tarak \u015f\u0131k ve g\u00f6steri\u015fli bir g\u00f6r\u00fcn\u00fcm sa\u011flar ve tak\u0131m\u0131n\u0131z\u0131 zahmetsizce y\u00fckseltir.<\/p>\n<h3>Rakipsiz Kalite ve \u0130\u015f\u00e7ilik<\/h3>\n<p>Bu istisnai \u00e7al\u0131\u015fmalar\u0131n merkezinde <strong>Erkek Siyah Rugan Loafer<\/strong> kaliteye olan ba\u011fl\u0131l\u0131k yatmaktad\u0131r. \u00dcst k\u0131s\u0131m, p\u00fcr\u00fczs\u00fcz dokusu, dayan\u0131kl\u0131l\u0131\u011f\u0131 ve y\u00fcksek parlakl\u0131kta rugan kaplamaya sahip olmas\u0131yla tan\u0131nan hakiki Dana Deri'den \u00fcretilmi\u015ftir. Bu birinci s\u0131n\u0131f deri sadece sofistike g\u00f6r\u00fcnmekle kalmaz, ayn\u0131 zamanda uzun s\u00fcreli kullan\u0131m i\u00e7in ola\u011fan\u00fcst\u00fc bir esneklik sunar. D\u0131\u015f y\u00fczeyi tamamlayan i\u00e7 k\u0131s\u0131mda I\u00e7i Ke\u00e7i Astar (Ke\u00e7i Derisi) astar kullan\u0131lm\u0131\u015ft\u0131r. Bu do\u011fal malzeme yumu\u015fakl\u0131\u011f\u0131, nefes alabilirli\u011fi ve nemi emme \u00f6zellikleriyle \u00fcnl\u00fcd\u00fcr ve ayaklar\u0131n\u0131z\u0131n g\u00fcn veya ak\u015fam boyunca rahat ve kuru kalmas\u0131n\u0131 sa\u011flar. Hem estetik \u00e7ekicilikleri hem de i\u015flevsel faydalar\u0131 i\u00e7in se\u00e7ilen malzemelerin l\u00fcks\u00fcn\u00fc ya\u015fay\u0131n.<\/p>\n<h3>Sofistike Tasar\u0131m ve \u00c7ok Y\u00f6nl\u00fcl\u00fck<\/h3>\n<p>Bu klasik mokasen ayakkab\u0131lar zamans\u0131z bir siluete sahiptir ve vampir k\u0131sm\u0131ndaki zarif alt\u0131n tonlu toka detay\u0131yla zenginle\u015ftirilmi\u015ftir. Bu ince ama \u00e7arp\u0131c\u0131 s\u00fcsleme, \u0131smarlama bir cazibe katarak bu ayakkab\u0131lar\u0131 di\u011ferlerinden ay\u0131r\u0131yor. <strong>Erkek Siyah Rugan Loafer<\/strong> s\u0131radan resmi ayakkab\u0131lardan farkl\u0131d\u0131r. Eva Classic Taban, hafif ve esnek bir temel sa\u011flayarak ayakkab\u0131n\u0131n \u015f\u0131k profilinden \u00f6d\u00fcn vermeden m\u00fckemmel kavrama ve \u015fok emilimi sa\u011flar. \u0130ster \u015f\u0131k bir smokinle, ister \u00f6zel dikim bir tak\u0131m elbiseyle, isterse de zarif bir g\u00f6r\u00fcn\u00fcm i\u00e7in \u015f\u0131k g\u00fcndelik k\u0131yafetlerle e\u015fle\u015ftirilsin, bu mokasen ayakkab\u0131lar benzersiz bir \u00e7ok y\u00f6nl\u00fcl\u00fck sunar. D\u00fc\u011f\u00fcnler, galalar, kurumsal etkinlikler veya sofistike bir ayakkab\u0131n\u0131n \u015fart oldu\u011fu her durum i\u00e7in m\u00fckemmel bir se\u00e7imdir. Pratik bir beden aral\u0131\u011f\u0131nda (40, 41, 42, 43, 44 serisi) mevcut oldu\u011fundan, m\u00fckemmel uyumunuzu bulmak kolayd\u0131r.<\/p>\n<h3>Konfor Dayan\u0131kl\u0131l\u0131kla Bulu\u015fuyor<\/h3>\n<p>Estetik her \u015feyden \u00f6nemli olsa da konfor ve dayan\u0131kl\u0131l\u0131k da g\u00f6z ard\u0131 edilmemi\u015ftir. Dana derisi ve ke\u00e7i derisi astar kombinasyonu zamanla aya\u011f\u0131n\u0131za uyum sa\u011flayarak her ad\u0131mda konforu art\u0131ran \u00f6zel bir uyum sa\u011flar. Hafifli\u011fi ve yast\u0131klama \u00f6zellikleriyle bilinen EVA taban, uzun s\u00fcreli kullan\u0131mlarda yorgunlu\u011fu azalt\u0131r. Bunlar <strong>Erkek Siyah Rugan Loafer<\/strong> klasik stil, modern konfor ve kal\u0131c\u0131 kalitenin bir kar\u0131\u015f\u0131m\u0131n\u0131 sunarak uzun \u00f6m\u00fcrl\u00fc olacak \u015fekilde \u00fcretilmi\u015ftir. Sadece gard\u0131robunuzu tamamlamakla kalmay\u0131p ayn\u0131 zamanda y\u0131llarca g\u00fcvenilir performans ve zamans\u0131z \u00e7ekicilik sunan bir \u00e7ifte yat\u0131r\u0131m yap\u0131n.<\/p>\n<p>Birinci s\u0131n\u0131f erkek ayakkab\u0131s\u0131 stoklamak isteyen i\u015fletmeler i\u00e7in bu se\u00e7kin <strong>Erkek Siyah Rugan Loafer<\/strong> minimum 8 \u00e7ift sipari\u015f miktar\u0131 ile toptan sat\u0131n al\u0131nabilir. Hem stil hem de i\u00e7erik vaat eden bir \u00fcr\u00fcnle envanterinizi y\u00fckseltin.<\/p>","protected":false},"excerpt":{"rendered":"<ul>\n<li>\u015e\u0131k ve patentli bir y\u00fczey i\u00e7in birinci s\u0131n\u0131f Dana Deri'den \u00fcretilmi\u015ftir.<\/li>\n<li>\u00dcst\u00fcn konfor ve nefes alabilirlik i\u00e7in I\u00e7i Ke\u00e7i Astar (Ke\u00e7i Derisi) ile l\u00fcks bir \u015fekilde astarlanm\u0131\u015ft\u0131r.<\/li>\n<li>M\u00fckemmel tutu\u015f ve yast\u0131klama i\u00e7in dayan\u0131kl\u0131 ve hafif EVA Klasik Taban ile donat\u0131lm\u0131\u015ft\u0131r.<\/li>\n<li>Sofistike bir dokunu\u015f katan zarif alt\u0131n tonlu toka detay\u0131na sahiptir.<\/li>\n<li>Kapsaml\u0131 bir Avrupa beden yelpazesinde mevcuttur: 40, 41, 42, 43, 44.<\/li>\n<li>Minimum 8 \u00e7ift sipari\u015f ile toptan sat\u0131\u015f f\u0131rsatlar\u0131 mevcuttur.<\/li>\n<\/ul>","protected":false},"featured_media":6759,"template":"","meta":{"_acf_changed":false,"_uag_custom_page_level_css":"","site-sidebar-layout":"default","site-content-layout":"","ast-site-content-layout":"default","site-content-style":"default","site-sidebar-style":"default","ast-global-header-display":"","ast-banner-title-visibility":"","ast-main-header-display":"","ast-hfb-above-header-display":"","ast-hfb-below-header-display":"","ast-hfb-mobile-header-display":"","site-post-title":"","ast-breadcrumbs-content":"","ast-featured-img":"","footer-sml-layout":"","ast-disable-related-posts":"","theme-transparent-header-meta":"","adv-header-id-meta":"","stick-header-meta":"","header-above-stick-meta":"","header-main-stick-meta":"","header-below-stick-meta":"","astra-migrate-meta-layouts":"default","ast-page-background-enabled":"default","ast-page-background-meta":{"desktop":{"background-color":"var(--ast-global-color-4)","background-image":"","background-repeat":"repeat","background-position":"center center","background-size":"auto","background-attachment":"scroll","background-type":"","background-media":"","overlay-type":"","overlay-color":"","overlay-opacity":"","overlay-gradient":""},"tablet":{"background-color":"","background-image":"","background-repeat":"repeat","background-position":"center center","background-size":"auto","background-attachment":"scroll","background-type":"","background-media":"","overlay-type":"","overlay-color":"","overlay-opacity":"","overlay-gradient":""},"mobile":{"background-color":"","background-image":"","background-repeat":"repeat","background-position":"center center","background-size":"auto","background-attachment":"scroll","background-type":"","background-media":"","overlay-type":"","overlay-color":"","overlay-opacity":"","overlay-gradient":""}},"ast-content-background-meta":{"desktop":{"background-color":"var(--ast-global-color-5)","background-image":"","background-repeat":"repeat","background-position":"center center","background-size":"auto","background-attachment":"scroll","background-type":"","background-media":"","overlay-type":"","overlay-color":"","overlay-opacity":"","overlay-gradient":""},"tablet":{"background-color":"var(--ast-global-color-5)","background-image":"","background-repeat":"repeat","background-position":"center center","background-size":"auto","background-attachment":"scroll","background-type":"","background-media":"","overlay-type":"","overlay-color":"","overlay-opacity":"","overlay-gradient":""},"mobile":{"background-color":"var(--ast-global-color-5)","background-image":"","background-repeat":"repeat","background-position":"center center","background-size":"auto","background-attachment":"scroll","background-type":"","background-media":"","overlay-type":"","overlay-color":"","overlay-opacity":"","overlay-gradient":""}}},"product_brand":[],"product_cat":[47,430,1200],"product_tag":[663,315,185,145,737,287,201,189,198,186],"class_list":{"0":"post-8523","1":"product","2":"type-product","3":"status-publish","4":"has-post-thumbnail","6":"product_cat-classic","7":"product_cat-men","8":"product_cat-mens-shoes-2","9":"product_tag-black-patent-leather-shoes","10":"product_tag-buckle-loafers","11":"product_tag-calf-leather-shoes","12":"product_tag-classic-shoes","13":"product_tag-dress-loafers","14":"product_tag-eva-sole-shoes","15":"product_tag-formal-footwear","16":"product_tag-goat-leather-lining","17":"product_tag-mens-fashion","18":"product_tag-mens-loafers","19":"desktop-align-center","20":"tablet-align-center","21":"mobile-align-center","23":"first","24":"instock","25":"shipping-taxable","26":"purchasable","27":"product-type-variable","28":"has-default-attributes"},"acf":[],"uagb_featured_image_src":{"full":["https:\/\/turkishtrade.co\/wp-content\/uploads\/2026\/01\/2600QLOMN00007-BLACK.png",453,250,false],"thumbnail":["https:\/\/turkishtrade.co\/wp-content\/uploads\/2026\/01\/2600QLOMN00007-BLACK-150x150.png",150,150,true],"medium":["https:\/\/turkishtrade.co\/wp-content\/uploads\/2026\/01\/2600QLOMN00007-BLACK-300x166.png",300,166,true],"medium_large":["https:\/\/turkishtrade.co\/wp-content\/uploads\/2026\/01\/2600QLOMN00007-BLACK.png",453,250,false],"large":["https:\/\/turkishtrade.co\/wp-content\/uploads\/2026\/01\/2600QLOMN00007-BLACK.png",453,250,false],"1536x1536":["https:\/\/turkishtrade.co\/wp-content\/uploads\/2026\/01\/2600QLOMN00007-BLACK.png",453,250,false],"2048x2048":["https:\/\/turkishtrade.co\/wp-content\/uploads\/2026\/01\/2600QLOMN00007-BLACK.png",453,250,false],"trp-custom-language-flag":["https:\/\/turkishtrade.co\/wp-content\/uploads\/2026\/01\/2600QLOMN00007-BLACK-18x10.png",18,10,true],"woocommerce_thumbnail":["https:\/\/turkishtrade.co\/wp-content\/uploads\/2026\/01\/2600QLOMN00007-BLACK-400x250.png",400,250,true],"woocommerce_single":["https:\/\/turkishtrade.co\/wp-content\/uploads\/2026\/01\/2600QLOMN00007-BLACK.png",453,250,false],"woocommerce_gallery_thumbnail":["https:\/\/turkishtrade.co\/wp-content\/uploads\/2026\/01\/2600QLOMN00007-BLACK-100x100.png",100,100,true]},"uagb_author_info":{"display_name":"python python","author_link":"https:\/\/turkishtrade.co\/tr\/author\/"},"uagb_comment_info":0,"uagb_excerpt":"Crafted from premium Dana Deri (Calf Leather) for a sleek, patent finish. Luxuriously lined with I\u00e7i Ke\u00e7i Astar (Goat Leather) for ultimate comfort and breathability. Equipped with a durable and lightweight EVA Classic Sole for excellent traction and cushioning. Features an elegant gold-toned buckle detail, adding a touch of sophistication. Available in a comprehensive range&hellip;","_links":{"self":[{"href":"https:\/\/turkishtrade.co\/tr\/wp-json\/wp\/v2\/product\/8523","targetHints":{"allow":["GET"]}}],"collection":[{"href":"https:\/\/turkishtrade.co\/tr\/wp-json\/wp\/v2\/product"}],"about":[{"href":"https:\/\/turkishtrade.co\/tr\/wp-json\/wp\/v2\/types\/product"}],"wp:featuredmedia":[{"embeddable":true,"href":"https:\/\/turkishtrade.co\/tr\/wp-json\/wp\/v2\/media\/6759"}],"wp:attachment":[{"href":"https:\/\/turkishtrade.co\/tr\/wp-json\/wp\/v2\/media?parent=8523"}],"wp:term":[{"taxonomy":"product_brand","embeddable":true,"href":"https:\/\/turkishtrade.co\/tr\/wp-json\/wp\/v2\/product_brand?post=8523"},{"taxonomy":"product_cat","embeddable":true,"href":"https:\/\/turkishtrade.co\/tr\/wp-json\/wp\/v2\/product_cat?post=8523"},{"taxonomy":"product_tag","embeddable":true,"href":"https:\/\/turkishtrade.co\/tr\/wp-json\/wp\/v2\/product_tag?post=8523"}],"curies":[{"name":"wp","href":"https:\/\/api.w.org\/{rel}","templated":true}]}}