{"id":8501,"date":"2026-01-29T14:50:40","date_gmt":"2026-01-29T14:50:40","guid":{"rendered":"https:\/\/turkishtrade.co\/?post_type=product&#038;p=8501"},"modified":"2026-04-09T20:22:37","modified_gmt":"2026-04-09T20:22:37","slug":"mens-black-double-monk-shoes","status":"publish","type":"product","link":"https:\/\/turkishtrade.co\/tr\/shop\/mens-black-double-monk-shoes\/","title":{"rendered":"Erkek Siyah \u00c7ift Monk Ayakkab\u0131 Ultimate | Erkek Klasik Siyah Deri \u00c7ift"},"content":{"rendered":"<p><strong>Erkek Siyah \u00c7ift Monk Ayakkab\u0131<\/strong>. \u00dcst\u00fcn kalite ve tasar\u0131m.<\/p>\n<p>Zarif tasar\u0131m\u0131m\u0131zla zamans\u0131z \u015f\u0131kl\u0131\u011f\u0131n ve modern sofistikeli\u011fin \u00f6z\u00fcn\u00fc ke\u015ffedin <strong>Erkek Siyah \u00c7ift Monk Ayakkab\u0131<\/strong>. En y\u00fcksek kalite ve stil standartlar\u0131n\u0131 kar\u015f\u0131lamak i\u00e7in titizlikle \u00fcretilen bu ayakkab\u0131lar, her se\u00e7kin beyefendinin gard\u0131robunda bulunmas\u0131 gereken bir \u00fcr\u00fcnd\u00fcr. \u015e\u0131k silueti ve kendine \u00f6zg\u00fc \u00e7ift monk kay\u0131\u015fl\u0131 tasar\u0131m\u0131, y\u00fcksek riskli i\u015f toplant\u0131lar\u0131ndan resmi etkinliklere ve sofistike sosyal toplant\u0131lara kadar \u00e7e\u015fitli durumlar i\u00e7in m\u00fckemmel olan bu ayakkab\u0131lar\u0131 \u00e7ok y\u00f6nl\u00fc bir se\u00e7im haline getirir.<\/p>\n<p>Bu premium \u00fcr\u00fcnlerin her bir \u00e7ifti <strong>Erkek Siyah \u00c7ift Monk Ayakkab\u0131<\/strong> Yumu\u015fak dokusu, dayan\u0131kl\u0131l\u0131\u011f\u0131 ve g\u00fczel bir \u015fekilde eskime kabiliyeti ile tan\u0131nan hakiki dana derisinden yap\u0131lm\u0131\u015f bir sayaya sahiptir. \u0130\u00e7 k\u0131sm\u0131 esnek ke\u00e7i derisiyle astarlanm\u0131\u015ft\u0131r ve g\u00fcn boyunca ayaklar\u0131n\u0131z\u0131 saracak benzersiz bir konfor d\u00fczeyi sa\u011flar. Bu l\u00fcks astar, nefes alabilirlik ve p\u00fcr\u00fczs\u00fcz, rahat bir uyum sa\u011flayarak bu ayakkab\u0131lar\u0131 uzun s\u00fcreler boyunca bile giymeyi bir zevk haline getirir. Sa\u011flam ancak esnek taban, hem konfor hem de uzun \u00f6m\u00fcrl\u00fcl\u00fck i\u00e7in tasarlanm\u0131\u015f g\u00fcvenilir tutu\u015f ve destek sa\u011flar.<\/p>\n<h3>Rakipsiz \u0130\u015f\u00e7ilik ve Stil<\/h3>\n<p>\u00dcst\u00fcn i\u015f\u00e7ili\u011fe olan ba\u011fl\u0131l\u0131\u011f\u0131m\u0131z, bu klasik elbise ayakkab\u0131lar\u0131n\u0131n her diki\u015finde ve detay\u0131nda kendini g\u00f6sterir. \u0130ki zarif cilal\u0131 g\u00fcm\u00fc\u015f tokaya sahip \u00e7ift monk kay\u0131\u015f tasar\u0131m\u0131, onlar\u0131 geleneksel ba\u011fc\u0131kl\u0131 ayakkab\u0131lardan ay\u0131ran zarif bir dokunu\u015f sunar. Bu tasar\u0131m sadece sofistike bir estetik katmakla kalmaz, ayn\u0131 zamanda ayarlanabilir ve g\u00fcvenli bir uyum sa\u011flar. \u0130ster keskin bir tak\u0131m elbise, ister \u00f6zel dikim pantolonlar, isterse de \u015f\u0131k ve rahat bir chino pantolon ile e\u015fle\u015ftirilsin, bu <strong>Erkek Siyah \u00c7ift Monk Ayakkab\u0131<\/strong> do\u011fal klaslar\u0131 ve \u015f\u0131kl\u0131klar\u0131yla tak\u0131m\u0131n\u0131z\u0131 y\u00fckseltecek.<\/p>\n<p>40\u201ctan 44\u201de kadar kapsaml\u0131 bir beden yelpazesinde sunulan bu ayakkab\u0131lar, geni\u015f bir ayak yelpazesine m\u00fckemmel uyum sa\u011flamak \u00fczere tasarlanm\u0131\u015ft\u0131r. \"Eva klasik ayakkab\u0131\" tan\u0131mlamas\u0131, zamans\u0131z tasar\u0131mlar\u0131na ve kal\u0131c\u0131 \u00e7ekiciliklerine i\u015faret eder ve y\u0131llarca koleksiyonunuzda temel bir par\u00e7a olarak kalmalar\u0131n\u0131 sa\u011flar. Geleneksel ayakkab\u0131c\u0131l\u0131k sanat\u0131n\u0131 \u00e7a\u011fda\u015f stille birle\u015ftiren, hem hakim bir duru\u015f hem de ola\u011fan\u00fcst\u00fc konfor sunan bir \u00e7ifte yat\u0131r\u0131m yap\u0131n.<\/p>\n<h3>Toptan Sat\u0131\u015f F\u0131rsat\u0131<\/h3>\n<p>Birinci s\u0131n\u0131f ayakkab\u0131lar sunmak isteyen perakendeciler ve i\u015fletmeler i\u00e7in bu zarif <strong>Erkek Siyah \u00c7ift Monk Ayakkab\u0131<\/strong> minimum 8 \u00e7ift sipari\u015f miktar\u0131 ile toptan sat\u0131n al\u0131nabilir. M\u00fc\u015fterilerinize kalite, incelik ve klasik erkek modas\u0131na dair keskin bir anlay\u0131\u015f\u0131 temsil eden bir \u00fcr\u00fcn sunun. Toplu sat\u0131n alma se\u00e7eneklerini g\u00f6r\u00fc\u015fmek ve bu zarif deri ayakkab\u0131lar\u0131 envanterinize eklemek i\u00e7in bug\u00fcn bize ula\u015f\u0131n.<\/p>","protected":false},"excerpt":{"rendered":"<ul>\n<li>Birinci s\u0131n\u0131f dana derisi saya ile el yap\u0131m\u0131<\/li>\n<li>Ola\u011fan\u00fcst\u00fc konfor i\u00e7in l\u00fcks ke\u00e7i derisi i\u00e7 astar<\/li>\n<li>Parlak g\u00fcm\u00fc\u015f tokal\u0131 zarif \u00e7ift monk kay\u0131\u015f tasar\u0131m\u0131na sahiptir<\/li>\n<li>Resmi ve i\u015f ama\u00e7l\u0131 g\u00fcndelik giyim i\u00e7in uygun klasik ve \u00e7ok y\u00f6nl\u00fc stil<\/li>\n<li>\u00c7e\u015fitli ebatlarda mevcuttur: 40, 41, 42, 43, 44<\/li>\n<li>Minimum sipari\u015f miktar\u0131 8 \u00e7ift; toplu al\u0131mlar i\u00e7in toptan sat\u0131\u015f imkan\u0131<\/li>\n<\/ul>","protected":false},"featured_media":6756,"template":"","meta":{"_acf_changed":false,"_uag_custom_page_level_css":"","site-sidebar-layout":"default","site-content-layout":"","ast-site-content-layout":"default","site-content-style":"default","site-sidebar-style":"default","ast-global-header-display":"","ast-banner-title-visibility":"","ast-main-header-display":"","ast-hfb-above-header-display":"","ast-hfb-below-header-display":"","ast-hfb-mobile-header-display":"","site-post-title":"","ast-breadcrumbs-content":"","ast-featured-img":"","footer-sml-layout":"","ast-disable-related-posts":"","theme-transparent-header-meta":"","adv-header-id-meta":"","stick-header-meta":"","header-above-stick-meta":"","header-main-stick-meta":"","header-below-stick-meta":"","astra-migrate-meta-layouts":"default","ast-page-background-enabled":"default","ast-page-background-meta":{"desktop":{"background-color":"var(--ast-global-color-4)","background-image":"","background-repeat":"repeat","background-position":"center center","background-size":"auto","background-attachment":"scroll","background-type":"","background-media":"","overlay-type":"","overlay-color":"","overlay-opacity":"","overlay-gradient":""},"tablet":{"background-color":"","background-image":"","background-repeat":"repeat","background-position":"center center","background-size":"auto","background-attachment":"scroll","background-type":"","background-media":"","overlay-type":"","overlay-color":"","overlay-opacity":"","overlay-gradient":""},"mobile":{"background-color":"","background-image":"","background-repeat":"repeat","background-position":"center center","background-size":"auto","background-attachment":"scroll","background-type":"","background-media":"","overlay-type":"","overlay-color":"","overlay-opacity":"","overlay-gradient":""}},"ast-content-background-meta":{"desktop":{"background-color":"var(--ast-global-color-5)","background-image":"","background-repeat":"repeat","background-position":"center center","background-size":"auto","background-attachment":"scroll","background-type":"","background-media":"","overlay-type":"","overlay-color":"","overlay-opacity":"","overlay-gradient":""},"tablet":{"background-color":"var(--ast-global-color-5)","background-image":"","background-repeat":"repeat","background-position":"center center","background-size":"auto","background-attachment":"scroll","background-type":"","background-media":"","overlay-type":"","overlay-color":"","overlay-opacity":"","overlay-gradient":""},"mobile":{"background-color":"var(--ast-global-color-5)","background-image":"","background-repeat":"repeat","background-position":"center center","background-size":"auto","background-attachment":"scroll","background-type":"","background-media":"","overlay-type":"","overlay-color":"","overlay-opacity":"","overlay-gradient":""}}},"product_brand":[],"product_cat":[47,430,1200],"product_tag":[295,405,202,1333,1421,251,1249,227,281],"class_list":{"0":"post-8501","1":"product","2":"type-product","3":"status-publish","4":"has-post-thumbnail","6":"product_cat-classic","7":"product_cat-men","8":"product_cat-mens-shoes-2","9":"product_tag-black-dress-shoes","10":"product_tag-business-shoes","11":"product_tag-calf-leather","12":"product_tag-classic-monk-shoes","13":"product_tag-double-monk-straps","14":"product_tag-formal-shoes","15":"product_tag-goat-lining","16":"product_tag-leather-shoes","17":"product_tag-wholesale-shoes","18":"desktop-align-center","19":"tablet-align-center","20":"mobile-align-center","22":"first","23":"instock","24":"shipping-taxable","25":"purchasable","26":"product-type-variable","27":"has-default-attributes"},"acf":[],"uagb_featured_image_src":{"full":["https:\/\/turkishtrade.co\/wp-content\/uploads\/2026\/01\/2600QLOMN00005-BLACK.png",453,250,false],"thumbnail":["https:\/\/turkishtrade.co\/wp-content\/uploads\/2026\/01\/2600QLOMN00005-BLACK-150x150.png",150,150,true],"medium":["https:\/\/turkishtrade.co\/wp-content\/uploads\/2026\/01\/2600QLOMN00005-BLACK-300x166.png",300,166,true],"medium_large":["https:\/\/turkishtrade.co\/wp-content\/uploads\/2026\/01\/2600QLOMN00005-BLACK.png",453,250,false],"large":["https:\/\/turkishtrade.co\/wp-content\/uploads\/2026\/01\/2600QLOMN00005-BLACK.png",453,250,false],"1536x1536":["https:\/\/turkishtrade.co\/wp-content\/uploads\/2026\/01\/2600QLOMN00005-BLACK.png",453,250,false],"2048x2048":["https:\/\/turkishtrade.co\/wp-content\/uploads\/2026\/01\/2600QLOMN00005-BLACK.png",453,250,false],"trp-custom-language-flag":["https:\/\/turkishtrade.co\/wp-content\/uploads\/2026\/01\/2600QLOMN00005-BLACK-18x10.png",18,10,true],"woocommerce_thumbnail":["https:\/\/turkishtrade.co\/wp-content\/uploads\/2026\/01\/2600QLOMN00005-BLACK-400x250.png",400,250,true],"woocommerce_single":["https:\/\/turkishtrade.co\/wp-content\/uploads\/2026\/01\/2600QLOMN00005-BLACK.png",453,250,false],"woocommerce_gallery_thumbnail":["https:\/\/turkishtrade.co\/wp-content\/uploads\/2026\/01\/2600QLOMN00005-BLACK-100x100.png",100,100,true]},"uagb_author_info":{"display_name":"python python","author_link":"https:\/\/turkishtrade.co\/tr\/author\/"},"uagb_comment_info":0,"uagb_excerpt":"Handcrafted with premium calf leather upper Luxurious goat leather interior lining for exceptional comfort Features elegant double monk strap design with polished silver buckles Classic and versatile style suitable for formal and business casual wear Available in a range of sizes: 40, 41, 42, 43, 44 Minimum order quantity of 8 pairs; wholesale availability for&hellip;","_links":{"self":[{"href":"https:\/\/turkishtrade.co\/tr\/wp-json\/wp\/v2\/product\/8501","targetHints":{"allow":["GET"]}}],"collection":[{"href":"https:\/\/turkishtrade.co\/tr\/wp-json\/wp\/v2\/product"}],"about":[{"href":"https:\/\/turkishtrade.co\/tr\/wp-json\/wp\/v2\/types\/product"}],"wp:featuredmedia":[{"embeddable":true,"href":"https:\/\/turkishtrade.co\/tr\/wp-json\/wp\/v2\/media\/6756"}],"wp:attachment":[{"href":"https:\/\/turkishtrade.co\/tr\/wp-json\/wp\/v2\/media?parent=8501"}],"wp:term":[{"taxonomy":"product_brand","embeddable":true,"href":"https:\/\/turkishtrade.co\/tr\/wp-json\/wp\/v2\/product_brand?post=8501"},{"taxonomy":"product_cat","embeddable":true,"href":"https:\/\/turkishtrade.co\/tr\/wp-json\/wp\/v2\/product_cat?post=8501"},{"taxonomy":"product_tag","embeddable":true,"href":"https:\/\/turkishtrade.co\/tr\/wp-json\/wp\/v2\/product_tag?post=8501"}],"curies":[{"name":"wp","href":"https:\/\/api.w.org\/{rel}","templated":true}]}}