{"id":8500,"date":"2026-01-29T14:50:40","date_gmt":"2026-01-29T14:50:40","guid":{"rendered":"https:\/\/turkishtrade.co\/?post_type=product&#038;p=8500"},"modified":"2026-04-09T20:22:40","modified_gmt":"2026-04-09T20:22:40","slug":"mustard-yellow-casual-leather-sneakers","status":"publish","type":"product","link":"https:\/\/turkishtrade.co\/tr\/shop\/mustard-yellow-casual-leather-sneakers\/","title":{"rendered":"Hardal Sar\u0131s\u0131 G\u00fcnl\u00fck Deri Spor Ayakkab\u0131 Luxury | Men's Premium"},"content":{"rendered":"<p><strong>Hardal Sar\u0131s\u0131 G\u00fcnl\u00fck Deri Spor Ayakkab\u0131<\/strong>. L\u00fcks kalite ve tasar\u0131m.<\/p>\n<p>Modern tarz\u0131n benzersiz konforla bulu\u015ftu\u011fu bir d\u00fcnyaya ad\u0131m at\u0131n. <strong>Hardal Sar\u0131s\u0131 G\u00fcnl\u00fck Deri Spor Ayakkab\u0131<\/strong>. Se\u00e7ici bireyler i\u00e7in tasarlanan bu spor ayakkab\u0131lar, bir ayakkab\u0131dan \u00e7ok daha fazlas\u0131d\u0131r; her t\u00fcrl\u00fc g\u00fcndelik kombini zahmetsizce y\u00fckselten bir ifade par\u00e7as\u0131d\u0131r. Birinci s\u0131n\u0131f dana derisinden \u00fcretilen \u00fcst k\u0131s\u0131m, zengin, do\u011fal bir dokuya ve g\u00f6ze \u00e7arpan ve uzun s\u00fcreli dayan\u0131kl\u0131l\u0131k vaat eden sofistike bir y\u00fczeye sahiptir. Canl\u0131 hardal sar\u0131s\u0131 tonu, klasik g\u00fcndelik giyime \u00e7a\u011fda\u015f bir dokunu\u015f katarak bu spor ayakkab\u0131lar\u0131n kalabal\u0131ktan s\u0131yr\u0131lmas\u0131n\u0131 sa\u011flar.<\/p>\n<p>Yumu\u015fak ve nefes alabilen ke\u00e7i derisi astar sayesinde her ad\u0131mda ger\u00e7ek l\u00fcks\u00fc ya\u015fay\u0131n. Bu birinci s\u0131n\u0131f i\u00e7 malzeme aya\u011f\u0131n\u0131za nazik\u00e7e uyum sa\u011flayarak ola\u011fan\u00fcst\u00fc d\u00fczeyde konfor sunar ve rahats\u0131zl\u0131\u011f\u0131 \u00f6nler, b\u00f6ylece bu ayakkab\u0131lar\u0131 t\u00fcm g\u00fcn giymek i\u00e7in tercih edersiniz. Hafif ve inan\u0131lmaz derecede esnek EVA taban ile birle\u015fti\u011finde, bu <strong>Hardal Sar\u0131s\u0131 G\u00fcnl\u00fck Deri Spor Ayakkab\u0131<\/strong> \u00fcst\u00fcn yast\u0131klama ve sa\u011flam destek sunar. \u0130ster kalabal\u0131k \u015fehir sokaklar\u0131nda geziniyor olun, ister rahat bir hafta sonu gezintisinin tad\u0131n\u0131 \u00e7\u0131kar\u0131n ya da sadece g\u00fcnl\u00fck i\u015flerinizi yap\u0131n, EVA taban yumu\u015fak bir ad\u0131m atman\u0131z\u0131 sa\u011flar ve ayak yorgunlu\u011funu \u00f6nemli \u00f6l\u00e7\u00fcde azalt\u0131r.<\/p>\n<h3>E\u015fsiz \u00c7ok Y\u00f6nl\u00fcl\u00fck ve Kaliteli \u0130\u015f\u00e7ilik<\/h3>\n<p>Titiz i\u015f\u00e7ilik her diki\u015fte ve ayr\u0131nt\u0131da kendini g\u00f6sterir ve uzun \u00f6m\u00fcrl\u00fc bir \u00fcr\u00fcn sa\u011flayan y\u00fcksek kaliteli ayakkab\u0131c\u0131l\u0131\u011fa olan ba\u011fl\u0131l\u0131\u011f\u0131 yans\u0131t\u0131r. Bu \u00e7ok y\u00f6nl\u00fc <strong>Hardal Sar\u0131s\u0131 G\u00fcnl\u00fck Deri Spor Ayakkab\u0131<\/strong> 40'tan 44'e kadar pratik bir AB beden yelpazesinde mevcuttur, \u00e7ok \u00e7e\u015fitli tercihlere hitap eder ve rahat bir uyum sa\u011flar. Uyarlanabilir tasar\u0131mlar\u0131, \u015f\u0131k bir g\u00fcndelik g\u00f6r\u00fcn\u00fcm i\u00e7in \u00f6zel dikim chino pantolon ve net bir g\u00f6mlekten, zahmetsiz g\u00fcnl\u00fck stil i\u00e7in en sevdi\u011finiz kot pantolon ve sade bir ti\u015f\u00f6rte kadar her \u015feyle e\u015fle\u015ftirmek i\u00e7in idealdir. Birinci s\u0131n\u0131f malzemelere ve uzman yap\u0131ya g\u00fcvenerek esteti\u011finizi y\u00fckseltin ve \u00f6d\u00fcn vermeden konforu kucaklay\u0131n.<\/p>\n<h3>Toptan Sat\u0131\u015f F\u0131rsatlar\u0131 ve Kal\u0131c\u0131 Yat\u0131r\u0131m<\/h3>\n<p>Sadece ola\u011fan\u00fcst\u00fc g\u00f6r\u00fcnmekle kalmay\u0131p ayn\u0131 zamanda kal\u0131c\u0131 kalite ve konfor sunan ayakkab\u0131lara yat\u0131r\u0131m yap\u0131n. Bizim <strong>Hardal Sar\u0131s\u0131 G\u00fcnl\u00fck Deri Spor Ayakkab\u0131<\/strong> dayan\u0131kl\u0131 tasar\u0131m ve \u00e7a\u011fda\u015f modan\u0131n bir kan\u0131t\u0131d\u0131r ve onlar\u0131 her gard\u0131rop i\u00e7in de\u011ferli bir katk\u0131 haline getirir. M\u00fc\u015fterilerine \u00fcst\u00fcn kalite ve farkl\u0131 bir tarz sunmak isteyen i\u015fletmeler i\u00e7in cazip toptan sat\u0131\u015f f\u0131rsatlar\u0131 sunmaktan memnuniyet duyuyoruz. Minimum 8 \u00e7ift sipari\u015fle, bu pop\u00fcler spor ayakkab\u0131lar\u0131 kolayca stoklayabilir ve m\u00fc\u015fterilerinize ola\u011fan\u00fcst\u00fc de\u011fer ve modaya uygun se\u00e7enekler sunabilirsiniz. Sofistike malzemeleri rahat ve modern bir havayla harmanlayan bu olmazsa olmaz ayakkab\u0131lar\u0131 koleksiyonunuza ekleme \u015fans\u0131n\u0131 ka\u00e7\u0131rmay\u0131n.<\/p>","protected":false},"excerpt":{"rendered":"<ul>\n<li>Kal\u0131c\u0131 stil ve esneklik i\u00e7in Premium Dana Derisi Saya<\/li>\n<li>L\u00fcks Ke\u00e7i Derisi Astar, ola\u011fan\u00fcst\u00fc nefes alabilirlik ve konfor sa\u011flar<\/li>\n<li>\u00dcst\u00fcn yast\u0131klama ve g\u00fcn boyu kullan\u0131m i\u00e7in hafif ve esnek EVA Taban<\/li>\n<li>Taze bir g\u00f6r\u00fcn\u00fcm i\u00e7in klasik beyaz ba\u011fc\u0131klara sahip ay\u0131rt edici Hardal Sar\u0131s\u0131 renk tonu<\/li>\n<li>40-44 AB bedenlerinden olu\u015fan kapsaml\u0131 bir \u00fcr\u00fcn yelpazesi mevcuttur<\/li>\n<li>Minimum 8 \u00e7ift sipari\u015f ile toptan sat\u0131\u015f f\u0131rsatlar\u0131 mevcuttur<\/li>\n<\/ul>","protected":false},"featured_media":6755,"template":"","meta":{"_acf_changed":false,"_uag_custom_page_level_css":"","site-sidebar-layout":"default","site-content-layout":"","ast-site-content-layout":"default","site-content-style":"default","site-sidebar-style":"default","ast-global-header-display":"","ast-banner-title-visibility":"","ast-main-header-display":"","ast-hfb-above-header-display":"","ast-hfb-below-header-display":"","ast-hfb-mobile-header-display":"","site-post-title":"","ast-breadcrumbs-content":"","ast-featured-img":"","footer-sml-layout":"","ast-disable-related-posts":"","theme-transparent-header-meta":"","adv-header-id-meta":"","stick-header-meta":"","header-above-stick-meta":"","header-main-stick-meta":"","header-below-stick-meta":"","astra-migrate-meta-layouts":"default","ast-page-background-enabled":"default","ast-page-background-meta":{"desktop":{"background-color":"var(--ast-global-color-4)","background-image":"","background-repeat":"repeat","background-position":"center center","background-size":"auto","background-attachment":"scroll","background-type":"","background-media":"","overlay-type":"","overlay-color":"","overlay-opacity":"","overlay-gradient":""},"tablet":{"background-color":"","background-image":"","background-repeat":"repeat","background-position":"center center","background-size":"auto","background-attachment":"scroll","background-type":"","background-media":"","overlay-type":"","overlay-color":"","overlay-opacity":"","overlay-gradient":""},"mobile":{"background-color":"","background-image":"","background-repeat":"repeat","background-position":"center center","background-size":"auto","background-attachment":"scroll","background-type":"","background-media":"","overlay-type":"","overlay-color":"","overlay-opacity":"","overlay-gradient":""}},"ast-content-background-meta":{"desktop":{"background-color":"var(--ast-global-color-5)","background-image":"","background-repeat":"repeat","background-position":"center center","background-size":"auto","background-attachment":"scroll","background-type":"","background-media":"","overlay-type":"","overlay-color":"","overlay-opacity":"","overlay-gradient":""},"tablet":{"background-color":"var(--ast-global-color-5)","background-image":"","background-repeat":"repeat","background-position":"center center","background-size":"auto","background-attachment":"scroll","background-type":"","background-media":"","overlay-type":"","overlay-color":"","overlay-opacity":"","overlay-gradient":""},"mobile":{"background-color":"var(--ast-global-color-5)","background-image":"","background-repeat":"repeat","background-position":"center center","background-size":"auto","background-attachment":"scroll","background-type":"","background-media":"","overlay-type":"","overlay-color":"","overlay-opacity":"","overlay-gradient":""}}},"product_brand":[],"product_cat":[48,430,1200,50],"product_tag":[185,290,1418,303,189,1414,1413,1416,1415,1417],"class_list":{"0":"post-8500","1":"product","2":"type-product","3":"status-publish","4":"has-post-thumbnail","6":"product_cat-casual","7":"product_cat-men","8":"product_cat-mens-shoes-2","9":"product_cat-sneakers","10":"product_tag-calf-leather-shoes","11":"product_tag-comfortable-mens-shoes","12":"product_tag-eu-size-40-44-sneakers","13":"product_tag-eva-sole-footwear","14":"product_tag-goat-leather-lining","15":"product_tag-mens-yellow-sneakers","16":"product_tag-mustard-yellow-casual-leather-sneakers","17":"product_tag-premium-mens-sneakers","18":"product_tag-stylish-casual-shoes","19":"product_tag-wholesale-leather-footwear","20":"desktop-align-center","21":"tablet-align-center","22":"mobile-align-center","24":"first","25":"instock","26":"shipping-taxable","27":"purchasable","28":"product-type-variable","29":"has-default-attributes"},"acf":[],"uagb_featured_image_src":{"full":["https:\/\/turkishtrade.co\/wp-content\/uploads\/2026\/01\/2600QLOMN00004-YELLOW.png",453,250,false],"thumbnail":["https:\/\/turkishtrade.co\/wp-content\/uploads\/2026\/01\/2600QLOMN00004-YELLOW-150x150.png",150,150,true],"medium":["https:\/\/turkishtrade.co\/wp-content\/uploads\/2026\/01\/2600QLOMN00004-YELLOW-300x166.png",300,166,true],"medium_large":["https:\/\/turkishtrade.co\/wp-content\/uploads\/2026\/01\/2600QLOMN00004-YELLOW.png",453,250,false],"large":["https:\/\/turkishtrade.co\/wp-content\/uploads\/2026\/01\/2600QLOMN00004-YELLOW.png",453,250,false],"1536x1536":["https:\/\/turkishtrade.co\/wp-content\/uploads\/2026\/01\/2600QLOMN00004-YELLOW.png",453,250,false],"2048x2048":["https:\/\/turkishtrade.co\/wp-content\/uploads\/2026\/01\/2600QLOMN00004-YELLOW.png",453,250,false],"trp-custom-language-flag":["https:\/\/turkishtrade.co\/wp-content\/uploads\/2026\/01\/2600QLOMN00004-YELLOW-18x10.png",18,10,true],"woocommerce_thumbnail":["https:\/\/turkishtrade.co\/wp-content\/uploads\/2026\/01\/2600QLOMN00004-YELLOW-400x250.png",400,250,true],"woocommerce_single":["https:\/\/turkishtrade.co\/wp-content\/uploads\/2026\/01\/2600QLOMN00004-YELLOW.png",453,250,false],"woocommerce_gallery_thumbnail":["https:\/\/turkishtrade.co\/wp-content\/uploads\/2026\/01\/2600QLOMN00004-YELLOW-100x100.png",100,100,true]},"uagb_author_info":{"display_name":"python python","author_link":"https:\/\/turkishtrade.co\/tr\/author\/"},"uagb_comment_info":0,"uagb_excerpt":"Premium Calf Leather Upper for enduring style and resilience Luxurious Goat Leather Lining ensures exceptional breathability and comfort Lightweight and flexible EVA Sole for superior cushioning and all-day wear Distinctive Mustard Yellow hue with classic white laces for a fresh look Available in a comprehensive range of EU sizes 40-44 Wholesale opportunities available with a&hellip;","_links":{"self":[{"href":"https:\/\/turkishtrade.co\/tr\/wp-json\/wp\/v2\/product\/8500","targetHints":{"allow":["GET"]}}],"collection":[{"href":"https:\/\/turkishtrade.co\/tr\/wp-json\/wp\/v2\/product"}],"about":[{"href":"https:\/\/turkishtrade.co\/tr\/wp-json\/wp\/v2\/types\/product"}],"wp:featuredmedia":[{"embeddable":true,"href":"https:\/\/turkishtrade.co\/tr\/wp-json\/wp\/v2\/media\/6755"}],"wp:attachment":[{"href":"https:\/\/turkishtrade.co\/tr\/wp-json\/wp\/v2\/media?parent=8500"}],"wp:term":[{"taxonomy":"product_brand","embeddable":true,"href":"https:\/\/turkishtrade.co\/tr\/wp-json\/wp\/v2\/product_brand?post=8500"},{"taxonomy":"product_cat","embeddable":true,"href":"https:\/\/turkishtrade.co\/tr\/wp-json\/wp\/v2\/product_cat?post=8500"},{"taxonomy":"product_tag","embeddable":true,"href":"https:\/\/turkishtrade.co\/tr\/wp-json\/wp\/v2\/product_tag?post=8500"}],"curies":[{"name":"wp","href":"https:\/\/api.w.org\/{rel}","templated":true}]}}