{"id":8499,"date":"2026-01-29T14:50:40","date_gmt":"2026-01-29T14:50:40","guid":{"rendered":"https:\/\/turkishtrade.co\/?post_type=product&#038;p=8499"},"modified":"2026-04-09T20:22:43","modified_gmt":"2026-04-09T20:22:43","slug":"mens-calf-leather-sneaker","status":"publish","type":"product","link":"https:\/\/turkishtrade.co\/tr\/shop\/mens-calf-leather-sneaker\/","title":{"rendered":"Erkek Dana Derisi Spor Ayakkab\u0131 L\u00fcks | Erkek Premium Dana Derisi G\u00fcnl\u00fck"},"content":{"rendered":"<p>Enfes ayakkab\u0131lar\u0131m\u0131zla ayakkab\u0131 oyununuzu h\u0131zland\u0131r\u0131n <strong>Erkek Buza\u011f\u0131 Derisi Spor Ayakkab\u0131<\/strong>, hem stil hem de konfora de\u011fer veren se\u00e7ici bireyler i\u00e7in tasarlanm\u0131\u015ft\u0131r. Bu birinci s\u0131n\u0131f g\u00fcnl\u00fck spor ayakkab\u0131, bir ayakkab\u0131dan \u00e7ok daha fazlas\u0131d\u0131r; rafine bir zevkin ve \u00fcst\u00fcn i\u015f\u00e7ili\u011fin ifadesidir. Hafta sonu gezilerinden \u015f\u0131k ve rahat ofis ortamlar\u0131na kadar say\u0131s\u0131z durum i\u00e7in m\u00fckemmel olan bu <strong>Erkek Buza\u011f\u0131 Derisi Spor Ayakkab\u0131<\/strong> her modern gard\u0131ropta \u00e7ok y\u00f6nl\u00fc bir elyaf olmay\u0131 vaat ediyor. Zamans\u0131z tasar\u0131m\u0131, sezondan sezona modas\u0131n\u0131 korumas\u0131n\u0131 sa\u011flayarak koleksiyonunuz i\u00e7in ak\u0131ll\u0131 bir yat\u0131r\u0131m haline getirir.<\/p>\n<h3>E\u015fsiz Kalite ve Konfor<\/h3>\n<p>Kaliteye olan ba\u011fl\u0131l\u0131\u011f\u0131m\u0131z malzemelerle ba\u015flar. Bu istisnai modelin \u00fcst k\u0131sm\u0131 <strong>Erkek Buza\u011f\u0131 Derisi Spor Ayakkab\u0131<\/strong> y\u00fcksek kaliteli hakiki dana derisinden titizlikle \u00fcretilmi\u015ftir. Bu malzeme se\u00e7imi sadece l\u00fcks ve p\u00fcr\u00fczs\u00fcz bir g\u00f6r\u00fcn\u00fcm kazand\u0131rmakla kalmaz, ayn\u0131 zamanda ola\u011fan\u00fcst\u00fc bir dayan\u0131kl\u0131l\u0131k ve sofistike bir estetik sunar. Deri \u00fczerinde, do\u011fal a\u00e7\u0131k kahverengi\/tan tonuna derinlik ve karakter katan ince ve zarif bir dokulu desen fark edeceksiniz. Bu karma\u015f\u0131k detay, spor ayakkab\u0131y\u0131 s\u0131radan g\u00fcndelik ayakkab\u0131lar\u0131n \u00f6tesine ta\u015f\u0131yarak benzersiz bir sanat dokunu\u015fu sa\u011flar.<\/p>\n<p>Son derece yumu\u015fak ke\u00e7i derisi astar sayesinde her ad\u0131mda benzersiz bir konfor ya\u015fay\u0131n. Sentetik alternatiflerin aksine ke\u00e7i derisi inan\u0131lmaz yumu\u015fakl\u0131\u011f\u0131, nefes alabilirli\u011fi ve nemi emme \u00f6zellikleriyle bilinir ve ayaklar\u0131n\u0131z\u0131n g\u00fcn boyunca rahat ve ferah kalmas\u0131n\u0131 sa\u011flar. Bu birinci s\u0131n\u0131f astar aya\u011f\u0131n\u0131z\u0131 sarar ve yaln\u0131zca do\u011fal malzemelerin sunabilece\u011fi \u0131smarlama bir his sa\u011flar. Bunu tamamlayan hafif EVA taban, m\u00fckemmel yast\u0131klama ve destek sa\u011flayarak darbeyi emer ve duyarl\u0131 bir his verir. \u00dcst\u00fcn malzemelerin bu kombinasyonu, bu spor ayakkab\u0131y\u0131 uzun s\u00fcreler boyunca bile giymeyi mutlak bir keyif haline getirir.<\/p>\n<h3>\u00c7ok Y\u00f6nl\u00fc Stil ve Toptan Bulunabilirlik<\/h3>\n<p>Klasik ba\u011fc\u0131kl\u0131 tasar\u0131m, zarif taba rengiyle birle\u015fti\u011finde bu erkek spor ayakkab\u0131s\u0131n\u0131 inan\u0131lmaz derecede uyarlanabilir hale getirir. \u0130ster sofistike bir g\u00f6r\u00fcn\u00fcm i\u00e7in \u00f6zel dikim chino pantolonlarla, ister rahat bir hafta sonu havas\u0131 i\u00e7in favori kot pantolonlar\u0131n\u0131zla e\u015fle\u015ftirin, bu spor ayakkab\u0131lar zahmetsizce kombininizi g\u00fczelle\u015ftirecektir. AB 40, 41, 42, 43 ve 44 dahil olmak \u00fczere kapsaml\u0131 bir erkek beden yelpazesinde mevcuttur ve geni\u015f bir m\u00fc\u015fteri taban\u0131na hitap eder.<\/p>\n<p>Y\u00fcksek kaliteli ayakkab\u0131 arayan perakendeciler ve i\u015fletmeler i\u00e7in bu birinci s\u0131n\u0131f dana derisi spor ayakkab\u0131lar toptan sat\u0131n al\u0131nabilir. Minimum 8 \u00e7iftlik bir sipari\u015fe ihtiyac\u0131m\u0131z var, bu da arzu edilen bir beden yelpazesini stoklaman\u0131za ve m\u00fc\u015fterilerinizin taleplerini verimli bir \u015fekilde kar\u015f\u0131laman\u0131za olanak tan\u0131r. Kalitesi, konforu ve kal\u0131c\u0131 stiliyle \u00f6ne \u00e7\u0131kan ayakkab\u0131lara yat\u0131r\u0131m yap\u0131n. Erkek Dana Derisi Spor Ayakkab\u0131m\u0131z\u0131 se\u00e7in ve m\u00fc\u015fterilerinize l\u00fcks g\u00fcndelik giyimi ger\u00e7ekten temsil eden bir \u00fcr\u00fcn sunun.<\/p>","protected":false},"excerpt":{"rendered":"<ul>\n<li>Birinci s\u0131n\u0131f bir g\u00f6r\u00fcn\u00fcm ve his i\u00e7in hakiki dana derisinden \u00fcretilmi\u015ftir.<\/li>\n<li>L\u00fcks ke\u00e7i derisi astar ola\u011fan\u00fcst\u00fc konfor ve nefes alabilirlik sa\u011flar.<\/li>\n<li>T\u00fcm g\u00fcn kullan\u0131m i\u00e7in hafif ve destekleyici EVA taban.<\/li>\n<li>\u00c7ok y\u00f6nl\u00fc erkek bedenlerinde mevcuttur: EU 40, 41, 42, 43, 44.<\/li>\n<li>\u00c7e\u015fitli k\u0131yafetler i\u00e7in m\u00fckemmel sofistike g\u00fcndelik tasar\u0131m.<\/li>\n<li>Minimum 8 \u00e7ift sipari\u015f ile toptan sat\u0131\u015f mevcuttur.<\/li>\n<\/ul>","protected":false},"featured_media":6754,"template":"","meta":{"_acf_changed":false,"_uag_custom_page_level_css":"","site-sidebar-layout":"default","site-content-layout":"","ast-site-content-layout":"default","site-content-style":"default","site-sidebar-style":"default","ast-global-header-display":"","ast-banner-title-visibility":"","ast-main-header-display":"","ast-hfb-above-header-display":"","ast-hfb-below-header-display":"","ast-hfb-mobile-header-display":"","site-post-title":"","ast-breadcrumbs-content":"","ast-featured-img":"","footer-sml-layout":"","ast-disable-related-posts":"","theme-transparent-header-meta":"","adv-header-id-meta":"","stick-header-meta":"","header-above-stick-meta":"","header-main-stick-meta":"","header-below-stick-meta":"","astra-migrate-meta-layouts":"default","ast-page-background-enabled":"default","ast-page-background-meta":{"desktop":{"background-color":"var(--ast-global-color-4)","background-image":"","background-repeat":"repeat","background-position":"center center","background-size":"auto","background-attachment":"scroll","background-type":"","background-media":"","overlay-type":"","overlay-color":"","overlay-opacity":"","overlay-gradient":""},"tablet":{"background-color":"","background-image":"","background-repeat":"repeat","background-position":"center center","background-size":"auto","background-attachment":"scroll","background-type":"","background-media":"","overlay-type":"","overlay-color":"","overlay-opacity":"","overlay-gradient":""},"mobile":{"background-color":"","background-image":"","background-repeat":"repeat","background-position":"center center","background-size":"auto","background-attachment":"scroll","background-type":"","background-media":"","overlay-type":"","overlay-color":"","overlay-opacity":"","overlay-gradient":""}},"ast-content-background-meta":{"desktop":{"background-color":"var(--ast-global-color-5)","background-image":"","background-repeat":"repeat","background-position":"center center","background-size":"auto","background-attachment":"scroll","background-type":"","background-media":"","overlay-type":"","overlay-color":"","overlay-opacity":"","overlay-gradient":""},"tablet":{"background-color":"var(--ast-global-color-5)","background-image":"","background-repeat":"repeat","background-position":"center center","background-size":"auto","background-attachment":"scroll","background-type":"","background-media":"","overlay-type":"","overlay-color":"","overlay-opacity":"","overlay-gradient":""},"mobile":{"background-color":"var(--ast-global-color-5)","background-image":"","background-repeat":"repeat","background-position":"center center","background-size":"auto","background-attachment":"scroll","background-type":"","background-media":"","overlay-type":"","overlay-color":"","overlay-opacity":"","overlay-gradient":""}}},"product_brand":[],"product_cat":[48,430,1200,50],"product_tag":[185,449,438,1258,224,214,250,350,1412,1123],"class_list":{"0":"post-8499","1":"product","2":"type-product","3":"status-publish","4":"has-post-thumbnail","6":"product_cat-casual","7":"product_cat-men","8":"product_cat-mens-shoes-2","9":"product_cat-sneakers","10":"product_tag-calf-leather-shoes","11":"product_tag-casual-shoes","12":"product_tag-eva-sole","13":"product_tag-goat-lined-shoes","14":"product_tag-leather-sneakers","15":"product_tag-mens-sneakers","16":"product_tag-premium-leather","17":"product_tag-stylish-mens-footwear","18":"product_tag-tan-sneakers","19":"product_tag-wholesale-sneakers","20":"desktop-align-center","21":"tablet-align-center","22":"mobile-align-center","24":"first","25":"instock","26":"shipping-taxable","27":"purchasable","28":"product-type-variable","29":"has-default-attributes"},"acf":[],"uagb_featured_image_src":{"full":["https:\/\/turkishtrade.co\/wp-content\/uploads\/2026\/01\/2600QLOMN00003-BROWN.png",453,250,false],"thumbnail":["https:\/\/turkishtrade.co\/wp-content\/uploads\/2026\/01\/2600QLOMN00003-BROWN-150x150.png",150,150,true],"medium":["https:\/\/turkishtrade.co\/wp-content\/uploads\/2026\/01\/2600QLOMN00003-BROWN-300x166.png",300,166,true],"medium_large":["https:\/\/turkishtrade.co\/wp-content\/uploads\/2026\/01\/2600QLOMN00003-BROWN.png",453,250,false],"large":["https:\/\/turkishtrade.co\/wp-content\/uploads\/2026\/01\/2600QLOMN00003-BROWN.png",453,250,false],"1536x1536":["https:\/\/turkishtrade.co\/wp-content\/uploads\/2026\/01\/2600QLOMN00003-BROWN.png",453,250,false],"2048x2048":["https:\/\/turkishtrade.co\/wp-content\/uploads\/2026\/01\/2600QLOMN00003-BROWN.png",453,250,false],"trp-custom-language-flag":["https:\/\/turkishtrade.co\/wp-content\/uploads\/2026\/01\/2600QLOMN00003-BROWN-18x10.png",18,10,true],"woocommerce_thumbnail":["https:\/\/turkishtrade.co\/wp-content\/uploads\/2026\/01\/2600QLOMN00003-BROWN-400x250.png",400,250,true],"woocommerce_single":["https:\/\/turkishtrade.co\/wp-content\/uploads\/2026\/01\/2600QLOMN00003-BROWN.png",453,250,false],"woocommerce_gallery_thumbnail":["https:\/\/turkishtrade.co\/wp-content\/uploads\/2026\/01\/2600QLOMN00003-BROWN-100x100.png",100,100,true]},"uagb_author_info":{"display_name":"python python","author_link":"https:\/\/turkishtrade.co\/tr\/author\/"},"uagb_comment_info":0,"uagb_excerpt":"Crafted from genuine calf leather for a premium look and feel. Luxurious goat leather lining ensures exceptional comfort and breathability. Lightweight and supportive EVA sole for all-day wear. Available in versatile men's sizes: EU 40, 41, 42, 43, 44. Sophisticated casual design perfect for various outfits. Wholesale available with a minimum order of 8 pairs.","_links":{"self":[{"href":"https:\/\/turkishtrade.co\/tr\/wp-json\/wp\/v2\/product\/8499","targetHints":{"allow":["GET"]}}],"collection":[{"href":"https:\/\/turkishtrade.co\/tr\/wp-json\/wp\/v2\/product"}],"about":[{"href":"https:\/\/turkishtrade.co\/tr\/wp-json\/wp\/v2\/types\/product"}],"wp:featuredmedia":[{"embeddable":true,"href":"https:\/\/turkishtrade.co\/tr\/wp-json\/wp\/v2\/media\/6754"}],"wp:attachment":[{"href":"https:\/\/turkishtrade.co\/tr\/wp-json\/wp\/v2\/media?parent=8499"}],"wp:term":[{"taxonomy":"product_brand","embeddable":true,"href":"https:\/\/turkishtrade.co\/tr\/wp-json\/wp\/v2\/product_brand?post=8499"},{"taxonomy":"product_cat","embeddable":true,"href":"https:\/\/turkishtrade.co\/tr\/wp-json\/wp\/v2\/product_cat?post=8499"},{"taxonomy":"product_tag","embeddable":true,"href":"https:\/\/turkishtrade.co\/tr\/wp-json\/wp\/v2\/product_tag?post=8499"}],"curies":[{"name":"wp","href":"https:\/\/api.w.org\/{rel}","templated":true}]}}