{"id":8498,"date":"2026-01-29T14:50:40","date_gmt":"2026-01-29T14:50:40","guid":{"rendered":"https:\/\/turkishtrade.co\/?post_type=product&#038;p=8498"},"modified":"2026-04-09T20:22:49","modified_gmt":"2026-04-09T20:22:49","slug":"mens-leather-casual-sneakers-5","status":"publish","type":"product","link":"https:\/\/turkishtrade.co\/tr\/shop\/mens-leather-casual-sneakers-5\/","title":{"rendered":"Erkek Deri G\u00fcnl\u00fck Spor Ayakkab\u0131 L\u00fcks | Erkek Premium Dana Derisi G\u00fcnl\u00fck"},"content":{"rendered":"<p><strong>Erkek Deri G\u00fcnl\u00fck Spor Ayakkab\u0131<\/strong>. L\u00fcks kalite ve tasar\u0131m.<\/p>\n<p>Enfes \u00fcr\u00fcnlerimizle benzersiz konfora ve zamans\u0131z stile ad\u0131m at\u0131n <strong>Ke\u00e7i Astarl\u0131 Erkek Premium Dana Derisi G\u00fcnl\u00fck Spor Ayakkab\u0131<\/strong>. Hem l\u00fckse hem de pratikli\u011fe de\u011fer veren se\u00e7ici bireyler i\u00e7in tasarlanan bu spor ayakkab\u0131lar, bir ayakkab\u0131dan \u00e7ok daha fazlas\u0131d\u0131r - g\u00fcnl\u00fck \u015f\u0131kl\u0131\u011f\u0131n\u0131za yap\u0131lan bir yat\u0131r\u0131md\u0131r. Her bir \u00e7ift hakiki dana derisinden titizlikle \u00fcretilmi\u015ftir ve zaman i\u00e7inde benzersiz bir patine geli\u015ftiren p\u00fcr\u00fczs\u00fcz, zarif bir d\u0131\u015f y\u00fczey sunarak onlar\u0131 ger\u00e7ekten kendinize ait k\u0131lar. Kontrast olu\u015fturan canl\u0131 beyaz tabanla m\u00fckemmel bir \u015fekilde tamamlanan klasik siyah \u00fcst k\u0131s\u0131m, bu <strong>erkek deri\u0307 g\u00fcnl\u00fck spor ayakkabi<\/strong> Ak\u0131ll\u0131 rahat tak\u0131mlardan rahat hafta sonu k\u0131yafetlerine kadar her gard\u0131roba sorunsuz bir \u015fekilde entegre olur.<\/p>\n<h3>Rakipsiz Konfor ve \u00dcst\u00fcn \u0130\u015f\u00e7ilik<\/h3>\n<p>Bunlar\u0131 belirleyen \u015fey <strong>erkek deri\u0307 g\u00fcnl\u00fck spor ayakkabi<\/strong> bir di\u011fer \u00f6zelli\u011fi ise ola\u011fan\u00fcst\u00fc i\u00e7 k\u0131s\u0131mlar\u0131d\u0131r. Ger\u00e7ek konforun i\u00e7ten geldi\u011fini biliyoruz, bu nedenle bu ayakkab\u0131lar ke\u00e7i derisinden l\u00fcks bir astara sahiptir. Bu do\u011fal malzeme inan\u0131lmaz yumu\u015fakl\u0131\u011f\u0131, nefes alabilirli\u011fi ve nemi emme \u00f6zellikleriyle \u00fcnl\u00fcd\u00fcr ve uzun s\u00fcreli kullan\u0131mlarda bile ayaklar\u0131n\u0131z\u0131n g\u00fcn boyunca rahat ve ferah kalmas\u0131n\u0131 sa\u011flar. Rahats\u0131z ayakkab\u0131lara elveda deyin ve her ad\u0131mda ger\u00e7ek ke\u00e7i astar\u0131n\u0131n pel\u00fc\u015f hissini kucaklay\u0131n.<\/p>\n<p>L\u00fcks malzemelerin \u00f6tesinde, bu spor ayakkab\u0131lar \u00fcst\u00fcn performans i\u00e7in tasarlanm\u0131\u015ft\u0131r. Hafif EVA taban\u0131 m\u00fckemmel yast\u0131klama ve \u015fok emilimi sa\u011flayarak \u015fehir ke\u015fifleri, g\u00fcnl\u00fck i\u015fe gidip gelmeler veya sadece bo\u015f zamanlar\u0131n\u0131z\u0131n tad\u0131n\u0131 \u00e7\u0131karmak i\u00e7in idealdir. Dayan\u0131kl\u0131 yap\u0131s\u0131 uzun \u00f6m\u00fcrl\u00fcl\u00fc\u011f\u00fc garanti ederek bu ayakkab\u0131lar\u0131n <strong>erkek deri\u0307 g\u00fcnl\u00fck spor ayakkabi<\/strong> gelecek sezonlar boyunca koleksiyonunuzun vazge\u00e7ilmezi olacak. Pratik 40, 41, 42, 43 ve 44 beden serileriyle geni\u015f bir tercih yelpazesine hitap ediyor ve en \u00fcst d\u00fczey konfor i\u00e7in m\u00fckemmel bir uyum sa\u011fl\u0131yoruz.<\/p>\n<h3>\u00c7ok Y\u00f6nl\u00fcl\u00fck \u015e\u0131k Tasar\u0131mla Bulu\u015fuyor<\/h3>\n<p>Premium Dana Derisi G\u00fcnl\u00fck Spor Ayakkab\u0131lar\u0131m\u0131z \u00e7ok y\u00f6nl\u00fc ayakkab\u0131lar\u0131n \u00f6z\u00fcd\u00fcr. Minimalist ancak sofistike tasar\u0131mlar\u0131, kolayl\u0131kla yukar\u0131 veya a\u015fa\u011f\u0131 giyilebilmelerini sa\u011flar. Zarif bir g\u00fcndelik g\u00f6r\u00fcn\u00fcm i\u00e7in \u00f6zel dikim chino pantolon ve \u015f\u0131k bir g\u00f6mlekle e\u015fle\u015ftirin veya zahmetsizce haval\u0131 bir g\u00f6r\u00fcn\u00fcm i\u00e7in en sevdi\u011finiz kot pantolon ve ti\u015f\u00f6rtle giyin. Bunlar <strong>erkek deri\u0307 g\u00fcnl\u00fck spor ayakkabi<\/strong> sadece estetikle ilgili de\u011fildir; hayat\u0131n\u0131z\u0131n her y\u00f6n\u00fc i\u00e7in rahat ve \u015f\u0131k bir \u00e7\u00f6z\u00fcm sunmakla ilgilidir. Dana derisi ve yumu\u015fak ke\u00e7i astar\u0131 gibi birinci s\u0131n\u0131f malzemelerin avantajlar\u0131ndan yararlan\u0131rken, geleneksel i\u015f\u00e7ilik ve modern tasar\u0131m\u0131n m\u00fckemmel kar\u0131\u015f\u0131m\u0131n\u0131 deneyimleyin. Bu y\u00fcksek kaliteli ayakkab\u0131lar\u0131 stoklamak isteyen i\u015fletmeler i\u00e7in, yaln\u0131zca 8 \u00e7ift minimum sipari\u015f miktar\u0131yla cazip toptan sat\u0131\u015f se\u00e7enekleri sunuyoruz ve bu ola\u011fan\u00fcst\u00fc ayakkab\u0131y\u0131 m\u00fc\u015fterilerinize sunmay\u0131 kolayla\u015ft\u0131r\u0131yoruz.<\/p>","protected":false},"excerpt":{"rendered":"<ul>\n<li>Sofistike bir g\u00f6r\u00fcn\u00fcm ve his i\u00e7in hakiki dana derisinden \u00fcretilmi\u015ftir<\/li>\n<li>L\u00fcks ke\u00e7i derisi i\u00e7 astar ola\u011fan\u00fcst\u00fc konfor ve nefes alabilirlik sa\u011flar<\/li>\n<li>G\u00fcn boyu destek i\u00e7in hafif ve dayan\u0131kl\u0131 EVA tabana sahiptir<\/li>\n<li>\u00c7ok y\u00f6nl\u00fc stil i\u00e7in m\u00fckemmel, canl\u0131 beyaz tabana sahip \u015f\u0131k siyah tasar\u0131m<\/li>\n<li>Kapsaml\u0131 bir beden aral\u0131\u011f\u0131nda mevcuttur: 40, 41, 42, 43, 44<\/li>\n<li><strong>Minimum 8 \u00e7ift sipari\u015f ile toptan sipari\u015fler mevcuttur.<\/strong><\/li>\n<\/ul>","protected":false},"featured_media":6720,"template":"","meta":{"_acf_changed":false,"_uag_custom_page_level_css":"","site-sidebar-layout":"default","site-content-layout":"","ast-site-content-layout":"default","site-content-style":"default","site-sidebar-style":"default","ast-global-header-display":"","ast-banner-title-visibility":"","ast-main-header-display":"","ast-hfb-above-header-display":"","ast-hfb-below-header-display":"","ast-hfb-mobile-header-display":"","site-post-title":"","ast-breadcrumbs-content":"","ast-featured-img":"","footer-sml-layout":"","ast-disable-related-posts":"","theme-transparent-header-meta":"","adv-header-id-meta":"","stick-header-meta":"","header-above-stick-meta":"","header-main-stick-meta":"","header-below-stick-meta":"","astra-migrate-meta-layouts":"default","ast-page-background-enabled":"default","ast-page-background-meta":{"desktop":{"background-color":"var(--ast-global-color-4)","background-image":"","background-repeat":"repeat","background-position":"center center","background-size":"auto","background-attachment":"scroll","background-type":"","background-media":"","overlay-type":"","overlay-color":"","overlay-opacity":"","overlay-gradient":""},"tablet":{"background-color":"","background-image":"","background-repeat":"repeat","background-position":"center center","background-size":"auto","background-attachment":"scroll","background-type":"","background-media":"","overlay-type":"","overlay-color":"","overlay-opacity":"","overlay-gradient":""},"mobile":{"background-color":"","background-image":"","background-repeat":"repeat","background-position":"center center","background-size":"auto","background-attachment":"scroll","background-type":"","background-media":"","overlay-type":"","overlay-color":"","overlay-opacity":"","overlay-gradient":""}},"ast-content-background-meta":{"desktop":{"background-color":"var(--ast-global-color-5)","background-image":"","background-repeat":"repeat","background-position":"center center","background-size":"auto","background-attachment":"scroll","background-type":"","background-media":"","overlay-type":"","overlay-color":"","overlay-opacity":"","overlay-gradient":""},"tablet":{"background-color":"var(--ast-global-color-5)","background-image":"","background-repeat":"repeat","background-position":"center center","background-size":"auto","background-attachment":"scroll","background-type":"","background-media":"","overlay-type":"","overlay-color":"","overlay-opacity":"","overlay-gradient":""},"mobile":{"background-color":"var(--ast-global-color-5)","background-image":"","background-repeat":"repeat","background-position":"center center","background-size":"auto","background-attachment":"scroll","background-type":"","background-media":"","overlay-type":"","overlay-color":"","overlay-opacity":"","overlay-gradient":""}}},"product_brand":[],"product_cat":[48,430,1200,50],"product_tag":[1120,202,449,1117,1249,224,214,764,1440,1123],"class_list":{"0":"post-8498","1":"product","2":"type-product","3":"status-publish","4":"has-post-thumbnail","6":"product_cat-casual","7":"product_cat-men","8":"product_cat-mens-shoes-2","9":"product_cat-sneakers","10":"product_tag-black-sneakers","11":"product_tag-calf-leather","12":"product_tag-casual-shoes","13":"product_tag-comfortable-sneakers","14":"product_tag-goat-lining","15":"product_tag-leather-sneakers","16":"product_tag-mens-sneakers","17":"product_tag-stylish-footwear","18":"product_tag-white-sole-shoes","19":"product_tag-wholesale-sneakers","20":"desktop-align-center","21":"tablet-align-center","22":"mobile-align-center","24":"first","25":"instock","26":"shipping-taxable","27":"purchasable","28":"product-type-variable","29":"has-default-attributes"},"acf":[],"uagb_featured_image_src":{"full":["https:\/\/turkishtrade.co\/wp-content\/uploads\/2026\/01\/2600QLOMN00002-BLACK.png",453,250,false],"thumbnail":["https:\/\/turkishtrade.co\/wp-content\/uploads\/2026\/01\/2600QLOMN00002-BLACK-150x150.png",150,150,true],"medium":["https:\/\/turkishtrade.co\/wp-content\/uploads\/2026\/01\/2600QLOMN00002-BLACK-300x166.png",300,166,true],"medium_large":["https:\/\/turkishtrade.co\/wp-content\/uploads\/2026\/01\/2600QLOMN00002-BLACK.png",453,250,false],"large":["https:\/\/turkishtrade.co\/wp-content\/uploads\/2026\/01\/2600QLOMN00002-BLACK.png",453,250,false],"1536x1536":["https:\/\/turkishtrade.co\/wp-content\/uploads\/2026\/01\/2600QLOMN00002-BLACK.png",453,250,false],"2048x2048":["https:\/\/turkishtrade.co\/wp-content\/uploads\/2026\/01\/2600QLOMN00002-BLACK.png",453,250,false],"trp-custom-language-flag":["https:\/\/turkishtrade.co\/wp-content\/uploads\/2026\/01\/2600QLOMN00002-BLACK-18x10.png",18,10,true],"woocommerce_thumbnail":["https:\/\/turkishtrade.co\/wp-content\/uploads\/2026\/01\/2600QLOMN00002-BLACK-400x250.png",400,250,true],"woocommerce_single":["https:\/\/turkishtrade.co\/wp-content\/uploads\/2026\/01\/2600QLOMN00002-BLACK.png",453,250,false],"woocommerce_gallery_thumbnail":["https:\/\/turkishtrade.co\/wp-content\/uploads\/2026\/01\/2600QLOMN00002-BLACK-100x100.png",100,100,true]},"uagb_author_info":{"display_name":"python python","author_link":"https:\/\/turkishtrade.co\/tr\/author\/"},"uagb_comment_info":0,"uagb_excerpt":"Crafted from genuine calf leather for a sophisticated look and feel Luxurious goat leather interior lining ensures exceptional comfort and breathability Features a lightweight and durable EVA sole for all-day support Sleek black design with a crisp white sole, perfect for versatile styling Available in a comprehensive size range: 40, 41, 42, 43, 44 Wholesale&hellip;","_links":{"self":[{"href":"https:\/\/turkishtrade.co\/tr\/wp-json\/wp\/v2\/product\/8498","targetHints":{"allow":["GET"]}}],"collection":[{"href":"https:\/\/turkishtrade.co\/tr\/wp-json\/wp\/v2\/product"}],"about":[{"href":"https:\/\/turkishtrade.co\/tr\/wp-json\/wp\/v2\/types\/product"}],"wp:featuredmedia":[{"embeddable":true,"href":"https:\/\/turkishtrade.co\/tr\/wp-json\/wp\/v2\/media\/6720"}],"wp:attachment":[{"href":"https:\/\/turkishtrade.co\/tr\/wp-json\/wp\/v2\/media?parent=8498"}],"wp:term":[{"taxonomy":"product_brand","embeddable":true,"href":"https:\/\/turkishtrade.co\/tr\/wp-json\/wp\/v2\/product_brand?post=8498"},{"taxonomy":"product_cat","embeddable":true,"href":"https:\/\/turkishtrade.co\/tr\/wp-json\/wp\/v2\/product_cat?post=8498"},{"taxonomy":"product_tag","embeddable":true,"href":"https:\/\/turkishtrade.co\/tr\/wp-json\/wp\/v2\/product_tag?post=8498"}],"curies":[{"name":"wp","href":"https:\/\/api.w.org\/{rel}","templated":true}]}}