{"id":8496,"date":"2026-01-29T14:50:40","date_gmt":"2026-01-29T14:50:40","guid":{"rendered":"https:\/\/turkishtrade.co\/?post_type=product&#038;p=8496"},"modified":"2026-04-09T20:22:54","modified_gmt":"2026-04-09T20:22:54","slug":"chunky-sole-womens-white-trainers","status":"publish","type":"product","link":"https:\/\/turkishtrade.co\/tr\/shop\/chunky-sole-womens-white-trainers\/","title":{"rendered":"T\u0131knaz Tabanl\u0131 Kad\u0131n Beyaz Spor Ayakkab\u0131 Mesh &amp; Faux ile \u0130nan\u0131lmaz | \u015e\u0131k"},"content":{"rendered":"<p><strong>Kal\u0131n Tabanl\u0131 Kad\u0131n Beyaz Spor Ayakkab\u0131<\/strong>. \u0130nan\u0131lmaz kalite ve tasar\u0131m.<\/p>\n<p>Enfes tasar\u0131m\u0131m\u0131zla benzersiz bir stil ve konfora ad\u0131m at\u0131n <strong>Kal\u0131n Tabanl\u0131 Kad\u0131n Beyaz Spor Ayakkab\u0131<\/strong>. Bu \u015f\u0131k spor ayakkab\u0131lar, hem esteti\u011fe hem de i\u015flevselli\u011fe de\u011fer veren modern kad\u0131nlar i\u00e7in tasarlanm\u0131\u015ft\u0131r. Sportif \u015f\u0131kl\u0131\u011f\u0131 g\u00fcnl\u00fck giyilebilirlikle m\u00fckemmel bir \u015fekilde harmanlayan bu <strong>Kal\u0131n Tabanl\u0131 Kad\u0131n Beyaz Spor Ayakkab\u0131<\/strong> her gard\u0131ropta bulunmas\u0131 gereken bir eklentidir. Detaylara titizlikle \u00f6zen g\u00f6sterilerek \u00fcretilen bu modeller, her k\u0131yafeti zahmetsizce y\u00fckseltebilecek taze ve temiz bir g\u00f6r\u00fcn\u00fcm sunar.<\/p>\n<h3>Rakipsiz Tasar\u0131m ve Premium Malzemeler<\/h3>\n<p>Bizim <strong>Kal\u0131n Tabanl\u0131 Kad\u0131n Beyaz Spor Ayakkab\u0131<\/strong> nefes alabilen file d\u0131\u015f y\u00fczeyi \u015f\u0131k suni deri vurgularla birle\u015ftiren dinamik bir tasar\u0131ma sahiptir ve sofistike ancak atletik bir \u00e7ekicilik sa\u011flar. \u0130\u00e7 kuma\u015f astar, ayakkab\u0131y\u0131 uzun s\u00fcreli kullan\u0131m i\u00e7in uygun hale getirerek rahat ve konforlu bir uyum sa\u011flar. Sa\u011flam poli taban (poli taban) sadece modaya uygun kal\u0131n esteti\u011fe katk\u0131da bulunmakla kalmaz, ayn\u0131 zamanda \u00fcst\u00fcn yast\u0131klama ve kavrama sa\u011flar. Bu yenilik\u00e7i malzeme kar\u0131\u015f\u0131m\u0131 dayan\u0131kl\u0131l\u0131k sa\u011flar ve ayaklar\u0131n\u0131z\u0131n nefes almas\u0131n\u0131 sa\u011flayarak g\u00fcn boyunca serin ve rahat kalmalar\u0131n\u0131 sa\u011flar. Bu g\u00fczel i\u015f\u00e7ilikli beyaz spor ayakkab\u0131 ile \u00e7a\u011fda\u015f trendi kucaklay\u0131n.<\/p>\n<h3>Konfor \u00c7ok Y\u00f6nl\u00fcl\u00fckle Bulu\u015fuyor<\/h3>\n<p>Bu ola\u011fan\u00fcst\u00fc modellerle konfor ve \u00e7ok y\u00f6nl\u00fcl\u00fc\u011f\u00fcn m\u00fckemmel birle\u015fimini deneyimleyin <strong>Kal\u0131n Tabanl\u0131 Kad\u0131n Beyaz Spor Ayakkab\u0131<\/strong>. \u0130ster spor salonuna gidin, ister ayak i\u015flerinizi halledin ya da arkada\u015flar\u0131n\u0131zla rahat bir brunch i\u00e7in bulu\u015fun, bu ayakkab\u0131lar sizi rahat ve \u015f\u0131k tutmak i\u00e7in tasarland\u0131. Yast\u0131kl\u0131 poli taban darbeyi emerek ayaklar\u0131n\u0131zdaki gerginli\u011fi azalt\u0131rken, g\u00fcvenli ba\u011fc\u0131k sistemi ki\u015fiselle\u015ftirilebilir bir uyum sa\u011flar. Pop\u00fcler kad\u0131n bedenleri 36, 37, 38 ve 39'da mevcuttur, m\u00fckemmel \u00e7iftinizi bulmak <strong>Kal\u0131n Tabanl\u0131 Kad\u0131n Beyaz Spor Ayakkab\u0131<\/strong> zahmetsizdir. Bozulmam\u0131\u015f beyaz renkleri, canl\u0131 spor k\u0131yafetlerinden sessiz g\u00fcnl\u00fck k\u0131yafetlere kadar her renk paletiyle e\u015fle\u015ftirmeyi inan\u0131lmaz derecede kolayla\u015ft\u0131r\u0131r.<\/p>\n<h3>\u0130\u015fletmeniz i\u00e7in Toptan Sat\u0131\u015f F\u0131rsatlar\u0131<\/h3>\n<p>Y\u00fcksek talep g\u00f6ren, modaya uygun ayakkab\u0131lar stoklamak isteyen i\u015fletmeler i\u00e7in <strong>Kal\u0131n Tabanl\u0131 Kad\u0131n Beyaz Spor Ayakkab\u0131<\/strong> m\u00fckemmel bir se\u00e7imdir. M\u00fc\u015fterilerinizin \u015f\u0131k ve rahat atletik ayakkab\u0131 ihtiya\u00e7lar\u0131n\u0131 kolayca kar\u015f\u0131laman\u0131za olanak tan\u0131yan minimum 8 \u00e7ift sipari\u015f miktar\u0131 ile cazip toptan sat\u0131\u015f fiyatlar\u0131 sunuyoruz. Bunlar <strong>Kal\u0131n Tabanl\u0131 Kad\u0131n Beyaz Spor Ayakkab\u0131<\/strong> y\u00fcksek ciro ve m\u00fc\u015fteri memnuniyeti sa\u011flayarak kalabal\u0131\u011f\u0131 memnun etti\u011fi kan\u0131tlanm\u0131\u015ft\u0131r. Kalite, tasar\u0131m ve konfor a\u00e7\u0131s\u0131ndan \u00f6ne \u00e7\u0131kan bir \u00fcr\u00fcnle envanterinizi geni\u015fletin. Bu temel kad\u0131n spor ayakkab\u0131lar\u0131n\u0131 m\u00fc\u015fterilerinize sunma f\u0131rsat\u0131n\u0131 ka\u00e7\u0131rmay\u0131n.<\/p>","protected":false},"excerpt":{"rendered":"<ul>\n<li>Daha fazla konfor ve stil i\u00e7in modaya uygun kal\u0131n poli taban.<\/li>\n<li>Nefes alabilen kuma\u015f, file ve dayan\u0131kl\u0131 suni deri \u00fcst k\u0131s\u0131mdan olu\u015fan birinci s\u0131n\u0131f kar\u0131\u015f\u0131m.<\/li>\n<li>T\u00fcm g\u00fcn kullan\u0131m i\u00e7in yumu\u015fak ve destekleyici kuma\u015f astar.<\/li>\n<li>36, 37, 38, 39 kad\u0131n bedenlerinde mevcuttur.<\/li>\n<li>Spor, g\u00fcndelik geziler ve g\u00fcnl\u00fck moda i\u00e7in idealdir.<\/li>\n<li>Minimum 8 \u00e7ift sipari\u015f ile toptan sat\u0131\u015f f\u0131rsatlar\u0131 mevcuttur.<\/li>\n<\/ul>","protected":false},"featured_media":6782,"template":"","meta":{"_acf_changed":false,"_uag_custom_page_level_css":"","site-sidebar-layout":"default","site-content-layout":"","ast-site-content-layout":"default","site-content-style":"default","site-sidebar-style":"default","ast-global-header-display":"","ast-banner-title-visibility":"","ast-main-header-display":"","ast-hfb-above-header-display":"","ast-hfb-below-header-display":"","ast-hfb-mobile-header-display":"","site-post-title":"","ast-breadcrumbs-content":"","ast-featured-img":"","footer-sml-layout":"","ast-disable-related-posts":"","theme-transparent-header-meta":"default","adv-header-id-meta":"","stick-header-meta":"","header-above-stick-meta":"","header-main-stick-meta":"","header-below-stick-meta":"","astra-migrate-meta-layouts":"set","ast-page-background-enabled":"default","ast-page-background-meta":{"desktop":{"background-color":"var(--ast-global-color-4)","background-image":"","background-repeat":"repeat","background-position":"center center","background-size":"auto","background-attachment":"scroll","background-type":"","background-media":"","overlay-type":"","overlay-color":"","overlay-opacity":"","overlay-gradient":""},"tablet":{"background-color":"","background-image":"","background-repeat":"repeat","background-position":"center center","background-size":"auto","background-attachment":"scroll","background-type":"","background-media":"","overlay-type":"","overlay-color":"","overlay-opacity":"","overlay-gradient":""},"mobile":{"background-color":"","background-image":"","background-repeat":"repeat","background-position":"center center","background-size":"auto","background-attachment":"scroll","background-type":"","background-media":"","overlay-type":"","overlay-color":"","overlay-opacity":"","overlay-gradient":""}},"ast-content-background-meta":{"desktop":{"background-color":"var(--ast-global-color-5)","background-image":"","background-repeat":"repeat","background-position":"center center","background-size":"auto","background-attachment":"scroll","background-type":"","background-media":"","overlay-type":"","overlay-color":"","overlay-opacity":"","overlay-gradient":""},"tablet":{"background-color":"var(--ast-global-color-5)","background-image":"","background-repeat":"repeat","background-position":"center center","background-size":"auto","background-attachment":"scroll","background-type":"","background-media":"","overlay-type":"","overlay-color":"","overlay-opacity":"","overlay-gradient":""},"mobile":{"background-color":"var(--ast-global-color-5)","background-image":"","background-repeat":"repeat","background-position":"center center","background-size":"auto","background-attachment":"scroll","background-type":"","background-media":"","overlay-type":"","overlay-color":"","overlay-opacity":"","overlay-gradient":""}}},"product_brand":[],"product_cat":[62,431,1220],"product_tag":[1475,1539,1467,1119,1446,1477,1538,1541,1542,1540],"class_list":{"0":"post-8496","1":"product","2":"type-product","3":"status-publish","4":"has-post-thumbnail","6":"product_cat-sports-shoes","7":"product_cat-women","8":"product_cat-womens-shoes-2","9":"product_tag-athletic-footwear","10":"product_tag-chunky-sole-trainers","11":"product_tag-comfortable-trainers","12":"product_tag-everyday-sneakers","13":"product_tag-faux-leather-shoes","14":"product_tag-mesh-sneakers","15":"product_tag-poly-sole","16":"product_tag-stylish-womens-shoes","17":"product_tag-white-fashion-sneakers","18":"product_tag-womens-white-trainers","19":"desktop-align-center","20":"tablet-align-center","21":"mobile-align-center","23":"first","24":"instock","25":"shipping-taxable","26":"purchasable","27":"product-type-variable","28":"has-default-attributes"},"acf":[],"uagb_featured_image_src":{"full":["https:\/\/turkishtrade.co\/wp-content\/uploads\/2026\/01\/2600OYNWN00043-WHITE.png",453,250,false],"thumbnail":["https:\/\/turkishtrade.co\/wp-content\/uploads\/2026\/01\/2600OYNWN00043-WHITE-150x150.png",150,150,true],"medium":["https:\/\/turkishtrade.co\/wp-content\/uploads\/2026\/01\/2600OYNWN00043-WHITE-300x166.png",300,166,true],"medium_large":["https:\/\/turkishtrade.co\/wp-content\/uploads\/2026\/01\/2600OYNWN00043-WHITE.png",453,250,false],"large":["https:\/\/turkishtrade.co\/wp-content\/uploads\/2026\/01\/2600OYNWN00043-WHITE.png",453,250,false],"1536x1536":["https:\/\/turkishtrade.co\/wp-content\/uploads\/2026\/01\/2600OYNWN00043-WHITE.png",453,250,false],"2048x2048":["https:\/\/turkishtrade.co\/wp-content\/uploads\/2026\/01\/2600OYNWN00043-WHITE.png",453,250,false],"trp-custom-language-flag":["https:\/\/turkishtrade.co\/wp-content\/uploads\/2026\/01\/2600OYNWN00043-WHITE-18x10.png",18,10,true],"woocommerce_thumbnail":["https:\/\/turkishtrade.co\/wp-content\/uploads\/2026\/01\/2600OYNWN00043-WHITE-400x250.png",400,250,true],"woocommerce_single":["https:\/\/turkishtrade.co\/wp-content\/uploads\/2026\/01\/2600OYNWN00043-WHITE.png",453,250,false],"woocommerce_gallery_thumbnail":["https:\/\/turkishtrade.co\/wp-content\/uploads\/2026\/01\/2600OYNWN00043-WHITE-100x100.png",100,100,true]},"uagb_author_info":{"display_name":"python python","author_link":"https:\/\/turkishtrade.co\/tr\/author\/"},"uagb_comment_info":0,"uagb_excerpt":"Trendy chunky poly sole for enhanced comfort and style. Premium blend of breathable fabric, mesh, and durable faux leather upper. Soft and supportive fabric lining for all-day wear. Available in women's sizes 36, 37, 38, 39. Ideal for sports, casual outings, and everyday fashion. Wholesale opportunities available with a minimum order of 8 pairs.","_links":{"self":[{"href":"https:\/\/turkishtrade.co\/tr\/wp-json\/wp\/v2\/product\/8496","targetHints":{"allow":["GET"]}}],"collection":[{"href":"https:\/\/turkishtrade.co\/tr\/wp-json\/wp\/v2\/product"}],"about":[{"href":"https:\/\/turkishtrade.co\/tr\/wp-json\/wp\/v2\/types\/product"}],"wp:featuredmedia":[{"embeddable":true,"href":"https:\/\/turkishtrade.co\/tr\/wp-json\/wp\/v2\/media\/6782"}],"wp:attachment":[{"href":"https:\/\/turkishtrade.co\/tr\/wp-json\/wp\/v2\/media?parent=8496"}],"wp:term":[{"taxonomy":"product_brand","embeddable":true,"href":"https:\/\/turkishtrade.co\/tr\/wp-json\/wp\/v2\/product_brand?post=8496"},{"taxonomy":"product_cat","embeddable":true,"href":"https:\/\/turkishtrade.co\/tr\/wp-json\/wp\/v2\/product_cat?post=8496"},{"taxonomy":"product_tag","embeddable":true,"href":"https:\/\/turkishtrade.co\/tr\/wp-json\/wp\/v2\/product_tag?post=8496"}],"curies":[{"name":"wp","href":"https:\/\/api.w.org\/{rel}","templated":true}]}}