{"id":8495,"date":"2026-01-29T14:50:39","date_gmt":"2026-01-29T14:50:39","guid":{"rendered":"https:\/\/turkishtrade.co\/?post_type=product&#038;p=8495"},"modified":"2026-04-09T20:22:57","modified_gmt":"2026-04-09T20:22:57","slug":"brown-chunky-sole-womens-sports-shoes","status":"publish","type":"product","link":"https:\/\/turkishtrade.co\/tr\/shop\/brown-chunky-sole-womens-sports-shoes\/","title":{"rendered":"Kahverengi T\u0131knaz Tabanl\u0131 Kad\u0131n Spor Ayakkab\u0131 Amazing | Kahverengi T\u0131knaz Tabanl\u0131 Suni Deri"},"content":{"rendered":"<p><strong>Kahverengi Kal\u0131n Tabanl\u0131 Kad\u0131n Spor Ayakkab\u0131<\/strong>. \u0130nan\u0131lmaz kalite ve tasar\u0131m.<\/p>\n<p>En yeni koleksiyonumuzla stil, konfor ve dayan\u0131kl\u0131l\u0131\u011f\u0131n m\u00fckemmel kar\u0131\u015f\u0131m\u0131n\u0131 deneyimleyin <strong>Kahverengi Kal\u0131n Tabanl\u0131 Kad\u0131n Spor Ayakkab\u0131<\/strong>. Hem modaya hem de i\u015flevselli\u011fe de\u011fer veren modern kad\u0131nlar i\u00e7in tasarlanan bu ayakkab\u0131lar, her t\u00fcrl\u00fc g\u00fcndelik durumda tercih edece\u011finiz ayakkab\u0131lar olmaya aday. Kendine \u00f6zg\u00fc kal\u0131n taban\u0131 sadece modaya uygun bir estetik sunmakla kalmaz, ayn\u0131 zamanda \u00fcst\u00fcn destek ve yast\u0131klama sa\u011flayarak her ad\u0131m\u0131 bir zevk haline getirir. \u0130ster ayak i\u015flerinizi yap\u0131yor, ister arkada\u015flar\u0131n\u0131zla bulu\u015fuyor ya da keyifli bir y\u00fcr\u00fcy\u00fc\u015f\u00fcn tad\u0131n\u0131 \u00e7\u0131kar\u0131yor olun, bu \u00e7ok y\u00f6nl\u00fc ayakkab\u0131lar bunu en \u00fcst d\u00fczeyde konfor ve inkar edilemez bir tarzla yapman\u0131z\u0131 sa\u011flar.<\/p>\n<h3>E\u015fsiz Kalite ve Konfor<\/h3>\n<p>Detaylara titizlikle \u00f6zen g\u00f6sterilerek haz\u0131rlanm\u0131\u015f bu <strong>Kahverengi Kal\u0131n Tabanl\u0131 Kad\u0131n Spor Ayakkab\u0131<\/strong> bak\u0131m\u0131 kolay olmakla birlikte sofistike bir g\u00f6r\u00fcn\u00fcm sunan y\u00fcksek kaliteli suni deri d\u0131\u015f y\u00fczeye sahiptir. \u0130\u00e7 astar yumu\u015fak, nefes alabilen kuma\u015ftan yap\u0131lm\u0131\u015ft\u0131r ve uzun s\u00fcreli kullan\u0131mlarda bile ayaklar\u0131n\u0131z\u0131n g\u00fcn boyunca rahat kalmas\u0131n\u0131 sa\u011flar. Sa\u011flam \u00fcst k\u0131sm\u0131 tamamlayan dayan\u0131kl\u0131 poli\u00fcretan taban (sa\u011flam ve esnek \u00f6zellikleri nedeniyle genellikle \u2018poli taban\u2019 olarak adland\u0131r\u0131l\u0131r), m\u00fckemmel kavrama ve uzun s\u00fcreli a\u015f\u0131nma sa\u011flamak \u00fczere tasarlanm\u0131\u015f olup \u015fehir hayat\u0131n\u0131n g\u00fcnl\u00fck y\u0131pranma ve a\u015f\u0131nmas\u0131na kar\u015f\u0131 dayan\u0131kl\u0131d\u0131r. Pop\u00fcler 36, 37, 38 ve 39 bedenleri mevcuttur, m\u00fckemmel uyumunuzu bulmak \u00e7ok kolay.<\/p>\n<h3>Modaya Uygun Tasar\u0131m G\u00fcnl\u00fck \u00c7ok Y\u00f6nl\u00fcl\u00fckle Bulu\u015fuyor<\/h3>\n<p>Bu \u015f\u0131k ayakkab\u0131lar\u0131n zengin kahverengi tonuyla g\u00fcnl\u00fck gard\u0131robunuzu y\u00fckseltin. Bu \u00e7ok y\u00f6nl\u00fc renk, en sevdi\u011finiz kot pantolon ve taytlardan etek ve elbiselere kadar geni\u015f bir yelpazedeki k\u0131yafetlerle zahmetsizce e\u015fle\u015fir. \u00d6ne \u00e7\u0131kan kal\u0131n taban tasar\u0131m\u0131, g\u00fcncel trendleri yans\u0131tan ve kombininize \u00e7a\u011fda\u015f bir hava katan \u00f6nemli bir moda ifadesidir. Bunlar sadece ayakkab\u0131 de\u011fil; zahmetsiz havan\u0131n ve pratik \u015f\u0131kl\u0131\u011f\u0131n bir ifadesidir. Estetik \u00e7ekicilikten \u00f6d\u00fcn vermeden aktif ya\u015fam tarz\u0131n\u0131z\u0131 destekleyen ayakkab\u0131lara yat\u0131r\u0131m yap\u0131n ve bu ayakkab\u0131lar\u0131 g\u00fcnl\u00fck \u015f\u0131kl\u0131k i\u00e7in ideal bir se\u00e7im haline getirin.<\/p>\n<h3>Uzun S\u00fcreli A\u015f\u0131nma i\u00e7in Dayan\u0131kl\u0131 Yap\u0131<\/h3>\n<p>Bizim <strong>Kahverengi Kal\u0131n Tabanl\u0131 Kad\u0131n Spor Ayakkab\u0131<\/strong> bir moda aksesuar\u0131ndan \u00e7ok daha fazlas\u0131d\u0131r; konfor ve dayan\u0131kl\u0131l\u0131k i\u00e7in \u00fcretilmi\u015ftir. Ergonomik tasar\u0131m\u0131 aya\u011f\u0131n\u0131z\u0131n do\u011fal \u015fekline uyum sa\u011flayarak yorgunlu\u011fu azalt\u0131r ve g\u00fcn boyu destek sa\u011flar. Esnek suni deri ve destekleyici poli\u00fcretan taban\u0131n birle\u015fimi, aya\u011f\u0131n\u0131zda ge\u00e7irece\u011finiz uzun g\u00fcnler i\u00e7in m\u00fckemmel, rahat ama k\u0131s\u0131tlay\u0131c\u0131 olmayan bir uyum sa\u011flar. Yenilik\u00e7i tasar\u0131m ve klasik \u00e7ekicili\u011fin m\u00fckemmel kar\u0131\u015f\u0131m\u0131n\u0131 kucaklay\u0131n. Perakendeciler ve i\u015fletmeler i\u00e7in bu pop\u00fcler <strong>Kahverengi Kal\u0131n Tabanl\u0131 Kad\u0131n Spor Ayakkab\u0131<\/strong> minimum 8 \u00e7ift sipari\u015fle toptan sat\u0131n al\u0131nabilir, bu da onlar\u0131 envanterinize m\u00fckemmel bir katk\u0131 haline getirir. Hem m\u00fc\u015fteri memnuniyeti hem de i\u015f tekrar\u0131 vaat eden bir \u00fcr\u00fcn serisi ile \u00fcr\u00fcn sunumunuzu geli\u015ftirin.<\/p>","protected":false},"excerpt":{"rendered":"<ul>\n<li>Kad\u0131nlar i\u00e7in \u015f\u0131k kahverengi kal\u0131n taban tasar\u0131m\u0131<\/li>\n<li>Dayan\u0131kl\u0131l\u0131k ve estetik i\u00e7in birinci s\u0131n\u0131f suni deri d\u0131\u015f y\u00fczey<\/li>\n<li>Yumu\u015fak, nefes alabilen kuma\u015f astar g\u00fcn boyu konfor sa\u011flar<\/li>\n<li>M\u00fckemmel kavrama ve uzun \u00f6m\u00fcr i\u00e7in dayan\u0131kl\u0131 poli\u00fcretan taban (\u201cpoli taban\u201d)<\/li>\n<li>Pop\u00fcler kad\u0131n bedenlerinde mevcuttur: 36, 37, 38, 39<\/li>\n<li>Minimum 8 \u00e7ift sipari\u015f ile toptan sat\u0131\u015f mevcuttur<\/li>\n<\/ul>","protected":false},"featured_media":6781,"template":"","meta":{"_acf_changed":false,"_uag_custom_page_level_css":"","site-sidebar-layout":"default","site-content-layout":"","ast-site-content-layout":"default","site-content-style":"default","site-sidebar-style":"default","ast-global-header-display":"","ast-banner-title-visibility":"","ast-main-header-display":"","ast-hfb-above-header-display":"","ast-hfb-below-header-display":"","ast-hfb-mobile-header-display":"","site-post-title":"","ast-breadcrumbs-content":"","ast-featured-img":"","footer-sml-layout":"","ast-disable-related-posts":"","theme-transparent-header-meta":"default","adv-header-id-meta":"","stick-header-meta":"","header-above-stick-meta":"","header-main-stick-meta":"","header-below-stick-meta":"","astra-migrate-meta-layouts":"set","ast-page-background-enabled":"default","ast-page-background-meta":{"desktop":{"background-color":"var(--ast-global-color-4)","background-image":"","background-repeat":"repeat","background-position":"center center","background-size":"auto","background-attachment":"scroll","background-type":"","background-media":"","overlay-type":"","overlay-color":"","overlay-opacity":"","overlay-gradient":""},"tablet":{"background-color":"","background-image":"","background-repeat":"repeat","background-position":"center center","background-size":"auto","background-attachment":"scroll","background-type":"","background-media":"","overlay-type":"","overlay-color":"","overlay-opacity":"","overlay-gradient":""},"mobile":{"background-color":"","background-image":"","background-repeat":"repeat","background-position":"center center","background-size":"auto","background-attachment":"scroll","background-type":"","background-media":"","overlay-type":"","overlay-color":"","overlay-opacity":"","overlay-gradient":""}},"ast-content-background-meta":{"desktop":{"background-color":"var(--ast-global-color-5)","background-image":"","background-repeat":"repeat","background-position":"center center","background-size":"auto","background-attachment":"scroll","background-type":"","background-media":"","overlay-type":"","overlay-color":"","overlay-opacity":"","overlay-gradient":""},"tablet":{"background-color":"var(--ast-global-color-5)","background-image":"","background-repeat":"repeat","background-position":"center center","background-size":"auto","background-attachment":"scroll","background-type":"","background-media":"","overlay-type":"","overlay-color":"","overlay-opacity":"","overlay-gradient":""},"mobile":{"background-color":"var(--ast-global-color-5)","background-image":"","background-repeat":"repeat","background-position":"center center","background-size":"auto","background-attachment":"scroll","background-type":"","background-media":"","overlay-type":"","overlay-color":"","overlay-opacity":"","overlay-gradient":""}}},"product_brand":[],"product_cat":[62,431,1220],"product_tag":[1130,241,436,222,1446,1537,1538,1442,1536,1535],"class_list":{"0":"post-8495","1":"product","2":"type-product","3":"status-publish","4":"has-post-thumbnail","6":"product_cat-sports-shoes","7":"product_cat-women","8":"product_cat-womens-shoes-2","9":"product_tag-brown-sneakers","10":"product_tag-casual-footwear","11":"product_tag-chunky-sole","12":"product_tag-comfortable-shoes","13":"product_tag-faux-leather-shoes","14":"product_tag-ladies-sneakers","15":"product_tag-poly-sole","16":"product_tag-polyurethane-sole","17":"product_tag-womens-fashion-trainers","18":"product_tag-womens-sports-shoes","19":"desktop-align-center","20":"tablet-align-center","21":"mobile-align-center","23":"first","24":"instock","25":"shipping-taxable","26":"purchasable","27":"product-type-variable","28":"has-default-attributes"},"acf":[],"uagb_featured_image_src":{"full":["https:\/\/turkishtrade.co\/wp-content\/uploads\/2026\/01\/2600OYNWN00033-BROWN.png",453,250,false],"thumbnail":["https:\/\/turkishtrade.co\/wp-content\/uploads\/2026\/01\/2600OYNWN00033-BROWN-150x150.png",150,150,true],"medium":["https:\/\/turkishtrade.co\/wp-content\/uploads\/2026\/01\/2600OYNWN00033-BROWN-300x166.png",300,166,true],"medium_large":["https:\/\/turkishtrade.co\/wp-content\/uploads\/2026\/01\/2600OYNWN00033-BROWN.png",453,250,false],"large":["https:\/\/turkishtrade.co\/wp-content\/uploads\/2026\/01\/2600OYNWN00033-BROWN.png",453,250,false],"1536x1536":["https:\/\/turkishtrade.co\/wp-content\/uploads\/2026\/01\/2600OYNWN00033-BROWN.png",453,250,false],"2048x2048":["https:\/\/turkishtrade.co\/wp-content\/uploads\/2026\/01\/2600OYNWN00033-BROWN.png",453,250,false],"trp-custom-language-flag":["https:\/\/turkishtrade.co\/wp-content\/uploads\/2026\/01\/2600OYNWN00033-BROWN-18x10.png",18,10,true],"woocommerce_thumbnail":["https:\/\/turkishtrade.co\/wp-content\/uploads\/2026\/01\/2600OYNWN00033-BROWN-400x250.png",400,250,true],"woocommerce_single":["https:\/\/turkishtrade.co\/wp-content\/uploads\/2026\/01\/2600OYNWN00033-BROWN.png",453,250,false],"woocommerce_gallery_thumbnail":["https:\/\/turkishtrade.co\/wp-content\/uploads\/2026\/01\/2600OYNWN00033-BROWN-100x100.png",100,100,true]},"uagb_author_info":{"display_name":"python python","author_link":"https:\/\/turkishtrade.co\/tr\/author\/"},"uagb_comment_info":0,"uagb_excerpt":"Stylish brown chunky sole design for women Premium faux leather exterior for durability and aesthetics Soft, breathable fabric lining ensures all-day comfort Durable polyurethane sole (\"poli taban\") for excellent grip and longevity Available in popular women's sizes: 36, 37, 38, 39 Wholesale available with a minimum order of 8 pairs","_links":{"self":[{"href":"https:\/\/turkishtrade.co\/tr\/wp-json\/wp\/v2\/product\/8495","targetHints":{"allow":["GET"]}}],"collection":[{"href":"https:\/\/turkishtrade.co\/tr\/wp-json\/wp\/v2\/product"}],"about":[{"href":"https:\/\/turkishtrade.co\/tr\/wp-json\/wp\/v2\/types\/product"}],"wp:featuredmedia":[{"embeddable":true,"href":"https:\/\/turkishtrade.co\/tr\/wp-json\/wp\/v2\/media\/6781"}],"wp:attachment":[{"href":"https:\/\/turkishtrade.co\/tr\/wp-json\/wp\/v2\/media?parent=8495"}],"wp:term":[{"taxonomy":"product_brand","embeddable":true,"href":"https:\/\/turkishtrade.co\/tr\/wp-json\/wp\/v2\/product_brand?post=8495"},{"taxonomy":"product_cat","embeddable":true,"href":"https:\/\/turkishtrade.co\/tr\/wp-json\/wp\/v2\/product_cat?post=8495"},{"taxonomy":"product_tag","embeddable":true,"href":"https:\/\/turkishtrade.co\/tr\/wp-json\/wp\/v2\/product_tag?post=8495"}],"curies":[{"name":"wp","href":"https:\/\/api.w.org\/{rel}","templated":true}]}}