{"id":8494,"date":"2026-01-29T14:50:39","date_gmt":"2026-01-29T14:50:39","guid":{"rendered":"https:\/\/turkishtrade.co\/?post_type=product&#038;p=8494"},"modified":"2026-04-09T20:23:04","modified_gmt":"2026-04-09T20:23:04","slug":"womens-chunky-faux-leather-sneakers","status":"publish","type":"product","link":"https:\/\/turkishtrade.co\/tr\/shop\/womens-chunky-faux-leather-sneakers\/","title":{"rendered":"Kad\u0131n T\u0131knaz Suni Deri Spor Ayakkab\u0131 Garantili | Kad\u0131n Bej T\u0131knaz Suni Deri"},"content":{"rendered":"<p><strong>Kad\u0131n T\u0131knaz Suni Deri Spor Ayakkab\u0131<\/strong>. Garantili kalite ve tasar\u0131m.<\/p>\n<p>Ola\u011fan\u00fcst\u00fc koleksiyonumuzla en son trendlere ad\u0131m at\u0131n <strong>kad\u0131n kal\u0131n suni deri spor ayakkab\u0131<\/strong>. Hem stil hem de konfora de\u011fer veren modern kad\u0131nlar i\u00e7in tasarlanan bu bej g\u00fczellikler, her gard\u0131ropta bulunmas\u0131 gereken bir eklentidir. Kendine \u00f6zg\u00fc kal\u0131n taban\u0131 sadece \u00e7a\u011fda\u015f bir estetik sunmakla kalmaz, ayn\u0131 zamanda \u00fcst\u00fcn yast\u0131klama ve destek sa\u011flar, bu da onlar\u0131 yo\u011fun \u015fehir sokaklar\u0131nda gezinmek veya rahat bir hafta sonunun tad\u0131n\u0131 \u00e7\u0131karmak i\u00e7in m\u00fckemmel k\u0131lar.<\/p>\n<h3>\u015e\u0131k Konfor ile G\u00fcnl\u00fck G\u00f6r\u00fcn\u00fcm\u00fcn\u00fcz\u00fc Y\u00fckseltin<\/h3>\n<p>Bizim <strong>kad\u0131n kal\u0131n suni deri spor ayakkab\u0131<\/strong> dayan\u0131kl\u0131l\u0131k ve \u00fcst\u00fcn bir his sa\u011flamak i\u00e7in titizlikle \u00fcretilmi\u015ftir. Y\u00fcksek kaliteli suni deriye sahip d\u0131\u015f y\u00fczeyi, hem bak\u0131m\u0131 kolay hem de \u00e7evreye duyarl\u0131 \u015f\u0131k ve g\u00f6steri\u015fli bir g\u00f6r\u00fcn\u00fcm sunar. \u0130\u00e7 k\u0131s\u0131mda, ayaklar\u0131n\u0131z g\u00fcn boyunca nefes alabilirlik ve rahat bir uyum sa\u011flamak i\u00e7in tasarlanm\u0131\u015f yumu\u015fak kuma\u015f astar\u0131n rahatl\u0131\u011f\u0131n\u0131 ya\u015fayacak. \u0130ster spor salonuna gidin, ister kahve i\u00e7mek i\u00e7in arkada\u015flar\u0131n\u0131zla bulu\u015fun ya da ayak i\u015flerinizi halledin, bu spor ayakkab\u0131lar her \u015feyi benzersiz bir konfor ve stil i\u00e7inde yapman\u0131z\u0131 sa\u011flar.<\/p>\n<p>Sa\u011flam poli\u00fcretan (PU) taban, bu ayakkab\u0131lara aranan kal\u0131n profilini veren belirleyici bir \u00f6zelliktir. Bu malzeme m\u00fckemmel \u015fok emilimi, esnekli\u011fi ve uzun \u00f6m\u00fcrl\u00fc a\u015f\u0131nmas\u0131yla bilinir ve bu ayakkab\u0131lara yapt\u0131\u011f\u0131n\u0131z yat\u0131r\u0131m\u0131n <strong>kad\u0131n kal\u0131n suni deri spor ayakkab\u0131<\/strong> gelecek sezonlar i\u00e7in kar\u015f\u0131l\u0131\u011f\u0131n\u0131 verir. Pop\u00fcler 36, 37, 38 ve 39 numaralarda mevcut olup, geni\u015f bir ayak \u00f6l\u00e7\u00fcs\u00fc yelpazesine hitap ederek bir\u00e7ok ki\u015fi i\u00e7in m\u00fckemmel bir uyum sa\u011fl\u0131yoruz.<\/p>\n<h3>\u00c7ok Y\u00f6nl\u00fcl\u00fck Trendle Bulu\u015fuyor: Yeni Go-To Ayakkab\u0131n\u0131z<\/h3>\n<p>Bu bej kal\u0131n spor ayakkab\u0131lar inan\u0131lmaz derecede \u00e7ok y\u00f6nl\u00fcd\u00fcr ve \u00e7ok \u00e7e\u015fitli k\u0131yafetleri zahmetsizce tamamlar. Rahat ama bir arada bir g\u00f6r\u00fcn\u00fcm i\u00e7in en sevdi\u011finiz kot pantolon ve ti\u015f\u00f6rt\u00fcn\u00fczle e\u015fle\u015ftirin veya beklenmedik, modaya uygun bir kombin i\u00e7in midi bir elbise ile stilize edin. N\u00f6tr bej rengi, bu ayakkab\u0131lar\u0131 neredeyse t\u00fcm renk paletleri i\u00e7in kolay bir e\u015fle\u015fme haline getirir. <strong>kad\u0131n kal\u0131n suni deri spor ayakkab\u0131<\/strong> g\u00fcnl\u00fck k\u0131yafetlerinizin temel ta\u015f\u0131. \u015e\u0131kl\u0131k veya rahatl\u0131ktan \u00f6d\u00fcn vermeden athleisure trendini kucaklay\u0131n.<\/p>\n<h3>Ola\u011fan\u00fcst\u00fc Kalite ve Toptan Bulunabilirlik<\/h3>\n<p>Kalitesi ve tasar\u0131m\u0131yla \u00f6ne \u00e7\u0131kan ayakkab\u0131lar sunmaktan gurur duyuyoruz. Bunlar <strong>kad\u0131n kal\u0131n suni deri spor ayakkab\u0131<\/strong> modern trendlerin ve pratik i\u015flevselli\u011fin m\u00fckemmel bir kar\u0131\u015f\u0131m\u0131n\u0131 temsil ediyor. Pop\u00fcler ve y\u00fcksek talep g\u00f6ren \u00fcr\u00fcnleri stoklamak isteyen perakendeciler i\u00e7in bu spor ayakkab\u0131lar harika bir f\u0131rsat sunuyor. Minimum 8 \u00e7ift sipari\u015fle toptan sat\u0131n alma imkan\u0131 sunarak i\u015fletmelerin bu modaya uygun ve rahat ayakkab\u0131lar\u0131 kolayca ekleyebilmelerini sa\u011fl\u0131yoruz. <strong>kad\u0131n kal\u0131n suni deri spor ayakkab\u0131<\/strong> envanterlerine ekleyin. M\u00fc\u015fterilerinize modaya uygun tasar\u0131m ve g\u00fcnl\u00fck giyilebilirli\u011fin m\u00fckemmel kombinasyonunu sunun.<\/p>","protected":false},"excerpt":{"rendered":"<ul>\n<li>Moday\u0131 takip eden kad\u0131nlara \u00f6zel kal\u0131n suni deri spor ayakkab\u0131 36-39 numara aras\u0131nda mevcuttur.<\/li>\n<li>Yumu\u015fak, nefes alabilen kuma\u015f i\u00e7 k\u0131s\u0131m ve \u015f\u0131k suni deri d\u0131\u015f y\u00fczey ile \u00fcretilmi\u015ftir.<\/li>\n<li>G\u00fcn boyu kullan\u0131m i\u00e7in sa\u011flam ve rahat poli\u00fcretan (PU) tabanla donat\u0131lm\u0131\u015ft\u0131r.<\/li>\n<li>\u00c7ok y\u00f6nl\u00fcl\u00fck i\u00e7in tasarlanan bu sportif spor ayakkab\u0131lar, g\u00fcndelik gezintiler ve spor tarzlar i\u00e7in m\u00fckemmeldir.<\/li>\n<li>Toptan sat\u0131\u015f f\u0131rsat\u0131: Minimum sipari\u015f miktar\u0131 8 \u00e7ifttir.<\/li>\n<\/ul>","protected":false},"featured_media":6779,"template":"","meta":{"_acf_changed":false,"_uag_custom_page_level_css":"","site-sidebar-layout":"default","site-content-layout":"","ast-site-content-layout":"default","site-content-style":"default","site-sidebar-style":"default","ast-global-header-display":"","ast-banner-title-visibility":"","ast-main-header-display":"","ast-hfb-above-header-display":"","ast-hfb-below-header-display":"","ast-hfb-mobile-header-display":"","site-post-title":"","ast-breadcrumbs-content":"","ast-featured-img":"","footer-sml-layout":"","ast-disable-related-posts":"","theme-transparent-header-meta":"default","adv-header-id-meta":"","stick-header-meta":"","header-above-stick-meta":"","header-main-stick-meta":"","header-below-stick-meta":"","astra-migrate-meta-layouts":"set","ast-page-background-enabled":"default","ast-page-background-meta":{"desktop":{"background-color":"var(--ast-global-color-4)","background-image":"","background-repeat":"repeat","background-position":"center center","background-size":"auto","background-attachment":"scroll","background-type":"","background-media":"","overlay-type":"","overlay-color":"","overlay-opacity":"","overlay-gradient":""},"tablet":{"background-color":"","background-image":"","background-repeat":"repeat","background-position":"center center","background-size":"auto","background-attachment":"scroll","background-type":"","background-media":"","overlay-type":"","overlay-color":"","overlay-opacity":"","overlay-gradient":""},"mobile":{"background-color":"","background-image":"","background-repeat":"repeat","background-position":"center center","background-size":"auto","background-attachment":"scroll","background-type":"","background-media":"","overlay-type":"","overlay-color":"","overlay-opacity":"","overlay-gradient":""}},"ast-content-background-meta":{"desktop":{"background-color":"var(--ast-global-color-5)","background-image":"","background-repeat":"repeat","background-position":"center center","background-size":"auto","background-attachment":"scroll","background-type":"","background-media":"","overlay-type":"","overlay-color":"","overlay-opacity":"","overlay-gradient":""},"tablet":{"background-color":"var(--ast-global-color-5)","background-image":"","background-repeat":"repeat","background-position":"center center","background-size":"auto","background-attachment":"scroll","background-type":"","background-media":"","overlay-type":"","overlay-color":"","overlay-opacity":"","overlay-gradient":""},"mobile":{"background-color":"var(--ast-global-color-5)","background-image":"","background-repeat":"repeat","background-position":"center center","background-size":"auto","background-attachment":"scroll","background-type":"","background-media":"","overlay-type":"","overlay-color":"","overlay-opacity":"","overlay-gradient":""}}},"product_brand":[],"product_cat":[62,431,1220],"product_tag":[1534,1501,241,1530,1446,1532,1533,1361,1531,1527],"class_list":{"0":"post-8494","1":"product","2":"type-product","3":"status-publish","4":"has-post-thumbnail","6":"product_cat-sports-shoes","7":"product_cat-women","8":"product_cat-womens-shoes-2","9":"product_tag-athleisure-shoes","10":"product_tag-beige-sneakers","11":"product_tag-casual-footwear","12":"product_tag-chunky-sneakers","13":"product_tag-faux-leather-shoes","14":"product_tag-ladies-shoes","15":"product_tag-pu-sole-sneakers","16":"product_tag-sports-shoes","17":"product_tag-trendy-sneakers","18":"product_tag-womens-sneakers","19":"desktop-align-center","20":"tablet-align-center","21":"mobile-align-center","23":"first","24":"instock","25":"shipping-taxable","26":"purchasable","27":"product-type-variable","28":"has-default-attributes"},"acf":[],"uagb_featured_image_src":{"full":["https:\/\/turkishtrade.co\/wp-content\/uploads\/2026\/01\/2600OYNWN00032-BEIGE.png",453,250,false],"thumbnail":["https:\/\/turkishtrade.co\/wp-content\/uploads\/2026\/01\/2600OYNWN00032-BEIGE-150x150.png",150,150,true],"medium":["https:\/\/turkishtrade.co\/wp-content\/uploads\/2026\/01\/2600OYNWN00032-BEIGE-300x166.png",300,166,true],"medium_large":["https:\/\/turkishtrade.co\/wp-content\/uploads\/2026\/01\/2600OYNWN00032-BEIGE.png",453,250,false],"large":["https:\/\/turkishtrade.co\/wp-content\/uploads\/2026\/01\/2600OYNWN00032-BEIGE.png",453,250,false],"1536x1536":["https:\/\/turkishtrade.co\/wp-content\/uploads\/2026\/01\/2600OYNWN00032-BEIGE.png",453,250,false],"2048x2048":["https:\/\/turkishtrade.co\/wp-content\/uploads\/2026\/01\/2600OYNWN00032-BEIGE.png",453,250,false],"trp-custom-language-flag":["https:\/\/turkishtrade.co\/wp-content\/uploads\/2026\/01\/2600OYNWN00032-BEIGE-18x10.png",18,10,true],"woocommerce_thumbnail":["https:\/\/turkishtrade.co\/wp-content\/uploads\/2026\/01\/2600OYNWN00032-BEIGE-400x250.png",400,250,true],"woocommerce_single":["https:\/\/turkishtrade.co\/wp-content\/uploads\/2026\/01\/2600OYNWN00032-BEIGE.png",453,250,false],"woocommerce_gallery_thumbnail":["https:\/\/turkishtrade.co\/wp-content\/uploads\/2026\/01\/2600OYNWN00032-BEIGE-100x100.png",100,100,true]},"uagb_author_info":{"display_name":"python python","author_link":"https:\/\/turkishtrade.co\/tr\/author\/"},"uagb_comment_info":0,"uagb_excerpt":"Fashion-forward women's chunky faux leather sneakers available in sizes 36-39. Crafted with a soft, breathable fabric interior and a sleek faux leather exterior. Equipped with a robust and comfortable polyurethane (PU) sole for all-day wear. Designed for versatility, these sporty sneakers are perfect for casual outings and athleisure styles. Wholesale opportunity: Minimum order quantity of&hellip;","_links":{"self":[{"href":"https:\/\/turkishtrade.co\/tr\/wp-json\/wp\/v2\/product\/8494","targetHints":{"allow":["GET"]}}],"collection":[{"href":"https:\/\/turkishtrade.co\/tr\/wp-json\/wp\/v2\/product"}],"about":[{"href":"https:\/\/turkishtrade.co\/tr\/wp-json\/wp\/v2\/types\/product"}],"wp:featuredmedia":[{"embeddable":true,"href":"https:\/\/turkishtrade.co\/tr\/wp-json\/wp\/v2\/media\/6779"}],"wp:attachment":[{"href":"https:\/\/turkishtrade.co\/tr\/wp-json\/wp\/v2\/media?parent=8494"}],"wp:term":[{"taxonomy":"product_brand","embeddable":true,"href":"https:\/\/turkishtrade.co\/tr\/wp-json\/wp\/v2\/product_brand?post=8494"},{"taxonomy":"product_cat","embeddable":true,"href":"https:\/\/turkishtrade.co\/tr\/wp-json\/wp\/v2\/product_cat?post=8494"},{"taxonomy":"product_tag","embeddable":true,"href":"https:\/\/turkishtrade.co\/tr\/wp-json\/wp\/v2\/product_tag?post=8494"}],"curies":[{"name":"wp","href":"https:\/\/api.w.org\/{rel}","templated":true}]}}