{"id":8493,"date":"2026-01-29T14:50:39","date_gmt":"2026-01-29T14:50:39","guid":{"rendered":"https:\/\/turkishtrade.co\/?post_type=product&#038;p=8493"},"modified":"2026-04-09T20:23:18","modified_gmt":"2026-04-09T20:23:18","slug":"womens-mesh-faux-leather-sneakers","status":"publish","type":"product","link":"https:\/\/turkishtrade.co\/tr\/shop\/womens-mesh-faux-leather-sneakers\/","title":{"rendered":"Kad\u0131n Fileli Suni Deri Spor Ayakkab\u0131 Exclusive | Kad\u0131n Dayan\u0131kl\u0131 Fileli Suni Deri"},"content":{"rendered":"<p><strong>Kad\u0131n File Suni Deri Spor Ayakkab\u0131<\/strong>. \u00d6zel kalite ve tasar\u0131m.<\/p>\n<p>Benzersiz konfora ve \u00e7a\u011fda\u015f stile ola\u011fan\u00fcst\u00fc \u00fcr\u00fcnlerimizle ad\u0131m at\u0131n <strong>Kad\u0131n File Suni Deri Spor Ayakkab\u0131<\/strong>. Hem esteti\u011fe hem de i\u015flevselli\u011fe de\u011fer veren modern kad\u0131nlar i\u00e7in tasarlanan bu spor ayakkab\u0131lar, sportif \u00e7ekicili\u011fi g\u00fcnl\u00fck pratiklikle kusursuz bir \u015fekilde harmanlar. \u0130ster i\u015flerinizi hallediyor, ister rahat bir y\u00fcr\u00fcy\u00fc\u015fe \u00e7\u0131k\u0131yor ya da arkada\u015flar\u0131n\u0131zla bulu\u015fuyor olun, bu ayakkab\u0131lar zahmetsiz stil ve kal\u0131c\u0131 konfor i\u00e7in tercihiniz olacak.<\/p>\n<h3>Kal\u0131c\u0131 Konfor ve Stil i\u00e7in \u00dcst\u00fcn Malzemeler<\/h3>\n<p>Detaylara titizlikle \u00f6zen g\u00f6sterilerek haz\u0131rlanm\u0131\u015f bu <strong>Kad\u0131n File Suni Deri Spor Ayakkab\u0131<\/strong> dinamik bir malzeme kombinasyonuna sahiptir. \u0130\u00e7 k\u0131s\u0131m, ayaklar\u0131n\u0131z\u0131n g\u00fcn boyunca serin ve rahat kalmas\u0131n\u0131 sa\u011flayan yumu\u015fak, nefes alabilen bir kuma\u015f astara sahiptir. Bunu tamamlayan d\u0131\u015f k\u0131s\u0131m, hem sofistike bir g\u00f6r\u00fcn\u00fcm hem de g\u00fcnl\u00fck a\u015f\u0131nma ve y\u0131pranmaya kar\u015f\u0131 daha fazla dayan\u0131kl\u0131l\u0131k sa\u011flayan dayan\u0131kl\u0131, y\u00fcksek kaliteli suni deriden \u00fcretilmi\u015ftir. Bu \u00f6zenli malzeme e\u015fle\u015ftirmesi, sadece g\u00f6rsel olarak \u00e7ekici de\u011fil ayn\u0131 zamanda giymesi de keyifli bir ayakkab\u0131 ortaya \u00e7\u0131kar\u0131r.<\/p>\n<h3>Dayan\u0131kl\u0131 Poli\u00fcretan Taban ile Destek i\u00e7in Tasarland\u0131<\/h3>\n<p>Birinci s\u0131n\u0131f bir poli\u00fcretan taban olan sa\u011flam \u201cpoli taban\u201d sayesinde \u00fcst\u00fcn y\u00fcr\u00fcy\u00fc\u015f konforunu ya\u015fay\u0131n. Bu geli\u015fmi\u015f taban teknolojisi, hafif \u00f6zellikleri, m\u00fckemmel \u015fok emilimi ve ola\u011fan\u00fcst\u00fc kavrama \u00f6zelli\u011fi ile \u00fcnl\u00fcd\u00fcr. <strong>Kad\u0131n File Suni Deri Spor Ayakkab\u0131<\/strong> inan\u0131lmaz derecede sa\u011flam ve destekleyici. Kal\u0131n ancak ergonomik tasar\u0131m, modern bir siluet sa\u011flarken \u00e7e\u015fitli y\u00fczeylerde g\u00fcvenilir tutu\u015f sa\u011flayarak sabahtan ak\u015fama kadar g\u00fcvenle ve kolayl\u0131kla hareket etmenize olanak tan\u0131r.<\/p>\n<h3>Her Durum \u0130\u00e7in \u00c7ok Y\u00f6nl\u00fc Tasar\u0131m<\/h3>\n<p>Gri ve mavi tonlu spor ayakkab\u0131lar\u0131m\u0131z, her t\u00fcrl\u00fc g\u00fcndelik gard\u0131roba kolayca entegre olan \u00e7ok y\u00f6nl\u00fc bir tasar\u0131m sunar. Karma\u015f\u0131k \u00f6rg\u00fc desenleri, p\u00fcr\u00fczs\u00fcz suni deri kaplamalarla birle\u015ferek g\u00f6ze \u00e7arpan g\u00f6rsel olarak \u00e7ekici bir doku olu\u015fturur. Spor k\u0131yafetlerden daha rahat denim g\u00f6r\u00fcn\u00fcmlere kadar, bu <strong>Kad\u0131n File Suni Deri Spor Ayakkab\u0131<\/strong> m\u00fckemmel bir tamamlay\u0131c\u0131d\u0131r ve kombininize \u00e7a\u011fda\u015f bir zarafet dokunu\u015fu sunar. Stilinden \u00f6d\u00fcn vermeden dinamik ya\u015fam tarzlar\u0131na ayak uydurabilecek ayakkab\u0131lar arayan kad\u0131nlar i\u00e7in tasarlanm\u0131\u015ft\u0131r.<\/p>\n<h3>Her Kad\u0131n \u0130\u00e7in M\u00fckemmel Uyum<\/h3>\n<p>M\u00fckemmel uyumun \u00f6nemini anl\u0131yoruz. \u0130\u015fte bu y\u00fczden bu rahat <strong>Kad\u0131n File Suni Deri Spor Ayakkab\u0131<\/strong> kapsaml\u0131 bir pop\u00fcler beden yelpazesinde mevcuttur: 36, 37, 38 ve 39. Bu, her kad\u0131n\u0131n ideal \u00e7iftini bulabilmesini sa\u011flar ve maksimum konfor ve deste\u011fi garanti eder. Bu spor ayakkab\u0131lar\u0131 ayakkab\u0131 koleksiyonunuzun olmazsa olmaz\u0131 haline getiren yenilik\u00e7i tasar\u0131m ve pratik \u00f6zelliklerin kar\u0131\u015f\u0131m\u0131n\u0131 kucaklay\u0131n.<\/p>\n<h3>Toptan Sat\u0131\u015f F\u0131rsatlar\u0131 Mevcut<\/h3>\n<p>M\u00fc\u015fterilerine y\u00fcksek kaliteli, \u015f\u0131k ayakkab\u0131lar sunmak isteyen perakendeciler ve i\u015fletmeler i\u00e7in <strong>Kad\u0131n File Suni Deri Spor Ayakkab\u0131<\/strong> toptan sat\u0131n al\u0131nabilir. Minimum 8 \u00e7iftlik bir sipari\u015fe ihtiyac\u0131m\u0131z var, bu da bu pop\u00fcler ve h\u0131zl\u0131 sat\u0131lan \u00fcr\u00fcnleri stoklamay\u0131 kolayla\u015ft\u0131r\u0131yor. M\u00fc\u015fterilerinize hem konfor hem de son teknoloji stil vaat eden, dayan\u0131kl\u0131 yap\u0131 ve zamans\u0131z \u00e7ekicilikle desteklenen bir \u00fcr\u00fcn sunun.<\/p>","protected":false},"excerpt":{"rendered":"<ul>\n<li>File kuma\u015f i\u00e7 k\u0131s\u0131m ve y\u00fcksek kaliteli suni deri d\u0131\u015f y\u00fczey i\u00e7eren \u015f\u0131k ve nefes alabilen tasar\u0131m.<\/li>\n<li>\u00dcst\u00fcn konfor ve g\u00fcvenilir kavrama i\u00e7in dayan\u0131kl\u0131 poli\u00fcretan (poli taban) taban ile donat\u0131lm\u0131\u015ft\u0131r.<\/li>\n<li>M\u00fckemmel ve rahat bir uyum sa\u011flamak i\u00e7in 36, 37, 38, 39 temel kad\u0131n bedenlerinde mevcuttur.<\/li>\n<li>G\u00fcnl\u00fck g\u00fcndelik giyim, hafif spor aktiviteleri ve zahmetsiz g\u00fcnl\u00fck konfor i\u00e7in idealdir.<\/li>\n<li>Toptan sipari\u015fler, uygun bir minimum 8 \u00e7ift sat\u0131n alma ile s\u0131cak bir \u015fekilde kar\u015f\u0131lanmaktad\u0131r.<\/li>\n<\/ul>","protected":false},"featured_media":6775,"template":"","meta":{"_acf_changed":false,"_uag_custom_page_level_css":"","site-sidebar-layout":"default","site-content-layout":"","ast-site-content-layout":"default","site-content-style":"default","site-sidebar-style":"default","ast-global-header-display":"","ast-banner-title-visibility":"","ast-main-header-display":"","ast-hfb-above-header-display":"","ast-hfb-below-header-display":"","ast-hfb-mobile-header-display":"","site-post-title":"","ast-breadcrumbs-content":"","ast-featured-img":"","footer-sml-layout":"","ast-disable-related-posts":"","theme-transparent-header-meta":"default","adv-header-id-meta":"","stick-header-meta":"","header-above-stick-meta":"","header-main-stick-meta":"","header-below-stick-meta":"","astra-migrate-meta-layouts":"set","ast-page-background-enabled":"default","ast-page-background-meta":{"desktop":{"background-color":"var(--ast-global-color-4)","background-image":"","background-repeat":"repeat","background-position":"center center","background-size":"auto","background-attachment":"scroll","background-type":"","background-media":"","overlay-type":"","overlay-color":"","overlay-opacity":"","overlay-gradient":""},"tablet":{"background-color":"","background-image":"","background-repeat":"repeat","background-position":"center center","background-size":"auto","background-attachment":"scroll","background-type":"","background-media":"","overlay-type":"","overlay-color":"","overlay-opacity":"","overlay-gradient":""},"mobile":{"background-color":"","background-image":"","background-repeat":"repeat","background-position":"center center","background-size":"auto","background-attachment":"scroll","background-type":"","background-media":"","overlay-type":"","overlay-color":"","overlay-opacity":"","overlay-gradient":""}},"ast-content-background-meta":{"desktop":{"background-color":"var(--ast-global-color-5)","background-image":"","background-repeat":"repeat","background-position":"center center","background-size":"auto","background-attachment":"scroll","background-type":"","background-media":"","overlay-type":"","overlay-color":"","overlay-opacity":"","overlay-gradient":""},"tablet":{"background-color":"var(--ast-global-color-5)","background-image":"","background-repeat":"repeat","background-position":"center center","background-size":"auto","background-attachment":"scroll","background-type":"","background-media":"","overlay-type":"","overlay-color":"","overlay-opacity":"","overlay-gradient":""},"mobile":{"background-color":"var(--ast-global-color-5)","background-image":"","background-repeat":"repeat","background-position":"center center","background-size":"auto","background-attachment":"scroll","background-type":"","background-media":"","overlay-type":"","overlay-color":"","overlay-opacity":"","overlay-gradient":""}}},"product_brand":[],"product_cat":[62,431,1220],"product_tag":[449,1117,1520,1529,1528,1503,1442,368,281,1527],"class_list":{"0":"post-8493","1":"product","2":"type-product","3":"status-publish","4":"has-post-thumbnail","6":"product_cat-sports-shoes","7":"product_cat-women","8":"product_cat-womens-shoes-2","9":"product_tag-casual-shoes","10":"product_tag-comfortable-sneakers","11":"product_tag-faux-leather","12":"product_tag-grey-sneakers","13":"product_tag-ladies-footwear","14":"product_tag-mesh-shoes","15":"product_tag-polyurethane-sole","16":"product_tag-sporty-shoes","17":"product_tag-wholesale-shoes","18":"product_tag-womens-sneakers","19":"desktop-align-center","20":"tablet-align-center","21":"mobile-align-center","23":"first","24":"instock","25":"shipping-taxable","26":"purchasable","27":"product-type-variable","28":"has-default-attributes"},"acf":[],"uagb_featured_image_src":{"full":["https:\/\/turkishtrade.co\/wp-content\/uploads\/2026\/01\/2600OYNWN00031-BEIGE.png",453,250,false],"thumbnail":["https:\/\/turkishtrade.co\/wp-content\/uploads\/2026\/01\/2600OYNWN00031-BEIGE-150x150.png",150,150,true],"medium":["https:\/\/turkishtrade.co\/wp-content\/uploads\/2026\/01\/2600OYNWN00031-BEIGE-300x166.png",300,166,true],"medium_large":["https:\/\/turkishtrade.co\/wp-content\/uploads\/2026\/01\/2600OYNWN00031-BEIGE.png",453,250,false],"large":["https:\/\/turkishtrade.co\/wp-content\/uploads\/2026\/01\/2600OYNWN00031-BEIGE.png",453,250,false],"1536x1536":["https:\/\/turkishtrade.co\/wp-content\/uploads\/2026\/01\/2600OYNWN00031-BEIGE.png",453,250,false],"2048x2048":["https:\/\/turkishtrade.co\/wp-content\/uploads\/2026\/01\/2600OYNWN00031-BEIGE.png",453,250,false],"trp-custom-language-flag":["https:\/\/turkishtrade.co\/wp-content\/uploads\/2026\/01\/2600OYNWN00031-BEIGE-18x10.png",18,10,true],"woocommerce_thumbnail":["https:\/\/turkishtrade.co\/wp-content\/uploads\/2026\/01\/2600OYNWN00031-BEIGE-400x250.png",400,250,true],"woocommerce_single":["https:\/\/turkishtrade.co\/wp-content\/uploads\/2026\/01\/2600OYNWN00031-BEIGE.png",453,250,false],"woocommerce_gallery_thumbnail":["https:\/\/turkishtrade.co\/wp-content\/uploads\/2026\/01\/2600OYNWN00031-BEIGE-100x100.png",100,100,true]},"uagb_author_info":{"display_name":"python python","author_link":"https:\/\/turkishtrade.co\/tr\/author\/"},"uagb_comment_info":0,"uagb_excerpt":"Stylish &amp; breathable design featuring a mesh fabric interior and high-quality faux leather exterior. Equipped with a durable polyurethane (poli taban) sole for ultimate comfort and reliable grip. Available in essential women's sizes 36, 37, 38, 39 to ensure a perfect and comfortable fit. Ideal for everyday casual wear, light sports activities, and effortless daily&hellip;","_links":{"self":[{"href":"https:\/\/turkishtrade.co\/tr\/wp-json\/wp\/v2\/product\/8493","targetHints":{"allow":["GET"]}}],"collection":[{"href":"https:\/\/turkishtrade.co\/tr\/wp-json\/wp\/v2\/product"}],"about":[{"href":"https:\/\/turkishtrade.co\/tr\/wp-json\/wp\/v2\/types\/product"}],"wp:featuredmedia":[{"embeddable":true,"href":"https:\/\/turkishtrade.co\/tr\/wp-json\/wp\/v2\/media\/6775"}],"wp:attachment":[{"href":"https:\/\/turkishtrade.co\/tr\/wp-json\/wp\/v2\/media?parent=8493"}],"wp:term":[{"taxonomy":"product_brand","embeddable":true,"href":"https:\/\/turkishtrade.co\/tr\/wp-json\/wp\/v2\/product_brand?post=8493"},{"taxonomy":"product_cat","embeddable":true,"href":"https:\/\/turkishtrade.co\/tr\/wp-json\/wp\/v2\/product_cat?post=8493"},{"taxonomy":"product_tag","embeddable":true,"href":"https:\/\/turkishtrade.co\/tr\/wp-json\/wp\/v2\/product_tag?post=8493"}],"curies":[{"name":"wp","href":"https:\/\/api.w.org\/{rel}","templated":true}]}}