{"id":8471,"date":"2026-01-29T14:50:27","date_gmt":"2026-01-29T14:50:27","guid":{"rendered":"https:\/\/turkishtrade.co\/?post_type=product&#038;p=8471"},"modified":"2026-04-09T20:23:40","modified_gmt":"2026-04-09T20:23:40","slug":"mens-faux-leather-chunky-sneakers","status":"publish","type":"product","link":"https:\/\/turkishtrade.co\/tr\/shop\/mens-faux-leather-chunky-sneakers\/","title":{"rendered":"Erkek Suni Deri T\u0131knaz Spor Ayakkab\u0131 Rakipsiz | Erkek Suni Deri T\u0131knaz Taban"},"content":{"rendered":"<p><strong>Erkek Suni Deri Kal\u0131n Spor Ayakkab\u0131<\/strong>. Rakipsiz kalite ve tasar\u0131m.<\/p>\n<p>\u00dcst\u00fcn kaliteli \u00fcr\u00fcnlerimizle \u00e7a\u011fda\u015f stil ve sa\u011flam i\u015flevselli\u011fin m\u00fckemmel birle\u015fimini ke\u015ffedin <strong>Erkek Suni Deri Kal\u0131n Spor Ayakkab\u0131<\/strong>. Modern erkek i\u00e7in \u00fcretilen bu spor ayakkab\u0131lar, ola\u011fan\u00fcst\u00fc konfor ve dayan\u0131kl\u0131l\u0131k sa\u011flarken bir yandan da fark yaratmak i\u00e7in tasarlanm\u0131\u015ft\u0131r. \u0130ster soka\u011fa \u00e7\u0131k\u0131n, ister hafif sporlarla u\u011fra\u015f\u0131n ya da sadece g\u00fcndelik bir g\u00fcn\u00fcn tad\u0131n\u0131 \u00e7\u0131kar\u0131n, bu <strong>Erkek Suni Deri Kal\u0131n Spor Ayakkab\u0131<\/strong> ideal arkada\u015f\u0131n\u0131zd\u0131r.<\/p>\n<h3>Rakipsiz Tasar\u0131m ve Konfor<\/h3>\n<p>Bizim <strong>Erkek Suni Deri Kal\u0131n Spor Ayakkab\u0131<\/strong> sofistike bir malzeme kar\u0131\u015f\u0131m\u0131na sahiptir. Y\u00fcksek kaliteli suni deri vurgulara sahip d\u0131\u015f y\u00fczey, nefes alabilen kuma\u015f panellerle m\u00fckemmel bir \u015fekilde tamamlanan \u015f\u0131k ve sa\u011flam bir g\u00f6r\u00fcn\u00fcm sa\u011flar. Bu \u00f6zenli kombinasyon hem dayan\u0131kl\u0131l\u0131k hem de konfor sa\u011flayarak ayaklar\u0131n\u0131z\u0131n g\u00fcn boyunca serin kalmas\u0131na ve desteklenmesine olanak tan\u0131r. \u0130\u00e7 k\u0131sm\u0131 tamamen yumu\u015fak kuma\u015fla astarlanm\u0131\u015ft\u0131r ve uzun s\u00fcreli kullan\u0131mlarda bile ayaklar\u0131n\u0131z i\u00e7in rahat ve ho\u015f bir ortam yarat\u0131r.<\/p>\n<h3>Optimum Performans i\u00e7in Dayan\u0131kl\u0131 Poli\u00fcretan Taban<\/h3>\n<p>Bunlar\u0131n tan\u0131mlay\u0131c\u0131 \u00f6zelli\u011fi <strong>Erkek Suni Deri Kal\u0131n Spor Ayakkab\u0131<\/strong> kendine \u00f6zg\u00fc kal\u0131n poli\u00fcretan taban\u0131d\u0131r. Maksimum kavrama ve \u015fok emilimi i\u00e7in tasarlanan bu sa\u011flam taban, \u00e7e\u015fitli y\u00fczeylerde m\u00fckemmel \u00e7eki\u015f g\u00fcc\u00fc sunarak ayakkab\u0131y\u0131 farkl\u0131 aktiviteler i\u00e7in uygun hale getirir. Taban\u0131n dinamik tasar\u0131m\u0131 yaln\u0131zca performans\u0131 art\u0131rmakla kalmaz, ayn\u0131 zamanda ayakkab\u0131n\u0131n cesur, modaya uygun esteti\u011fine de katk\u0131da bulunur. Bu ola\u011fan\u00fcst\u00fc ayakkab\u0131yla her ad\u0131m\u0131n\u0131zda denge ve g\u00fcven duygusunu ya\u015fay\u0131n <strong>Erkek Suni Deri Kal\u0131n Spor Ayakkab\u0131<\/strong>.<\/p>\n<h3>Her Durum i\u00e7in \u00c7ok Y\u00f6nl\u00fcl\u00fck<\/h3>\n<p>Bu \u00e7ok y\u00f6nl\u00fc <strong>Erkek Suni Deri Kal\u0131n Spor Ayakkab\u0131<\/strong> spor ayakkab\u0131dan daha fazlas\u0131d\u0131r; onlar bir ya\u015fam tarz\u0131 se\u00e7imidir. \u00c7arp\u0131c\u0131 tasar\u0131mlar\u0131, atletik k\u0131yafetlerden kentsel g\u00fcndelik k\u0131yafetlere sorunsuz bir \u015fekilde ge\u00e7i\u015f yapar. Rahat bir g\u00f6r\u00fcn\u00fcm i\u00e7in en sevdi\u011finiz kot pantolonunuzla e\u015fle\u015ftirin veya aktif u\u011fra\u015flar\u0131n\u0131z i\u00e7in spor k\u0131yafetlerinizle kombinleyin. 40'tan 44'e kadar kapsaml\u0131 bir Avrupa beden yelpazesinde mevcut oldu\u011fundan, m\u00fckemmel uyumunuzu bulmak zahmetsizdir. Bu olmazsa olmaz ayakkab\u0131larla ayakkab\u0131 koleksiyonunuzu geli\u015ftirin <strong>Erkek Suni Deri Kal\u0131n Spor Ayakkab\u0131<\/strong>, Stil ve \u00f6z\u00fcn ger\u00e7ek bir kan\u0131t\u0131.<\/p>\n<p>Y\u00fcksek kaliteli, talep g\u00f6ren ayakkab\u0131lar\u0131 stoklamak isteyen i\u015fletmeler i\u00e7in bu <strong>Erkek Suni Deri Kal\u0131n Spor Ayakkab\u0131<\/strong> toptan sipari\u015fler i\u00e7in mevcuttur. Minimum 8 \u00e7ift sipari\u015f miktar\u0131 ile m\u00fc\u015fterilerinize estetik \u00e7ekicili\u011fi pratik \u00f6zelliklerle birle\u015ftiren pop\u00fcler ve \u015f\u0131k bir se\u00e7ene\u011fi kolayca sunabilirsiniz. Koleksiyonumuzla \u00f6ne \u00e7\u0131kan ve performans g\u00f6steren ayakkab\u0131lara yat\u0131r\u0131m yap\u0131n <strong>Erkek Suni Deri Kal\u0131n Spor Ayakkab\u0131<\/strong>.<\/p>","protected":false},"excerpt":{"rendered":"<ul>\n<li>Suni deri d\u0131\u015f y\u00fczeyi rahat bir kuma\u015f i\u00e7 k\u0131s\u0131mla harmanlayan \u015f\u0131k erkek spor ayakkab\u0131s\u0131.<\/li>\n<li>\u00dcst\u00fcn kavrama ve dayan\u0131kl\u0131l\u0131k i\u00e7in sa\u011flam ve ay\u0131rt edici kal\u0131n poli\u00fcretan tabana sahiptir.<\/li>\n<li>Hem spor aktiviteleri hem de \u00e7ok y\u00f6nl\u00fc g\u00fcnl\u00fck g\u00fcndelik giyim i\u00e7in tasarlanm\u0131\u015ft\u0131r.<\/li>\n<li>40, 41, 42, 43 ve 44 Avrupa bedenlerinde mevcuttur.<\/li>\n<li>Minimum 8 \u00e7ift sipari\u015f ile toptan sat\u0131\u015f f\u0131rsatlar\u0131 mevcuttur.<\/li>\n<\/ul>","protected":false},"featured_media":6655,"template":"","meta":{"_acf_changed":false,"_uag_custom_page_level_css":"","site-sidebar-layout":"default","site-content-layout":"","ast-site-content-layout":"default","site-content-style":"default","site-sidebar-style":"default","ast-global-header-display":"","ast-banner-title-visibility":"","ast-main-header-display":"","ast-hfb-above-header-display":"","ast-hfb-below-header-display":"","ast-hfb-mobile-header-display":"","site-post-title":"","ast-breadcrumbs-content":"","ast-featured-img":"","footer-sml-layout":"","ast-disable-related-posts":"","theme-transparent-header-meta":"","adv-header-id-meta":"","stick-header-meta":"","header-above-stick-meta":"","header-main-stick-meta":"","header-below-stick-meta":"","astra-migrate-meta-layouts":"default","ast-page-background-enabled":"default","ast-page-background-meta":{"desktop":{"background-color":"var(--ast-global-color-4)","background-image":"","background-repeat":"repeat","background-position":"center center","background-size":"auto","background-attachment":"scroll","background-type":"","background-media":"","overlay-type":"","overlay-color":"","overlay-opacity":"","overlay-gradient":""},"tablet":{"background-color":"","background-image":"","background-repeat":"repeat","background-position":"center center","background-size":"auto","background-attachment":"scroll","background-type":"","background-media":"","overlay-type":"","overlay-color":"","overlay-opacity":"","overlay-gradient":""},"mobile":{"background-color":"","background-image":"","background-repeat":"repeat","background-position":"center center","background-size":"auto","background-attachment":"scroll","background-type":"","background-media":"","overlay-type":"","overlay-color":"","overlay-opacity":"","overlay-gradient":""}},"ast-content-background-meta":{"desktop":{"background-color":"var(--ast-global-color-5)","background-image":"","background-repeat":"repeat","background-position":"center center","background-size":"auto","background-attachment":"scroll","background-type":"","background-media":"","overlay-type":"","overlay-color":"","overlay-opacity":"","overlay-gradient":""},"tablet":{"background-color":"var(--ast-global-color-5)","background-image":"","background-repeat":"repeat","background-position":"center center","background-size":"auto","background-attachment":"scroll","background-type":"","background-media":"","overlay-type":"","overlay-color":"","overlay-opacity":"","overlay-gradient":""},"mobile":{"background-color":"var(--ast-global-color-5)","background-image":"","background-repeat":"repeat","background-position":"center center","background-size":"auto","background-attachment":"scroll","background-type":"","background-media":"","overlay-type":"","overlay-color":"","overlay-opacity":"","overlay-gradient":""}}},"product_brand":[],"product_cat":[430,1200,51],"product_tag":[1523,216,331,1474,333,1462,214,1442,1361],"class_list":{"0":"post-8471","1":"product","2":"type-product","3":"status-publish","4":"has-post-thumbnail","6":"product_cat-men","7":"product_cat-mens-shoes-2","8":"product_cat-sports","9":"product_tag-beige-black-sneakers","10":"product_tag-casual-sneakers","11":"product_tag-chunky-sole-shoes","12":"product_tag-durable-sneakers","13":"product_tag-fashion-sneakers","14":"product_tag-faux-leather-sneakers","15":"product_tag-mens-sneakers","16":"product_tag-polyurethane-sole","17":"product_tag-sports-shoes","18":"desktop-align-center","19":"tablet-align-center","20":"mobile-align-center","22":"first","23":"instock","24":"shipping-taxable","25":"purchasable","26":"product-type-variable","27":"has-default-attributes"},"acf":[],"uagb_featured_image_src":{"full":["https:\/\/turkishtrade.co\/wp-content\/uploads\/2026\/01\/2600OYNMN00042-BEIGE.png",453,250,false],"thumbnail":["https:\/\/turkishtrade.co\/wp-content\/uploads\/2026\/01\/2600OYNMN00042-BEIGE-150x150.png",150,150,true],"medium":["https:\/\/turkishtrade.co\/wp-content\/uploads\/2026\/01\/2600OYNMN00042-BEIGE-300x166.png",300,166,true],"medium_large":["https:\/\/turkishtrade.co\/wp-content\/uploads\/2026\/01\/2600OYNMN00042-BEIGE.png",453,250,false],"large":["https:\/\/turkishtrade.co\/wp-content\/uploads\/2026\/01\/2600OYNMN00042-BEIGE.png",453,250,false],"1536x1536":["https:\/\/turkishtrade.co\/wp-content\/uploads\/2026\/01\/2600OYNMN00042-BEIGE.png",453,250,false],"2048x2048":["https:\/\/turkishtrade.co\/wp-content\/uploads\/2026\/01\/2600OYNMN00042-BEIGE.png",453,250,false],"trp-custom-language-flag":["https:\/\/turkishtrade.co\/wp-content\/uploads\/2026\/01\/2600OYNMN00042-BEIGE-18x10.png",18,10,true],"woocommerce_thumbnail":["https:\/\/turkishtrade.co\/wp-content\/uploads\/2026\/01\/2600OYNMN00042-BEIGE-400x250.png",400,250,true],"woocommerce_single":["https:\/\/turkishtrade.co\/wp-content\/uploads\/2026\/01\/2600OYNMN00042-BEIGE.png",453,250,false],"woocommerce_gallery_thumbnail":["https:\/\/turkishtrade.co\/wp-content\/uploads\/2026\/01\/2600OYNMN00042-BEIGE-100x100.png",100,100,true]},"uagb_author_info":{"display_name":"python python","author_link":"https:\/\/turkishtrade.co\/tr\/author\/"},"uagb_comment_info":0,"uagb_excerpt":"Stylish men's sneakers blending faux leather exterior with a comfortable fabric interior. Features a robust and distinctive chunky polyurethane sole for superior grip and durability. Designed for both sports activities and versatile everyday casual wear. Available in European sizes 40, 41, 42, 43, and 44. Wholesale opportunities available with a minimum order of 8 pairs.","_links":{"self":[{"href":"https:\/\/turkishtrade.co\/tr\/wp-json\/wp\/v2\/product\/8471","targetHints":{"allow":["GET"]}}],"collection":[{"href":"https:\/\/turkishtrade.co\/tr\/wp-json\/wp\/v2\/product"}],"about":[{"href":"https:\/\/turkishtrade.co\/tr\/wp-json\/wp\/v2\/types\/product"}],"wp:featuredmedia":[{"embeddable":true,"href":"https:\/\/turkishtrade.co\/tr\/wp-json\/wp\/v2\/media\/6655"}],"wp:attachment":[{"href":"https:\/\/turkishtrade.co\/tr\/wp-json\/wp\/v2\/media?parent=8471"}],"wp:term":[{"taxonomy":"product_brand","embeddable":true,"href":"https:\/\/turkishtrade.co\/tr\/wp-json\/wp\/v2\/product_brand?post=8471"},{"taxonomy":"product_cat","embeddable":true,"href":"https:\/\/turkishtrade.co\/tr\/wp-json\/wp\/v2\/product_cat?post=8471"},{"taxonomy":"product_tag","embeddable":true,"href":"https:\/\/turkishtrade.co\/tr\/wp-json\/wp\/v2\/product_tag?post=8471"}],"curies":[{"name":"wp","href":"https:\/\/api.w.org\/{rel}","templated":true}]}}