{"id":8468,"date":"2026-01-29T14:50:27","date_gmt":"2026-01-29T14:50:27","guid":{"rendered":"https:\/\/turkishtrade.co\/?post_type=product&#038;p=8468"},"modified":"2026-04-09T20:23:49","modified_gmt":"2026-04-09T20:23:49","slug":"mens-black-sports-sneakers","status":"publish","type":"product","link":"https:\/\/turkishtrade.co\/tr\/shop\/mens-black-sports-sneakers\/","title":{"rendered":"Erkek Siyah Spor Ayakkab\u0131 Rakipsiz | Erkek Siyah File &amp; Suni"},"content":{"rendered":"<h3>Erkek Siyah Spor Ayakkab\u0131 ile Stilinizi Y\u00fckseltin<\/h3>\n<p>\u00c7arp\u0131c\u0131 ayakkab\u0131lar\u0131m\u0131zla ayakkab\u0131 oyununuzu geli\u015ftirin <strong>Erkek Siyah Spor Ayakkab\u0131<\/strong>. \u015e\u0131k tasar\u0131m\u0131 \u00fcst\u00fcn konforla m\u00fckemmel bir \u015fekilde harmanlayan bu spor ayakkab\u0131lar, sizi \u015f\u0131k tutarken aktif ya\u015fam tarz\u0131n\u0131z\u0131 desteklemek i\u00e7in tasarlanm\u0131\u015ft\u0131r. \u0130ster spor salonuna gidin, ister ko\u015fuya \u00e7\u0131k\u0131n ya da sadece g\u00fcndelik bir g\u00fcn\u00fcn tad\u0131n\u0131 \u00e7\u0131kar\u0131n, bu <strong>Erkek Siyah Spor Ayakkab\u0131<\/strong> ideal arkada\u015f\u0131n\u0131zd\u0131r. \u00c7ok y\u00f6nl\u00fc tasar\u0131mlar\u0131, hem i\u015flevsellik hem de \u00e7a\u011fda\u015f bir hava sunarak her modern erke\u011fin gard\u0131robunda bulunmas\u0131 gereken bir eklenti haline getiriyor.<\/p>\n<h3>E\u015fsiz Konfor ve Premium Malzemeler<\/h3>\n<p>Malzemelerin \u00f6zenli bir kombinasyonuyla \u00fcretilen bu s\u0131ra d\u0131\u015f\u0131 spor ayakkab\u0131, maksimum konfor i\u00e7in nefes alabilen bir kuma\u015f i\u00e7 k\u0131sma sahiptir ve uzun s\u00fcreli kullan\u0131mlarda bile ayaklar\u0131n\u0131z\u0131n ferah ve serin kalmas\u0131n\u0131 sa\u011flar. D\u0131\u015f k\u0131s\u0131m, hem yap\u0131sal destek hem de sofistike bir g\u00f6r\u00fcn\u00fcm sa\u011flayan dinamik bir suni deri malzemeye sahiptir ve hafif, dayan\u0131kl\u0131 bir file saya ile tamamlan\u0131r. Bu benzersiz kar\u0131\u015f\u0131m, ayakkab\u0131n\u0131n estetik \u00e7ekicili\u011fini artt\u0131rmakla kalmaz, ayn\u0131 zamanda genel esnekli\u011fine ve esnekli\u011fine de katk\u0131da bulunur. Sa\u011flam taban birimi \u00fcst\u00fcn yast\u0131klama ve kavrama sunarak her ad\u0131m\u0131n rahat ve g\u00fcvenli olmas\u0131n\u0131 sa\u011flar. Kaliteli malzemelerin yaratt\u0131\u011f\u0131 fark\u0131 bu premium erkek spor ayakkab\u0131s\u0131yla ya\u015fay\u0131n.<\/p>\n<h3>Performans ve G\u00fcnl\u00fck \u00c7ok Y\u00f6nl\u00fcl\u00fck i\u00e7in Tasarland\u0131<\/h3>\n<p>\u00c7arp\u0131c\u0131 siyah ve beyaz tasar\u0131m, spor k\u0131yafetlerden \u015f\u0131k g\u00fcndelik k\u0131yafetlere kadar \u00e7e\u015fitli k\u0131yafetlerle kolayca e\u015fle\u015fen zamans\u0131z bir \u00e7ekicilik sunar. Bunlar\u0131n ergonomik tasar\u0131m\u0131 <strong>Erkek Siyah Spor Ayakkab\u0131<\/strong> m\u00fckemmel bilek deste\u011fi ve rahat, g\u00fcvenli bir uyum sa\u011flayarak do\u011fal harekete izin verir ve rahats\u0131zl\u0131k riskini azalt\u0131r. Duyarl\u0131 taban, darbeyi etkili bir \u015fekilde emerek ayaklar\u0131n\u0131z ve eklemleriniz \u00fczerindeki bask\u0131y\u0131 azalt\u0131r ve y\u00fcksek yo\u011funluklu egzersizler veya uzun y\u00fcr\u00fcy\u00fc\u015fler i\u00e7in m\u00fckemmel hale getirir. Bu siyah spor ayakkab\u0131, ayakkab\u0131lar\u0131ndan hem en y\u00fcksek performans\u0131 hem de y\u00fcksek moday\u0131 talep eden modern erkek i\u00e7in tasarlanm\u0131\u015ft\u0131r.<\/p>\n<h3>M\u00fckemmel Uyum ve Toptan Sat\u0131\u015f F\u0131rsat\u0131<\/h3>\n<p>40'tan 45'e kadar geni\u015f bir yelpazede pop\u00fcler erkek bedenleri mevcuttur, m\u00fckemmel uyumunuzu bulmak zahmetsizdir. Ayr\u0131ca i\u015fletmelerin ihtiya\u00e7lar\u0131n\u0131 anl\u0131yor ve bu y\u00fcksek talep g\u00f6ren \u00fcr\u00fcnler i\u00e7in cazip bir toptan sat\u0131\u015f program\u0131 sunuyoruz. <strong>Erkek Siyah Spor Ayakkab\u0131<\/strong>. Sadece 8 \u00e7iftlik minimum sipari\u015f miktar\u0131yla, perakendeciler bu pop\u00fcler stili kolayca stoklayabilir ve m\u00fc\u015fterilerinin rekabet\u00e7i fiyatlarla \u00fcst\u00fcn kaliteli ayakkab\u0131lara eri\u015fmesini sa\u011flayabilir. Hem m\u00fc\u015fteri memnuniyeti hem de g\u00fc\u00e7l\u00fc sat\u0131\u015f performans\u0131 vaat eden bir \u00fcr\u00fcnle envanterinizi geni\u015fletin.<\/p>\n<h3>Neden Siyah Erkek Spor Ayakkab\u0131m\u0131z\u0131 Se\u00e7melisiniz?<\/h3>\n<p>Tarz\u0131n\u0131zdan ya da rahatl\u0131\u011f\u0131n\u0131zdan \u00f6d\u00fcn vermeyin. Bir \u00e7ift ayakkab\u0131ya yat\u0131r\u0131m yap\u0131n <strong>Erkek Siyah Spor Ayakkab\u0131<\/strong> bug\u00fcn al\u0131n ve moda ile i\u015flevselli\u011fin m\u00fckemmel birle\u015fimini deneyimleyin. Bu \u00e7ok y\u00f6nl\u00fc siyah spor ayakkab\u0131lar bir ayakkab\u0131dan \u00e7ok daha fazlas\u0131d\u0131r; kalite ve \u00e7a\u011fda\u015f tasar\u0131m\u0131n ifadesidir. Ki\u015fisel koleksiyonunuzu veya perakende envanterinizi ola\u011fan\u00fcst\u00fc erkek spor ayakkab\u0131lar\u0131m\u0131zla y\u00fckseltin ve neden h\u0131zla m\u00fc\u015fterilerin favorisi haline geldiklerini ke\u015ffedin.<\/p>","protected":false},"excerpt":{"rendered":"<ul>\n<li>Erkekler i\u00e7in premium siyah spor ayakkab\u0131<\/li>\n<li>Rahat bir kuma\u015f astar ve dayan\u0131kl\u0131 suni deri d\u0131\u015f aksan ile \u00fcretilmi\u015ftir<\/li>\n<li>Pop\u00fcler erkek bedenlerinde mevcuttur: 40, 41, 42, 43, 44, 45<\/li>\n<li>Atletik aktiviteler, g\u00fcndelik giyim ve g\u00fcnl\u00fck konfor i\u00e7in m\u00fckemmeldir<\/li>\n<li>Minimum 8 \u00e7ift sipari\u015f ile toptan sat\u0131\u015f fiyat\u0131 mevcuttur<\/li>\n<\/ul>","protected":false},"featured_media":6687,"template":"","meta":{"_acf_changed":false,"_uag_custom_page_level_css":"","site-sidebar-layout":"default","site-content-layout":"","ast-site-content-layout":"default","site-content-style":"default","site-sidebar-style":"default","ast-global-header-display":"","ast-banner-title-visibility":"","ast-main-header-display":"","ast-hfb-above-header-display":"","ast-hfb-below-header-display":"","ast-hfb-mobile-header-display":"","site-post-title":"","ast-breadcrumbs-content":"","ast-featured-img":"","footer-sml-layout":"","ast-disable-related-posts":"","theme-transparent-header-meta":"","adv-header-id-meta":"","stick-header-meta":"","header-above-stick-meta":"","header-main-stick-meta":"","header-below-stick-meta":"","astra-migrate-meta-layouts":"default","ast-page-background-enabled":"default","ast-page-background-meta":{"desktop":{"background-color":"var(--ast-global-color-4)","background-image":"","background-repeat":"repeat","background-position":"center center","background-size":"auto","background-attachment":"scroll","background-type":"","background-media":"","overlay-type":"","overlay-color":"","overlay-opacity":"","overlay-gradient":""},"tablet":{"background-color":"","background-image":"","background-repeat":"repeat","background-position":"center center","background-size":"auto","background-attachment":"scroll","background-type":"","background-media":"","overlay-type":"","overlay-color":"","overlay-opacity":"","overlay-gradient":""},"mobile":{"background-color":"","background-image":"","background-repeat":"repeat","background-position":"center center","background-size":"auto","background-attachment":"scroll","background-type":"","background-media":"","overlay-type":"","overlay-color":"","overlay-opacity":"","overlay-gradient":""}},"ast-content-background-meta":{"desktop":{"background-color":"var(--ast-global-color-5)","background-image":"","background-repeat":"repeat","background-position":"center center","background-size":"auto","background-attachment":"scroll","background-type":"","background-media":"","overlay-type":"","overlay-color":"","overlay-opacity":"","overlay-gradient":""},"tablet":{"background-color":"var(--ast-global-color-5)","background-image":"","background-repeat":"repeat","background-position":"center center","background-size":"auto","background-attachment":"scroll","background-type":"","background-media":"","overlay-type":"","overlay-color":"","overlay-opacity":"","overlay-gradient":""},"mobile":{"background-color":"var(--ast-global-color-5)","background-image":"","background-repeat":"repeat","background-position":"center center","background-size":"auto","background-attachment":"scroll","background-type":"","background-media":"","overlay-type":"","overlay-color":"","overlay-opacity":"","overlay-gradient":""}}},"product_brand":[],"product_cat":[430,1200,51],"product_tag":[1475,1120,216,222,1446,1478,1461,1445,1477,1479],"class_list":{"0":"post-8468","1":"product","2":"type-product","3":"status-publish","4":"has-post-thumbnail","6":"product_cat-men","7":"product_cat-mens-shoes-2","8":"product_cat-sports","9":"product_tag-athletic-footwear","10":"product_tag-black-sneakers","11":"product_tag-casual-sneakers","12":"product_tag-comfortable-shoes","13":"product_tag-faux-leather-shoes","14":"product_tag-gym-shoes","15":"product_tag-mens-black-sports-sneakers","16":"product_tag-mens-sports-shoes","17":"product_tag-mesh-sneakers","18":"product_tag-running-sneakers","19":"desktop-align-center","20":"tablet-align-center","21":"mobile-align-center","23":"first","24":"instock","25":"shipping-taxable","26":"purchasable","27":"product-type-variable","28":"has-default-attributes"},"acf":[],"uagb_featured_image_src":{"full":["https:\/\/turkishtrade.co\/wp-content\/uploads\/2026\/01\/2600OYNMN00029-BLACK.png",453,250,false],"thumbnail":["https:\/\/turkishtrade.co\/wp-content\/uploads\/2026\/01\/2600OYNMN00029-BLACK-150x150.png",150,150,true],"medium":["https:\/\/turkishtrade.co\/wp-content\/uploads\/2026\/01\/2600OYNMN00029-BLACK-300x166.png",300,166,true],"medium_large":["https:\/\/turkishtrade.co\/wp-content\/uploads\/2026\/01\/2600OYNMN00029-BLACK.png",453,250,false],"large":["https:\/\/turkishtrade.co\/wp-content\/uploads\/2026\/01\/2600OYNMN00029-BLACK.png",453,250,false],"1536x1536":["https:\/\/turkishtrade.co\/wp-content\/uploads\/2026\/01\/2600OYNMN00029-BLACK.png",453,250,false],"2048x2048":["https:\/\/turkishtrade.co\/wp-content\/uploads\/2026\/01\/2600OYNMN00029-BLACK.png",453,250,false],"trp-custom-language-flag":["https:\/\/turkishtrade.co\/wp-content\/uploads\/2026\/01\/2600OYNMN00029-BLACK-18x10.png",18,10,true],"woocommerce_thumbnail":["https:\/\/turkishtrade.co\/wp-content\/uploads\/2026\/01\/2600OYNMN00029-BLACK-400x250.png",400,250,true],"woocommerce_single":["https:\/\/turkishtrade.co\/wp-content\/uploads\/2026\/01\/2600OYNMN00029-BLACK.png",453,250,false],"woocommerce_gallery_thumbnail":["https:\/\/turkishtrade.co\/wp-content\/uploads\/2026\/01\/2600OYNMN00029-BLACK-100x100.png",100,100,true]},"uagb_author_info":{"display_name":"python python","author_link":"https:\/\/turkishtrade.co\/tr\/author\/"},"uagb_comment_info":0,"uagb_excerpt":"Premium black sports sneakers for men Crafted with a comfortable fabric lining and durable faux leather exterior accents Available in popular men's sizes: 40, 41, 42, 43, 44, 45 Perfect for athletic activities, casual wear, and everyday comfort Wholesale pricing available with a minimum order of 8 pairs","_links":{"self":[{"href":"https:\/\/turkishtrade.co\/tr\/wp-json\/wp\/v2\/product\/8468","targetHints":{"allow":["GET"]}}],"collection":[{"href":"https:\/\/turkishtrade.co\/tr\/wp-json\/wp\/v2\/product"}],"about":[{"href":"https:\/\/turkishtrade.co\/tr\/wp-json\/wp\/v2\/types\/product"}],"wp:featuredmedia":[{"embeddable":true,"href":"https:\/\/turkishtrade.co\/tr\/wp-json\/wp\/v2\/media\/6687"}],"wp:attachment":[{"href":"https:\/\/turkishtrade.co\/tr\/wp-json\/wp\/v2\/media?parent=8468"}],"wp:term":[{"taxonomy":"product_brand","embeddable":true,"href":"https:\/\/turkishtrade.co\/tr\/wp-json\/wp\/v2\/product_brand?post=8468"},{"taxonomy":"product_cat","embeddable":true,"href":"https:\/\/turkishtrade.co\/tr\/wp-json\/wp\/v2\/product_cat?post=8468"},{"taxonomy":"product_tag","embeddable":true,"href":"https:\/\/turkishtrade.co\/tr\/wp-json\/wp\/v2\/product_tag?post=8468"}],"curies":[{"name":"wp","href":"https:\/\/api.w.org\/{rel}","templated":true}]}}