{"id":8466,"date":"2026-01-29T14:50:27","date_gmt":"2026-01-29T14:50:27","guid":{"rendered":"https:\/\/turkishtrade.co\/?post_type=product&#038;p=8466"},"modified":"2026-04-09T20:24:19","modified_gmt":"2026-04-09T20:24:19","slug":"mens-black-faux-leather-athletic-trainers","status":"publish","type":"product","link":"https:\/\/turkishtrade.co\/tr\/shop\/mens-black-faux-leather-athletic-trainers\/","title":{"rendered":"Erkek Siyah Suni Deri Atletik Spor Ayakkab\u0131 En \u00c7ok Satanlar"},"content":{"rendered":"<p><strong>Erkek Siyah Suni Deri Atletik Spor Ayakkab\u0131<\/strong>. En \u00c7ok Satan kalite ve tasar\u0131m.<\/p>\n<p>Stil, konfor ve dayan\u0131kl\u0131l\u0131\u011f\u0131n m\u00fckemmel kar\u0131\u015f\u0131m\u0131n\u0131 ke\u015ffedin <strong>Erkek Siyah Suni Deri Atletik Spor Ayakkab\u0131<\/strong>. Modern erkek i\u00e7in tasarlanan bu \u00e7ok y\u00f6nl\u00fc spor ayakkab\u0131lar, hafif sporlar ve spor salonu seanslar\u0131ndan g\u00fcnl\u00fck g\u00fcndelik giyime kadar \u00e7ok \u00e7e\u015fitli aktiviteler i\u00e7in idealdir. Detaylara titizlikle \u00f6zen g\u00f6sterilerek \u00fcretilen bu ayakkab\u0131lar, sofistike tamamen siyah esteti\u011fiyle ayakkab\u0131 koleksiyonunuzu y\u00fckseltmeyi vaat ediyor.<\/p>\n<h3>\u00dcst\u00fcn \u0130\u015f\u00e7ilik ve Konfor<\/h3>\n<p>Bu ola\u011fan\u00fcst\u00fc \u00fcr\u00fcnlerin her bir \u00e7ifti <strong>Erkek Siyah Suni Deri Atletik Spor Ayakkab\u0131<\/strong> sa\u011flam bir suni deri d\u0131\u015f y\u00fczeye sahiptir. Bu y\u00fcksek kaliteli malzeme sadece \u015f\u0131k ve g\u00f6steri\u015fli bir g\u00f6r\u00fcn\u00fcm sa\u011flamakla kalmaz, ayn\u0131 zamanda ayakkab\u0131n\u0131z\u0131n g\u00fcnl\u00fck kullan\u0131m\u0131n zorluklar\u0131na dayanmas\u0131n\u0131 sa\u011flamak i\u00e7in geli\u015fmi\u015f dayan\u0131kl\u0131l\u0131k sunar. File panellerin stratejik olarak dahil edilmesi nefes alabilirli\u011fi art\u0131r\u0131rken, p\u00fcr\u00fczs\u00fcz suni deri kaplamalar yap\u0131 ve stil katar. Yumu\u015fak, nefes alabilen kuma\u015f i\u00e7 k\u0131s\u0131mla e\u015fle\u015ftirilen bu spor ayakkab\u0131lar, uzun s\u00fcreli kullan\u0131mdan sonra bile ayaklar\u0131n\u0131z\u0131n ferah hissetmesini ve desteklenmesini sa\u011flayarak maksimum konforu garanti eder. Ak\u0131ll\u0131 tasar\u0131m optimum hava ak\u0131\u015f\u0131 sa\u011flayarak rahats\u0131zl\u0131\u011f\u0131 \u00f6nler ve daha sa\u011fl\u0131kl\u0131 bir ayak ortam\u0131 sunar. Sa\u011flam, \u015fok emici taban konfora daha fazla katk\u0131da bulunarak bu ayakkab\u0131lar\u0131 \u00e7e\u015fitli iklimler ve aktiviteler i\u00e7in pratik bir se\u00e7im haline getirir.<\/p>\n<h3>Her Durum i\u00e7in \u00c7ok Y\u00f6nl\u00fc Stil<\/h3>\n<p>Bunlar\u0131n zamans\u0131z tamamen siyah tasar\u0131m\u0131 <strong>Erkek Siyah Suni Deri Atletik Spor Ayakkab\u0131<\/strong> inan\u0131lmaz derecede \u00e7ok y\u00f6nl\u00fc olmas\u0131n\u0131 sa\u011flar. \u0130ster antrenman i\u00e7in spor salonuna gidiyor olun, ister \u015fehirdeki i\u015flerinizi hallediyor olun, ister arkada\u015flar\u0131n\u0131zla rahat bir gezinti i\u00e7in bulu\u015fuyor olun ya da sadece rahat bir g\u00fcn\u00fcn tad\u0131n\u0131 \u00e7\u0131kar\u0131yor olun, bu spor ayakkab\u0131lar her k\u0131yafeti zahmetsizce tamamlar. Modern esteti\u011fi pratik \u00f6zelliklerle birle\u015fti\u011finde, stilden veya i\u015flevden \u00f6d\u00fcn vermek zorunda kalmaman\u0131z\u0131 sa\u011flar. Sa\u011flam taban\u0131 m\u00fckemmel kavrama ve g\u00fcvenilir destek sa\u011flayarak \u00e7e\u015fitli y\u00fczeyler ve aktiviteler i\u00e7in idealdir. 40, 41, 42, 43, 44 ve 45 dahil olmak \u00fczere kapsaml\u0131 bir beden yelpazesinde mevcut olan bu ayakkab\u0131yla m\u00fckemmel uyumunuzu bulmak kolayd\u0131r ve optimum konfor sa\u011flar.<\/p>\n<h3>Perakendeciler i\u00e7in Toptan Sat\u0131\u015f F\u0131rsat\u0131<\/h3>\n<p>Y\u00fcksek kaliteli, talep g\u00f6ren ayakkab\u0131lar\u0131 stoklamak isteyen i\u015fletmeler i\u00e7in <strong>Erkek Siyah Suni Deri Atletik Spor Ayakkab\u0131<\/strong> toptan sat\u0131n al\u0131nabilir. Sadece 8 \u00e7iftlik uygun bir minimum sipari\u015f miktar\u0131yla, perakendeciler bu pop\u00fcler spor ayakkab\u0131lar\u0131 envanterlerine kolayca ekleyebilir ve m\u00fc\u015fterilerine trend belirleyen stili sa\u011flam yap\u0131yla birle\u015ftiren bir \u00fcr\u00fcn sunabilir. Bu spor ayakkab\u0131lar, \u015f\u0131k, rahat ve g\u00fcvenilir atletik ayakkab\u0131lar arayan geni\u015f bir t\u00fcketici demografisine hitap ederek b\u00fcy\u00fcme i\u00e7in m\u00fckemmel bir f\u0131rsat sunmaktad\u0131r. Hem esteti\u011fi hem de performans\u0131 tutarl\u0131 bir \u015fekilde sunan, m\u00fc\u015fteri memnuniyetini sa\u011flayan ve i\u015flerin tekrarlanmas\u0131n\u0131 te\u015fvik eden bir \u00fcr\u00fcne yat\u0131r\u0131m yap\u0131n. Bunlar sadece ayakkab\u0131 de\u011fildir; sizi modan\u0131n \u00f6n saflar\u0131nda tutarken aktif ya\u015fam tarz\u0131n\u0131z\u0131 desteklemek i\u00e7in tasarlanm\u0131\u015f pratik bir zarafet ifadesidir.<\/p>","protected":false},"excerpt":{"rendered":"<ul>\n<li>Dayan\u0131kl\u0131l\u0131k ve \u015f\u0131k stil i\u00e7in birinci s\u0131n\u0131f suni deri d\u0131\u015f y\u00fczey<\/li>\n<li>Nefes alabilen kuma\u015f i\u00e7 k\u0131s\u0131m g\u00fcn boyu konfor sa\u011flar<\/li>\n<li>Spor ve g\u00fcndelik giyime uygun klasik siyah atletik tasar\u0131m<\/li>\n<li>Geni\u015f bir beden yelpazesinde mevcuttur: 40, 41, 42, 43, 44, 45 (AB)<\/li>\n<li>Minimum 8 \u00e7ift sipari\u015f ile toptan sat\u0131\u015f imkan\u0131<\/li>\n<\/ul>","protected":false},"featured_media":6680,"template":"","meta":{"_acf_changed":false,"_uag_custom_page_level_css":"","site-sidebar-layout":"default","site-content-layout":"","ast-site-content-layout":"default","site-content-style":"default","site-sidebar-style":"default","ast-global-header-display":"","ast-banner-title-visibility":"","ast-main-header-display":"","ast-hfb-above-header-display":"","ast-hfb-below-header-display":"","ast-hfb-mobile-header-display":"","site-post-title":"","ast-breadcrumbs-content":"","ast-featured-img":"","footer-sml-layout":"","ast-disable-related-posts":"","theme-transparent-header-meta":"","adv-header-id-meta":"","stick-header-meta":"","header-above-stick-meta":"","header-main-stick-meta":"","header-below-stick-meta":"","astra-migrate-meta-layouts":"default","ast-page-background-enabled":"default","ast-page-background-meta":{"desktop":{"background-color":"var(--ast-global-color-4)","background-image":"","background-repeat":"repeat","background-position":"center center","background-size":"auto","background-attachment":"scroll","background-type":"","background-media":"","overlay-type":"","overlay-color":"","overlay-opacity":"","overlay-gradient":""},"tablet":{"background-color":"","background-image":"","background-repeat":"repeat","background-position":"center center","background-size":"auto","background-attachment":"scroll","background-type":"","background-media":"","overlay-type":"","overlay-color":"","overlay-opacity":"","overlay-gradient":""},"mobile":{"background-color":"","background-image":"","background-repeat":"repeat","background-position":"center center","background-size":"auto","background-attachment":"scroll","background-type":"","background-media":"","overlay-type":"","overlay-color":"","overlay-opacity":"","overlay-gradient":""}},"ast-content-background-meta":{"desktop":{"background-color":"var(--ast-global-color-5)","background-image":"","background-repeat":"repeat","background-position":"center center","background-size":"auto","background-attachment":"scroll","background-type":"","background-media":"","overlay-type":"","overlay-color":"","overlay-opacity":"","overlay-gradient":""},"tablet":{"background-color":"var(--ast-global-color-5)","background-image":"","background-repeat":"repeat","background-position":"center center","background-size":"auto","background-attachment":"scroll","background-type":"","background-media":"","overlay-type":"","overlay-color":"","overlay-opacity":"","overlay-gradient":""},"mobile":{"background-color":"var(--ast-global-color-5)","background-image":"","background-repeat":"repeat","background-position":"center center","background-size":"auto","background-attachment":"scroll","background-type":"","background-media":"","overlay-type":"","overlay-color":"","overlay-opacity":"","overlay-gradient":""}}},"product_brand":[],"product_cat":[430,1200,51],"product_tag":[1469,1454,1471,336,1474,1462,1468,1470,1473,1472],"class_list":{"0":"post-8466","1":"product","2":"type-product","3":"status-publish","4":"has-post-thumbnail","6":"product_cat-men","7":"product_cat-mens-shoes-2","8":"product_cat-sports","9":"product_tag-athletic-trainers","10":"product_tag-black-sports-shoes","11":"product_tag-casual-trainers","12":"product_tag-comfortable-footwear","13":"product_tag-durable-sneakers","14":"product_tag-faux-leather-sneakers","15":"product_tag-mens-black-faux-leather-trainers","16":"product_tag-mens-running-shoes","17":"product_tag-sports-footwear","18":"product_tag-wholesale-trainers","19":"desktop-align-center","20":"tablet-align-center","21":"mobile-align-center","23":"first","24":"instock","25":"shipping-taxable","26":"purchasable","27":"product-type-variable","28":"has-default-attributes"},"acf":[],"uagb_featured_image_src":{"full":["https:\/\/turkishtrade.co\/wp-content\/uploads\/2026\/01\/2600OYNMN00027-BLACK.png",453,250,false],"thumbnail":["https:\/\/turkishtrade.co\/wp-content\/uploads\/2026\/01\/2600OYNMN00027-BLACK-150x150.png",150,150,true],"medium":["https:\/\/turkishtrade.co\/wp-content\/uploads\/2026\/01\/2600OYNMN00027-BLACK-300x166.png",300,166,true],"medium_large":["https:\/\/turkishtrade.co\/wp-content\/uploads\/2026\/01\/2600OYNMN00027-BLACK.png",453,250,false],"large":["https:\/\/turkishtrade.co\/wp-content\/uploads\/2026\/01\/2600OYNMN00027-BLACK.png",453,250,false],"1536x1536":["https:\/\/turkishtrade.co\/wp-content\/uploads\/2026\/01\/2600OYNMN00027-BLACK.png",453,250,false],"2048x2048":["https:\/\/turkishtrade.co\/wp-content\/uploads\/2026\/01\/2600OYNMN00027-BLACK.png",453,250,false],"trp-custom-language-flag":["https:\/\/turkishtrade.co\/wp-content\/uploads\/2026\/01\/2600OYNMN00027-BLACK-18x10.png",18,10,true],"woocommerce_thumbnail":["https:\/\/turkishtrade.co\/wp-content\/uploads\/2026\/01\/2600OYNMN00027-BLACK-400x250.png",400,250,true],"woocommerce_single":["https:\/\/turkishtrade.co\/wp-content\/uploads\/2026\/01\/2600OYNMN00027-BLACK.png",453,250,false],"woocommerce_gallery_thumbnail":["https:\/\/turkishtrade.co\/wp-content\/uploads\/2026\/01\/2600OYNMN00027-BLACK-100x100.png",100,100,true]},"uagb_author_info":{"display_name":"python python","author_link":"https:\/\/turkishtrade.co\/tr\/author\/"},"uagb_comment_info":0,"uagb_excerpt":"Premium faux leather exterior for durability and sleek style Breathable fabric interior ensures all-day comfort Classic black athletic design suitable for sports and casual wear Available in a wide range of sizes: 40, 41, 42, 43, 44, 45 (EU) Wholesale availability with a minimum order of 8 pairs","_links":{"self":[{"href":"https:\/\/turkishtrade.co\/tr\/wp-json\/wp\/v2\/product\/8466","targetHints":{"allow":["GET"]}}],"collection":[{"href":"https:\/\/turkishtrade.co\/tr\/wp-json\/wp\/v2\/product"}],"about":[{"href":"https:\/\/turkishtrade.co\/tr\/wp-json\/wp\/v2\/types\/product"}],"wp:featuredmedia":[{"embeddable":true,"href":"https:\/\/turkishtrade.co\/tr\/wp-json\/wp\/v2\/media\/6680"}],"wp:attachment":[{"href":"https:\/\/turkishtrade.co\/tr\/wp-json\/wp\/v2\/media?parent=8466"}],"wp:term":[{"taxonomy":"product_brand","embeddable":true,"href":"https:\/\/turkishtrade.co\/tr\/wp-json\/wp\/v2\/product_brand?post=8466"},{"taxonomy":"product_cat","embeddable":true,"href":"https:\/\/turkishtrade.co\/tr\/wp-json\/wp\/v2\/product_cat?post=8466"},{"taxonomy":"product_tag","embeddable":true,"href":"https:\/\/turkishtrade.co\/tr\/wp-json\/wp\/v2\/product_tag?post=8466"}],"curies":[{"name":"wp","href":"https:\/\/api.w.org\/{rel}","templated":true}]}}