{"id":8465,"date":"2026-01-29T14:50:26","date_gmt":"2026-01-29T14:50:26","guid":{"rendered":"https:\/\/turkishtrade.co\/?post_type=product&#038;p=8465"},"modified":"2026-04-09T20:24:26","modified_gmt":"2026-04-09T20:24:26","slug":"mens-black-faux-leather-sports-shoes","status":"publish","type":"product","link":"https:\/\/turkishtrade.co\/tr\/shop\/mens-black-faux-leather-sports-shoes\/","title":{"rendered":"Erkek Siyah Suni Deri Spor Ayakkab\u0131 Elite | Kuma\u015f \u0130\u00e7li"},"content":{"rendered":"<p><strong>Erkek Siyah Suni Deri Spor Ayakkab\u0131<\/strong>. Elit kalite ve tasar\u0131m.<\/p>\n<p>\u0130nan\u0131lmaz derecede \u00e7ok y\u00f6nl\u00fc ve \u015f\u0131k ayakkab\u0131lar\u0131m\u0131zla ayakkab\u0131 oyununuzu h\u0131zland\u0131r\u0131n <b>Erkek Siyah Suni Deri Spor Ayakkab\u0131<\/b>. Hem esteti\u011fe hem de rahatl\u0131\u011fa \u00f6nem veren modern erkekler i\u00e7in tasarlanan bu spor ayakkab\u0131lar, g\u00fcndelik gezintilerden hafif sporlara kadar \u00e7ok \u00e7e\u015fitli aktiviteler i\u00e7in m\u00fckemmeldir. \u015e\u0131k siyah tasar\u0131m\u0131, her gard\u0131roba sorunsuz bir \u015fekilde entegre olmas\u0131n\u0131 sa\u011flayarak koleksiyonunuzun vazge\u00e7ilmez bir par\u00e7as\u0131 haline getirir.<\/p>\n<p>Dayan\u0131kl\u0131 suni deri d\u0131\u015f y\u00fczey ile \u00fcretilen bu <b>Erkek Siyah Suni Deri Spor Ayakkab\u0131<\/b> esneklikten \u00f6d\u00fcn vermeden sofistike bir g\u00f6r\u00fcn\u00fcm sunar. Y\u00fcksek kaliteli suni deri m\u00fckemmel koruma sa\u011flar ve temizlenmesi kolayd\u0131r, b\u00f6ylece ayakkab\u0131lar\u0131n\u0131z daha uzun s\u00fcre bozulmadan kal\u0131r. \u0130\u00e7 k\u0131s\u0131mda, ayaklar\u0131n\u0131z\u0131 rahat\u00e7a saran ve g\u00fcn boyunca uzun s\u00fcreli kullan\u0131m i\u00e7in ideal hale getiren yumu\u015fak, nefes alabilen bir kuma\u015f astar bulacaks\u0131n\u0131z. Rahats\u0131zl\u0131\u011fa veda edin ve zahmetsiz stile merhaba deyin!<\/p>\n<h3>E\u015fsiz Konfor ve Pratiklik<\/h3>\n<p>Konfor her \u015feyden \u00f6nemlidir ve bu spor ayakkab\u0131lar bunu sa\u011flar. Kuma\u015f i\u00e7 k\u0131s\u0131m, aktif d\u00f6nemlerde bile ayaklar\u0131n\u0131z\u0131 serin ve kuru tutarak \u00fcst\u00fcn havaland\u0131rma sa\u011flar. 40'tan 45'e kadar kapsaml\u0131 bir beden yelpazesinde mevcut oldu\u011fundan, m\u00fckemmel uyumunuzu bulmak kolayd\u0131r. Sa\u011flam taban\u0131 m\u00fckemmel kavrama ve destek sa\u011flayarak ister pistte, ister spor salonunda ya da sadece \u015fehir sokaklar\u0131nda geziniyor olun denge sunar. Bu ayakkab\u0131lar herhangi bir spor ayakkab\u0131 de\u011fildir; performans ve g\u00fcnl\u00fck konfor i\u00e7in tasarlanm\u0131\u015ft\u0131r.<\/p>\n<h3>Her Durum \u0130\u00e7in Tasarland\u0131<\/h3>\n<p>Spor ayakkab\u0131 olarak kategorize edilse de, zarif siyah kaplamas\u0131 ve \u00e7a\u011fda\u015f tasar\u0131m\u0131 sayesinde \u00e7e\u015fitli ortamlara zahmetsizce uyum sa\u011flar. Antrenman i\u00e7in en sevdi\u011finiz atletik k\u0131yafetlerinizle e\u015fle\u015ftirin veya rahat bir hafta sonu g\u00f6r\u00fcn\u00fcm\u00fc i\u00e7in kot pantolon ve ti\u015f\u00f6rt ile giydirin. Minimalist estetik, bu ayakkab\u0131lar\u0131n <b>Erkek Siyah Suni Deri Spor Ayakkab\u0131<\/b> moda bilincine sahip her birey i\u00e7in ger\u00e7ekten uyarlanabilir bir se\u00e7imdir. Dinamik ya\u015fam tarz\u0131n\u0131za ayak uydurabilecek ayakkab\u0131lara olan ihtiyac\u0131n\u0131z\u0131 anl\u0131yoruz ve bu ayakkab\u0131lar tam da bunu yapmak i\u00e7in \u00fcretildi.<\/p>\n<h3>Toptan Sat\u0131\u015f F\u0131rsatlar\u0131 Mevcut<\/h3>\n<p>Y\u00fcksek kaliteli, talep g\u00f6ren ayakkab\u0131lar\u0131 stoklamak isteyen i\u015fletmeler i\u00e7in cazip toptan sat\u0131\u015f se\u00e7enekleri sunuyoruz. Bizim <b>Erkek Siyah Suni Deri Spor Ayakkab\u0131<\/b> minimum 8 \u00e7ift sipari\u015fle toplu olarak sat\u0131n al\u0131nabilir. Bu, perakendecilerin m\u00fc\u015fterilerine \u00e7ok be\u011fenilece\u011fi kesin olan birinci s\u0131n\u0131f, \u015f\u0131k ve rahat spor ayakkab\u0131lar\u0131 sunmalar\u0131 i\u00e7in m\u00fckemmel bir f\u0131rsat sa\u011flar. Bu pop\u00fcler \u00fcr\u00fcn\u00fc envanterinize ekleme f\u0131rsat\u0131n\u0131 ka\u00e7\u0131rmay\u0131n. Her ad\u0131mda stil, konfor ve dayan\u0131kl\u0131l\u0131\u011f\u0131n m\u00fckemmel kar\u0131\u015f\u0131m\u0131n\u0131 deneyimleyin.<\/p>","protected":false},"excerpt":{"rendered":"<ul>\n<li>Mevcut bedenler: 40, 41, 42, 43, 44, 45<\/li>\n<li>Dayan\u0131kl\u0131l\u0131k ve stil i\u00e7in birinci s\u0131n\u0131f suni deri d\u0131\u015f y\u00fczey<\/li>\n<li>T\u00fcm g\u00fcn kullan\u0131m i\u00e7in rahat kuma\u015f i\u00e7 k\u0131s\u0131m<\/li>\n<li>Spor aktiviteleri ve g\u00fcndelik kullan\u0131m i\u00e7in tasarlanm\u0131\u015ft\u0131r<\/li>\n<li>Minimum 8 \u00e7ift sat\u0131n alma ile toptan sipari\u015fler kabul edilir<\/li>\n<\/ul>","protected":false},"featured_media":6676,"template":"","meta":{"_acf_changed":false,"_uag_custom_page_level_css":"","site-sidebar-layout":"default","site-content-layout":"","ast-site-content-layout":"default","site-content-style":"default","site-sidebar-style":"default","ast-global-header-display":"","ast-banner-title-visibility":"","ast-main-header-display":"","ast-hfb-above-header-display":"","ast-hfb-below-header-display":"","ast-hfb-mobile-header-display":"","site-post-title":"","ast-breadcrumbs-content":"","ast-featured-img":"","footer-sml-layout":"","ast-disable-related-posts":"","theme-transparent-header-meta":"","adv-header-id-meta":"","stick-header-meta":"","header-above-stick-meta":"","header-main-stick-meta":"","header-below-stick-meta":"","astra-migrate-meta-layouts":"default","ast-page-background-enabled":"default","ast-page-background-meta":{"desktop":{"background-color":"var(--ast-global-color-4)","background-image":"","background-repeat":"repeat","background-position":"center center","background-size":"auto","background-attachment":"scroll","background-type":"","background-media":"","overlay-type":"","overlay-color":"","overlay-opacity":"","overlay-gradient":""},"tablet":{"background-color":"","background-image":"","background-repeat":"repeat","background-position":"center center","background-size":"auto","background-attachment":"scroll","background-type":"","background-media":"","overlay-type":"","overlay-color":"","overlay-opacity":"","overlay-gradient":""},"mobile":{"background-color":"","background-image":"","background-repeat":"repeat","background-position":"center center","background-size":"auto","background-attachment":"scroll","background-type":"","background-media":"","overlay-type":"","overlay-color":"","overlay-opacity":"","overlay-gradient":""}},"ast-content-background-meta":{"desktop":{"background-color":"var(--ast-global-color-5)","background-image":"","background-repeat":"repeat","background-position":"center center","background-size":"auto","background-attachment":"scroll","background-type":"","background-media":"","overlay-type":"","overlay-color":"","overlay-opacity":"","overlay-gradient":""},"tablet":{"background-color":"var(--ast-global-color-5)","background-image":"","background-repeat":"repeat","background-position":"center center","background-size":"auto","background-attachment":"scroll","background-type":"","background-media":"","overlay-type":"","overlay-color":"","overlay-opacity":"","overlay-gradient":""},"mobile":{"background-color":"var(--ast-global-color-5)","background-image":"","background-repeat":"repeat","background-position":"center center","background-size":"auto","background-attachment":"scroll","background-type":"","background-media":"","overlay-type":"","overlay-color":"","overlay-opacity":"","overlay-gradient":""}}},"product_brand":[],"product_cat":[430,1200,51],"product_tag":[1459,1464,1467,1466,1465,1446,964,1445,1450,262],"class_list":{"0":"post-8465","1":"product","2":"type-product","3":"status-publish","4":"has-post-thumbnail","6":"product_cat-men","7":"product_cat-mens-shoes-2","8":"product_cat-sports","9":"product_tag-black-running-shoes","10":"product_tag-black-trainers","11":"product_tag-comfortable-trainers","12":"product_tag-durable-sports-shoes","13":"product_tag-fabric-interior-shoes","14":"product_tag-faux-leather-shoes","15":"product_tag-mens-casual-footwear","16":"product_tag-mens-sports-shoes","17":"product_tag-size-40-45-shoes","18":"product_tag-wholesale-mens-shoes","19":"desktop-align-center","20":"tablet-align-center","21":"mobile-align-center","23":"first","24":"instock","25":"shipping-taxable","26":"purchasable","27":"product-type-variable","28":"has-default-attributes"},"acf":[],"uagb_featured_image_src":{"full":["https:\/\/turkishtrade.co\/wp-content\/uploads\/2026\/01\/2600OYNMN00026-BLACK.png",453,250,false],"thumbnail":["https:\/\/turkishtrade.co\/wp-content\/uploads\/2026\/01\/2600OYNMN00026-BLACK-150x150.png",150,150,true],"medium":["https:\/\/turkishtrade.co\/wp-content\/uploads\/2026\/01\/2600OYNMN00026-BLACK-300x166.png",300,166,true],"medium_large":["https:\/\/turkishtrade.co\/wp-content\/uploads\/2026\/01\/2600OYNMN00026-BLACK.png",453,250,false],"large":["https:\/\/turkishtrade.co\/wp-content\/uploads\/2026\/01\/2600OYNMN00026-BLACK.png",453,250,false],"1536x1536":["https:\/\/turkishtrade.co\/wp-content\/uploads\/2026\/01\/2600OYNMN00026-BLACK.png",453,250,false],"2048x2048":["https:\/\/turkishtrade.co\/wp-content\/uploads\/2026\/01\/2600OYNMN00026-BLACK.png",453,250,false],"trp-custom-language-flag":["https:\/\/turkishtrade.co\/wp-content\/uploads\/2026\/01\/2600OYNMN00026-BLACK-18x10.png",18,10,true],"woocommerce_thumbnail":["https:\/\/turkishtrade.co\/wp-content\/uploads\/2026\/01\/2600OYNMN00026-BLACK-400x250.png",400,250,true],"woocommerce_single":["https:\/\/turkishtrade.co\/wp-content\/uploads\/2026\/01\/2600OYNMN00026-BLACK.png",453,250,false],"woocommerce_gallery_thumbnail":["https:\/\/turkishtrade.co\/wp-content\/uploads\/2026\/01\/2600OYNMN00026-BLACK-100x100.png",100,100,true]},"uagb_author_info":{"display_name":"python python","author_link":"https:\/\/turkishtrade.co\/tr\/author\/"},"uagb_comment_info":0,"uagb_excerpt":"Sizes available: 40, 41, 42, 43, 44, 45 Premium faux leather exterior for durability and style Comfortable fabric interior for all-day wear Designed for sports activities and casual everyday use Wholesale orders welcome with a minimum purchase of 8 pairs","_links":{"self":[{"href":"https:\/\/turkishtrade.co\/tr\/wp-json\/wp\/v2\/product\/8465","targetHints":{"allow":["GET"]}}],"collection":[{"href":"https:\/\/turkishtrade.co\/tr\/wp-json\/wp\/v2\/product"}],"about":[{"href":"https:\/\/turkishtrade.co\/tr\/wp-json\/wp\/v2\/types\/product"}],"wp:featuredmedia":[{"embeddable":true,"href":"https:\/\/turkishtrade.co\/tr\/wp-json\/wp\/v2\/media\/6676"}],"wp:attachment":[{"href":"https:\/\/turkishtrade.co\/tr\/wp-json\/wp\/v2\/media?parent=8465"}],"wp:term":[{"taxonomy":"product_brand","embeddable":true,"href":"https:\/\/turkishtrade.co\/tr\/wp-json\/wp\/v2\/product_brand?post=8465"},{"taxonomy":"product_cat","embeddable":true,"href":"https:\/\/turkishtrade.co\/tr\/wp-json\/wp\/v2\/product_cat?post=8465"},{"taxonomy":"product_tag","embeddable":true,"href":"https:\/\/turkishtrade.co\/tr\/wp-json\/wp\/v2\/product_tag?post=8465"}],"curies":[{"name":"wp","href":"https:\/\/api.w.org\/{rel}","templated":true}]}}